{"id":121,"date":"2021-08-27T18:18:50","date_gmt":"2021-08-27T18:18:50","guid":{"rendered":"http:\/\/studio40shop.com.mx\/?page_id=121"},"modified":"2024-02-26T20:09:15","modified_gmt":"2024-02-27T01:09:15","slug":"refund_returns","status":"publish","type":"page","link":"https:\/\/studio40shop.com.mx\/?page_id=121","title":{"rendered":"Pol\u00edtica de Devoluciones"},"content":{"rendered":"\t\t<div data-elementor-type=\"wp-page\" data-elementor-id=\"121\" class=\"elementor elementor-121\" data-elementor-post-type=\"page\">\n\t\t\t\t<div class=\"elementor-element elementor-element-1880ee2 e-flex e-con-boxed e-con e-parent\" data-id=\"1880ee2\" data-element_type=\"container\" data-e-type=\"container\">\n\t\t\t\t\t<div class=\"e-con-inner\">\n\t\t\t\t<div class=\"elementor-element elementor-element-196d70e elementor-widget elementor-widget-heading\" data-id=\"196d70e\" data-element_type=\"widget\" data-e-type=\"widget\" data-widget_type=\"heading.default\">\n\t\t\t\t<div class=\"elementor-widget-container\">\n\t\t\t\t\t<h2 class=\"elementor-heading-title elementor-size-default\">Pol\u00edtica de Devoluciones<\/h2>\t\t\t\t<\/div>\n\t\t\t\t<\/div>\n\t\t\t\t\t<\/div>\n\t\t\t\t<\/div>\n\t\t\t\t<section class=\"elementor-section elementor-top-section elementor-element elementor-element-8a3e50b elementor-section-boxed elementor-section-height-default elementor-section-height-default\" data-id=\"8a3e50b\" data-element_type=\"section\" data-e-type=\"section\">\n\t\t\t\t\t\t<div class=\"elementor-container elementor-column-gap-default\">\n\t\t\t\t\t<div class=\"elementor-column elementor-col-100 elementor-top-column elementor-element elementor-element-51e0781f\" data-id=\"51e0781f\" data-element_type=\"column\" data-e-type=\"column\">\n\t\t\t<div class=\"elementor-widget-wrap elementor-element-populated\">\n\t\t\t\t\t\t<div class=\"elementor-element elementor-element-9e5b718 elementor-widget elementor-widget-text-editor\" data-id=\"9e5b718\" data-element_type=\"widget\" data-e-type=\"widget\" data-widget_type=\"text-editor.default\">\n\t\t\t\t<div class=\"elementor-widget-container\">\n\t\t\t\t\t\t\t\t\tEn studio40shop la satisfacci\u00f3n y una larga relaci\u00f3n de venta con nuestros clientes es lo m\u00e1s importante, por ello, ponemos a tu disposici\u00f3n nuestra pol\u00edtica de devoluci\u00f3n. Recuerda que estamos aqu\u00ed para ayudarte en todo momento. La pol\u00edtica de cambio o devoluci\u00f3n es vigente en casos espec\u00edficos tales como: falla del producto, que presente alguna rotura propia del transporte <b><i>(por ello te sugerimos adquieras el seguro de env\u00edo, ya que los art\u00edculos viajan por cuenta y riesgo del cliente)<\/i><\/b>.\n<p><\/p>\n<p>La devoluci\u00f3n aplica de la siguiente forma: Se podr\u00e1 cambiar el art\u00edculo por otro&nbsp; del mismo modelo en caso de presentar alg\u00fan defecto de f\u00e1brica. En caso de insatisfacci\u00f3n por no ser lo que esperabas, se devolver\u00e1 mediante un cup\u00f3n v\u00e1lido por el monto total pagado correspondiente a lo que se est\u00e1 devolviendo y lo podr\u00e1s utilizar para comprar en nuestra tienda studio40shop.com.mx, uno o varios art\u00edculos que cubran la cantidad validada.&nbsp;<\/p>\n<p>IMPORTANTE: Los art\u00edculos con descuento se consideran ventas sin devoluci\u00f3n y no pueden ser devueltos no cambiados.<\/p>\n<p>El producto por cambiar y\/o devolver deber\u00e1 estar en las mismas condiciones que al momento de la compra, es decir, sin mostrar alteraci\u00f3n o da\u00f1o, incluir todas sus partes, accesorios, manuales, garant\u00edas y su empaque original. <i>Una vez recibido el producto Studio40Shop, verificaremos las condiciones del mismo y de acuerdo con los resultados, se te enviar\u00e1 un producto nuevo o se te entregar\u00e1 un cup\u00f3n para una nueva compra.<\/i><\/p>\n<p>En caso de contar con alg\u00fan da\u00f1o o que se descubra que se us\u00f3 de forma distinta para lo que es hecho el producto, la garant\u00eda de devoluci\u00f3n queda inhabilitada y no se proceder\u00e1 a realizar el cambio.<\/p>\n<p><\/p>\n<p><i>Para hacer v\u00e1lida tu devoluci\u00f3n dispones de un plazo de 15 d\u00edas naturales a partir de la fecha en que recibes tu pedido en la direcci\u00f3n suministrada a la hora de la compra. Debes notificar acerca de la devoluci\u00f3n y los motivos por los cuales realizas dicha devoluci\u00f3n, antes de que se cumplan los 15 d\u00edas naturales, a trav\u00e9s de alguno de nuestros canales de atenci\u00f3n, tales como:&nbsp; v\u00eda correo electr\u00f3nico <\/i><a href=\"mailto:servicioalcliente@studio40shop.com.mx\"><i>servicioalcliente@studio40shop.com.mx<\/i><\/a><i>, o al tel\u00e9fono 229 2137163.<\/i><\/p>\n<p><i>Para ello requeriremos el n\u00famero de pedido, fecha del pedido, el tipo de producto y modelo y el motivo real de la insatisfacci\u00f3n.&nbsp;<\/i><\/p>\n<p><i>El producto se devolver\u00e1 bajo las siguientes indicaciones:<\/i><\/p>\n<p><i>Te proporcionaremos una gu\u00eda v\u00eda correo electr\u00f3nico, la cual deber\u00e1s imprimir y pegar en una caja que contenga el producto a devolver. Deber\u00e1s esperar al servicio de paqueter\u00eda la cual recoger\u00e1 la caja.<\/i><\/p>\n<p><b><i>En el caso de cambio por otro art\u00edculo del mismo modelo, los cargos de paqueter\u00eda (del cliente a Studio40Shop y de Studio40Shop al cliente) corren por cuenta de Studio40Shop.<\/i><\/b><\/p>\n<p><b><i>En caso de cambiar de producto por otro distinto, el cliente deber\u00e1 cubrir la diferencia de precio entre uno y otro art\u00edculo.<\/i><\/b><\/p>\n<p>Recuerda que para nosotros tu satisfacci\u00f3n es lo mas importante, pues siguiendo nuestro lema, queremos que sigas creando emociones con toda esa creatividad y fuerza que te caracteriza.<\/p>\n<p><\/p>\t\t\t\t\t\t\t\t<\/div>\n\t\t\t\t<\/div>\n\t\t\t\t\t<\/div>\n\t\t<\/div>\n\t\t\t\t\t<\/div>\n\t\t<\/section>\n\t\t\t\t<\/div>\n\t\t","protected":false},"excerpt":{"rendered":"<p>Pol\u00edtica de Devoluciones En studio40shop la satisfacci\u00f3n y una larga relaci\u00f3n de venta con nuestros clientes es lo m\u00e1s importante, por ello, ponemos a tu disposici\u00f3n nuestra pol\u00edtica de devoluci\u00f3n. Recuerda que estamos aqu\u00ed para ayudarte en todo momento. La pol\u00edtica de cambio o devoluci\u00f3n es vigente en casos espec\u00edficos tales como: falla del producto, [&hellip;]<\/p>\n","protected":false},"author":1,"featured_media":0,"parent":0,"menu_order":0,"comment_status":"closed","ping_status":"closed","template":"","meta":{"site-sidebar-layout":"default","site-content-layout":"default","ast-site-content-layout":"default","site-content-style":"default","site-sidebar-style":"default","ast-global-header-display":"","ast-banner-title-visibility":"","ast-main-header-display":"","ast-hfb-above-header-display":"","ast-hfb-below-header-display":"","ast-hfb-mobile-header-display":"","site-post-title":"","ast-breadcrumbs-content":"","ast-featured-img":"","footer-sml-layout":"","ast-disable-related-posts":"","theme-transparent-header-meta":"default","adv-header-id-meta":"","stick-header-meta":"","header-above-stick-meta":"","header-main-stick-meta":"","header-below-stick-meta":"","astra-migrate-meta-layouts":"default","ast-page-background-enabled":"default","ast-page-background-meta":{"desktop":{"background-color":"var(--ast-global-color-4)","background-image":"","background-repeat":"repeat","background-position":"center center","background-size":"auto","background-attachment":"scroll","background-type":"","background-media":"","overlay-type":"","overlay-color":"","overlay-opacity":"","overlay-gradient":""},"tablet":{"background-color":"","background-image":"","background-repeat":"repeat","background-position":"center center","background-size":"auto","background-attachment":"scroll","background-type":"","background-media":"","overlay-type":"","overlay-color":"","overlay-opacity":"","overlay-gradient":""},"mobile":{"background-color":"","background-image":"","background-repeat":"repeat","background-position":"center center","background-size":"auto","background-attachment":"scroll","background-type":"","background-media":"","overlay-type":"","overlay-color":"","overlay-opacity":"","overlay-gradient":""}},"ast-content-background-meta":{"desktop":{"background-color":"var(--ast-global-color-5)","background-image":"","background-repeat":"repeat","background-position":"center center","background-size":"auto","background-attachment":"scroll","background-type":"","background-media":"","overlay-type":"","overlay-color":"","overlay-opacity":"","overlay-gradient":""},"tablet":{"background-color":"var(--ast-global-color-5)","background-image":"","background-repeat":"repeat","background-position":"center center","background-size":"auto","background-attachment":"scroll","background-type":"","background-media":"","overlay-type":"","overlay-color":"","overlay-opacity":"","overlay-gradient":""},"mobile":{"background-color":"var(--ast-global-color-5)","background-image":"","background-repeat":"repeat","background-position":"center center","background-size":"auto","background-attachment":"scroll","background-type":"","background-media":"","overlay-type":"","overlay-color":"","overlay-opacity":"","overlay-gradient":""}},"_themeisle_gutenberg_block_has_review":false,"footnotes":""},"class_list":["post-121","page","type-page","status-publish","hentry"],"aioseo_notices":[],"jetpack_sharing_enabled":true,"_links":{"self":[{"href":"https:\/\/studio40shop.com.mx\/index.php?rest_route=\/wp\/v2\/pages\/121","targetHints":{"allow":["GET"]}}],"collection":[{"href":"https:\/\/studio40shop.com.mx\/index.php?rest_route=\/wp\/v2\/pages"}],"about":[{"href":"https:\/\/studio40shop.com.mx\/index.php?rest_route=\/wp\/v2\/types\/page"}],"author":[{"embeddable":true,"href":"https:\/\/studio40shop.com.mx\/index.php?rest_route=\/wp\/v2\/users\/1"}],"replies":[{"embeddable":true,"href":"https:\/\/studio40shop.com.mx\/index.php?rest_route=%2Fwp%2Fv2%2Fcomments&post=121"}],"version-history":[{"count":7,"href":"https:\/\/studio40shop.com.mx\/index.php?rest_route=\/wp\/v2\/pages\/121\/revisions"}],"predecessor-version":[{"id":4742,"href":"https:\/\/studio40shop.com.mx\/index.php?rest_route=\/wp\/v2\/pages\/121\/revisions\/4742"}],"wp:attachment":[{"href":"https:\/\/studio40shop.com.mx\/index.php?rest_route=%2Fwp%2Fv2%2Fmedia&parent=121"}],"curies":[{"name":"wp","href":"https:\/\/api.w.org\/{rel}","templated":true}]}}