{"id":370,"date":"2021-08-27T18:26:17","date_gmt":"2021-08-27T18:26:17","guid":{"rendered":"http:\/\/studio40shop.com.mx\/?page_id=370"},"modified":"2024-02-27T12:20:27","modified_gmt":"2024-02-27T17:20:27","slug":"politica-de-privacidad","status":"publish","type":"page","link":"https:\/\/studio40shop.com.mx\/?page_id=370","title":{"rendered":"Pol\u00edtica de Privacidad"},"content":{"rendered":"\t\t<div data-elementor-type=\"wp-page\" data-elementor-id=\"370\" class=\"elementor elementor-370\" data-elementor-post-type=\"page\">\n\t\t\t\t<div class=\"elementor-element elementor-element-d29bef9 e-flex e-con-boxed e-con e-parent\" data-id=\"d29bef9\" data-element_type=\"container\" data-e-type=\"container\">\n\t\t\t\t\t<div class=\"e-con-inner\">\n\t\t\t\t<div class=\"elementor-element elementor-element-00dd731 elementor-widget elementor-widget-heading\" data-id=\"00dd731\" data-element_type=\"widget\" data-e-type=\"widget\" data-widget_type=\"heading.default\">\n\t\t\t\t<div class=\"elementor-widget-container\">\n\t\t\t\t\t<h2 class=\"elementor-heading-title elementor-size-default\">Pol\u00edtica de Privacidad<\/h2>\t\t\t\t<\/div>\n\t\t\t\t<\/div>\n\t\t\t\t\t<\/div>\n\t\t\t\t<\/div>\n\t\t\t\t<section class=\"elementor-section elementor-top-section elementor-element elementor-element-b2d922d elementor-section-boxed elementor-section-height-default elementor-section-height-default\" data-id=\"b2d922d\" data-element_type=\"section\" data-e-type=\"section\">\n\t\t\t\t\t\t<div class=\"elementor-container elementor-column-gap-default\">\n\t\t\t\t\t<div class=\"elementor-column elementor-col-100 elementor-top-column elementor-element elementor-element-2c36832\" data-id=\"2c36832\" data-element_type=\"column\" data-e-type=\"column\">\n\t\t\t<div class=\"elementor-widget-wrap elementor-element-populated\">\n\t\t\t\t\t\t<div class=\"elementor-element elementor-element-c54b36c elementor-widget elementor-widget-text-editor\" data-id=\"c54b36c\" data-element_type=\"widget\" data-e-type=\"widget\" data-widget_type=\"text-editor.default\">\n\t\t\t\t<div class=\"elementor-widget-container\">\n\t\t\t\t\t\t\t\t\t<p style=\"text-align: center;\">STUDIO 40 SHOP (en lo sucesivo, el \u201cResponsable\u201d), con domicilio en el Puerto de Veracruz, en cumplimiento con la Ley Federal de Protecci\u00f3n de Datos Personales en Posesi\u00f3n de Particulares y su Reglamento (en lo sucesivo de manera conjunta, la \u201cLey\u201d), pone a su disposici\u00f3n el presente Aviso de Privacidad, con la finalidad de que conozca de qu\u00e9 manera se usan, divulgan y almacenan sus datos personales y cualquier informaci\u00f3n que se recabe a trav\u00e9s de distintos medios incluyendo nuestro sitio web, a efecto de garantizar la privacidad de dicha informaci\u00f3n y el derecho a la autodeterminaci\u00f3n informativa de las personas. Asimismo, hace de su conocimiento las finalidades por las que el Responsable recaba y trata sus Datos Personales (seg\u00fan dicho t\u00e9rmino se define m\u00e1s adelante).El Responsable recabar\u00e1 los siguientes datos personales: NOMBRE, CORREO ELECTR\u00d3NICO, EDAD, FECHA Y LUGAR DE NACIMIENTO, G\u00c9NERO, DOMICILIO, TEL\u00c9FONO Y CUENTAS DE REDES SOCIALES (en lo sucesivo, los \u201cDatos Personales\u201d), necesarios para los siguientes fines: Para env\u00edo de su o sus productos adquiridos en nuestro portan online Studio40Shop. Dichos datos se le entregar\u00e1n a una empresa externa de servicio de paqueter\u00eda quien har\u00e1 la\u00a0 recolecci\u00f3n y entrega de lo adquirido con nosotros, y ser\u00e1 llevado hasta el domicilio que usted como cliente deje en nuestra base datos. Adem\u00e1s de ello, los datos los utilizaremos para generar encuestas de satisfacci\u00f3n y calidad en los servicios y venta de productos comercializados bajo nuestra tienda online. As\u00ed tambi\u00e9n se usaran para poder enviarle v\u00eda correo electr\u00f3nico o correo postal promociones y ofertas, as\u00ed como publicidad y marketing, este puede ser electr\u00f3nico o f\u00edsico. Otro punto importante donde ocuparemos sus datos ser\u00e1 mediante la implementaci\u00f3n de cookies inform\u00e1ticas que sirvan como estad\u00edsticas para efectos de mercadeo y publicidad. Estos datos ser\u00e1n usados por terceros \u00fanicamente para estos fines anteriormente descritos.<\/p><p style=\"text-align: center;\">Asimismo, sus Datos Personales ser\u00e1n utilizados para los siguientes fines secundarios, que nos permiten y facilitan brindarle un mejor servicio y\/o atenci\u00f3n: Para uso de estad\u00edsticas, mercadeo, segmentaci\u00f3n de usos y costumbres, con el fin de entender mejora nuestros clientes y poderles ofrecer la mejor experiencia de compra as\u00ed como de servicio y calidad.<br \/>El Responsable, conforme a lo establecido por la Ley, hace de su conocimiento, mediante el presente aviso, que sus Datos Personales tambi\u00e9n ser\u00e1n utilizados para fines mercadot\u00e9cnicos, publicitarios y\/o de prospecci\u00f3n comercial. El Responsable se compromete a que todos los Datos Personales obtenidos ser\u00e1n tratados bajo las m\u00e1s estrictas medidas de seguridad que garanticen su confidencialidad.<br \/>Sus Datos Personales ser\u00e1n utilizados exclusivamente para los fines mencionados en el presente Aviso de Privacidad. En caso de que usted no desee que se traten sus Datos Personales para los fines que no sean estrictamente necesarios para brindarle el servicio y\/o atenci\u00f3n solicitados, entre ellos publicidad o env\u00edo de ofertas, usted lo podr\u00e1 comunicar al Responsable a trav\u00e9s de la siguiente informaci\u00f3n de Contacto:\u00a0 N\u00fam. Telef\u00f3nico: 229 213 7163. Correo electr\u00f3nico: atencionalcliente@studio40shop.com.mx. con un horario de 10:00hrs a 17:00 hrs. de Lunes a Viernes.<\/p><p style=\"text-align: center;\">De conformidad con la Ley, requerimos de su consentimiento expreso para el tratamiento de sus Datos Personales sensibles as\u00ed como de car\u00e1cter financiero y patrimonial, salvo por las excepciones que establece la Ley. Si usted manifiesta su consentimiento para el tratamiento de sus Datos Personales sensibles as\u00ed como de car\u00e1cter financiero y patrimonial, el Responsable se compromete a no tratar estos Datos Personales para finalidades distintas de las establecidas en este Aviso de Privacidad.<\/p><p style=\"text-align: center;\">Le informamos que sus Datos Personales pueden ser transferidos por el Responsable, dentro y fuera del pa\u00eds de residencia del Responsable, a Google, Facebook, Instagram, Twitter, entre otras redes sociales., para los siguientes fines: Para mercadeo y segmentaci\u00f3n del mismo.. Asimismo, le informamos que el Responsable tomar\u00e1 todas las medidas necesarias para que estos terceros a los que el Responsable har\u00e1 transferencia de sus Datos Personales se comprometan en los mismos t\u00e9rminos del presente Aviso de Privacidad y cumplan con las medidas de seguridad y confidencialidad correspondientes.\u00a0<\/p><p style=\"text-align: center;\">Si usted no desea que sus Datos Personales sean transferidos a terceros para estos fines, usted lo debe hacer saber al Responsable, a trav\u00e9s de la siguiente informaci\u00f3n de contacto establecida en el presente Aviso de Privacidad.\u00a0<\/p><p style=\"text-align: center;\">Si usted no manifiesta su oposici\u00f3n sobre dichas transferencias, se entender\u00e1 que ha otorgado su consentimiento al Responsable para realizarlas. Usted tiene derecho de acceder a sus Datos Personales que poseemos y a los detalles<br \/>de su tratamiento, as\u00ed como a rectificarlos en caso de ser inexactos o incompletos, o bien, cancelarlos cuando considere que no se requieren para alguna de las finalidades se\u00f1aladas en el presente Aviso de Privacidad, est\u00e9n siendo utilizados para finalidades no consentidas o haya finalizado la relaci\u00f3n contractual o de servicio, o bien, oponerse al tratamiento de los mismos para fines espec\u00edficos (en lo sucesivo, los \u201cDerechos ARCO\u201d).<\/p><p style=\"text-align: center;\">Para el ejercicio de los Derechos ARCO, usted deber\u00e1 presentar la solicitud respectiva, a trav\u00e9s de la siguiente informaci\u00f3n de contacto: Contacto: N\u00fam. Telef\u00f3nico: 229 213 7163. Correo electr\u00f3nico: atencionalcliente@studio40shop.com.mx. con un horario de 10:00hrs a 17:00 hrs. de Lunes a Viernes. La solicitud que presente para el ejercicio de los Derechos ARCO deber\u00e1 indicar su nombre y el domicilio o correo electr\u00f3nico en el que se desea recibir toda la informaci\u00f3n relacionada con el tr\u00e1mite, adem\u00e1s de estar acompa\u00f1ada del o los documentos con los que se acredite su identidad o la personalidad de su representante legal. Asimismo, le agradeceremos incluir una descripci\u00f3n clara y precisa de los datos respecto de los que se busca ejercer alguno de los Derechos ARCO y de cualquier otro elemento que nos permita identificar o localizar los Datos Personales en cuesti\u00f3n. Cuando se trate de \u201crectificaci\u00f3n\u201d de sus Datos Personales, deber\u00e1 indicarnos tambi\u00e9n cu\u00e1l es la modificaci\u00f3n exacta que busca realizar y presentar la documentaci\u00f3n que soporte la petici\u00f3n. Adicionalmente, por su protecci\u00f3n y beneficio, es posible que le solicitemos documentaci\u00f3n adicional que nos permita identificar con plenitud los Datos Personales que desee acceder, rectificar y\/o cancelar, o aquellos respecto de los cuales usted desee oponerse a su tratamiento.<\/p><p style=\"text-align: center;\">El Responsable procurar\u00e1 que los Datos Personales contenidos en las bases de datos sean pertinentes, correctos y actualizados para los fines para los cuales fueron recabados y cuando hayan dejado de ser necesarios para el cumplimiento de las finalidades previstas, deber\u00e1n ser cancelados. No obstante lo anterior, es posible que el Responsable no pueda cancelar o bloquear sus Datos Personales de conformidad con lo dispuesto por la Ley. Una vez recibida su solicitud completa y debidamente integrada, el Responsable le comunicar\u00e1 la respuesta correspondiente en un plazo m\u00e1ximo de 10 d\u00edas h\u00e1biles. Si resultare procedente, dentro de los siguientes 15 d\u00edas h\u00e1biles podr\u00e1 hacer efectivo el derecho solicitado. En caso de que el Responsable deba hacer entrega de documentaci\u00f3n como resultado del derecho ejercido, lo har\u00e1 a trav\u00e9s de copias que le ser\u00e1n enviadas por correo electr\u00f3nico o las pondr\u00e1 a su disposici\u00f3n en el domicilio que al efecto le indique, dentro del plazo antes mencionado, para que usted pueda recogerlas directamente o a trav\u00e9s de tercero facultado mediante carta poder. Usted puede en cualquier momento revocar el consentimiento que nos ha otorgado para impedir total o parcialmente el tratamiento de sus Datos Personales, sin embargo, es importante que tenga en cuenta que no en todos los casos podremos atender su solicitud o concluir el uso de forma inmediata, ya que es posible que por alguna obligaci\u00f3n legal el Responsable requiera seguir\u00a0 tratando sus Datos Personales. Asimismo, usted deber\u00e1 considerar que para ciertos fines, la revocaci\u00f3n de su consentimiento implicar\u00e1 que no le podamos seguir prestando el servicio y\/o atenci\u00f3n solicitada, o la conclusi\u00f3n de su relaci\u00f3n con el Responsable. En caso de que desee revocar su consentimiento al tratamiento de sus Datos Personales, deber\u00e1 presentar su solicitud ante el Responsable acompa\u00f1ada de copia de su identificaci\u00f3n oficial para acreditar que es el titular de los Datos Personales (en su caso, la autorizaci\u00f3n de su representante legal), y se\u00f1alar el correo electr\u00f3nico o domicilio al que se desea recibir la informaci\u00f3n relacionada con el tr\u00e1mite, una descripci\u00f3n clara y precisa de los Datos Personales respecto de los cuales requiere revocar su consentimiento y los datos que nos permitan notificarle la resoluci\u00f3n reca\u00edda a su solicitud. El Responsable le notificar\u00e1 la resoluci\u00f3n correspondiente a su solicitud dentro de los 10 d\u00edas h\u00e1biles siguientes a la presentaci\u00f3n de su solicitud, siempre que \u00e9sta se encuentre completa y debidamente integrada. Con el objeto de que usted pueda limitar el uso y divulgaci\u00f3n de su informaci\u00f3n personal, puede inscribirse en el Registro P\u00fablico para Evitar Publicidad, que est\u00e1 a cargo de la Procuradur\u00eda Federal del Consumidor (PROFECO), con la finalidad de que sus Datos Personales no sean utilizados para recibir publicidad o promociones, para mayor informaci\u00f3n sobre este registro, usted puede consultar el portal de Internet de la PROFECO.<\/p><p style=\"text-align: center;\">El Responsable, por medio del presente Aviso de Privacidad, le informa que en su p\u00e1gina de Internet utiliza cookies y\/u otras tecnolog\u00edas a trav\u00e9s de las cuales es posible monitorear su comportamiento como usuario de Internet, brindarle un mejor servicio y experiencia de usuario al navegar en nuestra p\u00e1gina, as\u00ed como ofrecerle nuevos productos y servicios basados en sus preferencias. Estas tecnolog\u00edas pueden deshabilitarse siguiendo los pasos que para dichos fines se establecen en nuestra p\u00e1gina de Internet. En cualquier momento el Responsable puede hacer modificaciones o actualizaciones al presente Aviso de Privacidad derivadas de nuevos requerimientos legales, de las pol\u00edticas o pr\u00e1cticas de privacidad del Responsable o de sus necesidades derivadas de los productos o servicios que ofrece, o por cualquier otra causa.<br \/>El Responsable har\u00e1 de su conocimiento cualquier cambio o actualizaci\u00f3n al presente aviso a trav\u00e9s de Mediante una actualizaci\u00f3n en nuestro aviso de privacidad, el cual al ser renovado o cambiado recibir\u00e1n un mail con el nuevo Aviso de privacidad.<\/p>\t\t\t\t\t\t\t\t<\/div>\n\t\t\t\t<\/div>\n\t\t\t\t\t<\/div>\n\t\t<\/div>\n\t\t\t\t\t<\/div>\n\t\t<\/section>\n\t\t\t\t<\/div>\n\t\t","protected":false},"excerpt":{"rendered":"<p>Pol\u00edtica de Privacidad STUDIO 40 SHOP (en lo sucesivo, el \u201cResponsable\u201d), con domicilio en el Puerto de Veracruz, en cumplimiento con la Ley Federal de Protecci\u00f3n de Datos Personales en Posesi\u00f3n de Particulares y su Reglamento (en lo sucesivo de manera conjunta, la \u201cLey\u201d), pone a su disposici\u00f3n el presente Aviso de Privacidad, con la [&hellip;]<\/p>\n","protected":false},"author":1,"featured_media":0,"parent":0,"menu_order":0,"comment_status":"closed","ping_status":"closed","template":"","meta":{"site-sidebar-layout":"default","site-content-layout":"default","ast-site-content-layout":"default","site-content-style":"default","site-sidebar-style":"default","ast-global-header-display":"","ast-banner-title-visibility":"","ast-main-header-display":"","ast-hfb-above-header-display":"","ast-hfb-below-header-display":"","ast-hfb-mobile-header-display":"","site-post-title":"","ast-breadcrumbs-content":"","ast-featured-img":"","footer-sml-layout":"","ast-disable-related-posts":"","theme-transparent-header-meta":"default","adv-header-id-meta":"","stick-header-meta":"","header-above-stick-meta":"","header-main-stick-meta":"","header-below-stick-meta":"","astra-migrate-meta-layouts":"default","ast-page-background-enabled":"default","ast-page-background-meta":{"desktop":{"background-color":"var(--ast-global-color-4)","background-image":"","background-repeat":"repeat","background-position":"center center","background-size":"auto","background-attachment":"scroll","background-type":"","background-media":"","overlay-type":"","overlay-color":"","overlay-opacity":"","overlay-gradient":""},"tablet":{"background-color":"","background-image":"","background-repeat":"repeat","background-position":"center center","background-size":"auto","background-attachment":"scroll","background-type":"","background-media":"","overlay-type":"","overlay-color":"","overlay-opacity":"","overlay-gradient":""},"mobile":{"background-color":"","background-image":"","background-repeat":"repeat","background-position":"center center","background-size":"auto","background-attachment":"scroll","background-type":"","background-media":"","overlay-type":"","overlay-color":"","overlay-opacity":"","overlay-gradient":""}},"ast-content-background-meta":{"desktop":{"background-color":"var(--ast-global-color-5)","background-image":"","background-repeat":"repeat","background-position":"center center","background-size":"auto","background-attachment":"scroll","background-type":"","background-media":"","overlay-type":"","overlay-color":"","overlay-opacity":"","overlay-gradient":""},"tablet":{"background-color":"var(--ast-global-color-5)","background-image":"","background-repeat":"repeat","background-position":"center center","background-size":"auto","background-attachment":"scroll","background-type":"","background-media":"","overlay-type":"","overlay-color":"","overlay-opacity":"","overlay-gradient":""},"mobile":{"background-color":"var(--ast-global-color-5)","background-image":"","background-repeat":"repeat","background-position":"center center","background-size":"auto","background-attachment":"scroll","background-type":"","background-media":"","overlay-type":"","overlay-color":"","overlay-opacity":"","overlay-gradient":""}},"_themeisle_gutenberg_block_has_review":false,"footnotes":""},"class_list":["post-370","page","type-page","status-publish","hentry"],"aioseo_notices":[],"jetpack_sharing_enabled":true,"_links":{"self":[{"href":"https:\/\/studio40shop.com.mx\/index.php?rest_route=\/wp\/v2\/pages\/370","targetHints":{"allow":["GET"]}}],"collection":[{"href":"https:\/\/studio40shop.com.mx\/index.php?rest_route=\/wp\/v2\/pages"}],"about":[{"href":"https:\/\/studio40shop.com.mx\/index.php?rest_route=\/wp\/v2\/types\/page"}],"author":[{"embeddable":true,"href":"https:\/\/studio40shop.com.mx\/index.php?rest_route=\/wp\/v2\/users\/1"}],"replies":[{"embeddable":true,"href":"https:\/\/studio40shop.com.mx\/index.php?rest_route=%2Fwp%2Fv2%2Fcomments&post=370"}],"version-history":[{"count":35,"href":"https:\/\/studio40shop.com.mx\/index.php?rest_route=\/wp\/v2\/pages\/370\/revisions"}],"predecessor-version":[{"id":4758,"href":"https:\/\/studio40shop.com.mx\/index.php?rest_route=\/wp\/v2\/pages\/370\/revisions\/4758"}],"wp:attachment":[{"href":"https:\/\/studio40shop.com.mx\/index.php?rest_route=%2Fwp%2Fv2%2Fmedia&parent=370"}],"curies":[{"name":"wp","href":"https:\/\/api.w.org\/{rel}","templated":true}]}}