{"id":373,"date":"2021-08-27T18:29:57","date_gmt":"2021-08-27T18:29:57","guid":{"rendered":"http:\/\/studio40shop.com.mx\/?page_id=373"},"modified":"2024-02-26T20:08:33","modified_gmt":"2024-02-27T01:08:33","slug":"politica-de-envio","status":"publish","type":"page","link":"https:\/\/studio40shop.com.mx\/?page_id=373","title":{"rendered":"Pol\u00edtica de Env\u00edo"},"content":{"rendered":"\t\t<div data-elementor-type=\"wp-page\" data-elementor-id=\"373\" class=\"elementor elementor-373\" data-elementor-post-type=\"page\">\n\t\t\t\t<div class=\"elementor-element elementor-element-76e9f91 e-flex e-con-boxed e-con e-parent\" data-id=\"76e9f91\" data-element_type=\"container\" data-e-type=\"container\">\n\t\t\t\t\t<div class=\"e-con-inner\">\n\t\t\t\t<div class=\"elementor-element elementor-element-d579f11 elementor-widget elementor-widget-heading\" data-id=\"d579f11\" data-element_type=\"widget\" data-e-type=\"widget\" data-widget_type=\"heading.default\">\n\t\t\t\t<div class=\"elementor-widget-container\">\n\t\t\t\t\t<h2 class=\"elementor-heading-title elementor-size-default\">Pol\u00edtica de env\u00edo<\/h2>\t\t\t\t<\/div>\n\t\t\t\t<\/div>\n\t\t\t\t\t<\/div>\n\t\t\t\t<\/div>\n\t\t\t\t<section class=\"elementor-section elementor-top-section elementor-element elementor-element-026677f elementor-section-boxed elementor-section-height-default elementor-section-height-default\" data-id=\"026677f\" data-element_type=\"section\" data-e-type=\"section\">\n\t\t\t\t\t\t<div class=\"elementor-container elementor-column-gap-default\">\n\t\t\t\t\t<div class=\"elementor-column elementor-col-100 elementor-top-column elementor-element elementor-element-036dd35\" data-id=\"036dd35\" data-element_type=\"column\" data-e-type=\"column\">\n\t\t\t<div class=\"elementor-widget-wrap elementor-element-populated\">\n\t\t\t\t\t\t<div class=\"elementor-element elementor-element-f8f709f elementor-widget elementor-widget-text-editor\" data-id=\"f8f709f\" data-element_type=\"widget\" data-e-type=\"widget\" data-widget_type=\"text-editor.default\">\n\t\t\t\t<div class=\"elementor-widget-container\">\n\t\t\t\t\t\t\t\t\t<p class=\"p1\"><b>CONDICIONES DE LOS ENV\u00cdOS<\/b><\/p><p class=\"p2\">En <span class=\"s1\">studio40shop.com.mx <\/span>, contamos con varias opciones de env\u00edo aunque siempre los env\u00edos los realizamos a trav\u00e9s de empresas de mensajer\u00eda como Estafeta, Fedex, DHL, 99 Minutos, Paquete Express, entre otros, esto depender\u00e1 de los d\u00edas que tarde la compa\u00f1\u00eda de log\u00edstica en llevar tu pedido desde nuestro almac\u00e9n hasta la puerta de tu casa o negocio.<\/p><p class=\"p2\">En compras superiores a $5,500.00 MXN los gastos de env\u00edo corren por nuestra cuenta. S\u00f3lo enviamos pedidos a toda la rep\u00fablica mexicana.\u00a0<\/p><p class=\"p2\">Para que tu entrega se cumpla debidamente debes realizar el pedido antes de la hora de corte que es a las 12:00hrs. del d\u00eda, esto para que pueda salir el mismo d\u00eda. Pasada dicha hora de corte, el pedido se tramitar\u00e1 al d\u00eda siguiente, esto debido a que para ser de env\u00edo de 24hrs. Las compa\u00f1\u00edas nos marcan un horario, pasado de \u00e9ste no sale el mismo d\u00eda, sino al siguiente.<\/p><p class=\"p2\">Deber\u00e1s tambi\u00e9n tener en cuenta, que para que tu producto sea entregado en el menor tiempo posible, est\u00e9 o \u00e9stos se encuentren en stock (en existencia dentro de nuestro almac\u00e9n), de lo contrario tardar\u00e1 un poco m\u00e1s, en lo que nuestro proveedor nos los env\u00eda a nuestras instalaciones y de ah\u00ed saldr\u00e1 hacia tu destino.\u00a0<\/p><p class=\"p2\">Tu compra ser\u00e1 efectiva hasta que recibamos en firme el importe econ\u00f3mico del pago de tu pedido en nuestra cuenta corriente. Esto depende definitivamente de los bancos y las transacciones que existen entre ellos.<\/p><p class=\"p2\">Siempre que realices un pedido en <span class=\"s1\">studio40shop.com.mx <\/span> te informaremos por email en cuanto hemos procedido con el env\u00edo. Desde que tu paquete sale de nuestro almac\u00e9n, nos ocupamos de supervisar constantemente su tr\u00e1nsito hasta que llega a tu domicilio, en caso de existir alg\u00fan detalle o problema que nos informe la empresa de log\u00edstica nos pondremos en contacto contigo. Es por ello que te solicitamos nos facilites un n\u00famero de tel\u00e9fono en el proceso de pedido.<\/p><p class=\"p1\"><b>HORARIO Y D\u00cdA DE ENTREGA<\/b><\/p><p class=\"p2\">Ten en cuenta que las empresas de transporte solo trabajan de lunes a viernes. No reparten los s\u00e1bados ni, por supuesto, domingos, ni festivos. Adem\u00e1s, cuando te damos fechas aproximadas de entrega, no tenemos en cuenta si es festivo local o auton\u00f3mico en el lugar de destino; solo consideramos las fiestas nacionales y locales de origen.<\/p><p class=\"p2\">No podemos garantizar una hora de entrega. Las empresas de log\u00edstica y transporte podr\u00e1n realizar la entrega a lo largo del d\u00eda acordado antes de las 20:00 \u00f3 21:00 hrs. En caso de que no seas localizado o no se encuentre alguien que reciba el paquete en el domicilio acordado, la empresa de transporte intentar\u00e1 una segunda entrega. Si en esta segunda ocasi\u00f3n no es exitosa nuevamente, la paqueter\u00eda depositar\u00e1 el paquete en sus oficinas para que puedas recogerlo ah\u00ed. Despu\u00e9s de 2 d\u00edas<\/p><p class=\"p1\"><b>PEDIDOS NO ENTREGADOS<\/b><\/p><p class=\"p2\">Si un pedido es enviado y no se puede entregar por causas imputables al cliente, no se devolver\u00e1 el importe pagado por los gastos de env\u00edos, teniendo nuevamente que abonar otros gastos de env\u00edo para el reenv\u00edo de la mercanc\u00eda.<\/p><p class=\"p1\"><b>RESPONSABILIDAD EN LOS PLAZOS Y TRANSPORTISTA<\/b><\/p><p class=\"p2\">Los tiempos de entrega son <span class=\"s2\"><b>orientativos<\/b><\/span>, no se pueden tomar como una garant\u00eda segura aunque, generalmente, en un 90% de los pedidos los cumplimos. En casos excepcionales, nos reservamos el derecho a modificar la empresa de transporte con la que te enviaremos el paquete, pero siempre manteniendo los tiempos de tr\u00e1nsito.<\/p><p class=\"p3\">La responsabilidad de <span class=\"s1\">studio40shop.com.mx <\/span>queda limitada en casos de\u00a0<b>fuerza mayor <\/b>como:\u00a0(manifestaciones, fen\u00f3menos climatol\u00f3gicos adversos, cierres en carretera o vuelos, que impidan el tr\u00e1fico normal). En estos casos, se entregar\u00e1n los pedidos lo antes posible, y los plazos antes mencionados no aplicar\u00e1n.<\/p><p class=\"p1\"><b>REGISTRO EN STUDIO40SHOP.COM.MX<\/b><\/p><p class=\"p2\">En el proceso de compra te ofrecemos la posibilidad de incorporarte a <span class=\"s1\">studio40shop.com.mx <\/span>registr\u00e1ndote y creando una cuenta. Al realizar esto e ingresando tus datos personales como: direcci\u00f3n domiciliaria, correo electr\u00f3nico, n\u00famero de celular (este \u00faltimo, nos lo solicita la compa\u00f1\u00eda de paqueter\u00eda para en caso de no poder localizar tu domicilio, te llamar\u00e1n y podr\u00e1s aportar informaci\u00f3n importante para que la entrega sea exitosa.<span class=\"Apple-converted-space\">\u00a0 <\/span>As\u00ed tambi\u00e9n, al registrarte, en compras posteriores podr\u00e1s agilizar el proceso de solicitud de tu pedido con s\u00f3lo seleccionar una de las direcciones de env\u00edo que hayas almacenado, pudiendo crear varias, modificarlas, eliminarlas o introducir nuevas.<\/p>\t\t\t\t\t\t\t\t<\/div>\n\t\t\t\t<\/div>\n\t\t\t\t\t<\/div>\n\t\t<\/div>\n\t\t\t\t\t<\/div>\n\t\t<\/section>\n\t\t\t\t<\/div>\n\t\t","protected":false},"excerpt":{"rendered":"<p>Pol\u00edtica de env\u00edo CONDICIONES DE LOS ENV\u00cdOS En studio40shop.com.mx , contamos con varias opciones de env\u00edo aunque siempre los env\u00edos los realizamos a trav\u00e9s de empresas de mensajer\u00eda como Estafeta, Fedex, DHL, 99 Minutos, Paquete Express, entre otros, esto depender\u00e1 de los d\u00edas que tarde la compa\u00f1\u00eda de log\u00edstica en llevar tu pedido desde nuestro [&hellip;]<\/p>\n","protected":false},"author":1,"featured_media":0,"parent":0,"menu_order":0,"comment_status":"closed","ping_status":"closed","template":"","meta":{"site-sidebar-layout":"default","site-content-layout":"default","ast-site-content-layout":"default","site-content-style":"default","site-sidebar-style":"default","ast-global-header-display":"","ast-banner-title-visibility":"","ast-main-header-display":"","ast-hfb-above-header-display":"","ast-hfb-below-header-display":"","ast-hfb-mobile-header-display":"","site-post-title":"","ast-breadcrumbs-content":"","ast-featured-img":"","footer-sml-layout":"","ast-disable-related-posts":"","theme-transparent-header-meta":"default","adv-header-id-meta":"","stick-header-meta":"","header-above-stick-meta":"","header-main-stick-meta":"","header-below-stick-meta":"","astra-migrate-meta-layouts":"default","ast-page-background-enabled":"default","ast-page-background-meta":{"desktop":{"background-color":"var(--ast-global-color-4)","background-image":"","background-repeat":"repeat","background-position":"center center","background-size":"auto","background-attachment":"scroll","background-type":"","background-media":"","overlay-type":"","overlay-color":"","overlay-opacity":"","overlay-gradient":""},"tablet":{"background-color":"","background-image":"","background-repeat":"repeat","background-position":"center center","background-size":"auto","background-attachment":"scroll","background-type":"","background-media":"","overlay-type":"","overlay-color":"","overlay-opacity":"","overlay-gradient":""},"mobile":{"background-color":"","background-image":"","background-repeat":"repeat","background-position":"center center","background-size":"auto","background-attachment":"scroll","background-type":"","background-media":"","overlay-type":"","overlay-color":"","overlay-opacity":"","overlay-gradient":""}},"ast-content-background-meta":{"desktop":{"background-color":"var(--ast-global-color-5)","background-image":"","background-repeat":"repeat","background-position":"center center","background-size":"auto","background-attachment":"scroll","background-type":"","background-media":"","overlay-type":"","overlay-color":"","overlay-opacity":"","overlay-gradient":""},"tablet":{"background-color":"var(--ast-global-color-5)","background-image":"","background-repeat":"repeat","background-position":"center center","background-size":"auto","background-attachment":"scroll","background-type":"","background-media":"","overlay-type":"","overlay-color":"","overlay-opacity":"","overlay-gradient":""},"mobile":{"background-color":"var(--ast-global-color-5)","background-image":"","background-repeat":"repeat","background-position":"center center","background-size":"auto","background-attachment":"scroll","background-type":"","background-media":"","overlay-type":"","overlay-color":"","overlay-opacity":"","overlay-gradient":""}},"_themeisle_gutenberg_block_has_review":false,"footnotes":""},"class_list":["post-373","page","type-page","status-publish","hentry"],"aioseo_notices":[],"jetpack_sharing_enabled":true,"_links":{"self":[{"href":"https:\/\/studio40shop.com.mx\/index.php?rest_route=\/wp\/v2\/pages\/373","targetHints":{"allow":["GET"]}}],"collection":[{"href":"https:\/\/studio40shop.com.mx\/index.php?rest_route=\/wp\/v2\/pages"}],"about":[{"href":"https:\/\/studio40shop.com.mx\/index.php?rest_route=\/wp\/v2\/types\/page"}],"author":[{"embeddable":true,"href":"https:\/\/studio40shop.com.mx\/index.php?rest_route=\/wp\/v2\/users\/1"}],"replies":[{"embeddable":true,"href":"https:\/\/studio40shop.com.mx\/index.php?rest_route=%2Fwp%2Fv2%2Fcomments&post=373"}],"version-history":[{"count":12,"href":"https:\/\/studio40shop.com.mx\/index.php?rest_route=\/wp\/v2\/pages\/373\/revisions"}],"predecessor-version":[{"id":4739,"href":"https:\/\/studio40shop.com.mx\/index.php?rest_route=\/wp\/v2\/pages\/373\/revisions\/4739"}],"wp:attachment":[{"href":"https:\/\/studio40shop.com.mx\/index.php?rest_route=%2Fwp%2Fv2%2Fmedia&parent=373"}],"curies":[{"name":"wp","href":"https:\/\/api.w.org\/{rel}","templated":true}]}}