{"id":384,"date":"2021-08-27T18:40:21","date_gmt":"2021-08-27T18:40:21","guid":{"rendered":"http:\/\/studio40shop.com.mx\/?page_id=384"},"modified":"2024-02-27T11:57:23","modified_gmt":"2024-02-27T16:57:23","slug":"nosotros","status":"publish","type":"page","link":"https:\/\/studio40shop.com.mx\/?page_id=384","title":{"rendered":"Nosotros"},"content":{"rendered":"\t\t<div data-elementor-type=\"wp-page\" data-elementor-id=\"384\" class=\"elementor elementor-384\" data-elementor-post-type=\"page\">\n\t\t\t\t\t\t<section class=\"elementor-section elementor-top-section elementor-element elementor-element-731aafa elementor-section-boxed elementor-section-height-default elementor-section-height-default\" data-id=\"731aafa\" data-element_type=\"section\" data-e-type=\"section\">\n\t\t\t\t\t\t<div class=\"elementor-container elementor-column-gap-default\">\n\t\t\t\t\t<div class=\"elementor-column elementor-col-100 elementor-top-column elementor-element elementor-element-c9e60fd\" data-id=\"c9e60fd\" data-element_type=\"column\" data-e-type=\"column\">\n\t\t\t<div class=\"elementor-widget-wrap elementor-element-populated\">\n\t\t\t\t\t\t<div class=\"elementor-element elementor-element-44df5bf elementor-widget elementor-widget-image\" data-id=\"44df5bf\" data-element_type=\"widget\" data-e-type=\"widget\" data-widget_type=\"image.default\">\n\t\t\t\t<div class=\"elementor-widget-container\">\n\t\t\t\t\t\t\t\t\t\t\t\t\t\t\t<img fetchpriority=\"high\" decoding=\"async\" width=\"1024\" height=\"379\" src=\"https:\/\/studio40shop.com.mx\/wp-content\/uploads\/2024\/02\/portada-web-1702-630-1024x379.jpg\" class=\"attachment-large size-large wp-image-4470\" alt=\"\" srcset=\"https:\/\/studio40shop.com.mx\/wp-content\/uploads\/2024\/02\/portada-web-1702-630-1024x379.jpg 1024w, https:\/\/studio40shop.com.mx\/wp-content\/uploads\/2024\/02\/portada-web-1702-630-300x111.jpg 300w, https:\/\/studio40shop.com.mx\/wp-content\/uploads\/2024\/02\/portada-web-1702-630-768x284.jpg 768w, https:\/\/studio40shop.com.mx\/wp-content\/uploads\/2024\/02\/portada-web-1702-630-1536x569.jpg 1536w, https:\/\/studio40shop.com.mx\/wp-content\/uploads\/2024\/02\/portada-web-1702-630-400x148.jpg 400w, https:\/\/studio40shop.com.mx\/wp-content\/uploads\/2024\/02\/portada-web-1702-630.jpg 1702w\" sizes=\"(max-width: 1024px) 100vw, 1024px\" \/>\t\t\t\t\t\t\t\t\t\t\t\t\t\t\t<\/div>\n\t\t\t\t<\/div>\n\t\t\t\t\t<\/div>\n\t\t<\/div>\n\t\t\t\t\t<\/div>\n\t\t<\/section>\n\t\t\t\t<section class=\"elementor-section elementor-top-section elementor-element elementor-element-0e6dad7 elementor-section-boxed elementor-section-height-default elementor-section-height-default\" data-id=\"0e6dad7\" data-element_type=\"section\" data-e-type=\"section\">\n\t\t\t\t\t\t<div class=\"elementor-container elementor-column-gap-default\">\n\t\t\t\t\t<div class=\"elementor-column elementor-col-100 elementor-top-column elementor-element elementor-element-d8dd35b\" data-id=\"d8dd35b\" data-element_type=\"column\" data-e-type=\"column\">\n\t\t\t<div class=\"elementor-widget-wrap elementor-element-populated\">\n\t\t\t\t\t\t<div class=\"elementor-element elementor-element-fad64fc elementor-widget elementor-widget-text-editor\" data-id=\"fad64fc\" data-element_type=\"widget\" data-e-type=\"widget\" data-widget_type=\"text-editor.default\">\n\t\t\t\t<div class=\"elementor-widget-container\">\n\t\t\t\t\t\t\t\t\t<p class=\"p1\" style=\"text-align: center;\">Somos una empresa 100% mexicana, que nace en el a\u00f1o 2020 con la inquietud de explotar el mercado electr\u00f3nico. Nuestro rubro es 100% hac\u00eda los profesionales de audio, video, fot\u00f3grafos, videografos, streamers, vloggueros, a los estudiantes, principalmente de las carreras de Ciencias de la Comunicaci\u00f3n, Arte audiovisual, Dise\u00f1o, Marketing, Animaci\u00f3n, entre otras.<\/p><p class=\"p1\" style=\"text-align: center;\">Sabemos que es un mundo muy competitivo, pero sabemos tambi\u00e9n que es un mundo en constante crecimiento y evoluci\u00f3n, y justamente queremos estar en esa parte de tu carrera, en la evoluci\u00f3n, queremos ser tu apoyo incondicional con todas las herramientas, equipos, accesorios y dem\u00e1s gadgets que sabemos, har\u00e1n de tu excelente trabajo a\u00fan mejor.<\/p><p class=\"p1\" style=\"text-align: center;\">Para Studio40Shop nuestra prioridad principal es la entera satisfacci\u00f3n de nuestros clientes. As\u00ed que si podemos mejorar en algo, cu\u00e9ntanoslo y crezcamos juntos. Hagamos que este a\u00f1o 2024 a pesar de las adversidades de salud, econ\u00f3micas y familiares cuenten para adelante, cuente para bien, salgamos adelante como buenos mexicanos que somos, con esa garra, fuerza, tenacidad, pero sobre todo con HONESTIDAD. Hagamos de este pa\u00eds, un super M\u00e9xico.<\/p><p class=\"p1\" style=\"text-align: center;\">Sigamos\u00a0<span class=\"s1\"><i>Creando Emociones<\/i><\/span>\u00a0con cada uno de nuestros proyectos. Un abrazo afectuoso de parte de todo el equipo de Studio40Shop.<\/p>\t\t\t\t\t\t\t\t<\/div>\n\t\t\t\t<\/div>\n\t\t\t\t\t<\/div>\n\t\t<\/div>\n\t\t\t\t\t<\/div>\n\t\t<\/section>\n\t\t\t\t<\/div>\n\t\t","protected":false},"excerpt":{"rendered":"<p>Somos una empresa 100% mexicana, que nace en el a\u00f1o 2020 con la inquietud de explotar el mercado electr\u00f3nico. Nuestro rubro es 100% hac\u00eda los profesionales de audio, video, fot\u00f3grafos, videografos, streamers, vloggueros, a los estudiantes, principalmente de las carreras de Ciencias de la Comunicaci\u00f3n, Arte audiovisual, Dise\u00f1o, Marketing, Animaci\u00f3n, entre otras. Sabemos que es [&hellip;]<\/p>\n","protected":false},"author":1,"featured_media":0,"parent":0,"menu_order":0,"comment_status":"closed","ping_status":"closed","template":"elementor_header_footer","meta":{"site-sidebar-layout":"default","site-content-layout":"default","ast-site-content-layout":"default","site-content-style":"default","site-sidebar-style":"default","ast-global-header-display":"","ast-banner-title-visibility":"","ast-main-header-display":"","ast-hfb-above-header-display":"","ast-hfb-below-header-display":"","ast-hfb-mobile-header-display":"","site-post-title":"","ast-breadcrumbs-content":"","ast-featured-img":"","footer-sml-layout":"","ast-disable-related-posts":"","theme-transparent-header-meta":"default","adv-header-id-meta":"","stick-header-meta":"","header-above-stick-meta":"","header-main-stick-meta":"","header-below-stick-meta":"","astra-migrate-meta-layouts":"default","ast-page-background-enabled":"default","ast-page-background-meta":{"desktop":{"background-color":"var(--ast-global-color-4)","background-image":"","background-repeat":"repeat","background-position":"center center","background-size":"auto","background-attachment":"scroll","background-type":"","background-media":"","overlay-type":"","overlay-color":"","overlay-opacity":"","overlay-gradient":""},"tablet":{"background-color":"","background-image":"","background-repeat":"repeat","background-position":"center center","background-size":"auto","background-attachment":"scroll","background-type":"","background-media":"","overlay-type":"","overlay-color":"","overlay-opacity":"","overlay-gradient":""},"mobile":{"background-color":"","background-image":"","background-repeat":"repeat","background-position":"center center","background-size":"auto","background-attachment":"scroll","background-type":"","background-media":"","overlay-type":"","overlay-color":"","overlay-opacity":"","overlay-gradient":""}},"ast-content-background-meta":{"desktop":{"background-color":"var(--ast-global-color-5)","background-image":"","background-repeat":"repeat","background-position":"center center","background-size":"auto","background-attachment":"scroll","background-type":"","background-media":"","overlay-type":"","overlay-color":"","overlay-opacity":"","overlay-gradient":""},"tablet":{"background-color":"var(--ast-global-color-5)","background-image":"","background-repeat":"repeat","background-position":"center center","background-size":"auto","background-attachment":"scroll","background-type":"","background-media":"","overlay-type":"","overlay-color":"","overlay-opacity":"","overlay-gradient":""},"mobile":{"background-color":"var(--ast-global-color-5)","background-image":"","background-repeat":"repeat","background-position":"center center","background-size":"auto","background-attachment":"scroll","background-type":"","background-media":"","overlay-type":"","overlay-color":"","overlay-opacity":"","overlay-gradient":""}},"_themeisle_gutenberg_block_has_review":false,"footnotes":""},"class_list":["post-384","page","type-page","status-publish","hentry"],"aioseo_notices":[],"jetpack_sharing_enabled":true,"_links":{"self":[{"href":"https:\/\/studio40shop.com.mx\/index.php?rest_route=\/wp\/v2\/pages\/384","targetHints":{"allow":["GET"]}}],"collection":[{"href":"https:\/\/studio40shop.com.mx\/index.php?rest_route=\/wp\/v2\/pages"}],"about":[{"href":"https:\/\/studio40shop.com.mx\/index.php?rest_route=\/wp\/v2\/types\/page"}],"author":[{"embeddable":true,"href":"https:\/\/studio40shop.com.mx\/index.php?rest_route=\/wp\/v2\/users\/1"}],"replies":[{"embeddable":true,"href":"https:\/\/studio40shop.com.mx\/index.php?rest_route=%2Fwp%2Fv2%2Fcomments&post=384"}],"version-history":[{"count":28,"href":"https:\/\/studio40shop.com.mx\/index.php?rest_route=\/wp\/v2\/pages\/384\/revisions"}],"predecessor-version":[{"id":4751,"href":"https:\/\/studio40shop.com.mx\/index.php?rest_route=\/wp\/v2\/pages\/384\/revisions\/4751"}],"wp:attachment":[{"href":"https:\/\/studio40shop.com.mx\/index.php?rest_route=%2Fwp%2Fv2%2Fmedia&parent=384"}],"curies":[{"name":"wp","href":"https:\/\/api.w.org\/{rel}","templated":true}]}}