{"id":8,"date":"2021-08-16T14:40:21","date_gmt":"2021-08-16T14:40:21","guid":{"rendered":"http:\/\/studio40shop.com.mx\/?page_id=8"},"modified":"2021-08-26T01:06:04","modified_gmt":"2021-08-26T01:06:04","slug":"my-account","status":"publish","type":"page","link":"https:\/\/studio40shop.com.mx\/?page_id=8","title":{"rendered":"Mi cuenta"},"content":{"rendered":"<div class=\"woocommerce\"><div class=\"woocommerce-notices-wrapper\"><\/div>\n\n<div class=\"u-columns col2-set\" id=\"customer_login\">\n\n\t<div class=\"u-column1 col-1\">\n\n\n\t\t<h2>Acceder<\/h2>\n\n\t\t<form class=\"woocommerce-form woocommerce-form-login login\" method=\"post\" novalidate>\n\n\t\t\t\n\t\t\t<p class=\"woocommerce-form-row woocommerce-form-row--wide form-row form-row-wide\">\n\t\t\t\t<label for=\"username\">Nombre de usuario o correo electr\u00f3nico&nbsp;<span class=\"required\" aria-hidden=\"true\">*<\/span><span class=\"screen-reader-text\">Obligatorio<\/span><\/label>\n\t\t\t\t<input type=\"text\" class=\"woocommerce-Input woocommerce-Input--text input-text\" name=\"username\" id=\"username\" autocomplete=\"username\" value=\"\" required aria-required=\"true\" \/>\t\t\t<\/p>\n\t\t\t<p class=\"woocommerce-form-row woocommerce-form-row--wide form-row form-row-wide\">\n\t\t\t\t<label for=\"password\">Contrase\u00f1a&nbsp;<span class=\"required\" aria-hidden=\"true\">*<\/span><span class=\"screen-reader-text\">Obligatorio<\/span><\/label>\n\t\t\t\t<input class=\"woocommerce-Input woocommerce-Input--text input-text\" type=\"password\" name=\"password\" id=\"password\" autocomplete=\"current-password\" required aria-required=\"true\" \/>\n\t\t\t<\/p>\n\n\t\t\t\n\t\t\t<p class=\"form-row\">\n\t\t\t\t<label class=\"woocommerce-form__label woocommerce-form__label-for-checkbox woocommerce-form-login__rememberme\">\n\t\t\t\t\t<input class=\"woocommerce-form__input woocommerce-form__input-checkbox\" name=\"rememberme\" type=\"checkbox\" id=\"rememberme\" value=\"forever\" \/> <span>Recu\u00e9rdame<\/span>\n\t\t\t\t<\/label>\n\t\t\t\t<input type=\"hidden\" id=\"woocommerce-login-nonce\" name=\"woocommerce-login-nonce\" value=\"b8c1276ac3\" \/><input type=\"hidden\" name=\"_wp_http_referer\" value=\"\/index.php?rest_route=%2Fwp%2Fv2%2Fpages%2F8\" \/>\t\t\t\t<button type=\"submit\" class=\"woocommerce-button button woocommerce-form-login__submit\" name=\"login\" value=\"Acceder\">Acceder<\/button>\n\t\t\t<\/p>\n\t\t\t<p class=\"woocommerce-LostPassword lost_password\">\n\t\t\t\t<a href=\"https:\/\/studio40shop.com.mx\/?page_id=8&#038;lost-password\">\u00bfOlvidaste la contrase\u00f1a?<\/a>\n\t\t\t<\/p>\n\n\t\t\t\n\t\t<\/form>\n\n\n\t<\/div>\n\n\t<div class=\"u-column2 col-2\">\n\n\t\t<h2>Registrarse<\/h2>\n\n\t\t<form method=\"post\" class=\"woocommerce-form woocommerce-form-register register\"  >\n\n\t\t\t\n\t\t\t\n\t\t\t<p class=\"woocommerce-form-row woocommerce-form-row--wide form-row form-row-wide\">\n\t\t\t\t<label for=\"reg_email\">Direcci\u00f3n de correo electr\u00f3nico&nbsp;<span class=\"required\" aria-hidden=\"true\">*<\/span><span class=\"screen-reader-text\">Obligatorio<\/span><\/label>\n\t\t\t\t<input type=\"email\" class=\"woocommerce-Input woocommerce-Input--text input-text\" name=\"email\" id=\"reg_email\" autocomplete=\"email\" value=\"\" required aria-required=\"true\" \/>\t\t\t<\/p>\n\n\t\t\t\n\t\t\t\t<p>Se enviar\u00e1 un enlace a tu direcci\u00f3n de correo electr\u00f3nico para establecer una nueva contrase\u00f1a.<\/p>\n\n\t\t\t\n\t\t\t<wc-order-attribution-inputs><\/wc-order-attribution-inputs><div class=\"woocommerce-privacy-policy-text\"><p>Esta Pol\u00edtica de Privacidad describe c\u00f3mo Studio 40 Shop recopila, utiliza y protege la informaci\u00f3n que proporcionas al registrarte en nuestra p\u00e1gina web.<\/p>\n<p>Informaci\u00f3n Recopilada:<\/p>\n<p>Al registrarte en Studio 40 Shop, solicitamos cierta informaci\u00f3n personal que puede incluir, entre otros datos, tu nombre, direcci\u00f3n de correo electr\u00f3nico, direcci\u00f3n postal y n\u00famero de tel\u00e9fono. Esta informaci\u00f3n se recopila de manera voluntaria cuando te registras en nuestro sitio web.<\/p>\n<p>Uso de la Informaci\u00f3n:<\/p>\n<p>La informaci\u00f3n que recopilamos se utiliza para los siguientes fines:<\/p>\n<p>Procesamiento de Pedidos: Utilizamos tu informaci\u00f3n para procesar tus pedidos y facilitar la entrega de los productos que has adquirido.<\/p>\n<p>Comunicaci\u00f3n: Utilizamos tu direcci\u00f3n de correo electr\u00f3nico y n\u00famero de tel\u00e9fono para comunicarnos contigo sobre el estado de tus pedidos, enviar confirmaciones de compra, responder a tus consultas y proporcionarte informaci\u00f3n relevante sobre nuestros productos y servicios.<\/p>\n<p>Mejora de Servicios: Utilizamos la informaci\u00f3n recopilada para mejorar nuestros productos y servicios, as\u00ed como la experiencia general de navegaci\u00f3n en nuestro sitio web.<\/p>\n<p>Marketing: Con tu consentimiento expreso, podemos utilizar tu informaci\u00f3n para enviarte comunicaciones de marketing, como promociones, ofertas especiales y novedades sobre nuestros productos. Puedes optar por no recibir este tipo de comunicaciones en cualquier momento.<\/p>\n<p>Protecci\u00f3n de la Informaci\u00f3n:<\/p>\n<p>En Studio 40 Shop, nos comprometemos a proteger la seguridad de tu informaci\u00f3n personal. Implementamos medidas de seguridad t\u00e9cnicas, administrativas y f\u00edsicas para proteger tus datos contra accesos no autorizados, p\u00e9rdidas o alteraciones.<\/p>\n<p>Divulgaci\u00f3n de la Informaci\u00f3n:<\/p>\n<p>No compartimos tu informaci\u00f3n personal con terceros, excepto en los siguientes casos:<\/p>\n<p>Proveedores de Servicios: Podemos compartir tu informaci\u00f3n con proveedores de servicios que nos ayudan en el procesamiento de pedidos, la entrega de productos, el an\u00e1lisis de datos y otras actividades relacionadas con la operaci\u00f3n de nuestro negocio.<\/p>\n<p>Requerimientos Legales: En determinadas circunstancias, podemos divulgar tu informaci\u00f3n personal si creemos de buena fe que es necesario para cumplir con una obligaci\u00f3n legal, proteger nuestros derechos legales o responder a procesos legales v\u00e1lidos.<\/p>\n<p>Tus Derechos:<\/p>\n<p>Tienes derecho a acceder, corregir, actualizar o eliminar la informaci\u00f3n personal que nos has proporcionado. Si deseas ejercer estos derechos, cont\u00e1ctanos utilizando la informaci\u00f3n de contacto proporcionada al final de esta pol\u00edtica.<\/p>\n<p>Cambios en la Pol\u00edtica de Privacidad:<\/p>\n<p>Nos reservamos el derecho de actualizar o modificar esta Pol\u00edtica de Privacidad en cualquier momento. Te notificaremos sobre cualquier cambio material en esta pol\u00edtica mediante un aviso destacado en nuestro sitio web o por otros medios antes de que el cambio entre en vigencia.<\/p>\n<p>Contacto:<\/p>\n<p>Si tienes alguna pregunta o inquietud sobre nuestra Pol\u00edtica de Privacidad o nuestras pr\u00e1cticas de recopilaci\u00f3n y uso de informaci\u00f3n, no dudes en contactarnos a trav\u00e9s de la informaci\u00f3n de contacto proporcionada en nuestro sitio web.<\/p>\n<p>\u00daltima actualizaci\u00f3n: 14\/05\/2024<\/p>\n<\/div>\n\t\t\t<p class=\"woocommerce-form-row form-row\">\n\t\t\t\t<input type=\"hidden\" id=\"woocommerce-register-nonce\" name=\"woocommerce-register-nonce\" value=\"b43d13a784\" \/><input type=\"hidden\" name=\"_wp_http_referer\" value=\"\/index.php?rest_route=%2Fwp%2Fv2%2Fpages%2F8\" \/>\t\t\t\t<button type=\"submit\" class=\"woocommerce-Button woocommerce-button button woocommerce-form-register__submit\" name=\"register\" value=\"Registrarse\">Registrarse<\/button>\n\t\t\t<\/p>\n\n\t\t\t\n\t\t<\/form>\n\n\t<\/div>\n\n<\/div>\n\n<\/div>\n","protected":false},"excerpt":{"rendered":"","protected":false},"author":1,"featured_media":0,"parent":0,"menu_order":0,"comment_status":"closed","ping_status":"closed","template":"","meta":{"site-sidebar-layout":"default","site-content-layout":"default","ast-site-content-layout":"default","site-content-style":"default","site-sidebar-style":"default","ast-global-header-display":"","ast-banner-title-visibility":"","ast-main-header-display":"","ast-hfb-above-header-display":"","ast-hfb-below-header-display":"","ast-hfb-mobile-header-display":"","site-post-title":"disabled","ast-breadcrumbs-content":"","ast-featured-img":"","footer-sml-layout":"","ast-disable-related-posts":"","theme-transparent-header-meta":"default","adv-header-id-meta":"","stick-header-meta":"","header-above-stick-meta":"","header-main-stick-meta":"","header-below-stick-meta":"","astra-migrate-meta-layouts":"default","ast-page-background-enabled":"default","ast-page-background-meta":{"desktop":{"background-color":"var(--ast-global-color-4)","background-image":"","background-repeat":"repeat","background-position":"center center","background-size":"auto","background-attachment":"scroll","background-type":"","background-media":"","overlay-type":"","overlay-color":"","overlay-opacity":"","overlay-gradient":""},"tablet":{"background-color":"","background-image":"","background-repeat":"repeat","background-position":"center center","background-size":"auto","background-attachment":"scroll","background-type":"","background-media":"","overlay-type":"","overlay-color":"","overlay-opacity":"","overlay-gradient":""},"mobile":{"background-color":"","background-image":"","background-repeat":"repeat","background-position":"center center","background-size":"auto","background-attachment":"scroll","background-type":"","background-media":"","overlay-type":"","overlay-color":"","overlay-opacity":"","overlay-gradient":""}},"ast-content-background-meta":{"desktop":{"background-color":"var(--ast-global-color-5)","background-image":"","background-repeat":"repeat","background-position":"center center","background-size":"auto","background-attachment":"scroll","background-type":"","background-media":"","overlay-type":"","overlay-color":"","overlay-opacity":"","overlay-gradient":""},"tablet":{"background-color":"var(--ast-global-color-5)","background-image":"","background-repeat":"repeat","background-position":"center center","background-size":"auto","background-attachment":"scroll","background-type":"","background-media":"","overlay-type":"","overlay-color":"","overlay-opacity":"","overlay-gradient":""},"mobile":{"background-color":"var(--ast-global-color-5)","background-image":"","background-repeat":"repeat","background-position":"center center","background-size":"auto","background-attachment":"scroll","background-type":"","background-media":"","overlay-type":"","overlay-color":"","overlay-opacity":"","overlay-gradient":""}},"_themeisle_gutenberg_block_has_review":false,"footnotes":""},"class_list":["post-8","page","type-page","status-publish","hentry"],"aioseo_notices":[],"jetpack_sharing_enabled":true,"_links":{"self":[{"href":"https:\/\/studio40shop.com.mx\/index.php?rest_route=\/wp\/v2\/pages\/8","targetHints":{"allow":["GET"]}}],"collection":[{"href":"https:\/\/studio40shop.com.mx\/index.php?rest_route=\/wp\/v2\/pages"}],"about":[{"href":"https:\/\/studio40shop.com.mx\/index.php?rest_route=\/wp\/v2\/types\/page"}],"author":[{"embeddable":true,"href":"https:\/\/studio40shop.com.mx\/index.php?rest_route=\/wp\/v2\/users\/1"}],"replies":[{"embeddable":true,"href":"https:\/\/studio40shop.com.mx\/index.php?rest_route=%2Fwp%2Fv2%2Fcomments&post=8"}],"version-history":[{"count":3,"href":"https:\/\/studio40shop.com.mx\/index.php?rest_route=\/wp\/v2\/pages\/8\/revisions"}],"predecessor-version":[{"id":4596,"href":"https:\/\/studio40shop.com.mx\/index.php?rest_route=\/wp\/v2\/pages\/8\/revisions\/4596"}],"wp:attachment":[{"href":"https:\/\/studio40shop.com.mx\/index.php?rest_route=%2Fwp%2Fv2%2Fmedia&parent=8"}],"curies":[{"name":"wp","href":"https:\/\/api.w.org\/{rel}","templated":true}]}}