{"id":1037,"date":"2020-10-23T01:23:29","date_gmt":"2020-10-23T06:23:29","guid":{"rendered":"http:\/\/studio40shop.com.mx\/?product=monopie-manfrotto-mmelea5-element"},"modified":"2024-03-09T14:17:03","modified_gmt":"2024-03-09T19:17:03","slug":"monopie-manfrotto-mmelea5-element","status":"publish","type":"product","link":"https:\/\/studio40shop.com.mx\/?product=monopie-manfrotto-mmelea5-element","title":{"rendered":"Monopie Manfrotto MMELEA5 Element"},"content":{"rendered":"<p>El monopie Element de Manfrotto es un monopie de aleaci\u00f3n de aluminio de 5 secciones que se extiende a una altura de 150cm y se pliega hasta 41,5cm. Pesa s\u00f3lo 500g.<br \/>\nEn pocas palabras: extremadamente robusto, extremadamente port\u00e1til. La parte superior de la secci\u00f3n cuenta con un agarre de goma con el logotipo de Manfrotto y una correa de mu\u00f1eca para garantizar un agarre \u00f3ptimo y una sensaci\u00f3n de control completo cuando se utiliza en movimiento.<br \/>\nEl monopie Manfrotto Element carga hasta 15kg, soportando de forma segura los disparos con teleobjetivo. Es la mejor opci\u00f3n para deportes, bodas, vida silvestre o cualquier estilo de fotograf\u00eda que requiera la combinaci\u00f3n de una peque\u00f1a huella y un fuerte apoyo.<br \/>\nUna perilla extra\u00edble en la parte superior del disco revela un tornillo de 1\/4 pulgada -20 para asegurar una c\u00e1mara directamente o para una cabeza opcional Manfrotto, como la 234RC.<br \/>\nLa altura se ajusta con cierres de giro. Este mecanismo ergon\u00f3mico hace que el monopie sea r\u00e1pido y pr\u00e1ctico a la hora de operar &#8211; ambas caracter\u00edsticas son principales en el mon\u00f3pode ideal.<br \/>\nSoporta con facilidad teleobjetivos de 500mm<br \/>\nExtremadamente port\u00e1til y altamente vers\u00e1til<br \/>\nC\u00f3modo y seguro en su manejo gracias a su empu\u00f1adura ergon\u00f3mica<br \/>\nPi\u00e9 intercambiable, pi\u00e9 de goma o pi\u00e9 de pincho<br \/>\nRosca 1\/4 y 3\/8 pulgadas para c\u00e1mara o cabezal<br \/>\nEspecificaciones<br \/>\nPeso<br \/>\n500g<br \/>\nColecciones<br \/>\nElemento<br \/>\nMaterial<br \/>\nAluminio<br \/>\nAltura m\u00ednima<br \/>\n40.8cm<br \/>\nAltura m\u00e1xima<br \/>\n150cm<br \/>\nDi\u00e1metro de tubo de las patas<br \/>\n19, 22, 25, 28, 31mm<br \/>\nCarga M\u00e1xima<br \/>\n15kg<br \/>\nSecciones de pata<br \/>\n5<br \/>\nAcople (parte superior)<br \/>\nTornillo de 1\/4 pulgadas, Tornillo 3\/8 pulgadas<br \/>\nColor<br \/>\nnegro, rojo<br \/>\nBolsa de transporte incluida<br \/>\nno<br \/>\nTama\u00f1o plegado<br \/>\n415cm<br \/>\nEnlace f\u00e1cil<br \/>\nNo<br \/>\nTipo de pata<br \/>\nIndividual<br \/>\nTipo de bloqueo de patas<br \/>\nBloqueo por giro<br \/>\nTemperatura m\u00e1xima de trabajo<br \/>\n60<br \/>\nTemperatura m\u00ednima de trabajo<br \/>\n-30<br \/>\nMovimiento de inclinaci\u00f3n (tilt)<br \/>\nNinguna<br \/>\nDi\u00e1metro del disco superior<br \/>\n46.5mm<\/p>\n","protected":false},"excerpt":{"rendered":"<p class=\"MsoNormal\" style=\"margin: 0cm 0cm .0001pt; line-height: normal; font-size: 11pt; font-family: Calibri; background-color: #ffffff;\"><b><span lang=\"es\" style=\"font-size: 24pt; font-family: Helvetica; color: #4c4c4c;\" xml:lang=\"es\">Monopie Manfrotto MMELEA5 Element<\/span><\/b><\/p>\n<p>&nbsp;<\/p>\n<p>&nbsp;<\/p>\n","protected":false},"featured_media":882,"comment_status":"open","ping_status":"closed","template":"","meta":{"site-sidebar-layout":"default","site-content-layout":"default","ast-site-content-layout":"default","site-content-style":"default","site-sidebar-style":"default","ast-global-header-display":"","ast-banner-title-visibility":"","ast-main-header-display":"","ast-hfb-above-header-display":"","ast-hfb-below-header-display":"","ast-hfb-mobile-header-display":"","site-post-title":"","ast-breadcrumbs-content":"","ast-featured-img":"","footer-sml-layout":"","ast-disable-related-posts":"","theme-transparent-header-meta":"default","adv-header-id-meta":"","stick-header-meta":"","header-above-stick-meta":"","header-main-stick-meta":"","header-below-stick-meta":"","astra-migrate-meta-layouts":"default","ast-page-background-enabled":"default","ast-page-background-meta":{"desktop":{"background-color":"var(--ast-global-color-4)","background-image":"","background-repeat":"repeat","background-position":"center center","background-size":"auto","background-attachment":"scroll","background-type":"","background-media":"","overlay-type":"","overlay-color":"","overlay-opacity":"","overlay-gradient":""},"tablet":{"background-color":"","background-image":"","background-repeat":"repeat","background-position":"center center","background-size":"auto","background-attachment":"scroll","background-type":"","background-media":"","overlay-type":"","overlay-color":"","overlay-opacity":"","overlay-gradient":""},"mobile":{"background-color":"","background-image":"","background-repeat":"repeat","background-position":"center center","background-size":"auto","background-attachment":"scroll","background-type":"","background-media":"","overlay-type":"","overlay-color":"","overlay-opacity":"","overlay-gradient":""}},"ast-content-background-meta":{"desktop":{"background-color":"var(--ast-global-color-5)","background-image":"","background-repeat":"repeat","background-position":"center center","background-size":"auto","background-attachment":"scroll","background-type":"","background-media":"","overlay-type":"","overlay-color":"","overlay-opacity":"","overlay-gradient":""},"tablet":{"background-color":"var(--ast-global-color-5)","background-image":"","background-repeat":"repeat","background-position":"center center","background-size":"auto","background-attachment":"scroll","background-type":"","background-media":"","overlay-type":"","overlay-color":"","overlay-opacity":"","overlay-gradient":""},"mobile":{"background-color":"var(--ast-global-color-5)","background-image":"","background-repeat":"repeat","background-position":"center center","background-size":"auto","background-attachment":"scroll","background-type":"","background-media":"","overlay-type":"","overlay-color":"","overlay-opacity":"","overlay-gradient":""}},"_themeisle_gutenberg_block_has_review":false},"product_brand":[58],"product_cat":[85,102],"product_tag":[568,566,567],"class_list":{"0":"post-1037","1":"product","2":"type-product","3":"status-publish","4":"has-post-thumbnail","6":"product_brand-manfrotto","7":"product_cat-monopies","8":"product_cat-monopies-fotografia","9":"product_tag-manfrotto","10":"product_tag-manfrotto-monopie","11":"product_tag-monopie","12":"desktop-align-center","13":"tablet-align-left","14":"mobile-align-left","16":"first","17":"instock","18":"purchasable","19":"product-type-simple"},"aioseo_notices":[],"jetpack_sharing_enabled":true,"_links":{"self":[{"href":"https:\/\/studio40shop.com.mx\/index.php?rest_route=\/wp\/v2\/product\/1037","targetHints":{"allow":["GET"]}}],"collection":[{"href":"https:\/\/studio40shop.com.mx\/index.php?rest_route=\/wp\/v2\/product"}],"about":[{"href":"https:\/\/studio40shop.com.mx\/index.php?rest_route=\/wp\/v2\/types\/product"}],"replies":[{"embeddable":true,"href":"https:\/\/studio40shop.com.mx\/index.php?rest_route=%2Fwp%2Fv2%2Fcomments&post=1037"}],"wp:featuredmedia":[{"embeddable":true,"href":"https:\/\/studio40shop.com.mx\/index.php?rest_route=\/wp\/v2\/media\/882"}],"wp:attachment":[{"href":"https:\/\/studio40shop.com.mx\/index.php?rest_route=%2Fwp%2Fv2%2Fmedia&parent=1037"}],"wp:term":[{"taxonomy":"product_brand","embeddable":true,"href":"https:\/\/studio40shop.com.mx\/index.php?rest_route=%2Fwp%2Fv2%2Fproduct_brand&post=1037"},{"taxonomy":"product_cat","embeddable":true,"href":"https:\/\/studio40shop.com.mx\/index.php?rest_route=%2Fwp%2Fv2%2Fproduct_cat&post=1037"},{"taxonomy":"product_tag","embeddable":true,"href":"https:\/\/studio40shop.com.mx\/index.php?rest_route=%2Fwp%2Fv2%2Fproduct_tag&post=1037"}],"curies":[{"name":"wp","href":"https:\/\/api.w.org\/{rel}","templated":true}]}}