{"id":1038,"date":"2020-10-23T01:26:15","date_gmt":"2020-10-23T06:26:15","guid":{"rendered":"http:\/\/studio40shop.com.mx\/?product=monopie-manfrotto-mpmxproa4-xpro-de-aluminio-4-secciones"},"modified":"2024-03-09T14:19:44","modified_gmt":"2024-03-09T19:19:44","slug":"monopie-manfrotto-mpmxproa4-xpro-de-aluminio-4-secciones","status":"publish","type":"product","link":"https:\/\/studio40shop.com.mx\/?product=monopie-manfrotto-mpmxproa4-xpro-de-aluminio-4-secciones","title":{"rendered":"Monopie MPMXPROA4 XPro aluminio 4 secciones"},"content":{"rendered":"<p>El nuevo monopie XPRO de 4 secciones es un monopie profesional hecho para satisfacer las necesidades de los fot\u00f3grafos que usan objetivos pesados para fotograf\u00eda deportiva o de naturaleza, ofreci\u00e9ndoles un soporte firme y robusto.<br \/>\nEstas patas Manfrotto de \u00faltima generaci\u00f3n han heredado la combinaci\u00f3n perfecta de rigidez y seguridad de bloqueo de los tr\u00edpodes profesionales como las colecciones 190 y 055.<br \/>\nEs compatible con la base fluida de Manfrotto (MVMXPROBASE) permitiendo convertir tu monopie en un monopie fluido profesional de v\u00eddeo. La innovadora soluci\u00f3n FLUIDTECH permite movimientos 3D fluidos &#8211; panor\u00e1micos, de inclinaci\u00f3n y de giro, con una tecnolog\u00eda pionera basada en un sistema esf\u00e9rico localizado en el interior de la base que ofrece lo \u00faltimo en suavidad a trav\u00e9s de una amplia gama de perspectivas.<br \/>\nLos tres pies retr\u00e1ctiles hacen que sea muy c\u00f3modo de transportar cuando est\u00e1n plegados. La base MVMXPROBASE se puede encajar en los Monopies+ desenroscando el pie y convirtiendo el monopie en un monopie de base fluida para video.<br \/>\nEs compatible con todos los modelos de Monopi\u00e9+ XPRO, no con el modelo MMXPROA3B. Este monopie de 4 secciones tiene una altura m\u00e1xima de 180cm. Los nuevos tubos de aluminio en forma de D mejoran enormemente la resistencia a la rotaci\u00f3n en todo el monopie, siguiendo los r\u00e1pidos movimientos de rotaci\u00f3n del fot\u00f3grafo.<br \/>\nCombinado con el sistema de bloqueo Quick Power Lock (QPL) que bloquea fuertemente el monopie en la parte plana de los tubos, se eliminan los movimientos bruscos indeseados. Gracias al nuevo dise\u00f1o del calentador en goma, que ofrece un agarre excepcional, y del sistema dual de rosca de 1\/4 pulgadas &#8211; 3\/8 pulgadas, esta nueva generaci\u00f3n de monopies es m\u00e1s pr\u00e1ctica, m\u00e1s vers\u00e1til y m\u00e1s r\u00e1pida.<br \/>\nCombinado con la cabeza para monopies 234RC mejoramos la experiencia de rodaje aumentando la velocidad de encuadre y la versatilidad. El monopie MMXPROA4 reemplaza el modelo 680B.<br \/>\nEspecificaciones<br \/>\nPeso<br \/>\n750g<br \/>\nColecciones<br \/>\nXPRO Monopod +<br \/>\nMaterial<br \/>\nAluminio<br \/>\nAltura m\u00ednima<br \/>\n56cm<br \/>\nAltura m\u00e1xima<br \/>\n180cm<br \/>\nBase fluida<br \/>\nNo<br \/>\nDi\u00e1metro de tubo de las patas<br \/>\n30, 26, 22.5, 19mm<br \/>\nCarga m\u00e1xima<br \/>\n8kg<br \/>\nSecciones de pata<br \/>\n4<br \/>\nAcople (parte superior)<br \/>\nTornillo de 1\/4 pulgadas, Tornillo 3\/8 pulgadas<br \/>\nColor<br \/>\nNegro<br \/>\nTipo de cabeza<br \/>\nOtras<br \/>\nBolsa de transporte incluida<br \/>\nNinguna<br \/>\nTama\u00f1o plegado<br \/>\n56cm<br \/>\nEnlace f\u00e1cil<br \/>\nNo<br \/>\nTipo de pata<br \/>\nIndividual<br \/>\nTipo de bloqueo de patas<br \/>\nBloqueo por giro<br \/>\nTemperatura m\u00e1xima de trabajo<br \/>\n60<br \/>\nTemperatura m\u00ednima de trabajo<br \/>\n-30<br \/>\nManivela de paneo (pan) incluida<br \/>\nNo<br \/>\nTipo de zapata<br \/>\nFija &#8211; con tornillo retr\u00e1ctil de 1\/4 pulgadas y 3\/8 pulgadas<br \/>\nZapata de acci\u00f3n r\u00e1pida<br \/>\nNo<br \/>\nMovimiento de inclinaci\u00f3n (tilt)<br \/>\nNinguna<br \/>\nDi\u00e1metro del disco superior<br \/>\n60mm<\/p>\n","protected":false},"excerpt":{"rendered":"<p>Monopie Manfrotto MPMXPROA4 XPro de aluminio 4 secciones<\/p>\n","protected":false},"featured_media":891,"comment_status":"open","ping_status":"closed","template":"","meta":{"site-sidebar-layout":"default","site-content-layout":"default","ast-site-content-layout":"default","site-content-style":"default","site-sidebar-style":"default","ast-global-header-display":"","ast-banner-title-visibility":"","ast-main-header-display":"","ast-hfb-above-header-display":"","ast-hfb-below-header-display":"","ast-hfb-mobile-header-display":"","site-post-title":"","ast-breadcrumbs-content":"","ast-featured-img":"","footer-sml-layout":"","ast-disable-related-posts":"","theme-transparent-header-meta":"default","adv-header-id-meta":"","stick-header-meta":"","header-above-stick-meta":"","header-main-stick-meta":"","header-below-stick-meta":"","astra-migrate-meta-layouts":"default","ast-page-background-enabled":"default","ast-page-background-meta":{"desktop":{"background-color":"var(--ast-global-color-4)","background-image":"","background-repeat":"repeat","background-position":"center center","background-size":"auto","background-attachment":"scroll","background-type":"","background-media":"","overlay-type":"","overlay-color":"","overlay-opacity":"","overlay-gradient":""},"tablet":{"background-color":"","background-image":"","background-repeat":"repeat","background-position":"center center","background-size":"auto","background-attachment":"scroll","background-type":"","background-media":"","overlay-type":"","overlay-color":"","overlay-opacity":"","overlay-gradient":""},"mobile":{"background-color":"","background-image":"","background-repeat":"repeat","background-position":"center center","background-size":"auto","background-attachment":"scroll","background-type":"","background-media":"","overlay-type":"","overlay-color":"","overlay-opacity":"","overlay-gradient":""}},"ast-content-background-meta":{"desktop":{"background-color":"var(--ast-global-color-5)","background-image":"","background-repeat":"repeat","background-position":"center center","background-size":"auto","background-attachment":"scroll","background-type":"","background-media":"","overlay-type":"","overlay-color":"","overlay-opacity":"","overlay-gradient":""},"tablet":{"background-color":"var(--ast-global-color-5)","background-image":"","background-repeat":"repeat","background-position":"center center","background-size":"auto","background-attachment":"scroll","background-type":"","background-media":"","overlay-type":"","overlay-color":"","overlay-opacity":"","overlay-gradient":""},"mobile":{"background-color":"var(--ast-global-color-5)","background-image":"","background-repeat":"repeat","background-position":"center center","background-size":"auto","background-attachment":"scroll","background-type":"","background-media":"","overlay-type":"","overlay-color":"","overlay-opacity":"","overlay-gradient":""}},"_themeisle_gutenberg_block_has_review":false},"product_brand":[58],"product_cat":[85,102],"product_tag":[328,676,567,538],"class_list":{"0":"post-1038","1":"product","2":"type-product","3":"status-publish","4":"has-post-thumbnail","6":"product_brand-manfrotto","7":"product_cat-monopies","8":"product_cat-monopies-fotografia","9":"product_tag-accesorio","10":"product_tag-fotografia","11":"product_tag-monopie","12":"product_tag-video","13":"desktop-align-center","14":"tablet-align-left","15":"mobile-align-left","17":"first","18":"instock","19":"purchasable","20":"product-type-simple"},"aioseo_notices":[],"jetpack_sharing_enabled":true,"_links":{"self":[{"href":"https:\/\/studio40shop.com.mx\/index.php?rest_route=\/wp\/v2\/product\/1038","targetHints":{"allow":["GET"]}}],"collection":[{"href":"https:\/\/studio40shop.com.mx\/index.php?rest_route=\/wp\/v2\/product"}],"about":[{"href":"https:\/\/studio40shop.com.mx\/index.php?rest_route=\/wp\/v2\/types\/product"}],"replies":[{"embeddable":true,"href":"https:\/\/studio40shop.com.mx\/index.php?rest_route=%2Fwp%2Fv2%2Fcomments&post=1038"}],"wp:featuredmedia":[{"embeddable":true,"href":"https:\/\/studio40shop.com.mx\/index.php?rest_route=\/wp\/v2\/media\/891"}],"wp:attachment":[{"href":"https:\/\/studio40shop.com.mx\/index.php?rest_route=%2Fwp%2Fv2%2Fmedia&parent=1038"}],"wp:term":[{"taxonomy":"product_brand","embeddable":true,"href":"https:\/\/studio40shop.com.mx\/index.php?rest_route=%2Fwp%2Fv2%2Fproduct_brand&post=1038"},{"taxonomy":"product_cat","embeddable":true,"href":"https:\/\/studio40shop.com.mx\/index.php?rest_route=%2Fwp%2Fv2%2Fproduct_cat&post=1038"},{"taxonomy":"product_tag","embeddable":true,"href":"https:\/\/studio40shop.com.mx\/index.php?rest_route=%2Fwp%2Fv2%2Fproduct_tag&post=1038"}],"curies":[{"name":"wp","href":"https:\/\/api.w.org\/{rel}","templated":true}]}}