{"id":1041,"date":"2020-10-23T15:49:09","date_gmt":"2020-10-23T20:49:09","guid":{"rendered":"http:\/\/studio40shop.com.mx\/?product=videocamara-profesional-xa55"},"modified":"2021-10-21T22:55:01","modified_gmt":"2021-10-22T03:55:01","slug":"videocamara-profesional-xa55","status":"publish","type":"product","link":"https:\/\/studio40shop.com.mx\/?product=videocamara-profesional-xa55","title":{"rendered":"Videoc\u00e1mara Profesional XA55"},"content":{"rendered":"<p>Informaci\u00f3n General<br \/>\nLa videoc\u00e1mara profesional XA55 destaca por la combinaci\u00f3n que brinda de: calidad de imagen UHD de 4K, m\u00faltiples caracter\u00edsticas y funciones en un dise\u00f1o compacto y port\u00e1til. Por todo ello, es un equipo ideal para producci\u00f3n electr\u00f3nica de informativos (ENG, por sus siglas en ingl\u00e9s) de forma ininterrumpida y para la producci\u00f3n de documentales.<br \/>\nCon un sensor de imagen CMOS de 1.0 pulgada compatible con UHD de 4K y un procesador de imagen DIGIC DV 6, la XA55 graba en los formatos XF-AVC y MP4 en dos ranuras de tarjetas SD. Esta videoc\u00e1mara tiene la capacidad de grabar videos en UHD de 4K a 30p, al igual que puede realizar grabaciones en c\u00e1mara lenta de hasta 60 fps en Alta Definici\u00f3n Real (Full HD) [30 fps en UHD de 4K]. Un lente de zoom \u00f3ptico de 15x garantiza la calidad UHD de 4K en todo el rango del zoom, a la vez que el AF del CMOS de P\u00edxeles Duales de la videoc\u00e1mara facilita el autoenfoque r\u00e1pido y preciso.<br \/>\nLa videoc\u00e1mara incluye un terminal HDMI 2.0 compatible con la salida en UHD de 4K, dos terminales XLR con control de nivel de audio individuales y un terminal 3G-SDI que es compatible con la integraci\u00f3n de la videoc\u00e1mara en los flujos de trabajo profesionales. La pantalla LCD de panel t\u00e1ctil de 3.0 pulgadas que se puede ajustar y el visor electr\u00f3nico integrado de 0.24 pulgadas aumentan la facilidad de uso del equipo, y el asa desmontable es de gran ayuda para el funcionamiento de la videoc\u00e1mara XA55 en una gran variedad de condiciones de toma. Dise\u00f1ada para satisfacer las necesidades de los profesionales, la XA55 ofrece un amplio rango de posibilidades de grabaci\u00f3n.<br \/>\nCaracter\u00edsticas<br \/>\nSensor de imagen CMOS de 1.0 pulgada con 4K UHD<br \/>\nLente de zoom \u00f3ptico de 15x, con 4K UHD y estabilizaci\u00f3n \u00f3ptica de imagen de 5 ejes<br \/>\nProcesadores de im\u00e1genes duales DIG!C DV 6<br \/>\nAF del CMOS de P\u00edxeles Duales<br \/>\nGrabaci\u00f3n en Alta Definici\u00f3n Real (Full HD) y en 4K UHD en dos ranuras de tarjetas de memoria SD con salida 3G-SDI<br \/>\nGrabaci\u00f3n en c\u00e1mara lenta y en c\u00e1mara r\u00e1pida<br \/>\nCalidad de imagen avanzada en alta Definici\u00f3n Real (Full HD)<br \/>\nPantalla t\u00e1ctil LCD de 3.0 pulgadas y visor electr\u00f3nico de 0.24 pulgadas<br \/>\nEntradas de audio flexibles compatibles con PCM lineal de 4 canales<br \/>\nCompatible con el Controlador Remoto RC-V100<br \/>\nTiempos de grabaci\u00f3n y consumo de energ\u00eda mejorados<br \/>\nDise\u00f1o compacto y liviano con asa desmontable<\/p>\n","protected":false},"excerpt":{"rendered":"<p><span style=\"color:#333333;font-family:'OpticSans 201';font-size:12px;\">Envi\u00f3 4 d\u00edas despu\u00e9s de tu pedido<\/span><\/p>\n<p><span style=\"color:#333333;font-family:'OpticSans 201';font-size:12px;\">Nuevo modelo de videoc\u00e1mara XA55, la cual tiene la capacidad de grabar videos en 4K. Cuenta con un tama\u00f1o compacto y liviano, sumamente valioso para los camar\u00f3grafos de todos los niveles.<\/span><\/p>\n","protected":false},"featured_media":909,"comment_status":"open","ping_status":"closed","template":"","meta":{"site-sidebar-layout":"default","site-content-layout":"default","ast-site-content-layout":"default","site-content-style":"default","site-sidebar-style":"default","ast-global-header-display":"","ast-banner-title-visibility":"","ast-main-header-display":"","ast-hfb-above-header-display":"","ast-hfb-below-header-display":"","ast-hfb-mobile-header-display":"","site-post-title":"","ast-breadcrumbs-content":"","ast-featured-img":"","footer-sml-layout":"","ast-disable-related-posts":"","theme-transparent-header-meta":"default","adv-header-id-meta":"","stick-header-meta":"","header-above-stick-meta":"","header-main-stick-meta":"","header-below-stick-meta":"","astra-migrate-meta-layouts":"default","ast-page-background-enabled":"default","ast-page-background-meta":{"desktop":{"background-color":"var(--ast-global-color-4)","background-image":"","background-repeat":"repeat","background-position":"center center","background-size":"auto","background-attachment":"scroll","background-type":"","background-media":"","overlay-type":"","overlay-color":"","overlay-opacity":"","overlay-gradient":""},"tablet":{"background-color":"","background-image":"","background-repeat":"repeat","background-position":"center center","background-size":"auto","background-attachment":"scroll","background-type":"","background-media":"","overlay-type":"","overlay-color":"","overlay-opacity":"","overlay-gradient":""},"mobile":{"background-color":"","background-image":"","background-repeat":"repeat","background-position":"center center","background-size":"auto","background-attachment":"scroll","background-type":"","background-media":"","overlay-type":"","overlay-color":"","overlay-opacity":"","overlay-gradient":""}},"ast-content-background-meta":{"desktop":{"background-color":"var(--ast-global-color-5)","background-image":"","background-repeat":"repeat","background-position":"center center","background-size":"auto","background-attachment":"scroll","background-type":"","background-media":"","overlay-type":"","overlay-color":"","overlay-opacity":"","overlay-gradient":""},"tablet":{"background-color":"var(--ast-global-color-5)","background-image":"","background-repeat":"repeat","background-position":"center center","background-size":"auto","background-attachment":"scroll","background-type":"","background-media":"","overlay-type":"","overlay-color":"","overlay-opacity":"","overlay-gradient":""},"mobile":{"background-color":"var(--ast-global-color-5)","background-image":"","background-repeat":"repeat","background-position":"center center","background-size":"auto","background-attachment":"scroll","background-type":"","background-media":"","overlay-type":"","overlay-color":"","overlay-opacity":"","overlay-gradient":""}},"_themeisle_gutenberg_block_has_review":false},"product_brand":[59],"product_cat":[79],"product_tag":[],"class_list":{"0":"post-1041","1":"product","2":"type-product","3":"status-publish","4":"has-post-thumbnail","6":"product_brand-canon","7":"product_cat-camaras-de-video","8":"desktop-align-center","9":"tablet-align-left","10":"mobile-align-left","12":"first","13":"onbackorder","14":"purchasable","15":"product-type-simple"},"aioseo_notices":[],"jetpack_sharing_enabled":true,"_links":{"self":[{"href":"https:\/\/studio40shop.com.mx\/index.php?rest_route=\/wp\/v2\/product\/1041","targetHints":{"allow":["GET"]}}],"collection":[{"href":"https:\/\/studio40shop.com.mx\/index.php?rest_route=\/wp\/v2\/product"}],"about":[{"href":"https:\/\/studio40shop.com.mx\/index.php?rest_route=\/wp\/v2\/types\/product"}],"replies":[{"embeddable":true,"href":"https:\/\/studio40shop.com.mx\/index.php?rest_route=%2Fwp%2Fv2%2Fcomments&post=1041"}],"wp:featuredmedia":[{"embeddable":true,"href":"https:\/\/studio40shop.com.mx\/index.php?rest_route=\/wp\/v2\/media\/909"}],"wp:attachment":[{"href":"https:\/\/studio40shop.com.mx\/index.php?rest_route=%2Fwp%2Fv2%2Fmedia&parent=1041"}],"wp:term":[{"taxonomy":"product_brand","embeddable":true,"href":"https:\/\/studio40shop.com.mx\/index.php?rest_route=%2Fwp%2Fv2%2Fproduct_brand&post=1041"},{"taxonomy":"product_cat","embeddable":true,"href":"https:\/\/studio40shop.com.mx\/index.php?rest_route=%2Fwp%2Fv2%2Fproduct_cat&post=1041"},{"taxonomy":"product_tag","embeddable":true,"href":"https:\/\/studio40shop.com.mx\/index.php?rest_route=%2Fwp%2Fv2%2Fproduct_tag&post=1041"}],"curies":[{"name":"wp","href":"https:\/\/api.w.org\/{rel}","templated":true}]}}