{"id":1045,"date":"2020-10-23T17:03:49","date_gmt":"2020-10-23T17:03:49","guid":{"rendered":"http:\/\/studio40shop.com.mx\/?product=tascam-dr-05x-grabadora-portatil"},"modified":"2021-10-21T22:51:55","modified_gmt":"2021-10-22T03:51:55","slug":"tascam-dr-05x-grabadora-portatil","status":"publish","type":"product","link":"https:\/\/studio40shop.com.mx\/?product=tascam-dr-05x-grabadora-portatil","title":{"rendered":"Tascam Dr-05X Grabadora Port\u00e1til"},"content":{"rendered":"<p>Tascam DR-05X<br \/>\nGrabador de audio digital est\u00e9reo port\u00e1til e interfaz de audio USB<\/p>\n<p>El DR-05X es el est\u00e1ndar en grabadoras de mano est\u00e9reo con su alto valor, caracter\u00edsticas poderosas, interfaz simple y excelente calidad de sonido. Es la primera opci\u00f3n para grabar reuniones, m\u00fasica, audio para video, dictado y m\u00e1s.<\/p>\n<p>Medios de grabaci\u00f3n: tarjeta microSD (64 MB a 3 GB), tarjeta microSDHC (4 GB a 32 GB), tarjeta microSDXC (hasta 128 GB)<\/p>\n<p>El nuevo DR-05X ahora cuenta con un micr\u00f3fono de condensador omnidireccional est\u00e9reo, que captura todo, desde los detalles m\u00e1s silenciosos hasta los picos m\u00e1s fuertes.<\/p>\n<p>Funci\u00f3n de sobrescritura para grabaci\u00f3n Punch-In con un nivel de deshacer<\/p>\n<p>Funciona como una interfaz de audio USB de 2 entradas \/ 2 salidas para grabaci\u00f3n en Mac, PC o iOS<\/p>\n<p>Funci\u00f3n de grabaci\u00f3n autom\u00e1tica que puede detectar el nivel de la se\u00f1al de entrada de sonido y comenzar a grabar autom\u00e1ticamente<\/p>\n<p>Alimentaci\u00f3n: 2 pilas AA, alimentaci\u00f3n por bus USB, CA de 100 a 240 V (adaptador de CA opcional)<\/p>\n","protected":false},"excerpt":{"rendered":"<h1 id=\"title\" class=\"a-size-large a-spacing-none\" style=\"padding: 0px; font-weight: 400; color: #111111; font-family: 'Amazon Ember', Arial, sans-serif; font-size: 24px; line-height: 32px; margin: 0px 0px 0px 0px;\"><span id=\"productTitle\" class=\"a-size-large product-title-word-break\" style=\"font-size: 19px; line-height: 32px;\">Tascam Dr-05X Grabadora Port\u00e1til.\u00a0<\/span><\/h1>\n<ul class=\"a-unordered-list a-vertical a-spacing-mini\" style=\"margin: 0px 0px 0px 18px; color: #111111; padding: 0px; font-family: 'Amazon Ember', Arial, sans-serif; font-size: 14px;\">\n<li style=\"list-style: disc; margin: 0px;\"><span class=\"a-list-item\">Micr\u00f3fonos de condensador omnidireccional est\u00e9reo<\/span><\/li>\n<li style=\"list-style: disc; margin: 0px;\"><span class=\"a-list-item\">Soporta m\u00faltiples idiomas de men\u00fa (eng\/fra\/deu\/iota\/esp\/rus rt\/jpn\/chi\/kor)<\/span><\/li>\n<li style=\"list-style: disc; margin: 0px;\"><span class=\"a-list-item\">Funci\u00f3n de sobrescritura para grabaci\u00f3n punch-in con un nivel de desorden<\/span><\/li>\n<li style=\"list-style: disc; margin: 0px;\"><span class=\"a-list-item\">Funciona como una interfaz de audio USBde 2 pulgadas\/2 salidas para grabaci\u00f3n mac, PC o iOS<\/span><\/li>\n<li style=\"list-style: disc; margin: 0px;\"><span class=\"a-list-item\">Modo de dictaci\u00f3n dise\u00f1ado para grabaci\u00f3n de voz humana y transcripci\u00f3n<\/span><\/li>\n<\/ul>\n","protected":false},"featured_media":939,"comment_status":"open","ping_status":"closed","template":"","meta":{"site-sidebar-layout":"default","site-content-layout":"default","ast-site-content-layout":"default","site-content-style":"default","site-sidebar-style":"default","ast-global-header-display":"","ast-banner-title-visibility":"","ast-main-header-display":"","ast-hfb-above-header-display":"","ast-hfb-below-header-display":"","ast-hfb-mobile-header-display":"","site-post-title":"","ast-breadcrumbs-content":"","ast-featured-img":"","footer-sml-layout":"","ast-disable-related-posts":"","theme-transparent-header-meta":"default","adv-header-id-meta":"","stick-header-meta":"","header-above-stick-meta":"","header-main-stick-meta":"","header-below-stick-meta":"","astra-migrate-meta-layouts":"default","ast-page-background-enabled":"default","ast-page-background-meta":{"desktop":{"background-color":"var(--ast-global-color-4)","background-image":"","background-repeat":"repeat","background-position":"center center","background-size":"auto","background-attachment":"scroll","background-type":"","background-media":"","overlay-type":"","overlay-color":"","overlay-opacity":"","overlay-gradient":""},"tablet":{"background-color":"","background-image":"","background-repeat":"repeat","background-position":"center center","background-size":"auto","background-attachment":"scroll","background-type":"","background-media":"","overlay-type":"","overlay-color":"","overlay-opacity":"","overlay-gradient":""},"mobile":{"background-color":"","background-image":"","background-repeat":"repeat","background-position":"center center","background-size":"auto","background-attachment":"scroll","background-type":"","background-media":"","overlay-type":"","overlay-color":"","overlay-opacity":"","overlay-gradient":""}},"ast-content-background-meta":{"desktop":{"background-color":"var(--ast-global-color-5)","background-image":"","background-repeat":"repeat","background-position":"center center","background-size":"auto","background-attachment":"scroll","background-type":"","background-media":"","overlay-type":"","overlay-color":"","overlay-opacity":"","overlay-gradient":""},"tablet":{"background-color":"var(--ast-global-color-5)","background-image":"","background-repeat":"repeat","background-position":"center center","background-size":"auto","background-attachment":"scroll","background-type":"","background-media":"","overlay-type":"","overlay-color":"","overlay-opacity":"","overlay-gradient":""},"mobile":{"background-color":"var(--ast-global-color-5)","background-image":"","background-repeat":"repeat","background-position":"center center","background-size":"auto","background-attachment":"scroll","background-type":"","background-media":"","overlay-type":"","overlay-color":"","overlay-opacity":"","overlay-gradient":""}},"_themeisle_gutenberg_block_has_review":false},"product_brand":[61],"product_cat":[87,94],"product_tag":[241,233,238,240,234,239,235,236,237],"class_list":{"0":"post-1045","1":"product","2":"type-product","3":"status-publish","4":"has-post-thumbnail","6":"product_brand-tascam","7":"product_cat-audio-para-video","8":"product_cat-grabadoras-de-mano","9":"product_tag-dr-05x","10":"product_tag-grabadora","11":"product_tag-grabadora-de-audio","12":"product_tag-grabadora-para-periodismo","13":"product_tag-portatil","14":"product_tag-reporteros-grabadora","15":"product_tag-tascam","16":"product_tag-tascam-audio","17":"product_tag-tascam-grabadora","18":"desktop-align-center","19":"tablet-align-left","20":"mobile-align-left","22":"first","23":"instock","24":"purchasable","25":"product-type-simple"},"aioseo_notices":[],"jetpack_sharing_enabled":true,"_links":{"self":[{"href":"https:\/\/studio40shop.com.mx\/index.php?rest_route=\/wp\/v2\/product\/1045","targetHints":{"allow":["GET"]}}],"collection":[{"href":"https:\/\/studio40shop.com.mx\/index.php?rest_route=\/wp\/v2\/product"}],"about":[{"href":"https:\/\/studio40shop.com.mx\/index.php?rest_route=\/wp\/v2\/types\/product"}],"replies":[{"embeddable":true,"href":"https:\/\/studio40shop.com.mx\/index.php?rest_route=%2Fwp%2Fv2%2Fcomments&post=1045"}],"wp:featuredmedia":[{"embeddable":true,"href":"https:\/\/studio40shop.com.mx\/index.php?rest_route=\/wp\/v2\/media\/939"}],"wp:attachment":[{"href":"https:\/\/studio40shop.com.mx\/index.php?rest_route=%2Fwp%2Fv2%2Fmedia&parent=1045"}],"wp:term":[{"taxonomy":"product_brand","embeddable":true,"href":"https:\/\/studio40shop.com.mx\/index.php?rest_route=%2Fwp%2Fv2%2Fproduct_brand&post=1045"},{"taxonomy":"product_cat","embeddable":true,"href":"https:\/\/studio40shop.com.mx\/index.php?rest_route=%2Fwp%2Fv2%2Fproduct_cat&post=1045"},{"taxonomy":"product_tag","embeddable":true,"href":"https:\/\/studio40shop.com.mx\/index.php?rest_route=%2Fwp%2Fv2%2Fproduct_tag&post=1045"}],"curies":[{"name":"wp","href":"https:\/\/api.w.org\/{rel}","templated":true}]}}