{"id":1047,"date":"2020-10-23T18:17:19","date_gmt":"2020-10-23T18:17:19","guid":{"rendered":"http:\/\/studio40shop.com.mx\/?product=tascam-th-07-auriculares-para-monitor-de-alta-definicion"},"modified":"2024-03-09T14:55:01","modified_gmt":"2024-03-09T19:55:01","slug":"tascam-th-07-auriculares-para-monitor-de-alta-definicion","status":"publish","type":"product","link":"https:\/\/studio40shop.com.mx\/?product=tascam-th-07-auriculares-para-monitor-de-alta-definicion","title":{"rendered":"Auriculares P\/ Monitor TASCAM TH-07"},"content":{"rendered":"<p>Tascam TH-07<br \/>\nAuriculares de monitor de alta definici\u00f3n<br \/>\nLos monitores de auriculares de alta definici\u00f3n TH-07 de TASCAM son monitores supraaurales de primera calidad dise\u00f1ados para ofrecer un sonido excelente y la m\u00e1xima comodidad. Ideales para mezclar, monitorear o simplemente disfrutar de sus \u00e1lbumes favoritos, los aud\u00edfonos TASCAM TH-07 brindan una experiencia auditiva verdaderamente inspiradora.<br \/>\nCon un dise\u00f1o cerrado para una respuesta de graves precisa y un excelente rechazo de sangrado, los auriculares TASCAM TH-07 son la soluci\u00f3n perfecta para el seguimiento, la mezcla o cualquier otra tarea de escucha cr\u00edtica en el estudio.<br \/>\nIncluye dos cables desmontables; Dise\u00f1o en espiral corto para proximidad cercana y cable recto largo para m\u00e1xima proximidad al dispositivo de audio<br \/>\nToma de conexi\u00f3n m\u00faltiple de 1\/8 \u201do 1\/4\u201d en cable recto; Conector de 1\/8 &#8220;en cable enrollado.<br \/>\nRespuesta de frecuencia de 10 Hz a 30 kHz<br \/>\nSensibilidad de 100 + 3dB<br \/>\nLos controladores de 50 mm alojados en auriculares circumaurales brindan una alta resoluci\u00f3n, una experiencia auditiva c\u00f3moda y un excelente aislamiento del sonido<br \/>\nLas orejeras pivotan y se inclinan para un ajuste y comodidad vers\u00e1tiles, y monitoreo con un solo o\u00eddo<\/p>\n","protected":false},"excerpt":{"rendered":"<ul class=\"a-unordered-list a-vertical a-spacing-mini\" style=\"margin: 0px 0px 0px 18px; color: #111111; padding: 0px; font-family: 'Amazon Ember', Arial, sans-serif; font-size: 14px;\">\n<li style=\"list-style: disc; margin: 0px;\"><span class=\"a-list-item\">Respuesta de frecuencia de 10 Hz a 30 khz sensibilidad de 100 3 dB<\/span><\/li>\n<li style=\"list-style: disc; margin: 0px;\"><span class=\"a-list-item\">Los controladores de 50 mm alojados en las orejas de circumaural ofrecen una alta resoluci\u00f3n, una experiencia de escucha c\u00f3moda y un excelente aislamiento de sonido<\/span><\/li>\n<li style=\"list-style: disc; margin: 0px;\"><span class=\"a-list-item\">Las almohadillas para orejas pivotan y el \u00e1ngulo para un ajuste vers\u00e1til y comodidad, y un monitor de oreja el dise\u00f1o plegable y la bolsa de transporte incluida hacen que el th-07 sea ideal tanto para trabajos de campo como de estudio<\/span><\/li>\n<li style=\"list-style: disc; margin: 0px;\"><span class=\"a-list-item\">Conector de conexi\u00f3n m\u00faltiple de 1\/8&#8243; o 1\/4&#8243; en cable recto conector de 1\/8&#8243; en cable en espiral conectores chapados en oro<\/span><\/li>\n<\/ul>\n","protected":false},"featured_media":950,"comment_status":"open","ping_status":"closed","template":"","meta":{"site-sidebar-layout":"default","site-content-layout":"default","ast-site-content-layout":"default","site-content-style":"default","site-sidebar-style":"default","ast-global-header-display":"","ast-banner-title-visibility":"","ast-main-header-display":"","ast-hfb-above-header-display":"","ast-hfb-below-header-display":"","ast-hfb-mobile-header-display":"","site-post-title":"","ast-breadcrumbs-content":"","ast-featured-img":"","footer-sml-layout":"","ast-disable-related-posts":"","theme-transparent-header-meta":"default","adv-header-id-meta":"","stick-header-meta":"","header-above-stick-meta":"","header-main-stick-meta":"","header-below-stick-meta":"","astra-migrate-meta-layouts":"default","ast-page-background-enabled":"default","ast-page-background-meta":{"desktop":{"background-color":"var(--ast-global-color-4)","background-image":"","background-repeat":"repeat","background-position":"center center","background-size":"auto","background-attachment":"scroll","background-type":"","background-media":"","overlay-type":"","overlay-color":"","overlay-opacity":"","overlay-gradient":""},"tablet":{"background-color":"","background-image":"","background-repeat":"repeat","background-position":"center center","background-size":"auto","background-attachment":"scroll","background-type":"","background-media":"","overlay-type":"","overlay-color":"","overlay-opacity":"","overlay-gradient":""},"mobile":{"background-color":"","background-image":"","background-repeat":"repeat","background-position":"center center","background-size":"auto","background-attachment":"scroll","background-type":"","background-media":"","overlay-type":"","overlay-color":"","overlay-opacity":"","overlay-gradient":""}},"ast-content-background-meta":{"desktop":{"background-color":"var(--ast-global-color-5)","background-image":"","background-repeat":"repeat","background-position":"center center","background-size":"auto","background-attachment":"scroll","background-type":"","background-media":"","overlay-type":"","overlay-color":"","overlay-opacity":"","overlay-gradient":""},"tablet":{"background-color":"var(--ast-global-color-5)","background-image":"","background-repeat":"repeat","background-position":"center center","background-size":"auto","background-attachment":"scroll","background-type":"","background-media":"","overlay-type":"","overlay-color":"","overlay-opacity":"","overlay-gradient":""},"mobile":{"background-color":"var(--ast-global-color-5)","background-image":"","background-repeat":"repeat","background-position":"center center","background-size":"auto","background-attachment":"scroll","background-type":"","background-media":"","overlay-type":"","overlay-color":"","overlay-opacity":"","overlay-gradient":""}},"_themeisle_gutenberg_block_has_review":false},"product_brand":[61],"product_cat":[93,87],"product_tag":[],"class_list":{"0":"post-1047","1":"product","2":"type-product","3":"status-publish","4":"has-post-thumbnail","6":"product_brand-tascam","7":"product_cat-audifonos","8":"product_cat-audio-para-video","9":"desktop-align-center","10":"tablet-align-left","11":"mobile-align-left","13":"first","14":"instock","15":"purchasable","16":"product-type-simple"},"aioseo_notices":[],"jetpack_sharing_enabled":true,"_links":{"self":[{"href":"https:\/\/studio40shop.com.mx\/index.php?rest_route=\/wp\/v2\/product\/1047","targetHints":{"allow":["GET"]}}],"collection":[{"href":"https:\/\/studio40shop.com.mx\/index.php?rest_route=\/wp\/v2\/product"}],"about":[{"href":"https:\/\/studio40shop.com.mx\/index.php?rest_route=\/wp\/v2\/types\/product"}],"replies":[{"embeddable":true,"href":"https:\/\/studio40shop.com.mx\/index.php?rest_route=%2Fwp%2Fv2%2Fcomments&post=1047"}],"wp:featuredmedia":[{"embeddable":true,"href":"https:\/\/studio40shop.com.mx\/index.php?rest_route=\/wp\/v2\/media\/950"}],"wp:attachment":[{"href":"https:\/\/studio40shop.com.mx\/index.php?rest_route=%2Fwp%2Fv2%2Fmedia&parent=1047"}],"wp:term":[{"taxonomy":"product_brand","embeddable":true,"href":"https:\/\/studio40shop.com.mx\/index.php?rest_route=%2Fwp%2Fv2%2Fproduct_brand&post=1047"},{"taxonomy":"product_cat","embeddable":true,"href":"https:\/\/studio40shop.com.mx\/index.php?rest_route=%2Fwp%2Fv2%2Fproduct_cat&post=1047"},{"taxonomy":"product_tag","embeddable":true,"href":"https:\/\/studio40shop.com.mx\/index.php?rest_route=%2Fwp%2Fv2%2Fproduct_tag&post=1047"}],"curies":[{"name":"wp","href":"https:\/\/api.w.org\/{rel}","templated":true}]}}