{"id":1049,"date":"2020-10-23T20:33:09","date_gmt":"2020-10-24T01:33:09","guid":{"rendered":"http:\/\/studio40shop.com.mx\/?product=tm-2x-microfono-para-dslr-tascam"},"modified":"2023-05-09T12:13:52","modified_gmt":"2023-05-09T17:13:52","slug":"tm-2x-microfono-para-dslr-tascam","status":"publish","type":"product","link":"https:\/\/studio40shop.com.mx\/?product=tm-2x-microfono-para-dslr-tascam","title":{"rendered":"TM -2X micr\u00f3fono para DSLR Tascam"},"content":{"rendered":"<p>Orificio para Tripie<br \/>\nCable de 33 cm con conector Mini Plug<br \/>\nOpera con la Alimentaci\u00f3n Proporcionada por la C\u00e1mara<br \/>\nFiltro Pasa Bajo para Eliminar Frecuencias Indeseables<br \/>\nMicr\u00f3fono Est\u00e9reo Direccional a Condensador en configuraci\u00f3n X-Y<br \/>\nCapacidad para Manejar Niveles de Presi\u00f3n Sonora de hasta 120 dB<br \/>\nEstructura para Soporte Flotado para Eliminar Ruidos Mec\u00e1nicos por Manejo<br \/>\nAngulo Variable de los MIcr\u00f3fonos en 180\u00ba para Garantizar su Posici\u00f3n Optima<br \/>\nDise\u00f1o Ultra Ligero (75 grs) que no Interfiere con el Manejo y Balance de la C\u00e1mara<\/p>\n","protected":false},"excerpt":{"rendered":"<table class=\"a-normal a-spacing-micro\" style=\"border-collapse: collapse; width: 600.484375px; color: #111111; font-family: 'Amazon Ember', Arial, sans-serif; font-size: 14px; margin-bottom: 4px;\">\n<tbody>\n<tr class=\"a-spacing-small\" style=\"margin-bottom: 8px;\">\n<td class=\"a-span3\" style=\"vertical-align: top; padding: 0px 3px 3px 0px; margin-right: 0px; width: 157.21875px; float: none;\"><span class=\"a-size-base a-text-bold\" style=\"font-weight: bold; font-size: 14px; line-height: 20px;\">Marca<\/span><\/td>\n<td class=\"a-span9\" style=\"vertical-align: top; padding: 0px 0px 3px 3px; margin-right: 0px; width: 443.28125px; float: none;\"><span class=\"a-size-base\" style=\"font-size: 14px; line-height: 20px;\">TASCAM<\/span><\/td>\n<\/tr>\n<tr class=\"a-spacing-small\" style=\"margin-bottom: 8px;\">\n<td class=\"a-span3\" style=\"vertical-align: top; padding: 3px 3px 3px 0px; margin-right: 0px; width: 157.21875px; float: none;\"><span class=\"a-size-base a-text-bold\" style=\"font-weight: bold; font-size: 14px; line-height: 20px;\">Color<\/span><\/td>\n<td class=\"a-span9\" style=\"vertical-align: top; padding: 3px 0px 3px 3px; margin-right: 0px; width: 443.28125px; float: none;\"><span class=\"a-size-base\" style=\"font-size: 14px; line-height: 20px;\">Negro<\/span><\/td>\n<\/tr>\n<tr class=\"a-spacing-small\" style=\"margin-bottom: 8px;\">\n<td class=\"a-span3\" style=\"vertical-align: top; padding: 3px 3px 3px 0px; margin-right: 0px; width: 157.21875px; float: none;\"><span class=\"a-size-base a-text-bold\" style=\"font-weight: bold; font-size: 14px; line-height: 20px;\">Conexiones<\/span><\/td>\n<td class=\"a-span9\" style=\"vertical-align: top; padding: 3px 0px 3px 3px; margin-right: 0px; width: 443.28125px; float: none;\"><span class=\"a-size-base\" style=\"font-size: 14px; line-height: 20px;\">Wired<\/span><\/td>\n<\/tr>\n<tr class=\"a-spacing-small\" style=\"margin-bottom: 8px;\">\n<td class=\"a-span3\" style=\"vertical-align: top; padding: 3px 3px 3px 0px; margin-right: 0px; width: 157.21875px; float: none;\"><span class=\"a-size-base a-text-bold\" style=\"font-weight: bold; font-size: 14px; line-height: 20px;\">Peso del producto<\/span><\/td>\n<td class=\"a-span9\" style=\"vertical-align: top; padding: 3px 0px 3px 3px; margin-right: 0px; width: 443.28125px; float: none;\"><span class=\"a-size-base\" style=\"font-size: 14px; line-height: 20px;\">0.55 Libras<\/span><\/td>\n<\/tr>\n<tr class=\"a-spacing-small\" style=\"margin-bottom: 8px;\">\n<td class=\"a-span3\" style=\"vertical-align: top; padding: 3px 3px 0px 0px; margin-right: 0px; width: 157.21875px; float: none;\"><span class=\"a-size-base a-text-bold\" style=\"font-weight: bold; font-size: 14px; line-height: 20px;\">Plataforma de hardware<\/span><\/td>\n<td class=\"a-span9\" style=\"vertical-align: top; padding: 3px 0px 0px 3px; margin-right: 0px; width: 443.28125px; float: none;\"><span class=\"a-size-base\" style=\"font-size: 14px; line-height: 20px;\">C\u00e1mara<\/span><\/td>\n<\/tr>\n<\/tbody>\n<\/table>\n","protected":false},"featured_media":976,"comment_status":"open","ping_status":"closed","template":"","meta":{"site-sidebar-layout":"default","site-content-layout":"default","ast-site-content-layout":"default","site-content-style":"default","site-sidebar-style":"default","ast-global-header-display":"","ast-banner-title-visibility":"","ast-main-header-display":"","ast-hfb-above-header-display":"","ast-hfb-below-header-display":"","ast-hfb-mobile-header-display":"","site-post-title":"","ast-breadcrumbs-content":"","ast-featured-img":"","footer-sml-layout":"","ast-disable-related-posts":"","theme-transparent-header-meta":"default","adv-header-id-meta":"","stick-header-meta":"","header-above-stick-meta":"","header-main-stick-meta":"","header-below-stick-meta":"","astra-migrate-meta-layouts":"default","ast-page-background-enabled":"default","ast-page-background-meta":{"desktop":{"background-color":"var(--ast-global-color-4)","background-image":"","background-repeat":"repeat","background-position":"center center","background-size":"auto","background-attachment":"scroll","background-type":"","background-media":"","overlay-type":"","overlay-color":"","overlay-opacity":"","overlay-gradient":""},"tablet":{"background-color":"","background-image":"","background-repeat":"repeat","background-position":"center center","background-size":"auto","background-attachment":"scroll","background-type":"","background-media":"","overlay-type":"","overlay-color":"","overlay-opacity":"","overlay-gradient":""},"mobile":{"background-color":"","background-image":"","background-repeat":"repeat","background-position":"center center","background-size":"auto","background-attachment":"scroll","background-type":"","background-media":"","overlay-type":"","overlay-color":"","overlay-opacity":"","overlay-gradient":""}},"ast-content-background-meta":{"desktop":{"background-color":"var(--ast-global-color-5)","background-image":"","background-repeat":"repeat","background-position":"center center","background-size":"auto","background-attachment":"scroll","background-type":"","background-media":"","overlay-type":"","overlay-color":"","overlay-opacity":"","overlay-gradient":""},"tablet":{"background-color":"var(--ast-global-color-5)","background-image":"","background-repeat":"repeat","background-position":"center center","background-size":"auto","background-attachment":"scroll","background-type":"","background-media":"","overlay-type":"","overlay-color":"","overlay-opacity":"","overlay-gradient":""},"mobile":{"background-color":"var(--ast-global-color-5)","background-image":"","background-repeat":"repeat","background-position":"center center","background-size":"auto","background-attachment":"scroll","background-type":"","background-media":"","overlay-type":"","overlay-color":"","overlay-opacity":"","overlay-gradient":""}},"_themeisle_gutenberg_block_has_review":false},"product_brand":[61],"product_cat":[87,82],"product_tag":[201,242,246,245,244,247,235,236,243],"class_list":{"0":"post-1049","1":"product","2":"type-product","3":"status-publish","4":"has-post-thumbnail","6":"product_brand-tascam","7":"product_cat-audio-para-video","8":"product_cat-microfonos","9":"product_tag-audio","10":"product_tag-audio-para-video","11":"product_tag-condensador","12":"product_tag-micro-para-dslr","13":"product_tag-microfono-dslr","14":"product_tag-microfono-para-camara","15":"product_tag-tascam","16":"product_tag-tascam-audio","17":"product_tag-tascam-microfono","18":"desktop-align-center","19":"tablet-align-left","20":"mobile-align-left","22":"first","23":"instock","24":"purchasable","25":"product-type-simple"},"aioseo_notices":[],"jetpack_sharing_enabled":true,"_links":{"self":[{"href":"https:\/\/studio40shop.com.mx\/index.php?rest_route=\/wp\/v2\/product\/1049","targetHints":{"allow":["GET"]}}],"collection":[{"href":"https:\/\/studio40shop.com.mx\/index.php?rest_route=\/wp\/v2\/product"}],"about":[{"href":"https:\/\/studio40shop.com.mx\/index.php?rest_route=\/wp\/v2\/types\/product"}],"replies":[{"embeddable":true,"href":"https:\/\/studio40shop.com.mx\/index.php?rest_route=%2Fwp%2Fv2%2Fcomments&post=1049"}],"wp:featuredmedia":[{"embeddable":true,"href":"https:\/\/studio40shop.com.mx\/index.php?rest_route=\/wp\/v2\/media\/976"}],"wp:attachment":[{"href":"https:\/\/studio40shop.com.mx\/index.php?rest_route=%2Fwp%2Fv2%2Fmedia&parent=1049"}],"wp:term":[{"taxonomy":"product_brand","embeddable":true,"href":"https:\/\/studio40shop.com.mx\/index.php?rest_route=%2Fwp%2Fv2%2Fproduct_brand&post=1049"},{"taxonomy":"product_cat","embeddable":true,"href":"https:\/\/studio40shop.com.mx\/index.php?rest_route=%2Fwp%2Fv2%2Fproduct_cat&post=1049"},{"taxonomy":"product_tag","embeddable":true,"href":"https:\/\/studio40shop.com.mx\/index.php?rest_route=%2Fwp%2Fv2%2Fproduct_tag&post=1049"}],"curies":[{"name":"wp","href":"https:\/\/api.w.org\/{rel}","templated":true}]}}