{"id":1050,"date":"2020-10-23T20:41:50","date_gmt":"2020-10-23T20:41:50","guid":{"rendered":"http:\/\/studio40shop.com.mx\/?product=shure-mv5a-240-kit-para-grabacion-con-movil-streamers"},"modified":"2024-03-11T18:56:42","modified_gmt":"2024-03-11T23:56:42","slug":"shure-mv5a-240-kit-para-grabacion-con-movil-streamers","status":"publish","type":"product","link":"https:\/\/studio40shop.com.mx\/?product=shure-mv5a-240-kit-para-grabacion-con-movil-streamers","title":{"rendered":"Shure MV5\/A-240 Kit para Grabaci\u00f3n con M\u00f3vil, Streamers"},"content":{"rendered":"<p>Micr\u00f3fono condensador mv5. Plasmar tu inspiraci\u00f3n puede ser tan f\u00e1cil como tener una computadora o un tel\u00e9fono. Pero tu audio podr\u00eda ser mejor, mucho mejor, o no el mv5 es la soluci\u00f3n. con una grabaci\u00f3n de sonido impecable y controles intuitivos en la aplicaci\u00f3n, esta maravilla de la simplicidad solo se tiene que conectar. Aud\u00edfonos profesionales de dise\u00f1o cerrado que evitan el ruido de fondo y ofrecen una potente respuesta en graves. Compatibles con la mayor\u00eda de los equipos profesionales y de gran consumo, ofrecen un gran ancho de banda.<\/p>\n","protected":false},"excerpt":{"rendered":"<ul class=\"a-unordered-list a-vertical a-spacing-mini\" style=\"margin: 0px 0px 0px 18px; color: #111111; padding: 0px; font-family: 'Amazon Ember', Arial, sans-serif; font-size: 14px;\">\n<li style=\"list-style: disc; margin: 0px;\"><span class=\"a-list-item\">Micr\u00f3fonos din\u00e1micos cardioides<\/span><\/li>\n<li style=\"list-style: disc; margin: 0px;\"><span class=\"a-list-item\">Espec\u00edficamente dise\u00f1ados para reproducir la voz de manera c\u00e1lida y n\u00edtida<\/span><\/li>\n<li style=\"list-style: disc; margin: 0px;\"><span class=\"a-list-item\">Interfaz intuitiva para ofrecer un funcionamiento fiable<\/span><\/li>\n<\/ul>\n","protected":false},"featured_media":994,"comment_status":"open","ping_status":"closed","template":"","meta":{"site-sidebar-layout":"default","site-content-layout":"default","ast-site-content-layout":"default","site-content-style":"default","site-sidebar-style":"default","ast-global-header-display":"","ast-banner-title-visibility":"","ast-main-header-display":"","ast-hfb-above-header-display":"","ast-hfb-below-header-display":"","ast-hfb-mobile-header-display":"","site-post-title":"","ast-breadcrumbs-content":"","ast-featured-img":"","footer-sml-layout":"","ast-disable-related-posts":"","theme-transparent-header-meta":"default","adv-header-id-meta":"","stick-header-meta":"","header-above-stick-meta":"","header-main-stick-meta":"","header-below-stick-meta":"","astra-migrate-meta-layouts":"default","ast-page-background-enabled":"default","ast-page-background-meta":{"desktop":{"background-color":"var(--ast-global-color-4)","background-image":"","background-repeat":"repeat","background-position":"center center","background-size":"auto","background-attachment":"scroll","background-type":"","background-media":"","overlay-type":"","overlay-color":"","overlay-opacity":"","overlay-gradient":""},"tablet":{"background-color":"","background-image":"","background-repeat":"repeat","background-position":"center center","background-size":"auto","background-attachment":"scroll","background-type":"","background-media":"","overlay-type":"","overlay-color":"","overlay-opacity":"","overlay-gradient":""},"mobile":{"background-color":"","background-image":"","background-repeat":"repeat","background-position":"center center","background-size":"auto","background-attachment":"scroll","background-type":"","background-media":"","overlay-type":"","overlay-color":"","overlay-opacity":"","overlay-gradient":""}},"ast-content-background-meta":{"desktop":{"background-color":"var(--ast-global-color-5)","background-image":"","background-repeat":"repeat","background-position":"center center","background-size":"auto","background-attachment":"scroll","background-type":"","background-media":"","overlay-type":"","overlay-color":"","overlay-opacity":"","overlay-gradient":""},"tablet":{"background-color":"var(--ast-global-color-5)","background-image":"","background-repeat":"repeat","background-position":"center center","background-size":"auto","background-attachment":"scroll","background-type":"","background-media":"","overlay-type":"","overlay-color":"","overlay-opacity":"","overlay-gradient":""},"mobile":{"background-color":"var(--ast-global-color-5)","background-image":"","background-repeat":"repeat","background-position":"center center","background-size":"auto","background-attachment":"scroll","background-type":"","background-media":"","overlay-type":"","overlay-color":"","overlay-opacity":"","overlay-gradient":""}},"_themeisle_gutenberg_block_has_review":false},"product_brand":[65],"product_cat":[93,87,82],"product_tag":[],"class_list":{"0":"post-1050","1":"product","2":"type-product","3":"status-publish","4":"has-post-thumbnail","6":"product_brand-shure","7":"product_cat-audifonos","8":"product_cat-audio-para-video","9":"product_cat-microfonos","10":"desktop-align-center","11":"tablet-align-left","12":"mobile-align-left","14":"first","15":"instock","16":"purchasable","17":"product-type-simple"},"aioseo_notices":[],"jetpack_sharing_enabled":true,"_links":{"self":[{"href":"https:\/\/studio40shop.com.mx\/index.php?rest_route=\/wp\/v2\/product\/1050","targetHints":{"allow":["GET"]}}],"collection":[{"href":"https:\/\/studio40shop.com.mx\/index.php?rest_route=\/wp\/v2\/product"}],"about":[{"href":"https:\/\/studio40shop.com.mx\/index.php?rest_route=\/wp\/v2\/types\/product"}],"replies":[{"embeddable":true,"href":"https:\/\/studio40shop.com.mx\/index.php?rest_route=%2Fwp%2Fv2%2Fcomments&post=1050"}],"wp:featuredmedia":[{"embeddable":true,"href":"https:\/\/studio40shop.com.mx\/index.php?rest_route=\/wp\/v2\/media\/994"}],"wp:attachment":[{"href":"https:\/\/studio40shop.com.mx\/index.php?rest_route=%2Fwp%2Fv2%2Fmedia&parent=1050"}],"wp:term":[{"taxonomy":"product_brand","embeddable":true,"href":"https:\/\/studio40shop.com.mx\/index.php?rest_route=%2Fwp%2Fv2%2Fproduct_brand&post=1050"},{"taxonomy":"product_cat","embeddable":true,"href":"https:\/\/studio40shop.com.mx\/index.php?rest_route=%2Fwp%2Fv2%2Fproduct_cat&post=1050"},{"taxonomy":"product_tag","embeddable":true,"href":"https:\/\/studio40shop.com.mx\/index.php?rest_route=%2Fwp%2Fv2%2Fproduct_tag&post=1050"}],"curies":[{"name":"wp","href":"https:\/\/api.w.org\/{rel}","templated":true}]}}