{"id":1061,"date":"2020-10-23T21:18:56","date_gmt":"2020-10-24T02:18:56","guid":{"rendered":"http:\/\/studio40shop.com.mx\/?product=mars-x-transmisor-de-video-inalambrico-para-smartphone-y-tablet"},"modified":"2022-09-20T18:02:55","modified_gmt":"2022-09-20T23:02:55","slug":"mars-x-transmisor-de-video-inalambrico-para-smartphone-y-tablet","status":"publish","type":"product","link":"https:\/\/studio40shop.com.mx\/?product=mars-x-transmisor-de-video-inalambrico-para-smartphone-y-tablet","title":{"rendered":"Mars X Transmisor de Video inal\u00e1mbrico para Smartphone y Tablet"},"content":{"rendered":"<p>TRANSMISOR INALAMBRICO DE VIDEO MARS X HOLLYLAND El transmisor de video inal\u00e1mbrico, Es un dise\u00f1o compacto con antenas plegables, le permite transmitir una se\u00f1al HDMI a hasta tres dispositivos m\u00f3viles iOS \/ Android. Varias personas en el set pueden monitorear una imagen en diferentes ubicaciones hasta una l\u00ednea de visi\u00f3n de 328&#8242;. Admite una resoluci\u00f3n de hasta 1080p60. Solo 70ms de latencia con sincronizaci\u00f3n de audio y video. Busqueda de canales para menor interferencia. Bateria con duraci\u00f3n de una hora de 1300mAh. Carga 5-12v con tiempo de recarga de aprox 2.5Hrs.<\/p>\n<p>M\u00faltiples plataformas de monitoreo y 0.07s de latencia ultra baja en un rango de 300 pies: Hollyland Mars X soporta smartphones y tabletas iOS o Android, lo que significa que puedes transformar tu tablet o smartphone en un monitor. Puede transmitir se\u00f1ales a 3 dispositivos a una distancia de 300 pies, lo que har\u00e1 que la multitarea sea m\u00e1s f\u00e1cil y usted puede trabajar de manera eficiente. 0.07s de latencia ultrabaja lo que significa que puedes controlar tus disparos en tiempo real.<\/p>\n","protected":false},"excerpt":{"rendered":"<p>Es un dise\u00f1o compacto con antenas plegables, le permite transmitir una se\u00f1al HDMI a hasta tres dispositivos m\u00f3viles iOS \/ Android.<\/p>\n","protected":false},"featured_media":1062,"comment_status":"open","ping_status":"closed","template":"","meta":{"site-sidebar-layout":"default","site-content-layout":"default","ast-site-content-layout":"default","site-content-style":"default","site-sidebar-style":"default","ast-global-header-display":"","ast-banner-title-visibility":"","ast-main-header-display":"","ast-hfb-above-header-display":"","ast-hfb-below-header-display":"","ast-hfb-mobile-header-display":"","site-post-title":"","ast-breadcrumbs-content":"","ast-featured-img":"","footer-sml-layout":"","ast-disable-related-posts":"","theme-transparent-header-meta":"default","adv-header-id-meta":"","stick-header-meta":"","header-above-stick-meta":"","header-main-stick-meta":"","header-below-stick-meta":"","astra-migrate-meta-layouts":"default","ast-page-background-enabled":"default","ast-page-background-meta":{"desktop":{"background-color":"var(--ast-global-color-4)","background-image":"","background-repeat":"repeat","background-position":"center center","background-size":"auto","background-attachment":"scroll","background-type":"","background-media":"","overlay-type":"","overlay-color":"","overlay-opacity":"","overlay-gradient":""},"tablet":{"background-color":"","background-image":"","background-repeat":"repeat","background-position":"center center","background-size":"auto","background-attachment":"scroll","background-type":"","background-media":"","overlay-type":"","overlay-color":"","overlay-opacity":"","overlay-gradient":""},"mobile":{"background-color":"","background-image":"","background-repeat":"repeat","background-position":"center center","background-size":"auto","background-attachment":"scroll","background-type":"","background-media":"","overlay-type":"","overlay-color":"","overlay-opacity":"","overlay-gradient":""}},"ast-content-background-meta":{"desktop":{"background-color":"var(--ast-global-color-5)","background-image":"","background-repeat":"repeat","background-position":"center center","background-size":"auto","background-attachment":"scroll","background-type":"","background-media":"","overlay-type":"","overlay-color":"","overlay-opacity":"","overlay-gradient":""},"tablet":{"background-color":"var(--ast-global-color-5)","background-image":"","background-repeat":"repeat","background-position":"center center","background-size":"auto","background-attachment":"scroll","background-type":"","background-media":"","overlay-type":"","overlay-color":"","overlay-opacity":"","overlay-gradient":""},"mobile":{"background-color":"var(--ast-global-color-5)","background-image":"","background-repeat":"repeat","background-position":"center center","background-size":"auto","background-attachment":"scroll","background-type":"","background-media":"","overlay-type":"","overlay-color":"","overlay-opacity":"","overlay-gradient":""}},"_themeisle_gutenberg_block_has_review":false},"product_brand":[98],"product_cat":[90],"product_tag":[],"class_list":{"0":"post-1061","1":"product","2":"type-product","3":"status-publish","4":"has-post-thumbnail","6":"product_brand-hollyland","7":"product_cat-transmisores-de-video-inalambrico","8":"desktop-align-center","9":"tablet-align-left","10":"mobile-align-left","12":"first","13":"instock","14":"purchasable","15":"product-type-simple"},"aioseo_notices":[],"jetpack_sharing_enabled":true,"_links":{"self":[{"href":"https:\/\/studio40shop.com.mx\/index.php?rest_route=\/wp\/v2\/product\/1061","targetHints":{"allow":["GET"]}}],"collection":[{"href":"https:\/\/studio40shop.com.mx\/index.php?rest_route=\/wp\/v2\/product"}],"about":[{"href":"https:\/\/studio40shop.com.mx\/index.php?rest_route=\/wp\/v2\/types\/product"}],"replies":[{"embeddable":true,"href":"https:\/\/studio40shop.com.mx\/index.php?rest_route=%2Fwp%2Fv2%2Fcomments&post=1061"}],"wp:featuredmedia":[{"embeddable":true,"href":"https:\/\/studio40shop.com.mx\/index.php?rest_route=\/wp\/v2\/media\/1062"}],"wp:attachment":[{"href":"https:\/\/studio40shop.com.mx\/index.php?rest_route=%2Fwp%2Fv2%2Fmedia&parent=1061"}],"wp:term":[{"taxonomy":"product_brand","embeddable":true,"href":"https:\/\/studio40shop.com.mx\/index.php?rest_route=%2Fwp%2Fv2%2Fproduct_brand&post=1061"},{"taxonomy":"product_cat","embeddable":true,"href":"https:\/\/studio40shop.com.mx\/index.php?rest_route=%2Fwp%2Fv2%2Fproduct_cat&post=1061"},{"taxonomy":"product_tag","embeddable":true,"href":"https:\/\/studio40shop.com.mx\/index.php?rest_route=%2Fwp%2Fv2%2Fproduct_tag&post=1061"}],"curies":[{"name":"wp","href":"https:\/\/api.w.org\/{rel}","templated":true}]}}