{"id":1071,"date":"2020-10-23T21:31:29","date_gmt":"2020-10-24T02:31:29","guid":{"rendered":"http:\/\/studio40shop.com.mx\/?product=sistema-transmisor-inalambrico-de-video-mars-400s-hollyland"},"modified":"2022-11-10T13:08:52","modified_gmt":"2022-11-10T18:08:52","slug":"sistema-transmisor-inalambrico-de-video-mars-400s-hollyland","status":"publish","type":"product","link":"https:\/\/studio40shop.com.mx\/?product=sistema-transmisor-inalambrico-de-video-mars-400s-hollyland","title":{"rendered":"Sistema de Transmisor Inalambrico de Video Mars 400S HollyLand"},"content":{"rendered":"<p>Juego de Transmisor\/Receptor Inalambricos de Video, receptor 1080p60 de nivel b\u00e1sico con un rango de transmisi\u00f3n de l\u00ednea de visi\u00f3n de 400&#8242;.<\/p>\n<p>En un dise\u00f1o compacto, el transmisor y el receptor tienen dos tipos de conexi\u00f3n SDI y HDMI, esto ampl\u00eda sus opciones de compatibilidad. Se puede conectar un segundo receptor opcional al transmisor para aceptar la se\u00f1al al mismo tiempo.<\/p>\n<p>Es capaz de enviar la se\u00f1al a trav\u00e9s de Wi-Fi incorporado a hasta cuatro dispositivos m\u00f3viles, ya sea que tambi\u00e9n est\u00e9 enviando a un receptor en ese momento o no. Esto permitir\u00e1 que diferentes personas o departamentos del conjunto vean la imagen que se est\u00e1 capturando. La imagen se env\u00eda a la aplicaci\u00f3n HollyView, que es compatible con iOS y Android.<\/p>\n","protected":false},"excerpt":{"rendered":"<p>Juego de Transmisor\/Receptor Inalambricos de Video, receptor 1080p60 de nivel b\u00e1sico con un rango de transmisi\u00f3n de l\u00ednea de visi\u00f3n de 400&#8242;.<\/p>\n","protected":false},"featured_media":1072,"comment_status":"open","ping_status":"closed","template":"","meta":{"site-sidebar-layout":"default","site-content-layout":"default","ast-site-content-layout":"default","site-content-style":"default","site-sidebar-style":"default","ast-global-header-display":"","ast-banner-title-visibility":"","ast-main-header-display":"","ast-hfb-above-header-display":"","ast-hfb-below-header-display":"","ast-hfb-mobile-header-display":"","site-post-title":"","ast-breadcrumbs-content":"","ast-featured-img":"","footer-sml-layout":"","ast-disable-related-posts":"","theme-transparent-header-meta":"default","adv-header-id-meta":"","stick-header-meta":"","header-above-stick-meta":"","header-main-stick-meta":"","header-below-stick-meta":"","astra-migrate-meta-layouts":"default","ast-page-background-enabled":"default","ast-page-background-meta":{"desktop":{"background-color":"var(--ast-global-color-4)","background-image":"","background-repeat":"repeat","background-position":"center center","background-size":"auto","background-attachment":"scroll","background-type":"","background-media":"","overlay-type":"","overlay-color":"","overlay-opacity":"","overlay-gradient":""},"tablet":{"background-color":"","background-image":"","background-repeat":"repeat","background-position":"center center","background-size":"auto","background-attachment":"scroll","background-type":"","background-media":"","overlay-type":"","overlay-color":"","overlay-opacity":"","overlay-gradient":""},"mobile":{"background-color":"","background-image":"","background-repeat":"repeat","background-position":"center center","background-size":"auto","background-attachment":"scroll","background-type":"","background-media":"","overlay-type":"","overlay-color":"","overlay-opacity":"","overlay-gradient":""}},"ast-content-background-meta":{"desktop":{"background-color":"var(--ast-global-color-5)","background-image":"","background-repeat":"repeat","background-position":"center center","background-size":"auto","background-attachment":"scroll","background-type":"","background-media":"","overlay-type":"","overlay-color":"","overlay-opacity":"","overlay-gradient":""},"tablet":{"background-color":"var(--ast-global-color-5)","background-image":"","background-repeat":"repeat","background-position":"center center","background-size":"auto","background-attachment":"scroll","background-type":"","background-media":"","overlay-type":"","overlay-color":"","overlay-opacity":"","overlay-gradient":""},"mobile":{"background-color":"var(--ast-global-color-5)","background-image":"","background-repeat":"repeat","background-position":"center center","background-size":"auto","background-attachment":"scroll","background-type":"","background-media":"","overlay-type":"","overlay-color":"","overlay-opacity":"","overlay-gradient":""}},"_themeisle_gutenberg_block_has_review":false},"product_brand":[98],"product_cat":[90,78],"product_tag":[],"class_list":{"0":"post-1071","1":"product","2":"type-product","3":"status-publish","4":"has-post-thumbnail","6":"product_brand-hollyland","7":"product_cat-transmisores-de-video-inalambrico","8":"product_cat-video","9":"desktop-align-center","10":"tablet-align-left","11":"mobile-align-left","13":"first","14":"instock","15":"purchasable","16":"product-type-simple"},"aioseo_notices":[],"jetpack_sharing_enabled":true,"_links":{"self":[{"href":"https:\/\/studio40shop.com.mx\/index.php?rest_route=\/wp\/v2\/product\/1071","targetHints":{"allow":["GET"]}}],"collection":[{"href":"https:\/\/studio40shop.com.mx\/index.php?rest_route=\/wp\/v2\/product"}],"about":[{"href":"https:\/\/studio40shop.com.mx\/index.php?rest_route=\/wp\/v2\/types\/product"}],"replies":[{"embeddable":true,"href":"https:\/\/studio40shop.com.mx\/index.php?rest_route=%2Fwp%2Fv2%2Fcomments&post=1071"}],"wp:featuredmedia":[{"embeddable":true,"href":"https:\/\/studio40shop.com.mx\/index.php?rest_route=\/wp\/v2\/media\/1072"}],"wp:attachment":[{"href":"https:\/\/studio40shop.com.mx\/index.php?rest_route=%2Fwp%2Fv2%2Fmedia&parent=1071"}],"wp:term":[{"taxonomy":"product_brand","embeddable":true,"href":"https:\/\/studio40shop.com.mx\/index.php?rest_route=%2Fwp%2Fv2%2Fproduct_brand&post=1071"},{"taxonomy":"product_cat","embeddable":true,"href":"https:\/\/studio40shop.com.mx\/index.php?rest_route=%2Fwp%2Fv2%2Fproduct_cat&post=1071"},{"taxonomy":"product_tag","embeddable":true,"href":"https:\/\/studio40shop.com.mx\/index.php?rest_route=%2Fwp%2Fv2%2Fproduct_tag&post=1071"}],"curies":[{"name":"wp","href":"https:\/\/api.w.org\/{rel}","templated":true}]}}