{"id":1085,"date":"2020-10-23T22:53:56","date_gmt":"2020-10-24T03:53:56","guid":{"rendered":"http:\/\/studio40shop.com.mx\/?product=mochila-mirrorless-mover-20-think-tank"},"modified":"2022-09-07T12:54:56","modified_gmt":"2022-09-07T17:54:56","slug":"mochila-mirrorless-mover-20-think-tank","status":"publish","type":"product","link":"https:\/\/studio40shop.com.mx\/?product=mochila-mirrorless-mover-20-think-tank","title":{"rendered":"Mochila Mirrorless Mover\u00ae 20 Think Tank"},"content":{"rendered":"<p>**No incluye c\u00e1mara ni equipo fotogr\u00e1fico.<br \/>\nLa Mochila Mirrorless Mover\u00ae 20 se ajusta a 1 cuerpo mediano con un aproximado de 2-3 lentes y accesorios adicionales. Es la bolsa m\u00e1s grande de la colecci\u00f3n, sin embargo, conserva su f\u00e1cil manejo al transportar.<br \/>\nESPECIFICACIONES<br \/>\nCOMPATIBLE CON :<br \/>\nSony NEX-7 w \/ 55 mm7 f \/ 1.8 ZA unido (parasol invertido) + 24-70 mm f \/ 4 (parasol invertido)<br \/>\nFuji X-E2 w \/ 18-55mm f \/ 2,8-4 unida (parasol invertido) + 14mm f \/ 2.8 (parasol en posici\u00f3n)<br \/>\nOlympus OM-D E-M5 w \/ 17mm f \/ 2.8 lente pancake fijo + 12mm f \/ 2.0 (parasol en la posici\u00f3n + 12-50mm f \/ 03.05 a 06.03 (parasol en posici\u00f3n)<br \/>\nESPECIFICACIONES T\u00c9CNICAS<br \/>\nMedidas interiores: 8.5 &#8220;W x 5.3&#8221; H x 3.7 &#8220;D (21,5 x 13,5 x 9,5 cm)<br \/>\nMedidas exteriores: 8.9 &#8220;W x 6.1&#8221; H x 4.5 &#8220;D (22,5 x 15,5 x 11,5 cm)<br \/>\nRanura para tel\u00e9fono inteligente: 2.8 &#8220;W x 4.8&#8221; H x 0.6 &#8220;D (7 x 12,3 x 1,6 cm)<br \/>\nPeso con todos los accesorios: 0,7 libras (0,3 kg)<br \/>\nMATERIALES<br \/>\nExterior: Resistente al agua (DWR), adem\u00e1s de la parte inferior de la tela tiene un recubrimiento de poliuretano. Tambi\u00e9n cuenta con cierres Fuse YKK\u00ae RC , 1680D poli\u00e9ster bal\u00edstico, 300D poli\u00e9ster cepillado, bolsillo de ultraestiramiento, herrajes de metal y unido con 3 capas de hilo de nylon.<br \/>\nInterior: Separadores de espuma de c\u00e9lula, 200D poli\u00e9ster, forro nylex poliuretano con respaldo, 2x poliuretano 210T nylon recubierto funda impermeable costuras selladas, y unido con 3 capas de hilo de nylon.<\/p>\n","protected":false},"excerpt":{"rendered":"<p><span style=\"color: #333333; font-family: 'Open Sans', 'Helvetica Neue', Helvetica, Arial, sans-serif; font-size: 24px; font-weight: bold; background-color: #ffffff;\">Mochila Mirrorless Mover\u00ae 20 Think Tank<\/span><\/p>\n","protected":false},"featured_media":1086,"comment_status":"open","ping_status":"closed","template":"","meta":{"site-sidebar-layout":"default","site-content-layout":"default","ast-site-content-layout":"default","site-content-style":"default","site-sidebar-style":"default","ast-global-header-display":"","ast-banner-title-visibility":"","ast-main-header-display":"","ast-hfb-above-header-display":"","ast-hfb-below-header-display":"","ast-hfb-mobile-header-display":"","site-post-title":"","ast-breadcrumbs-content":"","ast-featured-img":"","footer-sml-layout":"","ast-disable-related-posts":"","theme-transparent-header-meta":"default","adv-header-id-meta":"","stick-header-meta":"","header-above-stick-meta":"","header-main-stick-meta":"","header-below-stick-meta":"","astra-migrate-meta-layouts":"default","ast-page-background-enabled":"default","ast-page-background-meta":{"desktop":{"background-color":"var(--ast-global-color-4)","background-image":"","background-repeat":"repeat","background-position":"center center","background-size":"auto","background-attachment":"scroll","background-type":"","background-media":"","overlay-type":"","overlay-color":"","overlay-opacity":"","overlay-gradient":""},"tablet":{"background-color":"","background-image":"","background-repeat":"repeat","background-position":"center center","background-size":"auto","background-attachment":"scroll","background-type":"","background-media":"","overlay-type":"","overlay-color":"","overlay-opacity":"","overlay-gradient":""},"mobile":{"background-color":"","background-image":"","background-repeat":"repeat","background-position":"center center","background-size":"auto","background-attachment":"scroll","background-type":"","background-media":"","overlay-type":"","overlay-color":"","overlay-opacity":"","overlay-gradient":""}},"ast-content-background-meta":{"desktop":{"background-color":"var(--ast-global-color-5)","background-image":"","background-repeat":"repeat","background-position":"center center","background-size":"auto","background-attachment":"scroll","background-type":"","background-media":"","overlay-type":"","overlay-color":"","overlay-opacity":"","overlay-gradient":""},"tablet":{"background-color":"var(--ast-global-color-5)","background-image":"","background-repeat":"repeat","background-position":"center center","background-size":"auto","background-attachment":"scroll","background-type":"","background-media":"","overlay-type":"","overlay-color":"","overlay-opacity":"","overlay-gradient":""},"mobile":{"background-color":"var(--ast-global-color-5)","background-image":"","background-repeat":"repeat","background-position":"center center","background-size":"auto","background-attachment":"scroll","background-type":"","background-media":"","overlay-type":"","overlay-color":"","overlay-opacity":"","overlay-gradient":""}},"_themeisle_gutenberg_block_has_review":false},"product_brand":[71],"product_cat":[91,106],"product_tag":[],"class_list":{"0":"post-1085","1":"product","2":"type-product","3":"status-publish","4":"has-post-thumbnail","6":"product_brand-think-tank","7":"product_cat-estuches-y-maletas","8":"product_cat-estuches-mochilas-y-maletas-fotografia","9":"desktop-align-center","10":"tablet-align-left","11":"mobile-align-left","13":"first","14":"onbackorder","15":"purchasable","16":"product-type-simple"},"aioseo_notices":[],"jetpack_sharing_enabled":true,"_links":{"self":[{"href":"https:\/\/studio40shop.com.mx\/index.php?rest_route=\/wp\/v2\/product\/1085","targetHints":{"allow":["GET"]}}],"collection":[{"href":"https:\/\/studio40shop.com.mx\/index.php?rest_route=\/wp\/v2\/product"}],"about":[{"href":"https:\/\/studio40shop.com.mx\/index.php?rest_route=\/wp\/v2\/types\/product"}],"replies":[{"embeddable":true,"href":"https:\/\/studio40shop.com.mx\/index.php?rest_route=%2Fwp%2Fv2%2Fcomments&post=1085"}],"wp:featuredmedia":[{"embeddable":true,"href":"https:\/\/studio40shop.com.mx\/index.php?rest_route=\/wp\/v2\/media\/1086"}],"wp:attachment":[{"href":"https:\/\/studio40shop.com.mx\/index.php?rest_route=%2Fwp%2Fv2%2Fmedia&parent=1085"}],"wp:term":[{"taxonomy":"product_brand","embeddable":true,"href":"https:\/\/studio40shop.com.mx\/index.php?rest_route=%2Fwp%2Fv2%2Fproduct_brand&post=1085"},{"taxonomy":"product_cat","embeddable":true,"href":"https:\/\/studio40shop.com.mx\/index.php?rest_route=%2Fwp%2Fv2%2Fproduct_cat&post=1085"},{"taxonomy":"product_tag","embeddable":true,"href":"https:\/\/studio40shop.com.mx\/index.php?rest_route=%2Fwp%2Fv2%2Fproduct_tag&post=1085"}],"curies":[{"name":"wp","href":"https:\/\/api.w.org\/{rel}","templated":true}]}}