{"id":1093,"date":"2020-10-23T23:05:40","date_gmt":"2020-10-24T04:05:40","guid":{"rendered":"http:\/\/studio40shop.com.mx\/?product=mochila-mirrorless-mover-10-estano-think-tank"},"modified":"2021-10-21T22:43:15","modified_gmt":"2021-10-22T03:43:15","slug":"mochila-mirrorless-mover-10-estano-think-tank","status":"publish","type":"product","link":"https:\/\/studio40shop.com.mx\/?product=mochila-mirrorless-mover-10-estano-think-tank","title":{"rendered":"Mochila Mirrorless Mover 10 Esta\u00f1o Think Tank"},"content":{"rendered":"<p>CARACTER\u00cdSTICAS<br \/>\nSony a7 w \/ 35mm f \/ 2.8 (parasol invertido)Sony A6000 w \/ objetivo del kit 16-50mm unidoFuji X-E2 w \/ 18-55mm f \/ 2,8-4 adjunto (parasol Invertido)Olympus OM-D E-M5 w \/ 17mm f \/ 2.8 + 12-40mm f \/ 3.5 a 6.3<br \/>\nDimensiones interiores: 12,5 x 13,5 x 9,5 cm<br \/>\nDimensiones exteriores: 13,5 x 15,5 x 11,5 cm<br \/>\nRanura de tel\u00e9fono inteligente: 7 x 12,3 x 1,6 cm<br \/>\nPeso: 0,2 kg<br \/>\nESPECIFICACIONES<br \/>\nCompacta y ligera<br \/>\nLas Mochilas Mirrorless Mover est\u00e1n dise\u00f1ados para adaptarse a las c\u00e1maras actuales. La Mochila Mirrorless Mover 10 es compacta y lo suficientemente amplia para adaptarse a una Mirrorless o c\u00e1mara sin espejo mediana, lentes y algunos accesorios.La colecci\u00f3n de Mirrorless Mover est\u00e1 hecho con s\u00f3lo materiales de primera calidad que solo Think Tank tiene.<br \/>\nDise\u00f1ada especialmente para c\u00e1maras Mirrorless, su interior con divisiones ajustables te permite adaptar tus objetos necesarios. Fabricada con zippers YKK de alta calidad y materiales resistentes al agua.<\/p>\n","protected":false},"excerpt":{"rendered":"<p><span style=\"color:#333333;font-family:'Open Sans', 'Helvetica Neue', Helvetica, Arial, sans-serif;font-size:24px;font-weight:bold;background-color:#ffffff;\">Mochila Mirrorless Mover 10 Esta\u00f1o Think Tank<\/span><\/p>\n<p><span style=\"color:#575d63;font-family:'Open Sans', 'Helvetica Neue', Helvetica, Arial, sans-serif;font-size:12.600000381469727px;background-color:#ffffff;\">Es ideal para llevar\u00a0<\/span><span style=\"font-weight:bold;color:#575d63;font-family:'Open Sans', 'Helvetica Neue', Helvetica, Arial, sans-serif;font-size:12.600000381469727px;\">una c\u00e1mara<\/span><span style=\"color:#575d63;font-family:'Open Sans', 'Helvetica Neue', Helvetica, Arial, sans-serif;font-size:12.600000381469727px;background-color:#ffffff;\">\u00a0mirrorless con\u00a0<\/span><span style=\"font-weight:bold;color:#575d63;font-family:'Open Sans', 'Helvetica Neue', Helvetica, Arial, sans-serif;font-size:12.600000381469727px;\">dos lentes<\/span><span style=\"color:#575d63;font-family:'Open Sans', 'Helvetica Neue', Helvetica, Arial, sans-serif;font-size:12.600000381469727px;background-color:#ffffff;\">, un<\/span><span style=\"font-style:italic;color:#575d63;font-family:'Open Sans', 'Helvetica Neue', Helvetica, Arial, sans-serif;font-size:12.600000381469727px;\">\u00a0tel\u00e9fono celular y algunos accesorios<\/span><span style=\"color:#575d63;font-family:'Open Sans', 'Helvetica Neue', Helvetica, Arial, sans-serif;font-size:12.600000381469727px;background-color:#ffffff;\">\u00a0peque\u00f1os como memorias.<\/span><span style=\"color:#333333;font-family:'Open Sans', 'Helvetica Neue', Helvetica, Arial, sans-serif;font-size:24px;font-weight:bold;background-color:#ffffff;\"><\/span><\/p>\n<p><span style=\"color:#575d63;font-family:'Open Sans', 'Helvetica Neue', Helvetica, Arial, sans-serif;font-size:12.600000381469727px;background-color:#ffffff;\">**Nota: La c\u00e1mara y dem\u00e1s equipo fotogr\u00e1fico no est\u00e1 incluido.<\/span><\/p>\n","protected":false},"featured_media":1094,"comment_status":"open","ping_status":"closed","template":"","meta":{"site-sidebar-layout":"default","site-content-layout":"default","ast-site-content-layout":"default","site-content-style":"default","site-sidebar-style":"default","ast-global-header-display":"","ast-banner-title-visibility":"","ast-main-header-display":"","ast-hfb-above-header-display":"","ast-hfb-below-header-display":"","ast-hfb-mobile-header-display":"","site-post-title":"","ast-breadcrumbs-content":"","ast-featured-img":"","footer-sml-layout":"","ast-disable-related-posts":"","theme-transparent-header-meta":"default","adv-header-id-meta":"","stick-header-meta":"","header-above-stick-meta":"","header-main-stick-meta":"","header-below-stick-meta":"","astra-migrate-meta-layouts":"default","ast-page-background-enabled":"default","ast-page-background-meta":{"desktop":{"background-color":"var(--ast-global-color-4)","background-image":"","background-repeat":"repeat","background-position":"center center","background-size":"auto","background-attachment":"scroll","background-type":"","background-media":"","overlay-type":"","overlay-color":"","overlay-opacity":"","overlay-gradient":""},"tablet":{"background-color":"","background-image":"","background-repeat":"repeat","background-position":"center center","background-size":"auto","background-attachment":"scroll","background-type":"","background-media":"","overlay-type":"","overlay-color":"","overlay-opacity":"","overlay-gradient":""},"mobile":{"background-color":"","background-image":"","background-repeat":"repeat","background-position":"center center","background-size":"auto","background-attachment":"scroll","background-type":"","background-media":"","overlay-type":"","overlay-color":"","overlay-opacity":"","overlay-gradient":""}},"ast-content-background-meta":{"desktop":{"background-color":"var(--ast-global-color-5)","background-image":"","background-repeat":"repeat","background-position":"center center","background-size":"auto","background-attachment":"scroll","background-type":"","background-media":"","overlay-type":"","overlay-color":"","overlay-opacity":"","overlay-gradient":""},"tablet":{"background-color":"var(--ast-global-color-5)","background-image":"","background-repeat":"repeat","background-position":"center center","background-size":"auto","background-attachment":"scroll","background-type":"","background-media":"","overlay-type":"","overlay-color":"","overlay-opacity":"","overlay-gradient":""},"mobile":{"background-color":"var(--ast-global-color-5)","background-image":"","background-repeat":"repeat","background-position":"center center","background-size":"auto","background-attachment":"scroll","background-type":"","background-media":"","overlay-type":"","overlay-color":"","overlay-opacity":"","overlay-gradient":""}},"_themeisle_gutenberg_block_has_review":false},"product_brand":[71],"product_cat":[91,106],"product_tag":[],"class_list":{"0":"post-1093","1":"product","2":"type-product","3":"status-publish","4":"has-post-thumbnail","6":"product_brand-think-tank","7":"product_cat-estuches-y-maletas","8":"product_cat-estuches-mochilas-y-maletas-fotografia","9":"desktop-align-center","10":"tablet-align-left","11":"mobile-align-left","13":"first","14":"onbackorder","15":"purchasable","16":"product-type-simple"},"aioseo_notices":[],"jetpack_sharing_enabled":true,"_links":{"self":[{"href":"https:\/\/studio40shop.com.mx\/index.php?rest_route=\/wp\/v2\/product\/1093","targetHints":{"allow":["GET"]}}],"collection":[{"href":"https:\/\/studio40shop.com.mx\/index.php?rest_route=\/wp\/v2\/product"}],"about":[{"href":"https:\/\/studio40shop.com.mx\/index.php?rest_route=\/wp\/v2\/types\/product"}],"replies":[{"embeddable":true,"href":"https:\/\/studio40shop.com.mx\/index.php?rest_route=%2Fwp%2Fv2%2Fcomments&post=1093"}],"wp:featuredmedia":[{"embeddable":true,"href":"https:\/\/studio40shop.com.mx\/index.php?rest_route=\/wp\/v2\/media\/1094"}],"wp:attachment":[{"href":"https:\/\/studio40shop.com.mx\/index.php?rest_route=%2Fwp%2Fv2%2Fmedia&parent=1093"}],"wp:term":[{"taxonomy":"product_brand","embeddable":true,"href":"https:\/\/studio40shop.com.mx\/index.php?rest_route=%2Fwp%2Fv2%2Fproduct_brand&post=1093"},{"taxonomy":"product_cat","embeddable":true,"href":"https:\/\/studio40shop.com.mx\/index.php?rest_route=%2Fwp%2Fv2%2Fproduct_cat&post=1093"},{"taxonomy":"product_tag","embeddable":true,"href":"https:\/\/studio40shop.com.mx\/index.php?rest_route=%2Fwp%2Fv2%2Fproduct_tag&post=1093"}],"curies":[{"name":"wp","href":"https:\/\/api.w.org\/{rel}","templated":true}]}}