{"id":1099,"date":"2020-10-23T23:32:37","date_gmt":"2020-10-24T04:32:37","guid":{"rendered":"http:\/\/studio40shop.com.mx\/?product=camara-canon-6d-mark-ii-con-lente-ef-24-105mm-usm-ii"},"modified":"2022-09-21T13:48:52","modified_gmt":"2022-09-21T18:48:52","slug":"camara-canon-6d-mark-ii-con-lente-ef-24-105mm-usm-ii","status":"publish","type":"product","link":"https:\/\/studio40shop.com.mx\/?product=camara-canon-6d-mark-ii-con-lente-ef-24-105mm-usm-ii","title":{"rendered":"C\u00e1mara Canon 6D Mark II con lente EF 24-105mm USM II"},"content":{"rendered":"<p>Sensor CMOS (Full-Frame) de 26.2 Mp.<br \/>\nProcesador Digic 7 para una excelente calidad y velocidad.<br \/>\nVideo Full HD 60p, 4K \u00fanicamente con la funci\u00f3n Time-Lapse.<br \/>\nDisparo continuo de 6.5 cps.<br \/>\nDual Pixel CMOS AF.<br \/>\nPantalla t\u00e1ctil de 3\u201d de \u00e1ngulo variable con live view.<br \/>\n45 puntos de autoenfoque, todos tipo cruz.<br \/>\nISO 100-40,000 para impresionantes fotograf\u00edas nocturnas o en condiciones de poca luz.<br \/>\nPanel superior LCD y Control Dial.<br \/>\nCompatible con la l\u00ednea EF de Canon.<br \/>\nGPS integrado.<br \/>\nModo de escena autom\u00e1tica inteligente que configura la c\u00e1mara dependiendo la situaci\u00f3n de la escena.<\/p>\n","protected":false},"excerpt":{"rendered":"<p>C\u00e1mara R\u00e9flex Profesional DSLR. Video Full HD. Megapixeles 26.2.GPS, WiFi. Dual Pixel, 45 puntos de AF tipo cruz<\/p>\n<div class=\"col3 acol12 slot4\" style=\"margin: 0px; padding: 0px; border: 0px; font-size: 12px; vertical-align: baseline; background-color: transparent; width: 359.75px; float: left; font-family: 'OpticSans 201', 'Helvetica Neue', sans-serif;\">\n<div class=\"top namePartPriceContainer\" style=\"margin: 0px; padding: 0px 0px 10px; border: 0px; vertical-align: baseline; background-color: transparent;\">\n<div class=\"pdpCenterColumnProductInfo\" style=\"margin: 0px; padding: 0px; border: 0px; vertical-align: baseline; background-color: transparent;\">\n<div class=\"product_text\" style=\"margin: 0px 0px 7.1875px; padding: 0px; border: 0px; vertical-align: baseline; background-color: transparent; font-weight: bold;\">\n<p id=\"product_shortdescription_266001\" style=\"margin: 0px 35.96875px 7.1875px 0px; padding: 0px; border: 0px; font-size: inherit; vertical-align: baseline; background-color: transparent; color: #333333; line-height: inherit; font-weight: normal;\">.<\/p>\n<\/div>\n<\/div>\n<\/div>\n<\/div>\n","protected":false},"featured_media":1100,"comment_status":"open","ping_status":"closed","template":"","meta":{"site-sidebar-layout":"default","site-content-layout":"default","ast-site-content-layout":"","site-content-style":"default","site-sidebar-style":"default","ast-global-header-display":"","ast-banner-title-visibility":"","ast-main-header-display":"","ast-hfb-above-header-display":"","ast-hfb-below-header-display":"","ast-hfb-mobile-header-display":"","site-post-title":"","ast-breadcrumbs-content":"","ast-featured-img":"","footer-sml-layout":"","theme-transparent-header-meta":"default","adv-header-id-meta":"","stick-header-meta":"","header-above-stick-meta":"","header-main-stick-meta":"","header-below-stick-meta":"","astra-migrate-meta-layouts":"default","ast-page-background-enabled":"default","ast-page-background-meta":{"desktop":{"background-color":"var(--ast-global-color-4)","background-image":"","background-repeat":"repeat","background-position":"center center","background-size":"auto","background-attachment":"scroll","background-type":"","background-media":"","overlay-type":"","overlay-color":"","overlay-opacity":"","overlay-gradient":""},"tablet":{"background-color":"","background-image":"","background-repeat":"repeat","background-position":"center center","background-size":"auto","background-attachment":"scroll","background-type":"","background-media":"","overlay-type":"","overlay-color":"","overlay-opacity":"","overlay-gradient":""},"mobile":{"background-color":"","background-image":"","background-repeat":"repeat","background-position":"center center","background-size":"auto","background-attachment":"scroll","background-type":"","background-media":"","overlay-type":"","overlay-color":"","overlay-opacity":"","overlay-gradient":""}},"ast-content-background-meta":{"desktop":{"background-color":"var(--ast-global-color-5)","background-image":"","background-repeat":"repeat","background-position":"center center","background-size":"auto","background-attachment":"scroll","background-type":"","background-media":"","overlay-type":"","overlay-color":"","overlay-opacity":"","overlay-gradient":""},"tablet":{"background-color":"var(--ast-global-color-5)","background-image":"","background-repeat":"repeat","background-position":"center center","background-size":"auto","background-attachment":"scroll","background-type":"","background-media":"","overlay-type":"","overlay-color":"","overlay-opacity":"","overlay-gradient":""},"mobile":{"background-color":"var(--ast-global-color-5)","background-image":"","background-repeat":"repeat","background-position":"center center","background-size":"auto","background-attachment":"scroll","background-type":"","background-media":"","overlay-type":"","overlay-color":"","overlay-opacity":"","overlay-gradient":""}},"_themeisle_gutenberg_block_has_review":false},"product_brand":[59],"product_cat":[96],"product_tag":[],"class_list":{"0":"post-1099","1":"product","2":"type-product","3":"status-publish","4":"has-post-thumbnail","6":"product_brand-canon","7":"product_cat-camaras-de-fotografia","8":"desktop-align-center","9":"tablet-align-left","10":"mobile-align-left","12":"first","13":"instock","14":"purchasable","15":"product-type-simple"},"aioseo_notices":[],"jetpack_sharing_enabled":true,"_links":{"self":[{"href":"https:\/\/studio40shop.com.mx\/index.php?rest_route=\/wp\/v2\/product\/1099","targetHints":{"allow":["GET"]}}],"collection":[{"href":"https:\/\/studio40shop.com.mx\/index.php?rest_route=\/wp\/v2\/product"}],"about":[{"href":"https:\/\/studio40shop.com.mx\/index.php?rest_route=\/wp\/v2\/types\/product"}],"replies":[{"embeddable":true,"href":"https:\/\/studio40shop.com.mx\/index.php?rest_route=%2Fwp%2Fv2%2Fcomments&post=1099"}],"wp:featuredmedia":[{"embeddable":true,"href":"https:\/\/studio40shop.com.mx\/index.php?rest_route=\/wp\/v2\/media\/1100"}],"wp:attachment":[{"href":"https:\/\/studio40shop.com.mx\/index.php?rest_route=%2Fwp%2Fv2%2Fmedia&parent=1099"}],"wp:term":[{"taxonomy":"product_brand","embeddable":true,"href":"https:\/\/studio40shop.com.mx\/index.php?rest_route=%2Fwp%2Fv2%2Fproduct_brand&post=1099"},{"taxonomy":"product_cat","embeddable":true,"href":"https:\/\/studio40shop.com.mx\/index.php?rest_route=%2Fwp%2Fv2%2Fproduct_cat&post=1099"},{"taxonomy":"product_tag","embeddable":true,"href":"https:\/\/studio40shop.com.mx\/index.php?rest_route=%2Fwp%2Fv2%2Fproduct_tag&post=1099"}],"curies":[{"name":"wp","href":"https:\/\/api.w.org\/{rel}","templated":true}]}}