{"id":1147,"date":"2020-10-24T01:50:15","date_gmt":"2020-10-24T01:50:15","guid":{"rendered":"http:\/\/studio40shop.com.mx\/?product=camara-canon-m50-ef-m-15-45mm"},"modified":"2022-11-01T19:18:15","modified_gmt":"2022-11-02T00:18:15","slug":"camara-canon-m50-ef-m-15-45mm","status":"publish","type":"product","link":"https:\/\/studio40shop.com.mx\/?product=camara-canon-m50-ef-m-15-45mm","title":{"rendered":"C\u00e1mara Canon M50 EF-M 15-45mm"},"content":{"rendered":"<p>La EOS M50 es una c\u00e1mara compacta de lentes intercambiables ideal para fot\u00f3grafos que buscan una manera f\u00e1cil de elevar la calidad de sus fotograf\u00edas y videos. Con una capacidad de grabaci\u00f3n de video en 4K UHD de 24p, usted puede capturar detalles incre\u00edbles y momentos inolvidables en cualquier lugar al que sus aventuras lo lleven.<\/p>\n<p>Capture fotograf\u00edas llamativas con colores vivos gracias el sensor CMOS (APS-C) de 24.1 megap\u00edxeles, usando el visor electr\u00f3nico o la pantalla LCD t\u00e1ctil de \u00e1ngulo variable integrados.<\/p>\n<p>Gracias al sistema de AF del CMOS de P\u00edxeles Duales, r\u00e1pido y mejorado, puede realizar el enfoque al sujeto r\u00e1pidamente.<\/p>\n<p>CARACTER\u00cdSTICAS<\/p>\n<p>C\u00e1mara EOS M50, con 24.1 Mega Pixeles. Sensor APS-C CMOS.<\/p>\n<p>ISO 100-25600<\/p>\n<p>Calidad 4k (Full HD &#8211; HD)<\/p>\n<p>Procesador de Imagen Digic 8<\/p>\n<p>Tarjetas de memoria: SD \/ SDHC \/ SDXC<\/p>\n<p>Tecnolog\u00eda WiFi \/ Bluetooth \/ NFC<\/p>\n<p>Grabaci\u00f3n en formato MP4<\/p>\n<p>Foco Autom\u00e1tico: Videos 4k \/ Tecnolog\u00eda Dual Pixel<\/p>\n<p>Puntos de enfoque: 143 y 99 de tipo cruz<\/p>\n<p>Pantalla t\u00e1ctil LCD de \u00e1ngulo variable.<\/p>\n<p>Visor electr\u00f3nico<\/p>\n","protected":false},"excerpt":{"rendered":"<p>Capture fotograf\u00edas llamativas con colores vivos gracias el sensor CMOS (APS-C) de 24.1 megap\u00edxeles, usando el visor electr\u00f3nico o la pantalla LCD t\u00e1ctil de \u00e1ngulo variable integrados.<\/p>\n","protected":false},"featured_media":1148,"comment_status":"open","ping_status":"closed","template":"","meta":{"site-sidebar-layout":"default","site-content-layout":"default","ast-site-content-layout":"default","site-content-style":"default","site-sidebar-style":"default","ast-global-header-display":"","ast-banner-title-visibility":"","ast-main-header-display":"","ast-hfb-above-header-display":"","ast-hfb-below-header-display":"","ast-hfb-mobile-header-display":"","site-post-title":"","ast-breadcrumbs-content":"","ast-featured-img":"","footer-sml-layout":"","ast-disable-related-posts":"","theme-transparent-header-meta":"default","adv-header-id-meta":"","stick-header-meta":"","header-above-stick-meta":"","header-main-stick-meta":"","header-below-stick-meta":"","astra-migrate-meta-layouts":"default","ast-page-background-enabled":"default","ast-page-background-meta":{"desktop":{"background-color":"var(--ast-global-color-4)","background-image":"","background-repeat":"repeat","background-position":"center center","background-size":"auto","background-attachment":"scroll","background-type":"","background-media":"","overlay-type":"","overlay-color":"","overlay-opacity":"","overlay-gradient":""},"tablet":{"background-color":"","background-image":"","background-repeat":"repeat","background-position":"center center","background-size":"auto","background-attachment":"scroll","background-type":"","background-media":"","overlay-type":"","overlay-color":"","overlay-opacity":"","overlay-gradient":""},"mobile":{"background-color":"","background-image":"","background-repeat":"repeat","background-position":"center center","background-size":"auto","background-attachment":"scroll","background-type":"","background-media":"","overlay-type":"","overlay-color":"","overlay-opacity":"","overlay-gradient":""}},"ast-content-background-meta":{"desktop":{"background-color":"var(--ast-global-color-5)","background-image":"","background-repeat":"repeat","background-position":"center center","background-size":"auto","background-attachment":"scroll","background-type":"","background-media":"","overlay-type":"","overlay-color":"","overlay-opacity":"","overlay-gradient":""},"tablet":{"background-color":"var(--ast-global-color-5)","background-image":"","background-repeat":"repeat","background-position":"center center","background-size":"auto","background-attachment":"scroll","background-type":"","background-media":"","overlay-type":"","overlay-color":"","overlay-opacity":"","overlay-gradient":""},"mobile":{"background-color":"var(--ast-global-color-5)","background-image":"","background-repeat":"repeat","background-position":"center center","background-size":"auto","background-attachment":"scroll","background-type":"","background-media":"","overlay-type":"","overlay-color":"","overlay-opacity":"","overlay-gradient":""}},"_themeisle_gutenberg_block_has_review":false},"product_brand":[59],"product_cat":[96],"product_tag":[556,559,30,558,557],"class_list":{"0":"post-1147","1":"product","2":"type-product","3":"status-publish","4":"has-post-thumbnail","6":"product_brand-canon","7":"product_cat-camaras-de-fotografia","8":"product_tag-camara-canon","9":"product_tag-camara-fotografica","10":"product_tag-canon","11":"product_tag-canon-m50","12":"product_tag-m50","13":"desktop-align-center","14":"tablet-align-left","15":"mobile-align-left","17":"first","18":"instock","19":"sale","20":"purchasable","21":"product-type-simple"},"aioseo_notices":[],"jetpack_sharing_enabled":true,"_links":{"self":[{"href":"https:\/\/studio40shop.com.mx\/index.php?rest_route=\/wp\/v2\/product\/1147","targetHints":{"allow":["GET"]}}],"collection":[{"href":"https:\/\/studio40shop.com.mx\/index.php?rest_route=\/wp\/v2\/product"}],"about":[{"href":"https:\/\/studio40shop.com.mx\/index.php?rest_route=\/wp\/v2\/types\/product"}],"replies":[{"embeddable":true,"href":"https:\/\/studio40shop.com.mx\/index.php?rest_route=%2Fwp%2Fv2%2Fcomments&post=1147"}],"wp:featuredmedia":[{"embeddable":true,"href":"https:\/\/studio40shop.com.mx\/index.php?rest_route=\/wp\/v2\/media\/1148"}],"wp:attachment":[{"href":"https:\/\/studio40shop.com.mx\/index.php?rest_route=%2Fwp%2Fv2%2Fmedia&parent=1147"}],"wp:term":[{"taxonomy":"product_brand","embeddable":true,"href":"https:\/\/studio40shop.com.mx\/index.php?rest_route=%2Fwp%2Fv2%2Fproduct_brand&post=1147"},{"taxonomy":"product_cat","embeddable":true,"href":"https:\/\/studio40shop.com.mx\/index.php?rest_route=%2Fwp%2Fv2%2Fproduct_cat&post=1147"},{"taxonomy":"product_tag","embeddable":true,"href":"https:\/\/studio40shop.com.mx\/index.php?rest_route=%2Fwp%2Fv2%2Fproduct_tag&post=1147"}],"curies":[{"name":"wp","href":"https:\/\/api.w.org\/{rel}","templated":true}]}}