{"id":1157,"date":"2020-10-24T02:02:14","date_gmt":"2020-10-24T07:02:14","guid":{"rendered":"http:\/\/studio40shop.com.mx\/?product=lente-canon-ef-50mm-f1-2l-usm-estandar"},"modified":"2021-10-21T22:38:50","modified_gmt":"2021-10-22T03:38:50","slug":"lente-canon-ef-50mm-f1-2l-usm-estandar","status":"publish","type":"product","link":"https:\/\/studio40shop.com.mx\/?product=lente-canon-ef-50mm-f1-2l-usm-estandar","title":{"rendered":"Lente Canon EF 50mm F\/1.2L USM | Est\u00e1ndar"},"content":{"rendered":"<p>Los revestimientos Super Spectra del lente y la forma de sus elementos eliminan los brillos y las im\u00e1genes fantasma que suelen aparecer con las c\u00e1maras digitales como consecuencia del reflejo de la luz en el sensor de imagen. Estos permiten obtener equilibrio de color verdadero y aumentar el contraste, consigui\u00e9ndose im\u00e1genes intensas de gran fidelidad.<br \/>\nCon el diafragma m\u00e1s luminoso de todos los lentes de la gama, el extraordinariamente r\u00e1pido EF 50mm f\/1.2L USM ofrece unas excelentes prestaciones en situaciones de poca luz, lo que hace que sea la opci\u00f3n ideal para los reporteros gr\u00e1ficos que desean poder controlar la profundidad de campo o hacer fotograf\u00edas de interior sin necesidad de flash.<br \/>\nMontura EF<br \/>\nLa montura EF tiene como funci\u00f3n principal servir de conducto para la comunicaci\u00f3n entre el lente y la c\u00e1mara, adem\u00e1s hace posible el autoenfoque de alta velocidad y permite el control preciso de la abertura y previsualizaci\u00f3n. Desde ahora olvida limitantes por ruido operacional, abrasi\u00f3n, necesidades de lubricaci\u00f3n, respuesta lenta, entre otros.<br \/>\nGran diafragma f\/1.2<br \/>\nSu luminoso diafragma m\u00e1ximo de f\/1.2 proporciona una velocidad sobresaliente en condiciones de disparo con poca luz sin tener que utilizar el flash. Su amplio diafragma tambi\u00e9n permite controlar con precisi\u00f3n la profundidad de campo.<br \/>\nExcelente &#8220;bokeh&#8221; de fondo<br \/>\nSu apertura circular permite crear un atractivo &#8220;bokeh&#8221; de fondo uniforme que es ideal para aislar los sujetos cuando se utilizan diafragmas grandes o para fotografiar retratos apasionantes.<br \/>\nCalidad de la Serie L<br \/>\nEl EF 50mm f\/1.2L USM incorpora los est\u00e1ndares m\u00e1s elevados de \u00f3ptica de precisi\u00f3n de Canon. La serie L es la insignia de la gama de lentes profesionales de Canon, pues combina un rendimiento en imagen sobresaliente y un manejo insuperable con una construcci\u00f3n resistente al polvo y la humedad.<br \/>\nEnv\u00eda la informaci\u00f3n sobre la distancia al E-TTL II<br \/>\nEl lente env\u00eda la informaci\u00f3n de la distancia al sistema de flash E-TTL II de las c\u00e1maras EOS con el fin de garantizar la medici\u00f3n \u00f3ptima del flash.<br \/>\nAUTOFOCO R\u00c1PIDO Y SILENCIOSO (USM &#8211; MOTOR ULTRAS\u00d3NICO)<br \/>\nSu anillo de motor ultras\u00f3nico (USM) utiliza las vibraciones de frecuencia ultras\u00f3nica para obtener el enfoque autom\u00e1tico (AF) de una manera extremadamente r\u00e1pida y pr\u00e1cticamente en silencio. Una CPU de gran velocidad y un algoritmo AF mejorado permiten obtener el enfoque autom\u00e1tico a\u00fan m\u00e1s r\u00e1pido y preciso.<br \/>\nEspecificaciones t\u00e9cnicas<br \/>\n\u00c1ngulo de visi\u00f3n (horizontal, vertical, diagonal)<br \/>\n40\u00ba27\u00ba46\u00ba<br \/>\nConstrucci\u00f3n del objetivo (elementos\/grupos)<br \/>\n8\/6<br \/>\nN\u00ba de hojas del diafragma<br \/>\n8<br \/>\nAbertura m\u00ednima<br \/>\n16<br \/>\nN\u00ba de hojas del diafragma<br \/>\n7 (Circular)<br \/>\nDistancia m\u00ednima de enfoque (m)<br \/>\n0.45<br \/>\nAumento m\u00e1ximo (x)<br \/>\n0.15<br \/>\nInformaci\u00f3n de la distancia<br \/>\nS\u00ed<br \/>\nEstabilizador de imagen<br \/>\nNo<br \/>\nMotor para el AF<br \/>\nUSM\u00b9 de anillo<br \/>\nEspecificaciones F\u00edsicas<br \/>\nDi\u00e1metro del filtro (mm)<br \/>\n72<br \/>\nM\u00e1x. di\u00e1metro x longitud (mm)<br \/>\n85.8 x 65.5<br \/>\nPeso (gr)<br \/>\n580<br \/>\nAumento con el tubo de extensi\u00f3n EF12 II<br \/>\n0.39 &#8211; 0.24<br \/>\nAumento con el tubo de extensi\u00f3n EF25 II<br \/>\n0.67 &#8211; 0.53<br \/>\nAccesorios<br \/>\nTapa de objetivo<br \/>\nE-72U \/ E-72II<br \/>\nParasol<br \/>\nES-78<br \/>\nEstuche para el objetivo<br \/>\nLP1214<br \/>\nTeleconvertidores EF 1,4x II y EF 2x II<br \/>\nNo compatible<\/p>\n","protected":false},"excerpt":{"rendered":"<p>Lente Canon EF 50mm F\/1.2L USM | Est\u00e1ndar \u00a0<span style=\"color:#333333;font-family:'OpticSans 201', 'Helvetica Neue', sans-serif;font-size:12px;\">Con el diafragma m\u00e1s luminoso de todos los objetivos de la gama, el extraordinariamente r\u00e1pido EF 50mm f\/1,2L USM ofrece unas excelentes prestaciones en situaciones de poca luz.<\/span><\/p>\n","protected":false},"featured_media":1158,"comment_status":"open","ping_status":"closed","template":"","meta":{"site-sidebar-layout":"default","site-content-layout":"default","ast-site-content-layout":"default","site-content-style":"default","site-sidebar-style":"default","ast-global-header-display":"","ast-banner-title-visibility":"","ast-main-header-display":"","ast-hfb-above-header-display":"","ast-hfb-below-header-display":"","ast-hfb-mobile-header-display":"","site-post-title":"","ast-breadcrumbs-content":"","ast-featured-img":"","footer-sml-layout":"","ast-disable-related-posts":"","theme-transparent-header-meta":"default","adv-header-id-meta":"","stick-header-meta":"","header-above-stick-meta":"","header-main-stick-meta":"","header-below-stick-meta":"","astra-migrate-meta-layouts":"default","ast-page-background-enabled":"default","ast-page-background-meta":{"desktop":{"background-color":"var(--ast-global-color-4)","background-image":"","background-repeat":"repeat","background-position":"center center","background-size":"auto","background-attachment":"scroll","background-type":"","background-media":"","overlay-type":"","overlay-color":"","overlay-opacity":"","overlay-gradient":""},"tablet":{"background-color":"","background-image":"","background-repeat":"repeat","background-position":"center center","background-size":"auto","background-attachment":"scroll","background-type":"","background-media":"","overlay-type":"","overlay-color":"","overlay-opacity":"","overlay-gradient":""},"mobile":{"background-color":"","background-image":"","background-repeat":"repeat","background-position":"center center","background-size":"auto","background-attachment":"scroll","background-type":"","background-media":"","overlay-type":"","overlay-color":"","overlay-opacity":"","overlay-gradient":""}},"ast-content-background-meta":{"desktop":{"background-color":"var(--ast-global-color-5)","background-image":"","background-repeat":"repeat","background-position":"center center","background-size":"auto","background-attachment":"scroll","background-type":"","background-media":"","overlay-type":"","overlay-color":"","overlay-opacity":"","overlay-gradient":""},"tablet":{"background-color":"var(--ast-global-color-5)","background-image":"","background-repeat":"repeat","background-position":"center center","background-size":"auto","background-attachment":"scroll","background-type":"","background-media":"","overlay-type":"","overlay-color":"","overlay-opacity":"","overlay-gradient":""},"mobile":{"background-color":"var(--ast-global-color-5)","background-image":"","background-repeat":"repeat","background-position":"center center","background-size":"auto","background-attachment":"scroll","background-type":"","background-media":"","overlay-type":"","overlay-color":"","overlay-opacity":"","overlay-gradient":""}},"_themeisle_gutenberg_block_has_review":false},"product_brand":[59],"product_cat":[97],"product_tag":[],"class_list":{"0":"post-1157","1":"product","2":"type-product","3":"status-publish","4":"has-post-thumbnail","6":"product_brand-canon","7":"product_cat-objetivos-fotografia","8":"desktop-align-center","9":"tablet-align-left","10":"mobile-align-left","12":"first","13":"onbackorder","14":"purchasable","15":"product-type-simple"},"aioseo_notices":[],"jetpack_sharing_enabled":true,"_links":{"self":[{"href":"https:\/\/studio40shop.com.mx\/index.php?rest_route=\/wp\/v2\/product\/1157","targetHints":{"allow":["GET"]}}],"collection":[{"href":"https:\/\/studio40shop.com.mx\/index.php?rest_route=\/wp\/v2\/product"}],"about":[{"href":"https:\/\/studio40shop.com.mx\/index.php?rest_route=\/wp\/v2\/types\/product"}],"replies":[{"embeddable":true,"href":"https:\/\/studio40shop.com.mx\/index.php?rest_route=%2Fwp%2Fv2%2Fcomments&post=1157"}],"wp:featuredmedia":[{"embeddable":true,"href":"https:\/\/studio40shop.com.mx\/index.php?rest_route=\/wp\/v2\/media\/1158"}],"wp:attachment":[{"href":"https:\/\/studio40shop.com.mx\/index.php?rest_route=%2Fwp%2Fv2%2Fmedia&parent=1157"}],"wp:term":[{"taxonomy":"product_brand","embeddable":true,"href":"https:\/\/studio40shop.com.mx\/index.php?rest_route=%2Fwp%2Fv2%2Fproduct_brand&post=1157"},{"taxonomy":"product_cat","embeddable":true,"href":"https:\/\/studio40shop.com.mx\/index.php?rest_route=%2Fwp%2Fv2%2Fproduct_cat&post=1157"},{"taxonomy":"product_tag","embeddable":true,"href":"https:\/\/studio40shop.com.mx\/index.php?rest_route=%2Fwp%2Fv2%2Fproduct_tag&post=1157"}],"curies":[{"name":"wp","href":"https:\/\/api.w.org\/{rel}","templated":true}]}}