{"id":1159,"date":"2020-10-24T02:08:26","date_gmt":"2020-10-24T07:08:26","guid":{"rendered":"http:\/\/studio40shop.com.mx\/?product=lente-canon-ef-85mm-f1-4l-is-usm"},"modified":"2021-10-21T22:37:53","modified_gmt":"2021-10-22T03:37:53","slug":"lente-canon-ef-85mm-f1-4l-is-usm","status":"publish","type":"product","link":"https:\/\/studio40shop.com.mx\/?product=lente-canon-ef-85mm-f1-4l-is-usm","title":{"rendered":"Lente Canon EF 85mm f\/1.4L IS USM"},"content":{"rendered":"<p>EF 85mm f\/1.4L IS USM<br \/>\nPrimer lente de la serie L de 85mm con (IS) Estabilizador de imagen.<br \/>\nApertura de f\/1.4.<br \/>\n(ASC) Tecnolog\u00eda de recubrimiento antirreflectante, ayuda a suprimir las luces par\u00e1sitas y el velo \u00f3ptico.<br \/>\nTecnolog\u00eda USM (motor ultras\u00f3nico) sistema AF r\u00e1pido y silencioso.<br \/>\nEstabilizador de imagen de 4 pasos.<br \/>\n14 elementos en 10 grupos.<br \/>\nApertura circular de 9 hojas.<br \/>\nDistancia m\u00ednima de enfoque: 85 cm.<br \/>\nResistente al agua y al polvo con recubrimiento de fl\u00faor.<\/p>\n","protected":false},"excerpt":{"rendered":"<h1 style=\"color:#ee0000;padding:0px;margin:0px;border:0px;font-size:26px;vertical-align:baseline;background-color:transparent;font-family:'OpticSans 201', 'Helvetica Neue', sans-serif;\"><span style=\"margin:0px;padding:0px;border:0px;vertical-align:baseline;background-color:transparent;\">Lente Canon EF 85mm f\/1.4L IS USM\u00a0<\/span><span style=\"color:#333333;font-size:12px;\">Estabilizador de imagen. Motor ultras\u00f3nico para un enfoque veloz y silencioso. Resistente al polvo y salpicaduras. Se especializa en fotograf\u00eda de retrato y producto<\/span><\/h1>\n","protected":false},"featured_media":1160,"comment_status":"open","ping_status":"closed","template":"","meta":{"site-sidebar-layout":"default","site-content-layout":"default","ast-site-content-layout":"default","site-content-style":"default","site-sidebar-style":"default","ast-global-header-display":"","ast-banner-title-visibility":"","ast-main-header-display":"","ast-hfb-above-header-display":"","ast-hfb-below-header-display":"","ast-hfb-mobile-header-display":"","site-post-title":"","ast-breadcrumbs-content":"","ast-featured-img":"","footer-sml-layout":"","ast-disable-related-posts":"","theme-transparent-header-meta":"default","adv-header-id-meta":"","stick-header-meta":"","header-above-stick-meta":"","header-main-stick-meta":"","header-below-stick-meta":"","astra-migrate-meta-layouts":"default","ast-page-background-enabled":"default","ast-page-background-meta":{"desktop":{"background-color":"var(--ast-global-color-4)","background-image":"","background-repeat":"repeat","background-position":"center center","background-size":"auto","background-attachment":"scroll","background-type":"","background-media":"","overlay-type":"","overlay-color":"","overlay-opacity":"","overlay-gradient":""},"tablet":{"background-color":"","background-image":"","background-repeat":"repeat","background-position":"center center","background-size":"auto","background-attachment":"scroll","background-type":"","background-media":"","overlay-type":"","overlay-color":"","overlay-opacity":"","overlay-gradient":""},"mobile":{"background-color":"","background-image":"","background-repeat":"repeat","background-position":"center center","background-size":"auto","background-attachment":"scroll","background-type":"","background-media":"","overlay-type":"","overlay-color":"","overlay-opacity":"","overlay-gradient":""}},"ast-content-background-meta":{"desktop":{"background-color":"var(--ast-global-color-5)","background-image":"","background-repeat":"repeat","background-position":"center center","background-size":"auto","background-attachment":"scroll","background-type":"","background-media":"","overlay-type":"","overlay-color":"","overlay-opacity":"","overlay-gradient":""},"tablet":{"background-color":"var(--ast-global-color-5)","background-image":"","background-repeat":"repeat","background-position":"center center","background-size":"auto","background-attachment":"scroll","background-type":"","background-media":"","overlay-type":"","overlay-color":"","overlay-opacity":"","overlay-gradient":""},"mobile":{"background-color":"var(--ast-global-color-5)","background-image":"","background-repeat":"repeat","background-position":"center center","background-size":"auto","background-attachment":"scroll","background-type":"","background-media":"","overlay-type":"","overlay-color":"","overlay-opacity":"","overlay-gradient":""}},"_themeisle_gutenberg_block_has_review":false},"product_brand":[59],"product_cat":[97],"product_tag":[],"class_list":{"0":"post-1159","1":"product","2":"type-product","3":"status-publish","4":"has-post-thumbnail","6":"product_brand-canon","7":"product_cat-objetivos-fotografia","8":"desktop-align-center","9":"tablet-align-left","10":"mobile-align-left","12":"first","13":"onbackorder","14":"purchasable","15":"product-type-simple"},"aioseo_notices":[],"jetpack_sharing_enabled":true,"_links":{"self":[{"href":"https:\/\/studio40shop.com.mx\/index.php?rest_route=\/wp\/v2\/product\/1159","targetHints":{"allow":["GET"]}}],"collection":[{"href":"https:\/\/studio40shop.com.mx\/index.php?rest_route=\/wp\/v2\/product"}],"about":[{"href":"https:\/\/studio40shop.com.mx\/index.php?rest_route=\/wp\/v2\/types\/product"}],"replies":[{"embeddable":true,"href":"https:\/\/studio40shop.com.mx\/index.php?rest_route=%2Fwp%2Fv2%2Fcomments&post=1159"}],"wp:featuredmedia":[{"embeddable":true,"href":"https:\/\/studio40shop.com.mx\/index.php?rest_route=\/wp\/v2\/media\/1160"}],"wp:attachment":[{"href":"https:\/\/studio40shop.com.mx\/index.php?rest_route=%2Fwp%2Fv2%2Fmedia&parent=1159"}],"wp:term":[{"taxonomy":"product_brand","embeddable":true,"href":"https:\/\/studio40shop.com.mx\/index.php?rest_route=%2Fwp%2Fv2%2Fproduct_brand&post=1159"},{"taxonomy":"product_cat","embeddable":true,"href":"https:\/\/studio40shop.com.mx\/index.php?rest_route=%2Fwp%2Fv2%2Fproduct_cat&post=1159"},{"taxonomy":"product_tag","embeddable":true,"href":"https:\/\/studio40shop.com.mx\/index.php?rest_route=%2Fwp%2Fv2%2Fproduct_tag&post=1159"}],"curies":[{"name":"wp","href":"https:\/\/api.w.org\/{rel}","templated":true}]}}