{"id":1178,"date":"2020-10-24T19:30:38","date_gmt":"2020-10-25T00:30:38","guid":{"rendered":"http:\/\/studio40shop.com.mx\/?product=lente-canon-ef-50mm-f1-8-stm-estandar"},"modified":"2021-10-21T14:15:44","modified_gmt":"2021-10-21T19:15:44","slug":"lente-canon-ef-50mm-f1-8-stm-estandar","status":"publish","type":"product","link":"https:\/\/studio40shop.com.mx\/?product=lente-canon-ef-50mm-f1-8-stm-estandar","title":{"rendered":"Lente Canon EF 50mm F\/1.8 STM | Est\u00e1ndar"},"content":{"rendered":"<p>Fotograf\u00eda art\u00edstica e impactanteLa amplia abertura f\/1,8 del EF 50 mm f\/1,8 STM proporciona la capacidad de enfocar el motivo con gran nitidez y desenfocar el fondo. Los fot\u00f3grafos denominan este efecto como \u00abprofundidad de campo estrecha\u00bb y hace que el motivo destaque, por lo que resulta excelente para retratos, ya que las personas se convierten en el claro punto de enfoque de la fotograf\u00eda.Deja que entre m\u00e1s luzLa amplia abertura f\/1,8 permite que entre 8 veces m\u00e1s cantidad de luz que con el objetivo zoom est\u00e1ndar que se suministra con tu EOS*. Esto da como resultado im\u00e1genes m\u00e1s n\u00edtidas con menos desenfoque de movimiento y menor necesidad de utilizar el flash en situaciones de luz tenue, para que puedas captar f\u00e1cilmente la atm\u00f3sfera de un entorno con poca luz.<br \/>\nFant\u00e1stico objetivo para retratos<br \/>\nEnfoque r\u00e1pido y pr\u00e1cticamente silencioso<br \/>\nGran rendimiento con poca luz<br \/>\nIm\u00e1genes con gran nitidez<br \/>\nDise\u00f1o compacto y ligero<br \/>\nEF 50mmf\/1.8 STM<br \/>\nleftright<br \/>\nLogra un gran impacto con fotograf\u00edas art\u00edsticas n\u00edtidas, gracias a la amplia apertura del objetivo EF 50mm f\/1.8 STM<br \/>\nEl lente EF 50 mm f\/1.8 STM es ideal para:<br \/>\nRetratos<br \/>\nPerfecto para captar expresiones faciales de amigos y familiares.<br \/>\nPoca luz<br \/>\nIdeal para capturar paisajes oscuros, fuegos artificiales o interiores.<br \/>\nVida diaria<br \/>\nCaptura la vida tal como ocurre frente a ti.<br \/>\nM\u00e1s luz para tus fotograf\u00edas<br \/>\nCaptura f\u00e1cilmente en entorno con poca luz, gracias a la amplia apertura f\/1.8, obtendr\u00e1s im\u00e1genes m\u00e1s n\u00edtidas y con menos desenfoque de movimiento.<br \/>\nEnfoque n\u00edtido y silencioso<br \/>\nGracias al enfoque r\u00e1pido de la tecnolog\u00eda STM (motor de pasos), podr\u00e1s atr\u00e9vete a crear videos de gran calidad con un enfoque continuo y estable, adem\u00e1s de ser incre\u00edblemente silencioso, perfecto para tomas de video.<br \/>\nFotograf\u00eda art\u00edstica que impacta<br \/>\nSu amplia apertura proporciona la capacidad de enfocar el objetivo con gran nitidez y desenfocar el fondo. Un efecto de &#8220;profundidad de campo estrecha&#8221; que resaltar\u00e1 tu sujeto a fotografiar.<br \/>\nPerspectiva similar al ojo humano<br \/>\nSu tama\u00f1o compacto y distancia focal de 50 mm hacen al objetivo EF 50 mm f\/1.8 STM perfecto para poder utilizarlo en tu vida diaria, incluyendo retratos y paisaje.<br \/>\nUN CL\u00c1SICO RENACIDO<br \/>\nEl objetivo EF 50 mm f\/1.8 STM sustituye al muy conocido objetivo EF 50 mm f\/1.8 II, ofreciendo la misma calidad fotogr\u00e1fica, pero con un motor mucho m\u00e1s r\u00e1pido de enfoque, casi imperceptible y un dise\u00f1o m\u00e1s s\u00f3lido.<br \/>\nEspecificaciones t\u00e9cnicas<br \/>\n\u00c1ngulo de visi\u00f3n (horizontal, vertical, diagonal) 40\u00ba, 27\u00ba, 46\u00ba<br \/>\nConstrucci\u00f3n del objetivo (elementos\/grupos) 6\/5<br \/>\nN\u00ba de hojas del diafragma 7<br \/>\nAbertura m\u00ednima 221<br \/>\nDistancia m\u00ednima de enfoque (m) 0.35<br \/>\nAumento m\u00e1ximo (x) 0.21<br \/>\nInformaci\u00f3n de la distancia si<br \/>\nMotor para el AF STM<br \/>\nF\u00edsicas<br \/>\nDi\u00e1metro del filtro (mm) 49<br \/>\nM\u00e1x. di\u00e1metro x longitud (mm) 69.2 x 39.3<br \/>\nPeso (gr) 160<br \/>\nAccesorios<br \/>\nTapa de objetivo E-49<br \/>\nParasol ES-68<br \/>\nEstuche para el objetivo LP1014<br \/>\nTapa posterior<br \/>\nTapa posterior de objetivo E<br \/>\nTubo de extensi\u00f3n de aumento EF12 II 0.45-0.24<br \/>\nTubo de extensi\u00f3n de aumento EF25 II 0.74-0.53<\/p>\n","protected":false},"excerpt":{"rendered":"<h1 style=\"color:#ee0000;padding:0px;margin:0px;border:0px;font-size:26px;vertical-align:baseline;background-color:transparent;font-family:'OpticSans 201', 'Helvetica Neue', sans-serif;\"><span style=\"margin:0px;padding:0px;border:0px;vertical-align:baseline;background-color:transparent;\">Lente Canon EF 50mm F\/1.8 STM | Est\u00e1ndar\u00a0<\/span><span style=\"color:#333333;font-size:12px;\">Enfoque suave y silencioso. Perfecto para retrato. Se recomienda para c\u00e1maras EOS con sensor APS-C.<\/span><\/h1>\n","protected":false},"featured_media":1179,"comment_status":"open","ping_status":"closed","template":"","meta":{"site-sidebar-layout":"default","site-content-layout":"default","ast-site-content-layout":"default","site-content-style":"default","site-sidebar-style":"default","ast-global-header-display":"","ast-banner-title-visibility":"","ast-main-header-display":"","ast-hfb-above-header-display":"","ast-hfb-below-header-display":"","ast-hfb-mobile-header-display":"","site-post-title":"","ast-breadcrumbs-content":"","ast-featured-img":"","footer-sml-layout":"","ast-disable-related-posts":"","theme-transparent-header-meta":"default","adv-header-id-meta":"","stick-header-meta":"","header-above-stick-meta":"","header-main-stick-meta":"","header-below-stick-meta":"","astra-migrate-meta-layouts":"default","ast-page-background-enabled":"default","ast-page-background-meta":{"desktop":{"background-color":"var(--ast-global-color-4)","background-image":"","background-repeat":"repeat","background-position":"center center","background-size":"auto","background-attachment":"scroll","background-type":"","background-media":"","overlay-type":"","overlay-color":"","overlay-opacity":"","overlay-gradient":""},"tablet":{"background-color":"","background-image":"","background-repeat":"repeat","background-position":"center center","background-size":"auto","background-attachment":"scroll","background-type":"","background-media":"","overlay-type":"","overlay-color":"","overlay-opacity":"","overlay-gradient":""},"mobile":{"background-color":"","background-image":"","background-repeat":"repeat","background-position":"center center","background-size":"auto","background-attachment":"scroll","background-type":"","background-media":"","overlay-type":"","overlay-color":"","overlay-opacity":"","overlay-gradient":""}},"ast-content-background-meta":{"desktop":{"background-color":"var(--ast-global-color-5)","background-image":"","background-repeat":"repeat","background-position":"center center","background-size":"auto","background-attachment":"scroll","background-type":"","background-media":"","overlay-type":"","overlay-color":"","overlay-opacity":"","overlay-gradient":""},"tablet":{"background-color":"var(--ast-global-color-5)","background-image":"","background-repeat":"repeat","background-position":"center center","background-size":"auto","background-attachment":"scroll","background-type":"","background-media":"","overlay-type":"","overlay-color":"","overlay-opacity":"","overlay-gradient":""},"mobile":{"background-color":"var(--ast-global-color-5)","background-image":"","background-repeat":"repeat","background-position":"center center","background-size":"auto","background-attachment":"scroll","background-type":"","background-media":"","overlay-type":"","overlay-color":"","overlay-opacity":"","overlay-gradient":""}},"_themeisle_gutenberg_block_has_review":false},"product_brand":[59],"product_cat":[97],"product_tag":[],"class_list":{"0":"post-1178","1":"product","2":"type-product","3":"status-publish","4":"has-post-thumbnail","6":"product_brand-canon","7":"product_cat-objetivos-fotografia","8":"desktop-align-center","9":"tablet-align-left","10":"mobile-align-left","12":"first","13":"onbackorder","14":"purchasable","15":"product-type-simple"},"aioseo_notices":[],"jetpack_sharing_enabled":true,"_links":{"self":[{"href":"https:\/\/studio40shop.com.mx\/index.php?rest_route=\/wp\/v2\/product\/1178","targetHints":{"allow":["GET"]}}],"collection":[{"href":"https:\/\/studio40shop.com.mx\/index.php?rest_route=\/wp\/v2\/product"}],"about":[{"href":"https:\/\/studio40shop.com.mx\/index.php?rest_route=\/wp\/v2\/types\/product"}],"replies":[{"embeddable":true,"href":"https:\/\/studio40shop.com.mx\/index.php?rest_route=%2Fwp%2Fv2%2Fcomments&post=1178"}],"wp:featuredmedia":[{"embeddable":true,"href":"https:\/\/studio40shop.com.mx\/index.php?rest_route=\/wp\/v2\/media\/1179"}],"wp:attachment":[{"href":"https:\/\/studio40shop.com.mx\/index.php?rest_route=%2Fwp%2Fv2%2Fmedia&parent=1178"}],"wp:term":[{"taxonomy":"product_brand","embeddable":true,"href":"https:\/\/studio40shop.com.mx\/index.php?rest_route=%2Fwp%2Fv2%2Fproduct_brand&post=1178"},{"taxonomy":"product_cat","embeddable":true,"href":"https:\/\/studio40shop.com.mx\/index.php?rest_route=%2Fwp%2Fv2%2Fproduct_cat&post=1178"},{"taxonomy":"product_tag","embeddable":true,"href":"https:\/\/studio40shop.com.mx\/index.php?rest_route=%2Fwp%2Fv2%2Fproduct_tag&post=1178"}],"curies":[{"name":"wp","href":"https:\/\/api.w.org\/{rel}","templated":true}]}}