{"id":1181,"date":"2020-10-24T19:37:12","date_gmt":"2020-10-25T00:37:12","guid":{"rendered":"http:\/\/studio40shop.com.mx\/?product=lente-canon-ef-35mm-f2-is-usm-gran-angular"},"modified":"2021-10-21T14:12:12","modified_gmt":"2021-10-21T19:12:12","slug":"lente-canon-ef-35mm-f2-is-usm-gran-angular","status":"publish","type":"product","link":"https:\/\/studio40shop.com.mx\/?product=lente-canon-ef-35mm-f2-is-usm-gran-angular","title":{"rendered":"Lente Canon EF 35mm f\/2 IS USM | Gran Angular"},"content":{"rendered":"<p>EF 35mm f\/2 IS USM<br \/>\nLENTE GRAN ANGULAR<br \/>\nUn lente con distancia focal fija de 35 mm con Estabilizador de Imagen (IS) de cuatro pasos y abertura m\u00e1xima de f\/2, ideal para hacer fotograf\u00edas con poca luz. El enfoque autom\u00e1tico (AF) ultras\u00f3nico (USM &#8211; Motor ultras\u00f3nico) es r\u00e1pido y preciso. El elemento de lente asf\u00e9rica mejora la calidad de imagen.<br \/>\nDescripci\u00f3n general<br \/>\nHasta cuatro pasos de estabilizaci\u00f3n de imagen (IS)<br \/>\nR\u00e1pida abertura m\u00e1xima de f\/2<br \/>\nAF ultras\u00f3nico para un enfoque r\u00e1pido y preciso (USM &#8211; Motor ultras\u00f3nico)<br \/>\nDise\u00f1o compacto y ligero<br \/>\nApertura de ocho aspas para un suave bokeh<br \/>\nElementos de vidrio moldeado para una nitidez uniforme<br \/>\nDistancia m\u00ednima de enfoque de 0.24 m<br \/>\nIm\u00e1genes de muestra<br \/>\nCaracter\u00edsticas detalladas<br \/>\nExamina con m\u00e1s detalle Canon EF 35mm f\/2 IS USM<br \/>\nMontura EF<br \/>\nTotalmente electr\u00f3nico la montura EF, tiene como funci\u00f3n principal servir de conducto para la comunicaci\u00f3n entre el lente y la c\u00e1mara, adem\u00e1s hace posible el autoenfoque de alta velocidad, permite un control preciso de la abertura y previsualizaci\u00f3n, compensaci\u00f3n autom\u00e1tica con extensores y amplia compatibilidad con nuevas tecnolog\u00edas de lentes. Este sistema de montura, puede notificar funciones anormales a trav\u00e9s de la pantalla de la c\u00e1mara. Carece de limitantes como, ruido operacional, abrasi\u00f3n, necesidades de lubricaci\u00f3n, respuesta lenta, limitaciones en la operaci\u00f3n de palancas y otras restricciones de dise\u00f1o relacionado al acoplamiento mec\u00e1nico.<br \/>\nEnfoque ultras\u00f3nico (USM)<br \/>\nUn motor ultras\u00f3nico de tipo anillo activa el autofoco muy r\u00e1pido y pr\u00e1cticamente en silencio. El par de mantenimiento es excelente y garantiza que se alcance el punto de enfoque con precisi\u00f3n, sin excesos. Adem\u00e1s, dispone de anulaci\u00f3n del enfoque manual continuo, que permite ajustar el enfoque sin abandonar el modo AF.<br \/>\nEstabilizador \u00f3ptico de imagen (IS)<br \/>\nLa tecnolog\u00eda Canon para el estabilizador \u00f3ptico de imagen, permite retratar con c\u00e1mara en mano a velocidades bajas de obturaci\u00f3n, ajust\u00e1ndose a m\u00e1s situaciones de baja iluminaci\u00f3n. Las vibraciones en la c\u00e1mara t\u00edpicamente ocurren a velocidades de obturaci\u00f3n menores a 1\/ (distancia focal), resultando en im\u00e1genes borrosas. La tecnolog\u00eda Canon utiliza sensores miniatura y un micro procesador de alta velocidad inter-construido en el lente. Los sensores analizan las vibraciones y aplican una correci\u00f3n a un grupo especial de lentes desplazando la imagen de forma paralela al plano focal. Las vibraciones se cancelan resultando en una imagen n\u00edtida.<br \/>\nUna visi\u00f3n gran angular natural<br \/>\nCon una perspectiva natural y un \u00e1ngulo de visi\u00f3n m\u00e1s amplio, el EF 35 mm f\/2 IS USM es un estupendo lente est\u00e1ndar alternativo al tradicional lente EF 50 mm, cuando se usa con una c\u00e1mara r\u00e9flex digital de formato completo (full frame). En las c\u00e1maras EOS con sensor de tama\u00f1o APS-C, ofrece un \u00e1ngulo de visi\u00f3n similar a un lente de 56 mm.<br \/>\nAmplia apertura m\u00e1xima de f\/2<br \/>\nDisparar con aperturas de una amplitud de hasta f\/2 permite a los fot\u00f3grafos trabajar con una profundidad de campo reducida. Disfruta de una imagen del visor luminosa y usa velocidades de obturaci\u00f3n relativamente r\u00e1pidas incluso en condiciones de poca iluminaci\u00f3n.<br \/>\nDise\u00f1o \u00f3ptico sofisticado<br \/>\nUn elemento de lente asf\u00e9rica maximiza la calidad de imagen mientras un diafragma de apertura de ocho aspas ofrece un suave efecto desenfocado bokeh. El EF 35 mm f\/2 IS USM enfoca hasta a 0.24 m, lo que permite acercarse a los objetivos.<br \/>\nDise\u00f1o compacto<br \/>\nSuficientemente peque\u00f1o como para que siempre quepa en tu bolsa, el EF 35 mm f\/2 IS USM es perfecto para la fotograf\u00eda urbana y de reportajes.<br \/>\nEspecificaciones t\u00e9cnicas<br \/>\nObt\u00e9n m\u00e1s informaci\u00f3n sobre Canon EF 35mm f\/2 IS USM, sus funciones y lo que puede hacer.<br \/>\n\u00c1ngulo de visi\u00f3n (horizontal, vertical, diagonal)<br \/>\n63\u00b0, 38\u00b0, 54\u00b0<br \/>\nConstrucci\u00f3n del objetivo (elementos\/grupos)<br \/>\n10\/8<br \/>\nN\u00ba de hojas del diafragma<br \/>\n8<br \/>\nAbertura m\u00ednima<br \/>\n22<br \/>\nDistancia m\u00ednima de enfoque (m)<br \/>\n0.24<br \/>\nAumento m\u00e1ximo (x)<br \/>\n0.24<br \/>\nInformaci\u00f3n de la distancia<br \/>\nProporcionada<br \/>\nEstabilizador de imagen<br \/>\n4 pasos<br \/>\nMotor para el AF<br \/>\nUSM1 de anillo<br \/>\nEspecificaciones F\u00edsicas<br \/>\nDi\u00e1metro del filtro (mm)<br \/>\n67<br \/>\nM\u00e1x. di\u00e1metro x longitud (mm)<br \/>\n77.9 x 62.6<br \/>\nPeso (gr)<br \/>\n335<br \/>\nAccesorios<br \/>\nTapa de objetivo<br \/>\nE-67 II<br \/>\nParasol<br \/>\nEW-72<br \/>\nEstuche para el objetivo<br \/>\nLP1116<br \/>\nTubo de extensi\u00f3n de aumento EF12 II<br \/>\n0.60-0.36<br \/>\nTubo de extensi\u00f3n de aumento EF25 II<br \/>\n1.04-0.79<br \/>\nCompatibilidad de teleconvertidor<br \/>\nNo compatible<br \/>\nMotor para el AF &#8211; 1 Enfoque Manual continuo<\/p>\n","protected":false},"excerpt":{"rendered":"<\/p>\n<h1 style=\"color:#ee0000;padding:0px;margin:0px;border:0px;font-size:26px;vertical-align:baseline;background-color:transparent;font-family:'OpticSans 201', 'Helvetica Neue', sans-serif;\"><span style=\"margin:0px;padding:0px;border:0px;vertical-align:baseline;background-color:transparent;\">Lente Canon EF 35mm f\/2 IS USM | Gran Angular<\/span><\/h1>\n<p><span style=\"color:#333333;font-family:'OpticSans 201', 'Helvetica Neue', sans-serif;font-size:12px;\">Un objetivo de focal fija de 35 mm para fot\u00f3grafos que realizan sus fotos sin tr\u00edpode y con poca luz.<\/span><\/p>\n","protected":false},"featured_media":1182,"comment_status":"open","ping_status":"closed","template":"","meta":{"site-sidebar-layout":"default","site-content-layout":"default","ast-site-content-layout":"default","site-content-style":"default","site-sidebar-style":"default","ast-global-header-display":"","ast-banner-title-visibility":"","ast-main-header-display":"","ast-hfb-above-header-display":"","ast-hfb-below-header-display":"","ast-hfb-mobile-header-display":"","site-post-title":"","ast-breadcrumbs-content":"","ast-featured-img":"","footer-sml-layout":"","ast-disable-related-posts":"","theme-transparent-header-meta":"default","adv-header-id-meta":"","stick-header-meta":"","header-above-stick-meta":"","header-main-stick-meta":"","header-below-stick-meta":"","astra-migrate-meta-layouts":"default","ast-page-background-enabled":"default","ast-page-background-meta":{"desktop":{"background-color":"var(--ast-global-color-4)","background-image":"","background-repeat":"repeat","background-position":"center center","background-size":"auto","background-attachment":"scroll","background-type":"","background-media":"","overlay-type":"","overlay-color":"","overlay-opacity":"","overlay-gradient":""},"tablet":{"background-color":"","background-image":"","background-repeat":"repeat","background-position":"center center","background-size":"auto","background-attachment":"scroll","background-type":"","background-media":"","overlay-type":"","overlay-color":"","overlay-opacity":"","overlay-gradient":""},"mobile":{"background-color":"","background-image":"","background-repeat":"repeat","background-position":"center center","background-size":"auto","background-attachment":"scroll","background-type":"","background-media":"","overlay-type":"","overlay-color":"","overlay-opacity":"","overlay-gradient":""}},"ast-content-background-meta":{"desktop":{"background-color":"var(--ast-global-color-5)","background-image":"","background-repeat":"repeat","background-position":"center center","background-size":"auto","background-attachment":"scroll","background-type":"","background-media":"","overlay-type":"","overlay-color":"","overlay-opacity":"","overlay-gradient":""},"tablet":{"background-color":"var(--ast-global-color-5)","background-image":"","background-repeat":"repeat","background-position":"center center","background-size":"auto","background-attachment":"scroll","background-type":"","background-media":"","overlay-type":"","overlay-color":"","overlay-opacity":"","overlay-gradient":""},"mobile":{"background-color":"var(--ast-global-color-5)","background-image":"","background-repeat":"repeat","background-position":"center center","background-size":"auto","background-attachment":"scroll","background-type":"","background-media":"","overlay-type":"","overlay-color":"","overlay-opacity":"","overlay-gradient":""}},"_themeisle_gutenberg_block_has_review":false},"product_brand":[59],"product_cat":[97],"product_tag":[],"class_list":{"0":"post-1181","1":"product","2":"type-product","3":"status-publish","4":"has-post-thumbnail","6":"product_brand-canon","7":"product_cat-objetivos-fotografia","8":"desktop-align-center","9":"tablet-align-left","10":"mobile-align-left","12":"first","13":"onbackorder","14":"purchasable","15":"product-type-simple"},"aioseo_notices":[],"jetpack_sharing_enabled":true,"_links":{"self":[{"href":"https:\/\/studio40shop.com.mx\/index.php?rest_route=\/wp\/v2\/product\/1181","targetHints":{"allow":["GET"]}}],"collection":[{"href":"https:\/\/studio40shop.com.mx\/index.php?rest_route=\/wp\/v2\/product"}],"about":[{"href":"https:\/\/studio40shop.com.mx\/index.php?rest_route=\/wp\/v2\/types\/product"}],"replies":[{"embeddable":true,"href":"https:\/\/studio40shop.com.mx\/index.php?rest_route=%2Fwp%2Fv2%2Fcomments&post=1181"}],"wp:featuredmedia":[{"embeddable":true,"href":"https:\/\/studio40shop.com.mx\/index.php?rest_route=\/wp\/v2\/media\/1182"}],"wp:attachment":[{"href":"https:\/\/studio40shop.com.mx\/index.php?rest_route=%2Fwp%2Fv2%2Fmedia&parent=1181"}],"wp:term":[{"taxonomy":"product_brand","embeddable":true,"href":"https:\/\/studio40shop.com.mx\/index.php?rest_route=%2Fwp%2Fv2%2Fproduct_brand&post=1181"},{"taxonomy":"product_cat","embeddable":true,"href":"https:\/\/studio40shop.com.mx\/index.php?rest_route=%2Fwp%2Fv2%2Fproduct_cat&post=1181"},{"taxonomy":"product_tag","embeddable":true,"href":"https:\/\/studio40shop.com.mx\/index.php?rest_route=%2Fwp%2Fv2%2Fproduct_tag&post=1181"}],"curies":[{"name":"wp","href":"https:\/\/api.w.org\/{rel}","templated":true}]}}