{"id":1186,"date":"2020-10-24T21:46:14","date_gmt":"2020-10-24T21:46:14","guid":{"rendered":"http:\/\/studio40shop.com.mx\/?product=memoria-sandisk-micro-sd-32gb-extreme-100mb"},"modified":"2024-03-11T13:48:18","modified_gmt":"2024-03-11T18:48:18","slug":"memoria-sandisk-micro-sd-32gb-extreme-100mb","status":"publish","type":"product","link":"https:\/\/studio40shop.com.mx\/?product=memoria-sandisk-micro-sd-32gb-extreme-100mb","title":{"rendered":"Memoria Sandisk Micro SD 32GB Extreme 100MB"},"content":{"rendered":"<p style=\"margin: 0px; font-size: 20px; line-height: normal; font-family: Helvetica; color: #666666;\"><span style=\"background-color: #ffffff;\">DESCRIPCI\u00d3N\u00a0<\/span><\/p>\n<p style=\"margin: 0px; font-size: 20px; line-height: normal; font-family: Helvetica; color: #666666; background-color: #ffffff;\">Marca: SanDisk Bundle incluye: (1) tarjeta Micro Extreme de 32 GB y (1) Everything But Stromboli (TM) 3.0 Combo SD\/Micro Card Reader. Compatible con las nuevas c\u00e1maras GoPro Hero 7 Black, Hero7 Silver, Hero 7 White, Hero 6, Hero (2018), Hero 5, Karma Drone, Hero 4, Session, Hero 3, 3+, Hero + Black Silver White. Velocidades de transferencia de 100MB\/s de lectura y 60MB\/s velocidades de escritura para su smartphone o tableta. (SDSQXA2-064G-GN6MA). Resistente a la temperatura, al agua, a prueba de golpes y a prueba de rayos X &#8211; construido para condiciones dif\u00edciles!. 3.0 Memory Card Reader le permitir\u00e1 transferir datos de forma r\u00e1pida, f\u00e1cil y eficiente con velocidades 3.0!.<\/p>\n","protected":false},"excerpt":{"rendered":"<p>DESCRIPCI\u00d3N\u00a0 Marca: SanDisk Bundle incluye: (1) tarjeta Micro Extreme de 32 GB y (1) Everything But Stromboli (TM) 3.0 Combo SD\/Micro Card Reader. Compatible con las nuevas c\u00e1maras GoPro Hero 7 Black, Hero7 Silver, Hero 7 White, Hero 6, Hero (2018), Hero 5, Karma Drone, Hero 4, Session, Hero 3, 3+, Hero + Black Silver [&hellip;]<\/p>\n","protected":false},"featured_media":1187,"comment_status":"open","ping_status":"closed","template":"","meta":{"site-sidebar-layout":"default","site-content-layout":"default","ast-site-content-layout":"default","site-content-style":"default","site-sidebar-style":"default","ast-global-header-display":"","ast-banner-title-visibility":"","ast-main-header-display":"","ast-hfb-above-header-display":"","ast-hfb-below-header-display":"","ast-hfb-mobile-header-display":"","site-post-title":"","ast-breadcrumbs-content":"","ast-featured-img":"","footer-sml-layout":"","ast-disable-related-posts":"","theme-transparent-header-meta":"default","adv-header-id-meta":"","stick-header-meta":"","header-above-stick-meta":"","header-main-stick-meta":"","header-below-stick-meta":"","astra-migrate-meta-layouts":"default","ast-page-background-enabled":"default","ast-page-background-meta":{"desktop":{"background-color":"var(--ast-global-color-4)","background-image":"","background-repeat":"repeat","background-position":"center center","background-size":"auto","background-attachment":"scroll","background-type":"","background-media":"","overlay-type":"","overlay-color":"","overlay-opacity":"","overlay-gradient":""},"tablet":{"background-color":"","background-image":"","background-repeat":"repeat","background-position":"center center","background-size":"auto","background-attachment":"scroll","background-type":"","background-media":"","overlay-type":"","overlay-color":"","overlay-opacity":"","overlay-gradient":""},"mobile":{"background-color":"","background-image":"","background-repeat":"repeat","background-position":"center center","background-size":"auto","background-attachment":"scroll","background-type":"","background-media":"","overlay-type":"","overlay-color":"","overlay-opacity":"","overlay-gradient":""}},"ast-content-background-meta":{"desktop":{"background-color":"var(--ast-global-color-5)","background-image":"","background-repeat":"repeat","background-position":"center center","background-size":"auto","background-attachment":"scroll","background-type":"","background-media":"","overlay-type":"","overlay-color":"","overlay-opacity":"","overlay-gradient":""},"tablet":{"background-color":"var(--ast-global-color-5)","background-image":"","background-repeat":"repeat","background-position":"center center","background-size":"auto","background-attachment":"scroll","background-type":"","background-media":"","overlay-type":"","overlay-color":"","overlay-opacity":"","overlay-gradient":""},"mobile":{"background-color":"var(--ast-global-color-5)","background-image":"","background-repeat":"repeat","background-position":"center center","background-size":"auto","background-attachment":"scroll","background-type":"","background-media":"","overlay-type":"","overlay-color":"","overlay-opacity":"","overlay-gradient":""}},"_themeisle_gutenberg_block_has_review":false},"product_brand":[66],"product_cat":[113],"product_tag":[],"class_list":{"0":"post-1186","1":"product","2":"type-product","3":"status-publish","4":"has-post-thumbnail","6":"product_brand-sandisk","7":"product_cat-memorias","8":"desktop-align-center","9":"tablet-align-left","10":"mobile-align-left","12":"first","13":"instock","14":"purchasable","15":"product-type-simple"},"aioseo_notices":[],"jetpack_sharing_enabled":true,"_links":{"self":[{"href":"https:\/\/studio40shop.com.mx\/index.php?rest_route=\/wp\/v2\/product\/1186","targetHints":{"allow":["GET"]}}],"collection":[{"href":"https:\/\/studio40shop.com.mx\/index.php?rest_route=\/wp\/v2\/product"}],"about":[{"href":"https:\/\/studio40shop.com.mx\/index.php?rest_route=\/wp\/v2\/types\/product"}],"replies":[{"embeddable":true,"href":"https:\/\/studio40shop.com.mx\/index.php?rest_route=%2Fwp%2Fv2%2Fcomments&post=1186"}],"wp:featuredmedia":[{"embeddable":true,"href":"https:\/\/studio40shop.com.mx\/index.php?rest_route=\/wp\/v2\/media\/1187"}],"wp:attachment":[{"href":"https:\/\/studio40shop.com.mx\/index.php?rest_route=%2Fwp%2Fv2%2Fmedia&parent=1186"}],"wp:term":[{"taxonomy":"product_brand","embeddable":true,"href":"https:\/\/studio40shop.com.mx\/index.php?rest_route=%2Fwp%2Fv2%2Fproduct_brand&post=1186"},{"taxonomy":"product_cat","embeddable":true,"href":"https:\/\/studio40shop.com.mx\/index.php?rest_route=%2Fwp%2Fv2%2Fproduct_cat&post=1186"},{"taxonomy":"product_tag","embeddable":true,"href":"https:\/\/studio40shop.com.mx\/index.php?rest_route=%2Fwp%2Fv2%2Fproduct_tag&post=1186"}],"curies":[{"name":"wp","href":"https:\/\/api.w.org\/{rel}","templated":true}]}}