{"id":1253,"date":"2020-10-25T00:10:34","date_gmt":"2020-10-25T00:10:34","guid":{"rendered":"http:\/\/studio40shop.com.mx\/?product=octabox-120cm-tipo-sombrilla-godox"},"modified":"2022-11-14T18:16:52","modified_gmt":"2022-11-14T23:16:52","slug":"octabox-120cm-tipo-sombrilla-godox","status":"publish","type":"product","link":"https:\/\/studio40shop.com.mx\/?product=octabox-120cm-tipo-sombrilla-godox","title":{"rendered":"Octabox 120cm tipo sombrilla Godox"},"content":{"rendered":"<p>ESPECIFICACIONES<br \/>\nLo mejor de todo es que es de f\u00e1cil armado tipo sombrilla por lo que la puedes montar r\u00e1pido y f\u00e1cil.<br \/>\nLuces de Estudio con entrada para sombrilla.<br \/>\nCaja Suavizadora para uso con Flash Speedlite, Luces de Estudio o Luz Continua.<br \/>\nSistema de armado y desarmado tipo sombrilla express.<br \/>\nInterior de material reflejante para concentrar la luz.<br \/>\n&#8211; Difusor \/ Pantalla para suavizar la luz.<br \/>\nCompatible con Canon, Nikon, Pentax, Sigma, Soporte con Socket para Luz continua o con Luces de Estudio con Entrada para Sombrilla.<\/p>\n","protected":false},"excerpt":{"rendered":"<p style=\"margin-top: 0rem; margin-bottom: 1rem; color: #575d63; font-family: 'Open Sans', 'Helvetica Neue', Helvetica, Arial, sans-serif; font-size: 12.600000381469727px;\">Caja suavizadora de luz para<span style=\"font-weight: bold;\"><span style=\"font-style: italic;\">\u00a0flash Speedlite<\/span><\/span>,\u00a0<span style=\"font-weight: bold;\"><span style=\"font-style: italic;\">luces de Estudio<\/span>\u00a0<\/span>o inclusive<span style=\"font-style: italic;\"><span style=\"font-weight: bold;\">\u00a0luz continua!<\/span><\/span><\/p>\n<p style=\"margin-top: 0rem; margin-bottom: 1rem; color: #575d63; font-family: 'Open Sans', 'Helvetica Neue', Helvetica, Arial, sans-serif; font-size: 12.600000381469727px;\">Totalmente<span style=\"font-style: italic;\"><span style=\"font-weight: bold;\">\u00a0port\u00e1til,<\/span><\/span>\u00a0funda para transportar y difusor para suavizar la luz a\u00fan m\u00e1s y dar un resultado profesional!<\/p>\n","protected":false},"featured_media":1254,"comment_status":"open","ping_status":"closed","template":"","meta":{"site-sidebar-layout":"default","site-content-layout":"default","ast-site-content-layout":"default","site-content-style":"default","site-sidebar-style":"default","ast-global-header-display":"","ast-banner-title-visibility":"","ast-main-header-display":"","ast-hfb-above-header-display":"","ast-hfb-below-header-display":"","ast-hfb-mobile-header-display":"","site-post-title":"","ast-breadcrumbs-content":"","ast-featured-img":"","footer-sml-layout":"","ast-disable-related-posts":"","theme-transparent-header-meta":"default","adv-header-id-meta":"","stick-header-meta":"","header-above-stick-meta":"","header-main-stick-meta":"","header-below-stick-meta":"","astra-migrate-meta-layouts":"default","ast-page-background-enabled":"default","ast-page-background-meta":{"desktop":{"background-color":"var(--ast-global-color-4)","background-image":"","background-repeat":"repeat","background-position":"center center","background-size":"auto","background-attachment":"scroll","background-type":"","background-media":"","overlay-type":"","overlay-color":"","overlay-opacity":"","overlay-gradient":""},"tablet":{"background-color":"","background-image":"","background-repeat":"repeat","background-position":"center center","background-size":"auto","background-attachment":"scroll","background-type":"","background-media":"","overlay-type":"","overlay-color":"","overlay-opacity":"","overlay-gradient":""},"mobile":{"background-color":"","background-image":"","background-repeat":"repeat","background-position":"center center","background-size":"auto","background-attachment":"scroll","background-type":"","background-media":"","overlay-type":"","overlay-color":"","overlay-opacity":"","overlay-gradient":""}},"ast-content-background-meta":{"desktop":{"background-color":"var(--ast-global-color-5)","background-image":"","background-repeat":"repeat","background-position":"center center","background-size":"auto","background-attachment":"scroll","background-type":"","background-media":"","overlay-type":"","overlay-color":"","overlay-opacity":"","overlay-gradient":""},"tablet":{"background-color":"var(--ast-global-color-5)","background-image":"","background-repeat":"repeat","background-position":"center center","background-size":"auto","background-attachment":"scroll","background-type":"","background-media":"","overlay-type":"","overlay-color":"","overlay-opacity":"","overlay-gradient":""},"mobile":{"background-color":"var(--ast-global-color-5)","background-image":"","background-repeat":"repeat","background-position":"center center","background-size":"auto","background-attachment":"scroll","background-type":"","background-media":"","overlay-type":"","overlay-color":"","overlay-opacity":"","overlay-gradient":""}},"_themeisle_gutenberg_block_has_review":false},"product_brand":[63],"product_cat":[105],"product_tag":[],"class_list":{"0":"post-1253","1":"product","2":"type-product","3":"status-publish","4":"has-post-thumbnail","6":"product_brand-godox","7":"product_cat-modificadores-de-luz","8":"desktop-align-center","9":"tablet-align-left","10":"mobile-align-left","12":"first","13":"outofstock","14":"purchasable","15":"product-type-simple"},"aioseo_notices":[],"jetpack_sharing_enabled":true,"_links":{"self":[{"href":"https:\/\/studio40shop.com.mx\/index.php?rest_route=\/wp\/v2\/product\/1253","targetHints":{"allow":["GET"]}}],"collection":[{"href":"https:\/\/studio40shop.com.mx\/index.php?rest_route=\/wp\/v2\/product"}],"about":[{"href":"https:\/\/studio40shop.com.mx\/index.php?rest_route=\/wp\/v2\/types\/product"}],"replies":[{"embeddable":true,"href":"https:\/\/studio40shop.com.mx\/index.php?rest_route=%2Fwp%2Fv2%2Fcomments&post=1253"}],"wp:featuredmedia":[{"embeddable":true,"href":"https:\/\/studio40shop.com.mx\/index.php?rest_route=\/wp\/v2\/media\/1254"}],"wp:attachment":[{"href":"https:\/\/studio40shop.com.mx\/index.php?rest_route=%2Fwp%2Fv2%2Fmedia&parent=1253"}],"wp:term":[{"taxonomy":"product_brand","embeddable":true,"href":"https:\/\/studio40shop.com.mx\/index.php?rest_route=%2Fwp%2Fv2%2Fproduct_brand&post=1253"},{"taxonomy":"product_cat","embeddable":true,"href":"https:\/\/studio40shop.com.mx\/index.php?rest_route=%2Fwp%2Fv2%2Fproduct_cat&post=1253"},{"taxonomy":"product_tag","embeddable":true,"href":"https:\/\/studio40shop.com.mx\/index.php?rest_route=%2Fwp%2Fv2%2Fproduct_tag&post=1253"}],"curies":[{"name":"wp","href":"https:\/\/api.w.org\/{rel}","templated":true}]}}