{"id":1261,"date":"2020-10-25T00:18:06","date_gmt":"2020-10-25T05:18:06","guid":{"rendered":"http:\/\/studio40shop.com.mx\/?product=softbox-godox-para-bowens-60-x-90cm-con-grid"},"modified":"2024-03-09T14:27:00","modified_gmt":"2024-03-09T19:27:00","slug":"softbox-godox-para-bowens-60-x-90cm-con-grid","status":"publish","type":"product","link":"https:\/\/studio40shop.com.mx\/?product=softbox-godox-para-bowens-60-x-90cm-con-grid","title":{"rendered":"Softbox Godox para Bowens 60 x 90cm con GRID"},"content":{"rendered":"<p>ESPECIFICACIONES<br \/>\nPermite convertir la luz directa generada por una unidad de flash en una iluminaci\u00f3n suave y difusa.<br \/>\nLa caja est\u00e1 compuesta en su parte interna con un reflector granulado plata y con dos difusores blancos que incrementa contraste manteniendo la suavidad de la caja de luz.<br \/>\nEste es el complemento perfecto para su estudio y luces estrobosc\u00f3picas. La caja de luz se difunde el flash estrobosc\u00f3pico que le da la perfecta iluminaci\u00f3n uniforme que necesita para las mejores fotos. Los tonos de piel cobran vida y las manchas se desvanecen.<br \/>\nEl gran tama\u00f1o de la caja de luz, es conveniente para la fotograf\u00eda de moda, retratos, medianas y grandes fotos.<br \/>\nEl grid con forma de panal de abeja, situado por delante de la cara trasl\u00facida, con lo que se consiguen una mayor direccionalidad de la luz. Es muy \u00fatil especialmente mientras realizas fotograf\u00edas al aire libre.<br \/>\nEspecificaciones<br \/>\nTama\u00f1o: 60x90cm con grid.<br \/>\nPara Bowens.<br \/>\n4 varillas con punta met\u00e1lica de f\u00e1cil montaje.<br \/>\nPosee 2x telas trasl\u00facidas independientes.<\/p>\n","protected":false},"excerpt":{"rendered":"<p>DESCRIPCI\u00d3N<\/p>\n<p>El Softbox Godox Premium tama\u00f1o 60x90cm est\u00e1 dise\u00f1ada para ser usada con flashes de estudio con montura Bowens (adaptador inclu\u00cddo).<\/p>\n","protected":false},"featured_media":2694,"comment_status":"open","ping_status":"closed","template":"","meta":{"site-sidebar-layout":"default","site-content-layout":"default","ast-site-content-layout":"default","site-content-style":"default","site-sidebar-style":"default","ast-global-header-display":"","ast-banner-title-visibility":"","ast-main-header-display":"","ast-hfb-above-header-display":"","ast-hfb-below-header-display":"","ast-hfb-mobile-header-display":"","site-post-title":"","ast-breadcrumbs-content":"","ast-featured-img":"","footer-sml-layout":"","ast-disable-related-posts":"","theme-transparent-header-meta":"default","adv-header-id-meta":"","stick-header-meta":"","header-above-stick-meta":"","header-main-stick-meta":"","header-below-stick-meta":"","astra-migrate-meta-layouts":"default","ast-page-background-enabled":"default","ast-page-background-meta":{"desktop":{"background-color":"var(--ast-global-color-4)","background-image":"","background-repeat":"repeat","background-position":"center center","background-size":"auto","background-attachment":"scroll","background-type":"","background-media":"","overlay-type":"","overlay-color":"","overlay-opacity":"","overlay-gradient":""},"tablet":{"background-color":"","background-image":"","background-repeat":"repeat","background-position":"center center","background-size":"auto","background-attachment":"scroll","background-type":"","background-media":"","overlay-type":"","overlay-color":"","overlay-opacity":"","overlay-gradient":""},"mobile":{"background-color":"","background-image":"","background-repeat":"repeat","background-position":"center center","background-size":"auto","background-attachment":"scroll","background-type":"","background-media":"","overlay-type":"","overlay-color":"","overlay-opacity":"","overlay-gradient":""}},"ast-content-background-meta":{"desktop":{"background-color":"var(--ast-global-color-5)","background-image":"","background-repeat":"repeat","background-position":"center center","background-size":"auto","background-attachment":"scroll","background-type":"","background-media":"","overlay-type":"","overlay-color":"","overlay-opacity":"","overlay-gradient":""},"tablet":{"background-color":"var(--ast-global-color-5)","background-image":"","background-repeat":"repeat","background-position":"center center","background-size":"auto","background-attachment":"scroll","background-type":"","background-media":"","overlay-type":"","overlay-color":"","overlay-opacity":"","overlay-gradient":""},"mobile":{"background-color":"var(--ast-global-color-5)","background-image":"","background-repeat":"repeat","background-position":"center center","background-size":"auto","background-attachment":"scroll","background-type":"","background-media":"","overlay-type":"","overlay-color":"","overlay-opacity":"","overlay-gradient":""}},"_themeisle_gutenberg_block_has_review":false},"product_brand":[63],"product_cat":[105],"product_tag":[703,225,702,273,297],"class_list":{"0":"post-1261","1":"product","2":"type-product","3":"status-publish","4":"has-post-thumbnail","6":"product_brand-godox","7":"product_cat-modificadores-de-luz","8":"product_tag-60x90","9":"product_tag-godox","10":"product_tag-para-bowens","11":"product_tag-softbox","12":"product_tag-softbox-con-grid","13":"desktop-align-center","14":"tablet-align-left","15":"mobile-align-left","17":"first","18":"instock","19":"purchasable","20":"product-type-simple"},"aioseo_notices":[],"jetpack_sharing_enabled":true,"_links":{"self":[{"href":"https:\/\/studio40shop.com.mx\/index.php?rest_route=\/wp\/v2\/product\/1261","targetHints":{"allow":["GET"]}}],"collection":[{"href":"https:\/\/studio40shop.com.mx\/index.php?rest_route=\/wp\/v2\/product"}],"about":[{"href":"https:\/\/studio40shop.com.mx\/index.php?rest_route=\/wp\/v2\/types\/product"}],"replies":[{"embeddable":true,"href":"https:\/\/studio40shop.com.mx\/index.php?rest_route=%2Fwp%2Fv2%2Fcomments&post=1261"}],"wp:featuredmedia":[{"embeddable":true,"href":"https:\/\/studio40shop.com.mx\/index.php?rest_route=\/wp\/v2\/media\/2694"}],"wp:attachment":[{"href":"https:\/\/studio40shop.com.mx\/index.php?rest_route=%2Fwp%2Fv2%2Fmedia&parent=1261"}],"wp:term":[{"taxonomy":"product_brand","embeddable":true,"href":"https:\/\/studio40shop.com.mx\/index.php?rest_route=%2Fwp%2Fv2%2Fproduct_brand&post=1261"},{"taxonomy":"product_cat","embeddable":true,"href":"https:\/\/studio40shop.com.mx\/index.php?rest_route=%2Fwp%2Fv2%2Fproduct_cat&post=1261"},{"taxonomy":"product_tag","embeddable":true,"href":"https:\/\/studio40shop.com.mx\/index.php?rest_route=%2Fwp%2Fv2%2Fproduct_tag&post=1261"}],"curies":[{"name":"wp","href":"https:\/\/api.w.org\/{rel}","templated":true}]}}