{"id":1270,"date":"2020-10-25T00:38:50","date_gmt":"2020-10-25T00:38:50","guid":{"rendered":"http:\/\/studio40shop.com.mx\/?product=octabox-95cm-para-bowens-godox"},"modified":"2022-10-15T13:01:43","modified_gmt":"2022-10-15T18:01:43","slug":"octabox-95cm-para-bowens-godox","status":"publish","type":"product","link":"https:\/\/studio40shop.com.mx\/?product=octabox-95cm-para-bowens-godox","title":{"rendered":"Octabox 95cm para Bowens Godox"},"content":{"rendered":"<p>ESPECIFICACIONES<br \/>\nTotalmente port\u00e1til, funda para transportar y difusor para suavizar la luz a\u00fan m\u00e1s<br \/>\nFabricada en Nylon de alta calidad.<br \/>\nIncluye un difusor translucido frontal, con sistema de sujeci\u00f3n por velcros.<br \/>\nF\u00e1cil de transportar y montar sobre un tripie de estudio.<br \/>\nInterior con material plateado, para distribuir la luz del flash de manera uniforme<br \/>\nIncluye una bolsa de nylon.<\/p>\n","protected":false},"excerpt":{"rendered":"<p><span style=\"color: #333333; font-family: 'Open Sans', 'Helvetica Neue', Helvetica, Arial, sans-serif; font-size: 24px; font-weight: bold; background-color: #ffffff;\">Octabox 95cm para Bowens Godox<\/span><\/p>\n<p><span style=\"color: #575d63; font-family: 'Open Sans', 'Helvetica Neue', Helvetica, Arial, sans-serif; font-size: 12.600000381469727px; background-color: #ffffff;\">Caja suavizadora de luz de 95cm de forma octagonal, para fl<\/span><span style=\"font-weight: bold; color: #575d63; font-family: 'Open Sans', 'Helvetica Neue', Helvetica, Arial, sans-serif; font-size: 12.600000381469727px;\">ash de estudio con montura Bowens.<\/span><br style=\"color: #575d63; font-family: 'Open Sans', 'Helvetica Neue', Helvetica, Arial, sans-serif; font-size: 12.600000381469727px;\" \/><span style=\"color: #575d63; font-family: 'Open Sans', 'Helvetica Neue', Helvetica, Arial, sans-serif; font-size: 12.600000381469727px; background-color: #ffffff;\">La caja suavizaora de luz Octabox es de f\u00e1cil armado tipo sombrilla por lo que la puedes montar r\u00e1pido y f\u00e1cil.<\/span><\/p>\n","protected":false},"featured_media":1271,"comment_status":"open","ping_status":"closed","template":"","meta":{"site-sidebar-layout":"default","site-content-layout":"default","ast-site-content-layout":"default","site-content-style":"default","site-sidebar-style":"default","ast-global-header-display":"","ast-banner-title-visibility":"","ast-main-header-display":"","ast-hfb-above-header-display":"","ast-hfb-below-header-display":"","ast-hfb-mobile-header-display":"","site-post-title":"","ast-breadcrumbs-content":"","ast-featured-img":"","footer-sml-layout":"","ast-disable-related-posts":"","theme-transparent-header-meta":"default","adv-header-id-meta":"","stick-header-meta":"","header-above-stick-meta":"","header-main-stick-meta":"","header-below-stick-meta":"","astra-migrate-meta-layouts":"default","ast-page-background-enabled":"default","ast-page-background-meta":{"desktop":{"background-color":"var(--ast-global-color-4)","background-image":"","background-repeat":"repeat","background-position":"center center","background-size":"auto","background-attachment":"scroll","background-type":"","background-media":"","overlay-type":"","overlay-color":"","overlay-opacity":"","overlay-gradient":""},"tablet":{"background-color":"","background-image":"","background-repeat":"repeat","background-position":"center center","background-size":"auto","background-attachment":"scroll","background-type":"","background-media":"","overlay-type":"","overlay-color":"","overlay-opacity":"","overlay-gradient":""},"mobile":{"background-color":"","background-image":"","background-repeat":"repeat","background-position":"center center","background-size":"auto","background-attachment":"scroll","background-type":"","background-media":"","overlay-type":"","overlay-color":"","overlay-opacity":"","overlay-gradient":""}},"ast-content-background-meta":{"desktop":{"background-color":"var(--ast-global-color-5)","background-image":"","background-repeat":"repeat","background-position":"center center","background-size":"auto","background-attachment":"scroll","background-type":"","background-media":"","overlay-type":"","overlay-color":"","overlay-opacity":"","overlay-gradient":""},"tablet":{"background-color":"var(--ast-global-color-5)","background-image":"","background-repeat":"repeat","background-position":"center center","background-size":"auto","background-attachment":"scroll","background-type":"","background-media":"","overlay-type":"","overlay-color":"","overlay-opacity":"","overlay-gradient":""},"mobile":{"background-color":"var(--ast-global-color-5)","background-image":"","background-repeat":"repeat","background-position":"center center","background-size":"auto","background-attachment":"scroll","background-type":"","background-media":"","overlay-type":"","overlay-color":"","overlay-opacity":"","overlay-gradient":""}},"_themeisle_gutenberg_block_has_review":false},"product_brand":[63],"product_cat":[105],"product_tag":[],"class_list":{"0":"post-1270","1":"product","2":"type-product","3":"status-publish","4":"has-post-thumbnail","6":"product_brand-godox","7":"product_cat-modificadores-de-luz","8":"desktop-align-center","9":"tablet-align-left","10":"mobile-align-left","12":"first","13":"outofstock","14":"purchasable","15":"product-type-simple"},"aioseo_notices":[],"jetpack_sharing_enabled":true,"_links":{"self":[{"href":"https:\/\/studio40shop.com.mx\/index.php?rest_route=\/wp\/v2\/product\/1270","targetHints":{"allow":["GET"]}}],"collection":[{"href":"https:\/\/studio40shop.com.mx\/index.php?rest_route=\/wp\/v2\/product"}],"about":[{"href":"https:\/\/studio40shop.com.mx\/index.php?rest_route=\/wp\/v2\/types\/product"}],"replies":[{"embeddable":true,"href":"https:\/\/studio40shop.com.mx\/index.php?rest_route=%2Fwp%2Fv2%2Fcomments&post=1270"}],"wp:featuredmedia":[{"embeddable":true,"href":"https:\/\/studio40shop.com.mx\/index.php?rest_route=\/wp\/v2\/media\/1271"}],"wp:attachment":[{"href":"https:\/\/studio40shop.com.mx\/index.php?rest_route=%2Fwp%2Fv2%2Fmedia&parent=1270"}],"wp:term":[{"taxonomy":"product_brand","embeddable":true,"href":"https:\/\/studio40shop.com.mx\/index.php?rest_route=%2Fwp%2Fv2%2Fproduct_brand&post=1270"},{"taxonomy":"product_cat","embeddable":true,"href":"https:\/\/studio40shop.com.mx\/index.php?rest_route=%2Fwp%2Fv2%2Fproduct_cat&post=1270"},{"taxonomy":"product_tag","embeddable":true,"href":"https:\/\/studio40shop.com.mx\/index.php?rest_route=%2Fwp%2Fv2%2Fproduct_tag&post=1270"}],"curies":[{"name":"wp","href":"https:\/\/api.w.org\/{rel}","templated":true}]}}