{"id":1276,"date":"2020-10-25T00:48:42","date_gmt":"2020-10-25T05:48:42","guid":{"rendered":"http:\/\/studio40shop.com.mx\/?product=kit-starter-para-flash-magmod"},"modified":"2021-11-09T09:47:59","modified_gmt":"2021-11-09T14:47:59","slug":"kit-starter-para-flash-magmod","status":"publish","type":"product","link":"https:\/\/studio40shop.com.mx\/?product=kit-starter-para-flash-magmod","title":{"rendered":"Kit Starter para Flash Magmod"},"content":{"rendered":"<p>ESPECIFICACIONES<br \/>\nEfectos de iluminaci\u00f3n suaves y uniformes<br \/>\nEs un difusor de flash omnidireccional, el cual transforma instant\u00e1neamente la luz de tu flash en una luz suave y difusa. Puedes utilizarlo como fuente de luz principal o como luz de rebote.<br \/>\nEs ideal para utilizarse sobre la c\u00e1mara o bien a distancia. Te ayudar\u00e1 a controlar o difuminar la luz de tu Speedlight. Aumenta el espacio iluminado a un 250% en comparaci\u00f3n al flash directo, ofreciendo un brillo m\u00e1s suave en una superficie m\u00e1s grande.<br \/>\nEste kit incluye:<br \/>\n1 Difusor Magsphere<br \/>\n1 MagGrip<br \/>\n1 MagGrid<\/p>\n","protected":false},"excerpt":{"rendered":"<p>Kit Starter para Flash Magmod<\/p>\n<p class=\"MsoNormal\" style=\"margin: 0cm 0cm 8pt; line-height: 15.693333625793457px; font-size: 11pt; font-family: Calibri; text-align: justify;\"><span lang=\"es-mx\" xml:lang=\"es-mx\">El Kit Starter para Flash, de la marca Magmod tiene todos los elementos que necesitas para hacer tus fotograf\u00edas con flash sean m\u00e1s f\u00e1ciles y r\u00e1pidas.<\/span><\/p>\n<p class=\"MsoNormal\" style=\"margin: 0cm 0cm 8pt; line-height: 15.693333625793457px; font-size: 11pt; font-family: Calibri; text-align: justify;\"><span lang=\"es-mx\" xml:lang=\"es-mx\">Por su tama\u00f1o es ideal para transportalo con facilidad.<\/span><\/p>\n","protected":false},"featured_media":1277,"comment_status":"open","ping_status":"closed","template":"","meta":{"site-sidebar-layout":"default","site-content-layout":"default","ast-site-content-layout":"default","site-content-style":"default","site-sidebar-style":"default","ast-global-header-display":"","ast-banner-title-visibility":"","ast-main-header-display":"","ast-hfb-above-header-display":"","ast-hfb-below-header-display":"","ast-hfb-mobile-header-display":"","site-post-title":"","ast-breadcrumbs-content":"","ast-featured-img":"","footer-sml-layout":"","ast-disable-related-posts":"","theme-transparent-header-meta":"default","adv-header-id-meta":"","stick-header-meta":"","header-above-stick-meta":"","header-main-stick-meta":"","header-below-stick-meta":"","astra-migrate-meta-layouts":"default","ast-page-background-enabled":"default","ast-page-background-meta":{"desktop":{"background-color":"var(--ast-global-color-4)","background-image":"","background-repeat":"repeat","background-position":"center center","background-size":"auto","background-attachment":"scroll","background-type":"","background-media":"","overlay-type":"","overlay-color":"","overlay-opacity":"","overlay-gradient":""},"tablet":{"background-color":"","background-image":"","background-repeat":"repeat","background-position":"center center","background-size":"auto","background-attachment":"scroll","background-type":"","background-media":"","overlay-type":"","overlay-color":"","overlay-opacity":"","overlay-gradient":""},"mobile":{"background-color":"","background-image":"","background-repeat":"repeat","background-position":"center center","background-size":"auto","background-attachment":"scroll","background-type":"","background-media":"","overlay-type":"","overlay-color":"","overlay-opacity":"","overlay-gradient":""}},"ast-content-background-meta":{"desktop":{"background-color":"var(--ast-global-color-5)","background-image":"","background-repeat":"repeat","background-position":"center center","background-size":"auto","background-attachment":"scroll","background-type":"","background-media":"","overlay-type":"","overlay-color":"","overlay-opacity":"","overlay-gradient":""},"tablet":{"background-color":"var(--ast-global-color-5)","background-image":"","background-repeat":"repeat","background-position":"center center","background-size":"auto","background-attachment":"scroll","background-type":"","background-media":"","overlay-type":"","overlay-color":"","overlay-opacity":"","overlay-gradient":""},"mobile":{"background-color":"var(--ast-global-color-5)","background-image":"","background-repeat":"repeat","background-position":"center center","background-size":"auto","background-attachment":"scroll","background-type":"","background-media":"","overlay-type":"","overlay-color":"","overlay-opacity":"","overlay-gradient":""}},"_themeisle_gutenberg_block_has_review":false},"product_brand":[68],"product_cat":[105],"product_tag":[],"class_list":{"0":"post-1276","1":"product","2":"type-product","3":"status-publish","4":"has-post-thumbnail","6":"product_brand-magmod","7":"product_cat-modificadores-de-luz","8":"desktop-align-center","9":"tablet-align-left","10":"mobile-align-left","12":"first","13":"instock","14":"purchasable","15":"product-type-simple"},"aioseo_notices":[],"jetpack_sharing_enabled":true,"_links":{"self":[{"href":"https:\/\/studio40shop.com.mx\/index.php?rest_route=\/wp\/v2\/product\/1276","targetHints":{"allow":["GET"]}}],"collection":[{"href":"https:\/\/studio40shop.com.mx\/index.php?rest_route=\/wp\/v2\/product"}],"about":[{"href":"https:\/\/studio40shop.com.mx\/index.php?rest_route=\/wp\/v2\/types\/product"}],"replies":[{"embeddable":true,"href":"https:\/\/studio40shop.com.mx\/index.php?rest_route=%2Fwp%2Fv2%2Fcomments&post=1276"}],"wp:featuredmedia":[{"embeddable":true,"href":"https:\/\/studio40shop.com.mx\/index.php?rest_route=\/wp\/v2\/media\/1277"}],"wp:attachment":[{"href":"https:\/\/studio40shop.com.mx\/index.php?rest_route=%2Fwp%2Fv2%2Fmedia&parent=1276"}],"wp:term":[{"taxonomy":"product_brand","embeddable":true,"href":"https:\/\/studio40shop.com.mx\/index.php?rest_route=%2Fwp%2Fv2%2Fproduct_brand&post=1276"},{"taxonomy":"product_cat","embeddable":true,"href":"https:\/\/studio40shop.com.mx\/index.php?rest_route=%2Fwp%2Fv2%2Fproduct_cat&post=1276"},{"taxonomy":"product_tag","embeddable":true,"href":"https:\/\/studio40shop.com.mx\/index.php?rest_route=%2Fwp%2Fv2%2Fproduct_tag&post=1276"}],"curies":[{"name":"wp","href":"https:\/\/api.w.org\/{rel}","templated":true}]}}