{"id":1285,"date":"2020-10-25T01:02:06","date_gmt":"2020-10-25T06:02:06","guid":{"rendered":"http:\/\/studio40shop.com.mx\/?product=magbounce-individual-magmod"},"modified":"2023-05-04T19:02:29","modified_gmt":"2023-05-05T00:02:29","slug":"magbounce-individual-magmod","status":"publish","type":"product","link":"https:\/\/studio40shop.com.mx\/?product=magbounce-individual-magmod","title":{"rendered":"Difusor de Luz Magnetico MagBounce individual Magmod"},"content":{"rendered":"<p>Al igual que el anterior, est\u00e1 construido de un material de silicona, aunque en este caso es algo m\u00e1s opaco. Este material le permite ser tremendamente flexible, algo que puede servir de gran ayuda contra posibles golpes en el accesorio, o para encontrar un sitio en el que poder guardarlo.<br \/>\nEl resultado es de unas im\u00e1genes fr\u00edas y artificiales que a muchos profesionales les gusta. Cuando se logra usarlo correctamente, los resultados pueden ser muy buenos. Adem\u00e1s de tener un flash con buenas caracter\u00edsticas, accesorios como los presentados por MagMod ayudar\u00e1n a obtener unos resultados mucho m\u00e1s realistas.<\/p>\n","protected":false},"excerpt":{"rendered":"<p class=\"MsoNormal\" style=\"margin: 0cm 0cm .0001pt; line-height: normal; font-size: 11pt; font-family: Calibri; background-color: #ffffff;\"><b><span lang=\"es-mx\" style=\"font-size: 18pt; font-family: Helvetica; color: #333333;\" xml:lang=\"es-mx\">MagBounce individual Magmod<\/span><\/b><\/p>\n<p>&nbsp;<\/p>\n<p>&nbsp;<\/p>\n<p class=\"MsoNormal\" style=\"margin: 0cm 0cm 8pt; line-height: normal; font-size: 11pt; font-family: Calibri; background-color: #ffffff;\"><span lang=\"es-mx\" style=\"font-family: Helvetica; color: #575d63;\" xml:lang=\"es-mx\">El dise\u00f1o de este difusor es un poco m\u00e1s extra\u00f1o, pero seg\u00fan sus creadores han buscado\u00a0<b>ofrecer la posibilidad tanto de difuminar la luz como de esparcirla<\/b>, con resultados similares a una caja de luz.<\/span><\/p>\n<p class=\"MsoNormal\" style=\"margin: 0cm 0cm 8pt; line-height: normal; font-size: 11pt; font-family: Calibri; background-color: #ffffff;\"><span lang=\"es-mx\" style=\"font-family: Helvetica; color: #575d63;\" xml:lang=\"es-mx\">Necesita el MagGrip<\/span><\/p>\n","protected":false},"featured_media":3540,"comment_status":"open","ping_status":"closed","template":"","meta":{"site-sidebar-layout":"default","site-content-layout":"default","ast-site-content-layout":"default","site-content-style":"default","site-sidebar-style":"default","ast-global-header-display":"","ast-banner-title-visibility":"","ast-main-header-display":"","ast-hfb-above-header-display":"","ast-hfb-below-header-display":"","ast-hfb-mobile-header-display":"","site-post-title":"","ast-breadcrumbs-content":"","ast-featured-img":"","footer-sml-layout":"","ast-disable-related-posts":"","theme-transparent-header-meta":"default","adv-header-id-meta":"","stick-header-meta":"","header-above-stick-meta":"","header-main-stick-meta":"","header-below-stick-meta":"","astra-migrate-meta-layouts":"default","ast-page-background-enabled":"default","ast-page-background-meta":{"desktop":{"background-color":"var(--ast-global-color-4)","background-image":"","background-repeat":"repeat","background-position":"center center","background-size":"auto","background-attachment":"scroll","background-type":"","background-media":"","overlay-type":"","overlay-color":"","overlay-opacity":"","overlay-gradient":""},"tablet":{"background-color":"","background-image":"","background-repeat":"repeat","background-position":"center center","background-size":"auto","background-attachment":"scroll","background-type":"","background-media":"","overlay-type":"","overlay-color":"","overlay-opacity":"","overlay-gradient":""},"mobile":{"background-color":"","background-image":"","background-repeat":"repeat","background-position":"center center","background-size":"auto","background-attachment":"scroll","background-type":"","background-media":"","overlay-type":"","overlay-color":"","overlay-opacity":"","overlay-gradient":""}},"ast-content-background-meta":{"desktop":{"background-color":"var(--ast-global-color-5)","background-image":"","background-repeat":"repeat","background-position":"center center","background-size":"auto","background-attachment":"scroll","background-type":"","background-media":"","overlay-type":"","overlay-color":"","overlay-opacity":"","overlay-gradient":""},"tablet":{"background-color":"var(--ast-global-color-5)","background-image":"","background-repeat":"repeat","background-position":"center center","background-size":"auto","background-attachment":"scroll","background-type":"","background-media":"","overlay-type":"","overlay-color":"","overlay-opacity":"","overlay-gradient":""},"mobile":{"background-color":"var(--ast-global-color-5)","background-image":"","background-repeat":"repeat","background-position":"center center","background-size":"auto","background-attachment":"scroll","background-type":"","background-media":"","overlay-type":"","overlay-color":"","overlay-opacity":"","overlay-gradient":""}},"_themeisle_gutenberg_block_has_review":false},"product_brand":[68],"product_cat":[105],"product_tag":[592],"class_list":{"0":"post-1285","1":"product","2":"type-product","3":"status-publish","4":"has-post-thumbnail","6":"product_brand-magmod","7":"product_cat-modificadores-de-luz","8":"product_tag-magmod","9":"desktop-align-center","10":"tablet-align-left","11":"mobile-align-left","13":"first","14":"instock","15":"purchasable","16":"product-type-simple"},"aioseo_notices":[],"jetpack_sharing_enabled":true,"_links":{"self":[{"href":"https:\/\/studio40shop.com.mx\/index.php?rest_route=\/wp\/v2\/product\/1285","targetHints":{"allow":["GET"]}}],"collection":[{"href":"https:\/\/studio40shop.com.mx\/index.php?rest_route=\/wp\/v2\/product"}],"about":[{"href":"https:\/\/studio40shop.com.mx\/index.php?rest_route=\/wp\/v2\/types\/product"}],"replies":[{"embeddable":true,"href":"https:\/\/studio40shop.com.mx\/index.php?rest_route=%2Fwp%2Fv2%2Fcomments&post=1285"}],"wp:featuredmedia":[{"embeddable":true,"href":"https:\/\/studio40shop.com.mx\/index.php?rest_route=\/wp\/v2\/media\/3540"}],"wp:attachment":[{"href":"https:\/\/studio40shop.com.mx\/index.php?rest_route=%2Fwp%2Fv2%2Fmedia&parent=1285"}],"wp:term":[{"taxonomy":"product_brand","embeddable":true,"href":"https:\/\/studio40shop.com.mx\/index.php?rest_route=%2Fwp%2Fv2%2Fproduct_brand&post=1285"},{"taxonomy":"product_cat","embeddable":true,"href":"https:\/\/studio40shop.com.mx\/index.php?rest_route=%2Fwp%2Fv2%2Fproduct_cat&post=1285"},{"taxonomy":"product_tag","embeddable":true,"href":"https:\/\/studio40shop.com.mx\/index.php?rest_route=%2Fwp%2Fv2%2Fproduct_tag&post=1285"}],"curies":[{"name":"wp","href":"https:\/\/api.w.org\/{rel}","templated":true}]}}