{"id":1300,"date":"2020-10-25T01:19:46","date_gmt":"2020-10-25T06:19:46","guid":{"rendered":"http:\/\/studio40shop.com.mx\/?product=filtro-uv-52mm-tiffen"},"modified":"2024-03-11T12:54:18","modified_gmt":"2024-03-11T17:54:18","slug":"filtro-uv-52mm-tiffen","status":"publish","type":"product","link":"https:\/\/studio40shop.com.mx\/?product=filtro-uv-52mm-tiffen","title":{"rendered":"Filtro UV 52mm Tiffen"},"content":{"rendered":"<p>ESPECIFICACIONES<br \/>\nGran filtro UV para proteger tu lente<br \/>\nEl Filtro UV tambi\u00e9n es \u00fatil como filtro de protecci\u00f3n general para dejar las lentes en todo momento. Ayudan a reducir el polvo y la humedad para que no alcancen el elemento de su lente y brindan protecci\u00f3n adicional en caso de ca\u00eddas o situaciones en las que podr\u00eda rayarse.<br \/>\nLos Filtros Tiffen est\u00e1n hechos con la tecnolog\u00eda ColorCore; un proceso que consiste en laminar el sustrato de filtro entre 2 piezas de vidrio \u00f3ptico rectificado hasta alcanzar una tolerancia de 1\/10,000th de pulgada, y luego montar en anillos de metal de precisi\u00f3n.<br \/>\nAbsorbe algo de luz ultravioleta y reduce el tono azulado de la luz diurna.<br \/>\nEl filtro claro no proporciona color ni contraste adicionales, lo que le permite emparejar este filtro con otros, reduce el polvo, la humedad y los ara\u00f1azos al llegar a los elementos de la lente.<\/p>\n","protected":false},"excerpt":{"rendered":"<p class=\"MsoNormal\" align=\"center\" style=\"margin:0cm 0cm .0001pt;line-height:normal;font-size:11pt;font-family:Calibri;background-color:#ffffff;text-align:left;\"><b><span lang=\"es-mx\" style=\"font-size:18pt;font-family:Helvetica;color:#333333;\" xml:lang=\"es-mx\">Filtro UV 52mm Tiffen<\/span><\/b><\/p>\n<\/p>\n<p class=\"MsoNormal\" style=\"margin:0cm 0cm 8pt;line-height:15.693333625793457px;font-size:11pt;font-family:Calibri;\"><span lang=\"es-mx\" style=\"font-size:9.5pt;line-height:13.553333282470703px;font-family:Helvetica;color:#575d63;\" xml:lang=\"es-mx\">El\u00a0<b><i>Filtro UV 52mm Tiffen<\/i><\/b>\u00a0es de uso general que\u00a0<b><i>ayuda a absorber luz ultravioleta<\/i><\/b>\u00a0y<b><i>\u00a0reduce tono azulado<\/i><\/b><i>\u00a0<\/i>de luz de d\u00eda.<\/span><span lang=\"es-mx\" xml:lang=\"es-mx\"><\/span><\/p>\n<\/p>\n<p class=\"MsoNormal\" style=\"margin:0cm 0cm 8pt;line-height:normal;font-size:11pt;font-family:Calibri;background-color:#ffffff;\"><span lang=\"es-mx\" style=\"font-size:9.5pt;font-family:Helvetica;color:#575d63;\" xml:lang=\"es-mx\">Es\u00a0<b><i>\u00fatil<\/i><\/b>\u00a0cuando se fotograf\u00eda a<b><i>\u00a0grandes alturas o alrededor de cuerpos de agua<\/i><\/b>.\u00a0<b><i>No proporciona coloraci\u00f3n o contraste adicional<\/i><\/b>, lo que le\u00a0<b><i>permite emparejar<\/i><\/b>\u00a0este filtro con otros.<\/span><\/p><\/p>\n","protected":false},"featured_media":1301,"comment_status":"open","ping_status":"closed","template":"","meta":{"site-sidebar-layout":"default","site-content-layout":"default","ast-site-content-layout":"default","site-content-style":"default","site-sidebar-style":"default","ast-global-header-display":"","ast-banner-title-visibility":"","ast-main-header-display":"","ast-hfb-above-header-display":"","ast-hfb-below-header-display":"","ast-hfb-mobile-header-display":"","site-post-title":"","ast-breadcrumbs-content":"","ast-featured-img":"","footer-sml-layout":"","ast-disable-related-posts":"","theme-transparent-header-meta":"default","adv-header-id-meta":"","stick-header-meta":"","header-above-stick-meta":"","header-main-stick-meta":"","header-below-stick-meta":"","astra-migrate-meta-layouts":"default","ast-page-background-enabled":"default","ast-page-background-meta":{"desktop":{"background-color":"var(--ast-global-color-4)","background-image":"","background-repeat":"repeat","background-position":"center center","background-size":"auto","background-attachment":"scroll","background-type":"","background-media":"","overlay-type":"","overlay-color":"","overlay-opacity":"","overlay-gradient":""},"tablet":{"background-color":"","background-image":"","background-repeat":"repeat","background-position":"center center","background-size":"auto","background-attachment":"scroll","background-type":"","background-media":"","overlay-type":"","overlay-color":"","overlay-opacity":"","overlay-gradient":""},"mobile":{"background-color":"","background-image":"","background-repeat":"repeat","background-position":"center center","background-size":"auto","background-attachment":"scroll","background-type":"","background-media":"","overlay-type":"","overlay-color":"","overlay-opacity":"","overlay-gradient":""}},"ast-content-background-meta":{"desktop":{"background-color":"var(--ast-global-color-5)","background-image":"","background-repeat":"repeat","background-position":"center center","background-size":"auto","background-attachment":"scroll","background-type":"","background-media":"","overlay-type":"","overlay-color":"","overlay-opacity":"","overlay-gradient":""},"tablet":{"background-color":"var(--ast-global-color-5)","background-image":"","background-repeat":"repeat","background-position":"center center","background-size":"auto","background-attachment":"scroll","background-type":"","background-media":"","overlay-type":"","overlay-color":"","overlay-opacity":"","overlay-gradient":""},"mobile":{"background-color":"var(--ast-global-color-5)","background-image":"","background-repeat":"repeat","background-position":"center center","background-size":"auto","background-attachment":"scroll","background-type":"","background-media":"","overlay-type":"","overlay-color":"","overlay-opacity":"","overlay-gradient":""}},"_themeisle_gutenberg_block_has_review":false},"product_brand":[70],"product_cat":[107],"product_tag":[],"class_list":{"0":"post-1300","1":"product","2":"type-product","3":"status-publish","4":"has-post-thumbnail","6":"product_brand-tiffen","7":"product_cat-filtros","8":"desktop-align-center","9":"tablet-align-left","10":"mobile-align-left","12":"first","13":"outofstock","14":"purchasable","15":"product-type-simple"},"aioseo_notices":[],"jetpack_sharing_enabled":true,"_links":{"self":[{"href":"https:\/\/studio40shop.com.mx\/index.php?rest_route=\/wp\/v2\/product\/1300","targetHints":{"allow":["GET"]}}],"collection":[{"href":"https:\/\/studio40shop.com.mx\/index.php?rest_route=\/wp\/v2\/product"}],"about":[{"href":"https:\/\/studio40shop.com.mx\/index.php?rest_route=\/wp\/v2\/types\/product"}],"replies":[{"embeddable":true,"href":"https:\/\/studio40shop.com.mx\/index.php?rest_route=%2Fwp%2Fv2%2Fcomments&post=1300"}],"wp:featuredmedia":[{"embeddable":true,"href":"https:\/\/studio40shop.com.mx\/index.php?rest_route=\/wp\/v2\/media\/1301"}],"wp:attachment":[{"href":"https:\/\/studio40shop.com.mx\/index.php?rest_route=%2Fwp%2Fv2%2Fmedia&parent=1300"}],"wp:term":[{"taxonomy":"product_brand","embeddable":true,"href":"https:\/\/studio40shop.com.mx\/index.php?rest_route=%2Fwp%2Fv2%2Fproduct_brand&post=1300"},{"taxonomy":"product_cat","embeddable":true,"href":"https:\/\/studio40shop.com.mx\/index.php?rest_route=%2Fwp%2Fv2%2Fproduct_cat&post=1300"},{"taxonomy":"product_tag","embeddable":true,"href":"https:\/\/studio40shop.com.mx\/index.php?rest_route=%2Fwp%2Fv2%2Fproduct_tag&post=1300"}],"curies":[{"name":"wp","href":"https:\/\/api.w.org\/{rel}","templated":true}]}}