{"id":1381,"date":"2020-10-26T22:01:50","date_gmt":"2020-10-26T22:01:50","guid":{"rendered":"http:\/\/studio40shop.com.mx\/?product=cargador-usb-dual-kastar-para-sony-np-f970"},"modified":"2024-07-10T12:56:39","modified_gmt":"2024-07-10T17:56:39","slug":"cargador-usb-dual-kastar-para-sony-np-f970","status":"publish","type":"product","link":"https:\/\/studio40shop.com.mx\/?product=cargador-usb-dual-kastar-para-sony-np-f970","title":{"rendered":"Cargador USB Dual Kastar Para Sony NP-F970"},"content":{"rendered":"<p>El paquete incluye:<br \/>\n1 x Cargador USB Dual1 x Micro USB<br \/>\nBater\u00eda Compatible:<br \/>\nSony NP-F975, NP-F970, NP-F960, NP-F950, NP-F770, NP-F750<br \/>\nCargador Compatible:<br \/>\nSony BC-VM10, BC-VM50, BC-V615<br \/>\nSony NP-F550, NP-F570, NP-F750, NP-F770, NP-F960, NP-F970, NP-F975, NP-FM50, NP-FM55H, NP-FM500H, NP-QM1,NP-QM91 Compatible con las siguientes c\u00e1maras SONY:<br \/>\nCCD-SC55, SC65 CCD-TR67 CCD-TR76 CCD-TR87 CCD-TR516, TR555 CCD-TR716 CCD-TR818 CCD-TR910, TR917, TR930, TR940 CCD-TR3000 CCD-TR3300 CCD-TRV15 CCD-TRV25 CCD-TRV36, TRV37 CCD-TRV41, TRV43, TRV46 CCD-TRV51, TRV57, TRV58 CCD-TRV62, TRV65, TRV66, TRV67, TRV68 CCD-TRV72, TRV75 CCD-TRV81, TRV82, TRV85, TRV87, TRV88 CCD-TRV90, TRV91, TRV93, TRV95, TRV98, TRV99 CCD-TRV101 CCD-TRV215 CCD-TRV615 CCD-TRV715 CCD-TRV815 DCR-SC100 DCR-TR7000 DCR-TRV7 DCR-TRV9 DCR-TRV110, TRV120, TRV130 DCR-TRV210 DCR-TRV310, TRV315, TRV320 DCR-TRV510, TRV520, TRV525 DCR-TRV720 DCR-TRV820 DCR-TRV900 DCR-VX2000 DCR-VX2100 FDR-AX1 GV-D200 GV-D700 HVL-LBPB HDR-AX2000 HDR-FX1 HDR-FX7 HDR-FX1000 HVR-HD1000U HVR-V1U HVR-Z1U HVR-Z5U HVR-Z7U HXR-MC2000U HXR-NX5 NEX-EA50UH NEX-FS100U NEX-FS700U<\/p>\n<p>Cargador r\u00e1pido Kastar Dual USB, puede ser alimentado por Cargador de pared USB &amp; Cargador de Auto o una computadora.<\/p>\n<p>Nuevo dise\u00f1o, f\u00e1cil de llevar. Entrada: 5V 2A; Salida: 4,2 V\/8,4 V 600 mA*2.<\/p>\n<p>Puede ser alimentado por un cargador de pared y autom\u00e1tico USB o una computadora, el LED indica: Luz roja para cargar; Luz verde para espera o carga completa.<\/p>\n<p>Con la \u00faltima generaci\u00f3n de control de CPU, el control autom\u00e1tico de corriente constante evita que la bater\u00eda se sobrecargue y se produzca un cortocircuito.<\/p>\n<p>Cargador patentado con certificaci\u00f3n FCC, CE y ROHS. Todos los art\u00edculos incluyen una garant\u00eda del fabricante de 18 meses.<\/p>\n","protected":false},"excerpt":{"rendered":"<p class=\"MsoNormal\" style=\"margin: 0cm 0cm 7.5pt; font-size: medium; font-family: Calibri; text-align: left;\" align=\"center\"><a title=\"Kastar USB Dual Charger for Sony NP-F970 NP-F960 NP-F950 &amp; Sony DCR-VX2100, DSR-PD150, DSR-PD170, FDR-AX1, HDR-AX2000, HDR-FX1, HDR-FX7, HDR-FX1000, HVL-LBPB, HVR-HD1000U, HVR-V1U, HVR-Z1P\" href=\"https:\/\/www.mykastar.com\/products\/batteries\/camera-camcorder-batteries\/sony\/np-f970\/kastar-usb-dual-charger-for-sony-np-f970-np-f960-np-f950-sony-dcr-vx2100-dsr-pd150-dsr-pd170-fdr-ax1-hdr-ax2000-hdr-fx1-hdr-fx7-hdr-fx1000-hvl-lbpb-hvr-hd1000u-hvr-v1u-hvr-z1p.html\"><span style=\"font-size: 10.5pt; font-family: 'Helvetica Neue'; color: #666666; text-transform: uppercase;\">CHARGER DUAL USB \u00a0PARA SONY NP-F970 NP-F960 NP-F950 &amp; SONY DCR-VX2100, DSR-PD150, DSR-PD170, FDR-AX1, HDR-AX2000, HDR-FX1, HDR-FX7, HDR-FX1000, HVL-LBPB, HVR-HD1000U, HVR-V1U, HVR-Z1P<\/span><\/a><\/p>\n","protected":false},"featured_media":1382,"comment_status":"open","ping_status":"closed","template":"","meta":{"site-sidebar-layout":"default","site-content-layout":"default","ast-site-content-layout":"default","site-content-style":"default","site-sidebar-style":"default","ast-global-header-display":"","ast-banner-title-visibility":"","ast-main-header-display":"","ast-hfb-above-header-display":"","ast-hfb-below-header-display":"","ast-hfb-mobile-header-display":"","site-post-title":"","ast-breadcrumbs-content":"","ast-featured-img":"","footer-sml-layout":"","ast-disable-related-posts":"","theme-transparent-header-meta":"default","adv-header-id-meta":"","stick-header-meta":"","header-above-stick-meta":"","header-main-stick-meta":"","header-below-stick-meta":"","astra-migrate-meta-layouts":"default","ast-page-background-enabled":"default","ast-page-background-meta":{"desktop":{"background-color":"var(--ast-global-color-4)","background-image":"","background-repeat":"repeat","background-position":"center center","background-size":"auto","background-attachment":"scroll","background-type":"","background-media":"","overlay-type":"","overlay-color":"","overlay-opacity":"","overlay-gradient":""},"tablet":{"background-color":"","background-image":"","background-repeat":"repeat","background-position":"center center","background-size":"auto","background-attachment":"scroll","background-type":"","background-media":"","overlay-type":"","overlay-color":"","overlay-opacity":"","overlay-gradient":""},"mobile":{"background-color":"","background-image":"","background-repeat":"repeat","background-position":"center center","background-size":"auto","background-attachment":"scroll","background-type":"","background-media":"","overlay-type":"","overlay-color":"","overlay-opacity":"","overlay-gradient":""}},"ast-content-background-meta":{"desktop":{"background-color":"var(--ast-global-color-5)","background-image":"","background-repeat":"repeat","background-position":"center center","background-size":"auto","background-attachment":"scroll","background-type":"","background-media":"","overlay-type":"","overlay-color":"","overlay-opacity":"","overlay-gradient":""},"tablet":{"background-color":"var(--ast-global-color-5)","background-image":"","background-repeat":"repeat","background-position":"center center","background-size":"auto","background-attachment":"scroll","background-type":"","background-media":"","overlay-type":"","overlay-color":"","overlay-opacity":"","overlay-gradient":""},"mobile":{"background-color":"var(--ast-global-color-5)","background-image":"","background-repeat":"repeat","background-position":"center center","background-size":"auto","background-attachment":"scroll","background-type":"","background-media":"","overlay-type":"","overlay-color":"","overlay-opacity":"","overlay-gradient":""}},"_themeisle_gutenberg_block_has_review":false},"product_brand":[64],"product_cat":[86],"product_tag":[],"class_list":{"0":"post-1381","1":"product","2":"type-product","3":"status-publish","4":"has-post-thumbnail","6":"product_brand-kastar","7":"product_cat-baterias-y-power-bank","8":"desktop-align-center","9":"tablet-align-left","10":"mobile-align-left","12":"first","13":"outofstock","14":"purchasable","15":"product-type-simple"},"aioseo_notices":[],"jetpack_sharing_enabled":true,"_links":{"self":[{"href":"https:\/\/studio40shop.com.mx\/index.php?rest_route=\/wp\/v2\/product\/1381","targetHints":{"allow":["GET"]}}],"collection":[{"href":"https:\/\/studio40shop.com.mx\/index.php?rest_route=\/wp\/v2\/product"}],"about":[{"href":"https:\/\/studio40shop.com.mx\/index.php?rest_route=\/wp\/v2\/types\/product"}],"replies":[{"embeddable":true,"href":"https:\/\/studio40shop.com.mx\/index.php?rest_route=%2Fwp%2Fv2%2Fcomments&post=1381"}],"wp:featuredmedia":[{"embeddable":true,"href":"https:\/\/studio40shop.com.mx\/index.php?rest_route=\/wp\/v2\/media\/1382"}],"wp:attachment":[{"href":"https:\/\/studio40shop.com.mx\/index.php?rest_route=%2Fwp%2Fv2%2Fmedia&parent=1381"}],"wp:term":[{"taxonomy":"product_brand","embeddable":true,"href":"https:\/\/studio40shop.com.mx\/index.php?rest_route=%2Fwp%2Fv2%2Fproduct_brand&post=1381"},{"taxonomy":"product_cat","embeddable":true,"href":"https:\/\/studio40shop.com.mx\/index.php?rest_route=%2Fwp%2Fv2%2Fproduct_cat&post=1381"},{"taxonomy":"product_tag","embeddable":true,"href":"https:\/\/studio40shop.com.mx\/index.php?rest_route=%2Fwp%2Fv2%2Fproduct_tag&post=1381"}],"curies":[{"name":"wp","href":"https:\/\/api.w.org\/{rel}","templated":true}]}}