{"id":1389,"date":"2020-10-26T22:21:25","date_gmt":"2020-10-26T22:21:25","guid":{"rendered":"http:\/\/studio40shop.com.mx\/?product=cargador-usb-lcd-delgado-para-canon-lp-e6"},"modified":"2022-11-10T17:58:11","modified_gmt":"2022-11-10T22:58:11","slug":"cargador-usb-lcd-delgado-para-canon-lp-e6","status":"publish","type":"product","link":"https:\/\/studio40shop.com.mx\/?product=cargador-usb-lcd-delgado-para-canon-lp-e6","title":{"rendered":"Cargador USB LCD delgado para Canon LP-E6"},"content":{"rendered":"<p>El cargador USB Kastar LCD Slim, puede ser alimentado por Cargador de Pared USB &amp; Cargador de Auto o una computadora.<\/p>\n<p>Nuevo dise\u00f1o de carga LCD inteligente, f\u00e1cil de llevar. Entrada: 5V 2A; Salida: 4,2 V\/8,4 V 600 mA.<\/p>\n<p>El cargador LCD inteligente muestra el estado de carga y la capacidad de la bater\u00eda.<\/p>\n<p>Puede ser alimentado por un cargador de pared y autom\u00e1tico USB o una computadora, viene con un cable Micro USB.<\/p>\n<p>Cargador patentado con certificaci\u00f3n FCC, CE y ROHS. Todos los art\u00edculos incluyen una garant\u00eda del fabricante de 18 meses.<\/p>\n","protected":false},"excerpt":{"rendered":"<h5 style=\"margin: 0cm 0cm .0001pt; font-size: 10pt; font-family: 'Courier New'; line-height: 27pt; background-color: #f8f9fa;\"><span lang=\"es\" style=\"font-size: 21pt; font-family: inherit, serif; color: #222222;\" xml:lang=\"es\">Cargador USB LCD delgado para Canon LP-E6, EOS 5DS, 5DS R, 5D Mark II, 5D Mark III, 6D, 7D, 7D Mark II, 60D, 60Da, 70D, 80D, XC10, BG- E16, BG-E14, BG-E13, BG-E11, BG-E9, BG-E7, BG-E6<\/span><\/h5>\n","protected":false},"featured_media":3543,"comment_status":"open","ping_status":"closed","template":"","meta":{"site-sidebar-layout":"default","site-content-layout":"default","ast-site-content-layout":"default","site-content-style":"default","site-sidebar-style":"default","ast-global-header-display":"","ast-banner-title-visibility":"","ast-main-header-display":"","ast-hfb-above-header-display":"","ast-hfb-below-header-display":"","ast-hfb-mobile-header-display":"","site-post-title":"","ast-breadcrumbs-content":"","ast-featured-img":"","footer-sml-layout":"","ast-disable-related-posts":"","theme-transparent-header-meta":"default","adv-header-id-meta":"","stick-header-meta":"","header-above-stick-meta":"","header-main-stick-meta":"","header-below-stick-meta":"","astra-migrate-meta-layouts":"default","ast-page-background-enabled":"default","ast-page-background-meta":{"desktop":{"background-color":"var(--ast-global-color-4)","background-image":"","background-repeat":"repeat","background-position":"center center","background-size":"auto","background-attachment":"scroll","background-type":"","background-media":"","overlay-type":"","overlay-color":"","overlay-opacity":"","overlay-gradient":""},"tablet":{"background-color":"","background-image":"","background-repeat":"repeat","background-position":"center center","background-size":"auto","background-attachment":"scroll","background-type":"","background-media":"","overlay-type":"","overlay-color":"","overlay-opacity":"","overlay-gradient":""},"mobile":{"background-color":"","background-image":"","background-repeat":"repeat","background-position":"center center","background-size":"auto","background-attachment":"scroll","background-type":"","background-media":"","overlay-type":"","overlay-color":"","overlay-opacity":"","overlay-gradient":""}},"ast-content-background-meta":{"desktop":{"background-color":"var(--ast-global-color-5)","background-image":"","background-repeat":"repeat","background-position":"center center","background-size":"auto","background-attachment":"scroll","background-type":"","background-media":"","overlay-type":"","overlay-color":"","overlay-opacity":"","overlay-gradient":""},"tablet":{"background-color":"var(--ast-global-color-5)","background-image":"","background-repeat":"repeat","background-position":"center center","background-size":"auto","background-attachment":"scroll","background-type":"","background-media":"","overlay-type":"","overlay-color":"","overlay-opacity":"","overlay-gradient":""},"mobile":{"background-color":"var(--ast-global-color-5)","background-image":"","background-repeat":"repeat","background-position":"center center","background-size":"auto","background-attachment":"scroll","background-type":"","background-media":"","overlay-type":"","overlay-color":"","overlay-opacity":"","overlay-gradient":""}},"_themeisle_gutenberg_block_has_review":false},"product_brand":[64],"product_cat":[86],"product_tag":[],"class_list":{"0":"post-1389","1":"product","2":"type-product","3":"status-publish","4":"has-post-thumbnail","6":"product_brand-kastar","7":"product_cat-baterias-y-power-bank","8":"desktop-align-center","9":"tablet-align-left","10":"mobile-align-left","12":"first","13":"instock","14":"purchasable","15":"product-type-simple"},"aioseo_notices":[],"jetpack_sharing_enabled":true,"_links":{"self":[{"href":"https:\/\/studio40shop.com.mx\/index.php?rest_route=\/wp\/v2\/product\/1389","targetHints":{"allow":["GET"]}}],"collection":[{"href":"https:\/\/studio40shop.com.mx\/index.php?rest_route=\/wp\/v2\/product"}],"about":[{"href":"https:\/\/studio40shop.com.mx\/index.php?rest_route=\/wp\/v2\/types\/product"}],"replies":[{"embeddable":true,"href":"https:\/\/studio40shop.com.mx\/index.php?rest_route=%2Fwp%2Fv2%2Fcomments&post=1389"}],"wp:featuredmedia":[{"embeddable":true,"href":"https:\/\/studio40shop.com.mx\/index.php?rest_route=\/wp\/v2\/media\/3543"}],"wp:attachment":[{"href":"https:\/\/studio40shop.com.mx\/index.php?rest_route=%2Fwp%2Fv2%2Fmedia&parent=1389"}],"wp:term":[{"taxonomy":"product_brand","embeddable":true,"href":"https:\/\/studio40shop.com.mx\/index.php?rest_route=%2Fwp%2Fv2%2Fproduct_brand&post=1389"},{"taxonomy":"product_cat","embeddable":true,"href":"https:\/\/studio40shop.com.mx\/index.php?rest_route=%2Fwp%2Fv2%2Fproduct_cat&post=1389"},{"taxonomy":"product_tag","embeddable":true,"href":"https:\/\/studio40shop.com.mx\/index.php?rest_route=%2Fwp%2Fv2%2Fproduct_tag&post=1389"}],"curies":[{"name":"wp","href":"https:\/\/api.w.org\/{rel}","templated":true}]}}