{"id":1413,"date":"2020-10-26T23:13:16","date_gmt":"2020-10-26T23:13:16","guid":{"rendered":"http:\/\/studio40shop.com.mx\/?product=kastar-bateria-para-canon-lp-e8"},"modified":"2022-11-14T14:51:59","modified_gmt":"2022-11-14T19:51:59","slug":"kastar-bateria-para-canon-lp-e8","status":"publish","type":"product","link":"https:\/\/studio40shop.com.mx\/?product=kastar-bateria-para-canon-lp-e8","title":{"rendered":"Kastar Bater\u00eda para Canon LP-E8"},"content":{"rendered":"<p>El paquete incluye:<\/p>\n<p>1 x Bater\u00eda<\/p>\n<p>Bater\u00eda Compatible:<\/p>\n<p>Canon LP-E8<br \/>\nCargador Compatible:<\/p>\n<p>Canon LC-E8E<br \/>\nCompatible con los siguientes modelos de Canon:<\/p>\n<p>Canon EOS 550D<br \/>\nCanon EOS 600D<br \/>\nCanon EOS 700D<br \/>\nCanon EOS Rebel T2i<br \/>\nCanon EOS Rebel T3i<br \/>\nCanon EOS Rebel T4i<br \/>\nCanon EOS Rebel T5i<\/p>\n<p>Bater\u00eda de repuesto de iones de litio (Li-ion) de la marca Kastar. Alta calidad, larga duraci\u00f3n y precio de fabricaci\u00f3n.<\/p>\n<p>Bater\u00eda Kastar 100% decodificada y 100% compatible con las bater\u00edas y cargadores originales.<\/p>\n<p>Bater\u00eda Kastar Alta Capacidad. Use celdas japonesas de alta calidad para una mayor duraci\u00f3n de la bater\u00eda sin efecto memoria.<\/p>\n<p>Utilice un microchip japon\u00e9s integrado que puede evitar la sobrecarga y la sobredescarga.<\/p>\n","protected":false},"excerpt":{"rendered":"<h1 style=\"font-size: 24px; margin: 0px; font-family: 'Helvetica Neue', Helvetica, Arial, sans-serif; font-weight: normal; line-height: 25px; color: #333333; text-transform: capitalize;\">Kastar Bater\u00eda \u00a0para Canon LP-E8, LC-E8E y Canon EOS 550D, EOS 600D, EOS 700D, EOS Rebel T2i, EOS Rebel T3i, EOS Rebel T4i, EOS Rebel T5i Cameras, Grip BG-E8<\/h1>\n<p class=\"MsoNormal\" style=\"margin: 0cm 0cm 8pt; line-height: 15.693333625793457px; font-size: 11pt; font-family: Calibri;\"><span lang=\"es\" style=\"font-size: 16pt; line-height: 22.82666778564453px; font-family: Poppins, serif; color: #666666; background-color: #ffffff;\" xml:lang=\"es\">La bater\u00eda de litio Canon LP-E8 tiene una capacidad de 1120mAh, lo que permite tomar muchas fotograf\u00edas con su c\u00e1mara digital Canon EOS Rebel T2i, T3i, T4i o T5i con una sola carga.\u00a0<\/span><span lang=\"en-us\" style=\"font-size: 16pt; line-height: 22.82666778564453px; font-family: Poppins, serif; color: #666666; background-color: #ffffff;\" xml:lang=\"en-us\">La bater\u00eda es compacta y ligera.<\/span><\/p>\n","protected":false},"featured_media":3547,"comment_status":"open","ping_status":"closed","template":"","meta":{"site-sidebar-layout":"default","site-content-layout":"default","ast-site-content-layout":"default","site-content-style":"default","site-sidebar-style":"default","ast-global-header-display":"","ast-banner-title-visibility":"","ast-main-header-display":"","ast-hfb-above-header-display":"","ast-hfb-below-header-display":"","ast-hfb-mobile-header-display":"","site-post-title":"","ast-breadcrumbs-content":"","ast-featured-img":"","footer-sml-layout":"","ast-disable-related-posts":"","theme-transparent-header-meta":"default","adv-header-id-meta":"","stick-header-meta":"","header-above-stick-meta":"","header-main-stick-meta":"","header-below-stick-meta":"","astra-migrate-meta-layouts":"default","ast-page-background-enabled":"default","ast-page-background-meta":{"desktop":{"background-color":"var(--ast-global-color-4)","background-image":"","background-repeat":"repeat","background-position":"center center","background-size":"auto","background-attachment":"scroll","background-type":"","background-media":"","overlay-type":"","overlay-color":"","overlay-opacity":"","overlay-gradient":""},"tablet":{"background-color":"","background-image":"","background-repeat":"repeat","background-position":"center center","background-size":"auto","background-attachment":"scroll","background-type":"","background-media":"","overlay-type":"","overlay-color":"","overlay-opacity":"","overlay-gradient":""},"mobile":{"background-color":"","background-image":"","background-repeat":"repeat","background-position":"center center","background-size":"auto","background-attachment":"scroll","background-type":"","background-media":"","overlay-type":"","overlay-color":"","overlay-opacity":"","overlay-gradient":""}},"ast-content-background-meta":{"desktop":{"background-color":"var(--ast-global-color-5)","background-image":"","background-repeat":"repeat","background-position":"center center","background-size":"auto","background-attachment":"scroll","background-type":"","background-media":"","overlay-type":"","overlay-color":"","overlay-opacity":"","overlay-gradient":""},"tablet":{"background-color":"var(--ast-global-color-5)","background-image":"","background-repeat":"repeat","background-position":"center center","background-size":"auto","background-attachment":"scroll","background-type":"","background-media":"","overlay-type":"","overlay-color":"","overlay-opacity":"","overlay-gradient":""},"mobile":{"background-color":"var(--ast-global-color-5)","background-image":"","background-repeat":"repeat","background-position":"center center","background-size":"auto","background-attachment":"scroll","background-type":"","background-media":"","overlay-type":"","overlay-color":"","overlay-opacity":"","overlay-gradient":""}},"_themeisle_gutenberg_block_has_review":false},"product_brand":[64],"product_cat":[86],"product_tag":[124,126,160,123,128,161,154,190,192,162,191],"class_list":{"0":"post-1413","1":"product","2":"type-product","3":"status-publish","4":"has-post-thumbnail","6":"product_brand-kastar","7":"product_cat-baterias-y-power-bank","8":"product_tag-bateria","9":"product_tag-bateria-camara","10":"product_tag-baterias-kastar","11":"product_tag-kastar","12":"product_tag-kastar-bateria","13":"product_tag-kastar-canon","14":"product_tag-kastar-pila","15":"product_tag-lp-e8","16":"product_tag-lp-e8-kastar","17":"product_tag-pila-canon-kastar","18":"product_tag-pila-para-lp-e8","19":"desktop-align-center","20":"tablet-align-left","21":"mobile-align-left","23":"first","24":"instock","25":"sale","26":"purchasable","27":"product-type-simple"},"aioseo_notices":[],"jetpack_sharing_enabled":true,"_links":{"self":[{"href":"https:\/\/studio40shop.com.mx\/index.php?rest_route=\/wp\/v2\/product\/1413","targetHints":{"allow":["GET"]}}],"collection":[{"href":"https:\/\/studio40shop.com.mx\/index.php?rest_route=\/wp\/v2\/product"}],"about":[{"href":"https:\/\/studio40shop.com.mx\/index.php?rest_route=\/wp\/v2\/types\/product"}],"replies":[{"embeddable":true,"href":"https:\/\/studio40shop.com.mx\/index.php?rest_route=%2Fwp%2Fv2%2Fcomments&post=1413"}],"wp:featuredmedia":[{"embeddable":true,"href":"https:\/\/studio40shop.com.mx\/index.php?rest_route=\/wp\/v2\/media\/3547"}],"wp:attachment":[{"href":"https:\/\/studio40shop.com.mx\/index.php?rest_route=%2Fwp%2Fv2%2Fmedia&parent=1413"}],"wp:term":[{"taxonomy":"product_brand","embeddable":true,"href":"https:\/\/studio40shop.com.mx\/index.php?rest_route=%2Fwp%2Fv2%2Fproduct_brand&post=1413"},{"taxonomy":"product_cat","embeddable":true,"href":"https:\/\/studio40shop.com.mx\/index.php?rest_route=%2Fwp%2Fv2%2Fproduct_cat&post=1413"},{"taxonomy":"product_tag","embeddable":true,"href":"https:\/\/studio40shop.com.mx\/index.php?rest_route=%2Fwp%2Fv2%2Fproduct_tag&post=1413"}],"curies":[{"name":"wp","href":"https:\/\/api.w.org\/{rel}","templated":true}]}}