{"id":1432,"date":"2020-10-27T00:02:09","date_gmt":"2020-10-27T00:02:09","guid":{"rendered":"http:\/\/studio40shop.com.mx\/?product=kastar-bateria-para-gopro-hero4-1400mah-y-gopro-ahdbt-401-ahbbp-401-camaras-deportivas"},"modified":"2022-11-12T12:46:14","modified_gmt":"2022-11-12T17:46:14","slug":"kastar-bateria-para-gopro-hero4-1400mah-y-gopro-ahdbt-401-ahbbp-401-camaras-deportivas","status":"publish","type":"product","link":"https:\/\/studio40shop.com.mx\/?product=kastar-bateria-para-gopro-hero4-1400mah-y-gopro-ahdbt-401-ahbbp-401-camaras-deportivas","title":{"rendered":"Kastar Bater\u00eda para GoPro HERO4 1400mAh"},"content":{"rendered":"<p>El paquete incluye:<\/p>\n<p>1 x GOPRO4 Bater\u00eda<\/p>\n<p>Bater\u00eda Compatible:<\/p>\n<p>GoPro HERO4<\/p>\n<p>Cargador Compatible:<\/p>\n<p>GoPro HERO4<br \/>\nCompatible con los siguientes modelos:<\/p>\n<p>GoPro AHDBT-401<br \/>\nGoPro AHBBP-401<br \/>\nGoPro HERO4 Black<br \/>\nGoPro HERO4 Silver<\/p>\n<p>Nota:<\/p>\n<p>NO es compatible con c\u00e1maras GoPro Hero, Hero 2 ni Hero 3<\/p>\n<p>Bater\u00eda de repuesto de iones de litio (Li-ion) de la marca Kastar. Alta calidad, larga duraci\u00f3n y precio de fabricaci\u00f3n.<\/p>\n<p>La Bater\u00eda 100% decodificada y 100% Compatible con las C\u00e1maras y Cargadores Originales.<\/p>\n<p>Alta capacidad. Use celdas japonesas de alta calidad para una mayor duraci\u00f3n de la bater\u00eda sin efecto memoria.<\/p>\n<p>Utilice un microchip japon\u00e9s integrado que puede evitar la sobrecarga y la sobredescarga.<\/p>\n<p>La bater\u00eda incluye devoluci\u00f3n de dinero de 30 d\u00edas y garant\u00eda del fabricante de 3 a\u00f1os.<\/p>\n","protected":false},"excerpt":{"rendered":"<p>Kastar Bater\u00eda para GoPro HERO4 \u00a01400mAh y GoPro AHDBT-401, AHBBP-401 C\u00e1maras Deportivas.<\/p>\n<p class=\"MsoNormal\" style=\"margin: 0cm 0cm .0001pt; line-height: normal; font-size: 11pt; font-family: Calibri;\"><b><span style=\"font-size: 10.5pt; font-family: Arial; color: #666666;\">Nota:<\/span><\/b><\/p>\n<p>&nbsp;<\/p>\n<p>&nbsp;<\/p>\n<p class=\"MsoNormal\" style=\"margin: 0cm 0cm .0001pt; line-height: normal; font-size: 11pt; font-family: Calibri;\"><b><span style=\"font-size: 10.5pt; font-family: Arial; color: #666666;\">NO es compatible con c\u00e1maras GoPro Hero, Hero 2 ni Hero 3<\/span><\/b><\/p>\n","protected":false},"featured_media":3546,"comment_status":"open","ping_status":"closed","template":"","meta":{"site-sidebar-layout":"default","site-content-layout":"default","ast-site-content-layout":"","site-content-style":"default","site-sidebar-style":"default","ast-global-header-display":"","ast-banner-title-visibility":"","ast-main-header-display":"","ast-hfb-above-header-display":"","ast-hfb-below-header-display":"","ast-hfb-mobile-header-display":"","site-post-title":"","ast-breadcrumbs-content":"","ast-featured-img":"","footer-sml-layout":"","theme-transparent-header-meta":"default","adv-header-id-meta":"","stick-header-meta":"","header-above-stick-meta":"","header-main-stick-meta":"","header-below-stick-meta":"","astra-migrate-meta-layouts":"default","ast-page-background-enabled":"default","ast-page-background-meta":{"desktop":{"background-color":"var(--ast-global-color-4)","background-image":"","background-repeat":"repeat","background-position":"center center","background-size":"auto","background-attachment":"scroll","background-type":"","background-media":"","overlay-type":"","overlay-color":"","overlay-opacity":"","overlay-gradient":""},"tablet":{"background-color":"","background-image":"","background-repeat":"repeat","background-position":"center center","background-size":"auto","background-attachment":"scroll","background-type":"","background-media":"","overlay-type":"","overlay-color":"","overlay-opacity":"","overlay-gradient":""},"mobile":{"background-color":"","background-image":"","background-repeat":"repeat","background-position":"center center","background-size":"auto","background-attachment":"scroll","background-type":"","background-media":"","overlay-type":"","overlay-color":"","overlay-opacity":"","overlay-gradient":""}},"ast-content-background-meta":{"desktop":{"background-color":"var(--ast-global-color-5)","background-image":"","background-repeat":"repeat","background-position":"center center","background-size":"auto","background-attachment":"scroll","background-type":"","background-media":"","overlay-type":"","overlay-color":"","overlay-opacity":"","overlay-gradient":""},"tablet":{"background-color":"var(--ast-global-color-5)","background-image":"","background-repeat":"repeat","background-position":"center center","background-size":"auto","background-attachment":"scroll","background-type":"","background-media":"","overlay-type":"","overlay-color":"","overlay-opacity":"","overlay-gradient":""},"mobile":{"background-color":"var(--ast-global-color-5)","background-image":"","background-repeat":"repeat","background-position":"center center","background-size":"auto","background-attachment":"scroll","background-type":"","background-media":"","overlay-type":"","overlay-color":"","overlay-opacity":"","overlay-gradient":""}},"_themeisle_gutenberg_block_has_review":false},"product_brand":[64],"product_cat":[86],"product_tag":[124,177,179,181,178,123,182,180,183],"class_list":{"0":"post-1432","1":"product","2":"type-product","3":"status-publish","4":"has-post-thumbnail","6":"product_brand-kastar","7":"product_cat-baterias-y-power-bank","8":"product_tag-bateria","9":"product_tag-gopro","10":"product_tag-gopro-bateria","11":"product_tag-gopro-pila","12":"product_tag-hero4","13":"product_tag-kastar","14":"product_tag-pila-kastar","15":"product_tag-pila-para-gopro","16":"product_tag-pila-para-gopro-kastar","17":"desktop-align-center","18":"tablet-align-left","19":"mobile-align-left","21":"first","22":"instock","23":"sale","24":"purchasable","25":"product-type-simple"},"aioseo_notices":[],"jetpack_sharing_enabled":true,"_links":{"self":[{"href":"https:\/\/studio40shop.com.mx\/index.php?rest_route=\/wp\/v2\/product\/1432","targetHints":{"allow":["GET"]}}],"collection":[{"href":"https:\/\/studio40shop.com.mx\/index.php?rest_route=\/wp\/v2\/product"}],"about":[{"href":"https:\/\/studio40shop.com.mx\/index.php?rest_route=\/wp\/v2\/types\/product"}],"replies":[{"embeddable":true,"href":"https:\/\/studio40shop.com.mx\/index.php?rest_route=%2Fwp%2Fv2%2Fcomments&post=1432"}],"wp:featuredmedia":[{"embeddable":true,"href":"https:\/\/studio40shop.com.mx\/index.php?rest_route=\/wp\/v2\/media\/3546"}],"wp:attachment":[{"href":"https:\/\/studio40shop.com.mx\/index.php?rest_route=%2Fwp%2Fv2%2Fmedia&parent=1432"}],"wp:term":[{"taxonomy":"product_brand","embeddable":true,"href":"https:\/\/studio40shop.com.mx\/index.php?rest_route=%2Fwp%2Fv2%2Fproduct_brand&post=1432"},{"taxonomy":"product_cat","embeddable":true,"href":"https:\/\/studio40shop.com.mx\/index.php?rest_route=%2Fwp%2Fv2%2Fproduct_cat&post=1432"},{"taxonomy":"product_tag","embeddable":true,"href":"https:\/\/studio40shop.com.mx\/index.php?rest_route=%2Fwp%2Fv2%2Fproduct_tag&post=1432"}],"curies":[{"name":"wp","href":"https:\/\/api.w.org\/{rel}","templated":true}]}}