{"id":1448,"date":"2020-11-26T13:11:45","date_gmt":"2020-11-26T13:11:45","guid":{"rendered":"http:\/\/studio40shop.com.mx\/?product=camara-eos-rebel-t8i-con-lente-ef-s-18-55mm-is-stm"},"modified":"2023-02-04T15:14:54","modified_gmt":"2023-02-04T20:14:54","slug":"camara-eos-rebel-t8i-con-lente-ef-s-18-55mm-is-stm","status":"publish","type":"product","link":"https:\/\/studio40shop.com.mx\/?product=camara-eos-rebel-t8i-con-lente-ef-s-18-55mm-is-stm","title":{"rendered":"C\u00e1mara EOS Rebel T8i con lente EF-S 18-55mm IS STM"},"content":{"rendered":"<p>Equipada con un sensor CMOS (APS-C) de 24.1 megap\u00edxeles, procesador de imagen DIGIC 8 y un rango ISO de 100-25600, la EOS Rebel T8i es nuestro EOS Rebel m\u00e1s avanzada hasta la fecha que ofrece un rendimiento de alta calidad y un nivel superior para tus fotos y videos.<\/p>\n<p>Ya sea que est\u00e9s capturando momentos simples con amigos o familiares, o capturando sujetos que se mueven r\u00e1pidamente como mascotas o atletas, mantenga un enfoque suave y preciso con el disparo continuo a alta velocidad de la c\u00e1mara de hasta 7 cuadros por segundo.<\/p>\n<p><strong>Caracter\u00edsticas:<\/strong><br \/>\nMegapixeles: 24.2 24.1<br \/>\nSensor: APS-C APS-C<br \/>\nTipo de Sensor : CMOS CMOS<br \/>\nTama\u00f1o del sensor: 22.3 x 14.9 mm, conversi\u00f3n 1.6 22.3 x 14.9 mm, conversi\u00f3n 1.6<br \/>\nFactor de conversi\u00f3n: 1.6 1.6<br \/>\nPuntos de AF 45 45<br \/>\nPuntos AF tipo cruz 45 45<br \/>\nCPS 6 6<br \/>\nPantalla 3&#8243; \u00c1ngulo variable, touch 3&#8243; \u00c1ngulo variable, touch<br \/>\nISO 100-25,600 100-25,600<br \/>\nVideo Full HD con sonido est\u00e9reo 4K, Full HD con sonido est\u00e9reo Resoluci\u00f3n video 1920&#215;1080 4K 3840 x 2160 | Full HD<br \/>\n1920&#215;1080<br \/>\nLive view Si Si<br \/>\nProcesador Digic 7 Digic 8<br \/>\nObjetivos compatibles EF, EF-S EF, EF-S<br \/>\nFlash incorporado Si Si<br \/>\nTarjeta: SD\/SDHC\/SDXC SD\/SDHC\/SDXC\/UHS-I\/lI<br \/>\nTama\u00f1o : 131.0 x 99.9 x 76.2mm 131.0 x 102.6 x 76.2 mm<br \/>\nPeso: 532 grms. 515 grms.<\/p>\n","protected":false},"excerpt":{"rendered":"<p>Equipada con un sensor CMOS (APS-C) de 24.1 megap\u00edxeles, procesador de imagen DIGIC 8 y un rango ISO de 100-25600, la EOS Rebel T8i es nuestro EOS Rebel m\u00e1s avanzada hasta la fecha que ofrece un rendimiento de alta calidad y un nivel superior para tus fotos y videos.<\/p>\n","protected":false},"featured_media":1449,"comment_status":"open","ping_status":"closed","template":"","meta":{"site-sidebar-layout":"default","site-content-layout":"default","ast-site-content-layout":"","site-content-style":"default","site-sidebar-style":"default","ast-global-header-display":"","ast-banner-title-visibility":"","ast-main-header-display":"","ast-hfb-above-header-display":"","ast-hfb-below-header-display":"","ast-hfb-mobile-header-display":"","site-post-title":"","ast-breadcrumbs-content":"","ast-featured-img":"","footer-sml-layout":"","theme-transparent-header-meta":"default","adv-header-id-meta":"","stick-header-meta":"","header-above-stick-meta":"","header-main-stick-meta":"","header-below-stick-meta":"","astra-migrate-meta-layouts":"default","ast-page-background-enabled":"default","ast-page-background-meta":{"desktop":{"background-color":"var(--ast-global-color-4)","background-image":"","background-repeat":"repeat","background-position":"center center","background-size":"auto","background-attachment":"scroll","background-type":"","background-media":"","overlay-type":"","overlay-color":"","overlay-opacity":"","overlay-gradient":""},"tablet":{"background-color":"","background-image":"","background-repeat":"repeat","background-position":"center center","background-size":"auto","background-attachment":"scroll","background-type":"","background-media":"","overlay-type":"","overlay-color":"","overlay-opacity":"","overlay-gradient":""},"mobile":{"background-color":"","background-image":"","background-repeat":"repeat","background-position":"center center","background-size":"auto","background-attachment":"scroll","background-type":"","background-media":"","overlay-type":"","overlay-color":"","overlay-opacity":"","overlay-gradient":""}},"ast-content-background-meta":{"desktop":{"background-color":"var(--ast-global-color-5)","background-image":"","background-repeat":"repeat","background-position":"center center","background-size":"auto","background-attachment":"scroll","background-type":"","background-media":"","overlay-type":"","overlay-color":"","overlay-opacity":"","overlay-gradient":""},"tablet":{"background-color":"var(--ast-global-color-5)","background-image":"","background-repeat":"repeat","background-position":"center center","background-size":"auto","background-attachment":"scroll","background-type":"","background-media":"","overlay-type":"","overlay-color":"","overlay-opacity":"","overlay-gradient":""},"mobile":{"background-color":"var(--ast-global-color-5)","background-image":"","background-repeat":"repeat","background-position":"center center","background-size":"auto","background-attachment":"scroll","background-type":"","background-media":"","overlay-type":"","overlay-color":"","overlay-opacity":"","overlay-gradient":""}},"_themeisle_gutenberg_block_has_review":false},"product_brand":[59],"product_cat":[96],"product_tag":[],"class_list":{"0":"post-1448","1":"product","2":"type-product","3":"status-publish","4":"has-post-thumbnail","6":"product_brand-canon","7":"product_cat-camaras-de-fotografia","8":"desktop-align-center","9":"tablet-align-left","10":"mobile-align-left","12":"first","13":"instock","14":"sale","15":"purchasable","16":"product-type-simple"},"aioseo_notices":[],"jetpack_sharing_enabled":true,"_links":{"self":[{"href":"https:\/\/studio40shop.com.mx\/index.php?rest_route=\/wp\/v2\/product\/1448","targetHints":{"allow":["GET"]}}],"collection":[{"href":"https:\/\/studio40shop.com.mx\/index.php?rest_route=\/wp\/v2\/product"}],"about":[{"href":"https:\/\/studio40shop.com.mx\/index.php?rest_route=\/wp\/v2\/types\/product"}],"replies":[{"embeddable":true,"href":"https:\/\/studio40shop.com.mx\/index.php?rest_route=%2Fwp%2Fv2%2Fcomments&post=1448"}],"wp:featuredmedia":[{"embeddable":true,"href":"https:\/\/studio40shop.com.mx\/index.php?rest_route=\/wp\/v2\/media\/1449"}],"wp:attachment":[{"href":"https:\/\/studio40shop.com.mx\/index.php?rest_route=%2Fwp%2Fv2%2Fmedia&parent=1448"}],"wp:term":[{"taxonomy":"product_brand","embeddable":true,"href":"https:\/\/studio40shop.com.mx\/index.php?rest_route=%2Fwp%2Fv2%2Fproduct_brand&post=1448"},{"taxonomy":"product_cat","embeddable":true,"href":"https:\/\/studio40shop.com.mx\/index.php?rest_route=%2Fwp%2Fv2%2Fproduct_cat&post=1448"},{"taxonomy":"product_tag","embeddable":true,"href":"https:\/\/studio40shop.com.mx\/index.php?rest_route=%2Fwp%2Fv2%2Fproduct_tag&post=1448"}],"curies":[{"name":"wp","href":"https:\/\/api.w.org\/{rel}","templated":true}]}}