{"id":1465,"date":"2020-11-30T08:40:51","date_gmt":"2020-11-30T08:40:51","guid":{"rendered":"http:\/\/studio40shop.com.mx\/?product=microfono-de-solapa-inalambrico-blx14cvl-shure-receptor-100m"},"modified":"2022-02-05T13:41:58","modified_gmt":"2022-02-05T18:41:58","slug":"microfono-de-solapa-inalambrico-blx14cvl-shure-receptor-100m","status":"publish","type":"product","link":"https:\/\/studio40shop.com.mx\/?product=microfono-de-solapa-inalambrico-blx14cvl-shure-receptor-100m","title":{"rendered":"Micr\u00f3fono de Solapa Inalambrico Blx14\/cvl Shure + Receptor 100m"},"content":{"rendered":"<p>ncluye receptor inal\u00e1mbrico BLX4, transmisor de petaca BLX1, micr\u00f3fono lavalier CVL, fuente de alimentaci\u00f3n, clip lavalier, parabrisas y gu\u00eda del usuario.<br \/>\nEspecificaciones<br \/>\nBLX14\/CVL Caracter\u00edsticas t\u00e9cnicas<br \/>\nTipo de set: Presentador<br \/>\nN.\u00ba de transmisores de petaca: 1<br \/>\nN.\u00ba de micros de mano: 0<br \/>\nN.\u00ba de micros TQG: 1<br \/>\nBLX4 Caracter\u00edsticas t\u00e9cnicas<br \/>\nTransmisi\u00f3n: Anal\u00f3gica<br \/>\nTipo de alimentaci\u00f3n: Externa<br \/>\nCarcasa del receptor: ABS moldeado<br \/>\nPosibilidad de antena activa: No<br \/>\nPolarizaci\u00f3n por BNC: No<br \/>\nCifrado: No<br \/>\nModo de alta densidad: No<br \/>\nDetecci\u00f3n de interferencias: No<br \/>\nControl remoto: No<br \/>\nN\u00famero de sistemas compatibles: 12<br \/>\nInterfaz de audio en red DANTE: No<br \/>\nCaracter\u00edsticas de barrido: Barrido r\u00e1pido<br \/>\nCaracter\u00edsticas de sincronizaci\u00f3n: Ninguna<br \/>\nAntenas desmontables: No<br \/>\nRed: No<br \/>\nControl por software: No<br \/>\nDigital: No<br \/>\nCascada: No<br \/>\nMontaje en rack: Optional: Urt2<br \/>\nPantallas del receptor: LED<br \/>\nTipo de receptor: 1 canal<br \/>\nAntena incluida: Internal<br \/>\nSelector micro\/l\u00ednea: No<br \/>\nRechazo de la frecuencia imagen: 50 dB, typical<br \/>\nSensibilidad RF: -105 dBm, for 12dB SINAD, typical<br \/>\nProtecci\u00f3n de la tensi\u00f3n phantom: S\u00ed<br \/>\nPeso: 241 g<br \/>\nAltura x Ancho x Fondo: 40.0 \u00d7 188.0 \u00d7 103.0 mm<br \/>\nBLX1 Caracter\u00edsticas t\u00e9cnicas<br \/>\nPeso: 75 g<br \/>\nAltura x Ancho x Fondo: 110.0 \u00d7 64.0 \u00d7 21.0 mm<br \/>\nDuraci\u00f3n de la bater\u00eda de litio: 0 h<br \/>\nDuraci\u00f3n de la bater\u00eda alcalina: 14 h<br \/>\nFormato: Bodypack<br \/>\nCarcasa del transmisor: ABS moldeado<br \/>\nMute de audio: No<br \/>\nAntenas desmontables: No<br \/>\nPotencia de RF conmutable: No<br \/>\nBater\u00edas: AA<br \/>\nEstado de la bater\u00eda: LED multicolor<br \/>\nConectores: TQG<br \/>\nDiversity en frecuencia: No<br \/>\nFuncionalidad: Transmisor<br \/>\nAjuste de ganancia: 26 dB<br \/>\nModo de alta densidad: No<br \/>\nAntena incluida: 1\/4 onda<br \/>\nImpedancia de entrada: 1000 kO<br \/>\nTransmisi\u00f3n: Anal\u00f3gica<br \/>\nCVL Caracter\u00edsticas t\u00e9cnicas<br \/>\nRespuesta en frecuencia: 60 Hz \u2013 12 kHz<br \/>\nRespuesta en frecuencia: Personalizada<br \/>\nSensibilidad: -43.50 dBV\/Pa \u2013 6.60 mV\/Pa<br \/>\nNivel equivalente de ruido: 22 dB(A)<br \/>\nPresi\u00f3n sonora: 139 dB<br \/>\nTipo de transductor: Condensador<br \/>\nPatr\u00f3n polar: Cardioide<br \/>\nFiltro de corte de graves conmutable: No<br \/>\nConectores: TQG (T4AF, Mini de 4 pines)<br \/>\nAtenuador: No<br \/>\nC\u00e1psula intercambiable: No<br \/>\nFunci\u00f3n principal: Instalaci\u00f3n<br \/>\nAuriculares in-ear: No<br \/>\nNecesita alimentaci\u00f3n phantom: +5v DC, 10v Max VDC<br \/>\nPeso: 25 g<\/p>\n","protected":false},"excerpt":{"rendered":"<p>Los sistemas inal\u00e1mbricos Shure BLX combinan un sonido de calidad profesional con una configuraci\u00f3n simple y una interfaz intuitiva para un rendimiento de audio legendario desde el primer momento. Construido con precisi\u00f3n y disponible en una variedad de configuraciones, es la forma m\u00e1s accesible de poseer el escenario.<\/p>\n","protected":false},"featured_media":1466,"comment_status":"open","ping_status":"closed","template":"","meta":{"site-sidebar-layout":"default","site-content-layout":"default","ast-site-content-layout":"default","site-content-style":"default","site-sidebar-style":"default","ast-global-header-display":"","ast-banner-title-visibility":"","ast-main-header-display":"","ast-hfb-above-header-display":"","ast-hfb-below-header-display":"","ast-hfb-mobile-header-display":"","site-post-title":"","ast-breadcrumbs-content":"","ast-featured-img":"","footer-sml-layout":"","ast-disable-related-posts":"","theme-transparent-header-meta":"default","adv-header-id-meta":"","stick-header-meta":"","header-above-stick-meta":"","header-main-stick-meta":"","header-below-stick-meta":"","astra-migrate-meta-layouts":"default","ast-page-background-enabled":"default","ast-page-background-meta":{"desktop":{"background-color":"var(--ast-global-color-4)","background-image":"","background-repeat":"repeat","background-position":"center center","background-size":"auto","background-attachment":"scroll","background-type":"","background-media":"","overlay-type":"","overlay-color":"","overlay-opacity":"","overlay-gradient":""},"tablet":{"background-color":"","background-image":"","background-repeat":"repeat","background-position":"center center","background-size":"auto","background-attachment":"scroll","background-type":"","background-media":"","overlay-type":"","overlay-color":"","overlay-opacity":"","overlay-gradient":""},"mobile":{"background-color":"","background-image":"","background-repeat":"repeat","background-position":"center center","background-size":"auto","background-attachment":"scroll","background-type":"","background-media":"","overlay-type":"","overlay-color":"","overlay-opacity":"","overlay-gradient":""}},"ast-content-background-meta":{"desktop":{"background-color":"var(--ast-global-color-5)","background-image":"","background-repeat":"repeat","background-position":"center center","background-size":"auto","background-attachment":"scroll","background-type":"","background-media":"","overlay-type":"","overlay-color":"","overlay-opacity":"","overlay-gradient":""},"tablet":{"background-color":"var(--ast-global-color-5)","background-image":"","background-repeat":"repeat","background-position":"center center","background-size":"auto","background-attachment":"scroll","background-type":"","background-media":"","overlay-type":"","overlay-color":"","overlay-opacity":"","overlay-gradient":""},"mobile":{"background-color":"var(--ast-global-color-5)","background-image":"","background-repeat":"repeat","background-position":"center center","background-size":"auto","background-attachment":"scroll","background-type":"","background-media":"","overlay-type":"","overlay-color":"","overlay-opacity":"","overlay-gradient":""}},"_themeisle_gutenberg_block_has_review":false},"product_brand":[65],"product_cat":[82],"product_tag":[],"class_list":{"0":"post-1465","1":"product","2":"type-product","3":"status-publish","4":"has-post-thumbnail","6":"product_brand-shure","7":"product_cat-microfonos","8":"desktop-align-center","9":"tablet-align-left","10":"mobile-align-left","12":"first","13":"instock","14":"purchasable","15":"product-type-simple"},"aioseo_notices":[],"jetpack_sharing_enabled":true,"_links":{"self":[{"href":"https:\/\/studio40shop.com.mx\/index.php?rest_route=\/wp\/v2\/product\/1465","targetHints":{"allow":["GET"]}}],"collection":[{"href":"https:\/\/studio40shop.com.mx\/index.php?rest_route=\/wp\/v2\/product"}],"about":[{"href":"https:\/\/studio40shop.com.mx\/index.php?rest_route=\/wp\/v2\/types\/product"}],"replies":[{"embeddable":true,"href":"https:\/\/studio40shop.com.mx\/index.php?rest_route=%2Fwp%2Fv2%2Fcomments&post=1465"}],"wp:featuredmedia":[{"embeddable":true,"href":"https:\/\/studio40shop.com.mx\/index.php?rest_route=\/wp\/v2\/media\/1466"}],"wp:attachment":[{"href":"https:\/\/studio40shop.com.mx\/index.php?rest_route=%2Fwp%2Fv2%2Fmedia&parent=1465"}],"wp:term":[{"taxonomy":"product_brand","embeddable":true,"href":"https:\/\/studio40shop.com.mx\/index.php?rest_route=%2Fwp%2Fv2%2Fproduct_brand&post=1465"},{"taxonomy":"product_cat","embeddable":true,"href":"https:\/\/studio40shop.com.mx\/index.php?rest_route=%2Fwp%2Fv2%2Fproduct_cat&post=1465"},{"taxonomy":"product_tag","embeddable":true,"href":"https:\/\/studio40shop.com.mx\/index.php?rest_route=%2Fwp%2Fv2%2Fproduct_tag&post=1465"}],"curies":[{"name":"wp","href":"https:\/\/api.w.org\/{rel}","templated":true}]}}