{"id":1486,"date":"2020-12-12T11:58:39","date_gmt":"2020-12-12T11:58:39","guid":{"rendered":"http:\/\/studio40shop.com.mx\/?product=tripie-compacto-para-foto-de-viaje-mkbfra4-bh-befree"},"modified":"2022-11-10T15:00:53","modified_gmt":"2022-11-10T20:00:53","slug":"tripie-compacto-para-foto-de-viaje-mkbfra4-bh-befree","status":"publish","type":"product","link":"https:\/\/studio40shop.com.mx\/?product=tripie-compacto-para-foto-de-viaje-mkbfra4-bh-befree","title":{"rendered":"Tripode Compacto Para Foto De Viaje MKBFRA4-BH Befree"},"content":{"rendered":"<p>Las patas del tr\u00edpode se pueden extender de forma independiente, con paradas de \u00e1ngulo de pierna de dos posiciones. Las patas se pliegan y giran alrededor del cabezal esf\u00e9rico, una caracter\u00edstica que ayuda a que este tr\u00edpode sea tan compacto.<br \/>\nCapacidad de carga: 8.8 libras<br \/>\nAltura m\u00e1xima: 56.7 &#8221;<br \/>\nAltura m\u00ednima: 13.4 &#8221;<br \/>\nLongitud doblada: 15.75 &#8221;<br \/>\nSecciones de pierna: 4<br \/>\nPeso: 3 libras<br \/>\nSelector de \u00e1ngulo de pierna independiente<br \/>\nCabeza de bola de liberaci\u00f3n r\u00e1pida<br \/>\nPlaca QR incluida<br \/>\nCase a medida<\/p>\n","protected":false},"excerpt":{"rendered":"<p>El tr\u00edpode Manfrotto BeFree Compact Travel de aleaci\u00f3n de aluminio es un tr\u00edpode compacto y robusto que se extiende hasta 56.7 &#8220;, admite 8.8 lb y se pliega hasta solo 15.75&#8221;.<\/p>\n","protected":false},"featured_media":1487,"comment_status":"open","ping_status":"closed","template":"","meta":{"site-sidebar-layout":"default","site-content-layout":"default","ast-site-content-layout":"default","site-content-style":"default","site-sidebar-style":"default","ast-global-header-display":"","ast-banner-title-visibility":"","ast-main-header-display":"","ast-hfb-above-header-display":"","ast-hfb-below-header-display":"","ast-hfb-mobile-header-display":"","site-post-title":"","ast-breadcrumbs-content":"","ast-featured-img":"","footer-sml-layout":"","ast-disable-related-posts":"","theme-transparent-header-meta":"default","adv-header-id-meta":"","stick-header-meta":"","header-above-stick-meta":"","header-main-stick-meta":"","header-below-stick-meta":"","astra-migrate-meta-layouts":"default","ast-page-background-enabled":"default","ast-page-background-meta":{"desktop":{"background-color":"var(--ast-global-color-4)","background-image":"","background-repeat":"repeat","background-position":"center center","background-size":"auto","background-attachment":"scroll","background-type":"","background-media":"","overlay-type":"","overlay-color":"","overlay-opacity":"","overlay-gradient":""},"tablet":{"background-color":"","background-image":"","background-repeat":"repeat","background-position":"center center","background-size":"auto","background-attachment":"scroll","background-type":"","background-media":"","overlay-type":"","overlay-color":"","overlay-opacity":"","overlay-gradient":""},"mobile":{"background-color":"","background-image":"","background-repeat":"repeat","background-position":"center center","background-size":"auto","background-attachment":"scroll","background-type":"","background-media":"","overlay-type":"","overlay-color":"","overlay-opacity":"","overlay-gradient":""}},"ast-content-background-meta":{"desktop":{"background-color":"var(--ast-global-color-5)","background-image":"","background-repeat":"repeat","background-position":"center center","background-size":"auto","background-attachment":"scroll","background-type":"","background-media":"","overlay-type":"","overlay-color":"","overlay-opacity":"","overlay-gradient":""},"tablet":{"background-color":"var(--ast-global-color-5)","background-image":"","background-repeat":"repeat","background-position":"center center","background-size":"auto","background-attachment":"scroll","background-type":"","background-media":"","overlay-type":"","overlay-color":"","overlay-opacity":"","overlay-gradient":""},"mobile":{"background-color":"var(--ast-global-color-5)","background-image":"","background-repeat":"repeat","background-position":"center center","background-size":"auto","background-attachment":"scroll","background-type":"","background-media":"","overlay-type":"","overlay-color":"","overlay-opacity":"","overlay-gradient":""}},"_themeisle_gutenberg_block_has_review":false},"product_brand":[58],"product_cat":[80,101],"product_tag":[571,568,129],"class_list":{"0":"post-1486","1":"product","2":"type-product","3":"status-publish","4":"has-post-thumbnail","6":"product_brand-manfrotto","7":"product_cat-tripies","8":"product_cat-tripies-fotografia","9":"product_tag-manfroto-tripie","10":"product_tag-manfrotto","11":"product_tag-tripie","12":"desktop-align-center","13":"tablet-align-left","14":"mobile-align-left","16":"first","17":"instock","18":"purchasable","19":"product-type-simple"},"aioseo_notices":[],"jetpack_sharing_enabled":true,"_links":{"self":[{"href":"https:\/\/studio40shop.com.mx\/index.php?rest_route=\/wp\/v2\/product\/1486","targetHints":{"allow":["GET"]}}],"collection":[{"href":"https:\/\/studio40shop.com.mx\/index.php?rest_route=\/wp\/v2\/product"}],"about":[{"href":"https:\/\/studio40shop.com.mx\/index.php?rest_route=\/wp\/v2\/types\/product"}],"replies":[{"embeddable":true,"href":"https:\/\/studio40shop.com.mx\/index.php?rest_route=%2Fwp%2Fv2%2Fcomments&post=1486"}],"wp:featuredmedia":[{"embeddable":true,"href":"https:\/\/studio40shop.com.mx\/index.php?rest_route=\/wp\/v2\/media\/1487"}],"wp:attachment":[{"href":"https:\/\/studio40shop.com.mx\/index.php?rest_route=%2Fwp%2Fv2%2Fmedia&parent=1486"}],"wp:term":[{"taxonomy":"product_brand","embeddable":true,"href":"https:\/\/studio40shop.com.mx\/index.php?rest_route=%2Fwp%2Fv2%2Fproduct_brand&post=1486"},{"taxonomy":"product_cat","embeddable":true,"href":"https:\/\/studio40shop.com.mx\/index.php?rest_route=%2Fwp%2Fv2%2Fproduct_cat&post=1486"},{"taxonomy":"product_tag","embeddable":true,"href":"https:\/\/studio40shop.com.mx\/index.php?rest_route=%2Fwp%2Fv2%2Fproduct_tag&post=1486"}],"curies":[{"name":"wp","href":"https:\/\/api.w.org\/{rel}","templated":true}]}}