{"id":1607,"date":"2021-01-28T10:18:15","date_gmt":"2021-01-28T10:18:15","guid":{"rendered":"http:\/\/studio40shop.com.mx\/?product=sistema-de-rodaje-filmmaker-rode-rodelink-fm-inalambrico"},"modified":"2021-10-20T14:29:46","modified_gmt":"2021-10-20T19:29:46","slug":"sistema-de-rodaje-filmmaker-rode-rodelink-fm-inalambrico","status":"publish","type":"product","link":"https:\/\/studio40shop.com.mx\/?product=sistema-de-rodaje-filmmaker-rode-rodelink-fm-inalambrico","title":{"rendered":"Sistema de Rodaje Filmmaker Rode RodeLink FM Inalambrico"},"content":{"rendered":"<p>El rodelink representa la pr\u00f3xima generaci\u00f3n de sistemas digitales inal\u00e1mbricos.<br \/>\n&#8211;<br \/>\nUtilizando una Transmisi\u00f3n Series II Digital de 2,4 GHz con cifrado de 128 bits, es capaz de supervisar constantemente el salto entre frecuencias para mantenerse lo m\u00e1s fuerte posible en un alcance de hasta 100 metros.<br \/>\n&#8211;<br \/>\nEl kit rodelink Wireless Filmmaker proporciona todo lo que necesitas para comenzar a grabar v\u00eddeo de forma inal\u00e1mbrica, incluye un transmisor, receptor y micr\u00f3fono lavalier de grado transmisor.<br \/>\n&#8211;<\/p>\n<p>El receptor (rx-cam) incluye una visualizaci\u00f3n OLED con informaci\u00f3n sobre nivel, estado de la bater\u00eda (transmisor y receptor), mute y selecci\u00f3n de canales.<br \/>\n&#8211;<\/p>\n<p>La unidad puede ser montada sobre un soporte de zapata est\u00e1ndar, 3\/hilo 8&#8243; o belt-clip, y para una mayor versatilidad la zapata puede ser ubicada en una de dos posiciones.<br \/>\n&#8211;<\/p>\n<p>El transmisor ligero (tx-belt) puede ser ajustado a un cintur\u00f3n o ropa y dispone de una rosca de bloqueo para asegurar que la conexi\u00f3n del micr\u00f3fono sea tan segura como sea posible.<br \/>\n&#8211;<\/p>\n<p>El micr\u00f3fono de solapa omnidireccional de Rode est\u00e1 incluido en el kit para proporcionar la mejor calidad de reproducci\u00f3n de audio posible.<br \/>\n&#8211;<\/p>\n<p>Caracter\u00edsticas:<br \/>\nSeries II, transmisi\u00f3n de 2,4 GHz Digital<br \/>\nEncriptaci\u00f3n de 128 bits<br \/>\nHasta 100 metros de alcance<br \/>\nPantalla OLED (en receptor)<br \/>\nUn bot\u00f3n de emparejamiento<br \/>\nControl de ganancia de nivel de tres<br \/>\nBater\u00eda AA o USB Powered<br \/>\nIncluye micr\u00f3fono lavalier Rode<\/p>\n","protected":false},"excerpt":{"rendered":"<ul>\n<li>Series II, 2.4 GHz Transmisi\u00f3n digital<\/li>\n<li>Cifrado de 128 bits,<\/li>\n<li>Hasta 100 metros de alcance,<\/li>\n<li>Visualizaci\u00f3n OLED (en receptor)<\/li>\n<li>Un bot\u00f3n de emparejamiento<\/li>\n<\/ul>\n","protected":false},"featured_media":1608,"comment_status":"open","ping_status":"closed","template":"","meta":{"site-sidebar-layout":"default","site-content-layout":"default","ast-site-content-layout":"default","site-content-style":"default","site-sidebar-style":"default","ast-global-header-display":"","ast-banner-title-visibility":"","ast-main-header-display":"","ast-hfb-above-header-display":"","ast-hfb-below-header-display":"","ast-hfb-mobile-header-display":"","site-post-title":"","ast-breadcrumbs-content":"","ast-featured-img":"","footer-sml-layout":"","ast-disable-related-posts":"","theme-transparent-header-meta":"default","adv-header-id-meta":"","stick-header-meta":"","header-above-stick-meta":"","header-main-stick-meta":"","header-below-stick-meta":"","astra-migrate-meta-layouts":"default","ast-page-background-enabled":"default","ast-page-background-meta":{"desktop":{"background-color":"var(--ast-global-color-4)","background-image":"","background-repeat":"repeat","background-position":"center center","background-size":"auto","background-attachment":"scroll","background-type":"","background-media":"","overlay-type":"","overlay-color":"","overlay-opacity":"","overlay-gradient":""},"tablet":{"background-color":"","background-image":"","background-repeat":"repeat","background-position":"center center","background-size":"auto","background-attachment":"scroll","background-type":"","background-media":"","overlay-type":"","overlay-color":"","overlay-opacity":"","overlay-gradient":""},"mobile":{"background-color":"","background-image":"","background-repeat":"repeat","background-position":"center center","background-size":"auto","background-attachment":"scroll","background-type":"","background-media":"","overlay-type":"","overlay-color":"","overlay-opacity":"","overlay-gradient":""}},"ast-content-background-meta":{"desktop":{"background-color":"var(--ast-global-color-5)","background-image":"","background-repeat":"repeat","background-position":"center center","background-size":"auto","background-attachment":"scroll","background-type":"","background-media":"","overlay-type":"","overlay-color":"","overlay-opacity":"","overlay-gradient":""},"tablet":{"background-color":"var(--ast-global-color-5)","background-image":"","background-repeat":"repeat","background-position":"center center","background-size":"auto","background-attachment":"scroll","background-type":"","background-media":"","overlay-type":"","overlay-color":"","overlay-opacity":"","overlay-gradient":""},"mobile":{"background-color":"var(--ast-global-color-5)","background-image":"","background-repeat":"repeat","background-position":"center center","background-size":"auto","background-attachment":"scroll","background-type":"","background-media":"","overlay-type":"","overlay-color":"","overlay-opacity":"","overlay-gradient":""}},"_themeisle_gutenberg_block_has_review":false},"product_brand":[100],"product_cat":[87,82],"product_tag":[],"class_list":{"0":"post-1607","1":"product","2":"type-product","3":"status-publish","4":"has-post-thumbnail","6":"product_brand-rode","7":"product_cat-audio-para-video","8":"product_cat-microfonos","9":"desktop-align-center","10":"tablet-align-left","11":"mobile-align-left","13":"first","14":"outofstock","15":"purchasable","16":"product-type-simple"},"aioseo_notices":[],"jetpack_sharing_enabled":true,"_links":{"self":[{"href":"https:\/\/studio40shop.com.mx\/index.php?rest_route=\/wp\/v2\/product\/1607","targetHints":{"allow":["GET"]}}],"collection":[{"href":"https:\/\/studio40shop.com.mx\/index.php?rest_route=\/wp\/v2\/product"}],"about":[{"href":"https:\/\/studio40shop.com.mx\/index.php?rest_route=\/wp\/v2\/types\/product"}],"replies":[{"embeddable":true,"href":"https:\/\/studio40shop.com.mx\/index.php?rest_route=%2Fwp%2Fv2%2Fcomments&post=1607"}],"wp:featuredmedia":[{"embeddable":true,"href":"https:\/\/studio40shop.com.mx\/index.php?rest_route=\/wp\/v2\/media\/1608"}],"wp:attachment":[{"href":"https:\/\/studio40shop.com.mx\/index.php?rest_route=%2Fwp%2Fv2%2Fmedia&parent=1607"}],"wp:term":[{"taxonomy":"product_brand","embeddable":true,"href":"https:\/\/studio40shop.com.mx\/index.php?rest_route=%2Fwp%2Fv2%2Fproduct_brand&post=1607"},{"taxonomy":"product_cat","embeddable":true,"href":"https:\/\/studio40shop.com.mx\/index.php?rest_route=%2Fwp%2Fv2%2Fproduct_cat&post=1607"},{"taxonomy":"product_tag","embeddable":true,"href":"https:\/\/studio40shop.com.mx\/index.php?rest_route=%2Fwp%2Fv2%2Fproduct_tag&post=1607"}],"curies":[{"name":"wp","href":"https:\/\/api.w.org\/{rel}","templated":true}]}}