{"id":1613,"date":"2021-01-28T10:33:10","date_gmt":"2021-01-28T10:33:10","guid":{"rendered":"http:\/\/studio40shop.com.mx\/?product=sistema-rode-microfono-wigow-inalambrico-compacto-transmisor-y-receptor"},"modified":"2021-10-20T14:28:01","modified_gmt":"2021-10-20T19:28:01","slug":"sistema-rode-microfono-wigow-inalambrico-compacto-transmisor-y-receptor","status":"publish","type":"product","link":"https:\/\/studio40shop.com.mx\/?product=sistema-rode-microfono-wigow-inalambrico-compacto-transmisor-y-receptor","title":{"rendered":"Sistema Rode Micr\u00f3fono WIGOW inal\u00e1mbrico Compacto, transmisor y Receptor"},"content":{"rendered":"<p>Combo de micr\u00f3fono de clip o transmisor de cintur\u00f3n para micr\u00f3fono lavalier<br \/>\n&#8211;<br \/>\nCuenta con un micr\u00f3fono de condensador omnidireccional integrado para un sonido de calidad de transmisi\u00f3n<br \/>\n&#8211;<br \/>\nEl audio ofrece un audio n\u00edtido en cualquier condici\u00f3n\/alcance de hasta 70 m, pero optimizado para un funcionamiento de corto alcance<br \/>\n&#8211;<br \/>\nBater\u00edas recargables USB-C integradas\/hasta 7 horas con una carga completa, incluyendo un modo de ahorro de bater\u00eda<br \/>\n&#8211;<br \/>\nPort\u00e1til, super ligero y ultra compacto<br \/>\n&#8211;<br \/>\nAvanzar el transmisor y el receptor en solo 3 segundos\/almohadilla de salida de 3 etapas 0 -6 dB y -12 dB\/ usa hasta 8 sistemas en un solo lugar<\/p>\n","protected":false},"excerpt":{"rendered":"<p>\u00a1Seguro, port\u00e1til y compacto! El sistema de micr\u00f3fono RODE WIGO inal\u00e1mbrico te proporciona la cobertura de audio que necesitas sin tener que traer contigo equipo muy espacioso. Simplemente con\u00e9ctalo a tu DSLR o c\u00e1mara de video \u00a1Y Listo!<\/p>\n","protected":false},"featured_media":1614,"comment_status":"open","ping_status":"closed","template":"","meta":{"site-sidebar-layout":"default","site-content-layout":"default","ast-site-content-layout":"default","site-content-style":"default","site-sidebar-style":"default","ast-global-header-display":"","ast-banner-title-visibility":"","ast-main-header-display":"","ast-hfb-above-header-display":"","ast-hfb-below-header-display":"","ast-hfb-mobile-header-display":"","site-post-title":"","ast-breadcrumbs-content":"","ast-featured-img":"","footer-sml-layout":"","ast-disable-related-posts":"","theme-transparent-header-meta":"default","adv-header-id-meta":"","stick-header-meta":"","header-above-stick-meta":"","header-main-stick-meta":"","header-below-stick-meta":"","astra-migrate-meta-layouts":"default","ast-page-background-enabled":"default","ast-page-background-meta":{"desktop":{"background-color":"var(--ast-global-color-4)","background-image":"","background-repeat":"repeat","background-position":"center center","background-size":"auto","background-attachment":"scroll","background-type":"","background-media":"","overlay-type":"","overlay-color":"","overlay-opacity":"","overlay-gradient":""},"tablet":{"background-color":"","background-image":"","background-repeat":"repeat","background-position":"center center","background-size":"auto","background-attachment":"scroll","background-type":"","background-media":"","overlay-type":"","overlay-color":"","overlay-opacity":"","overlay-gradient":""},"mobile":{"background-color":"","background-image":"","background-repeat":"repeat","background-position":"center center","background-size":"auto","background-attachment":"scroll","background-type":"","background-media":"","overlay-type":"","overlay-color":"","overlay-opacity":"","overlay-gradient":""}},"ast-content-background-meta":{"desktop":{"background-color":"var(--ast-global-color-5)","background-image":"","background-repeat":"repeat","background-position":"center center","background-size":"auto","background-attachment":"scroll","background-type":"","background-media":"","overlay-type":"","overlay-color":"","overlay-opacity":"","overlay-gradient":""},"tablet":{"background-color":"var(--ast-global-color-5)","background-image":"","background-repeat":"repeat","background-position":"center center","background-size":"auto","background-attachment":"scroll","background-type":"","background-media":"","overlay-type":"","overlay-color":"","overlay-opacity":"","overlay-gradient":""},"mobile":{"background-color":"var(--ast-global-color-5)","background-image":"","background-repeat":"repeat","background-position":"center center","background-size":"auto","background-attachment":"scroll","background-type":"","background-media":"","overlay-type":"","overlay-color":"","overlay-opacity":"","overlay-gradient":""}},"_themeisle_gutenberg_block_has_review":false},"product_brand":[],"product_cat":[87,82],"product_tag":[],"class_list":{"0":"post-1613","1":"product","2":"type-product","3":"status-publish","4":"has-post-thumbnail","6":"product_cat-audio-para-video","7":"product_cat-microfonos","8":"desktop-align-center","9":"tablet-align-left","10":"mobile-align-left","12":"first","13":"outofstock","14":"purchasable","15":"product-type-simple"},"aioseo_notices":[],"jetpack_sharing_enabled":true,"_links":{"self":[{"href":"https:\/\/studio40shop.com.mx\/index.php?rest_route=\/wp\/v2\/product\/1613","targetHints":{"allow":["GET"]}}],"collection":[{"href":"https:\/\/studio40shop.com.mx\/index.php?rest_route=\/wp\/v2\/product"}],"about":[{"href":"https:\/\/studio40shop.com.mx\/index.php?rest_route=\/wp\/v2\/types\/product"}],"replies":[{"embeddable":true,"href":"https:\/\/studio40shop.com.mx\/index.php?rest_route=%2Fwp%2Fv2%2Fcomments&post=1613"}],"wp:featuredmedia":[{"embeddable":true,"href":"https:\/\/studio40shop.com.mx\/index.php?rest_route=\/wp\/v2\/media\/1614"}],"wp:attachment":[{"href":"https:\/\/studio40shop.com.mx\/index.php?rest_route=%2Fwp%2Fv2%2Fmedia&parent=1613"}],"wp:term":[{"taxonomy":"product_brand","embeddable":true,"href":"https:\/\/studio40shop.com.mx\/index.php?rest_route=%2Fwp%2Fv2%2Fproduct_brand&post=1613"},{"taxonomy":"product_cat","embeddable":true,"href":"https:\/\/studio40shop.com.mx\/index.php?rest_route=%2Fwp%2Fv2%2Fproduct_cat&post=1613"},{"taxonomy":"product_tag","embeddable":true,"href":"https:\/\/studio40shop.com.mx\/index.php?rest_route=%2Fwp%2Fv2%2Fproduct_tag&post=1613"}],"curies":[{"name":"wp","href":"https:\/\/api.w.org\/{rel}","templated":true}]}}