{"id":1632,"date":"2021-01-28T11:38:06","date_gmt":"2021-01-28T11:38:06","guid":{"rendered":"http:\/\/studio40shop.com.mx\/?product=ssd-adata-falcon-nvme-512gb-pci-express-3-0-m-2"},"modified":"2021-10-20T14:19:24","modified_gmt":"2021-10-20T19:19:24","slug":"ssd-adata-falcon-nvme-512gb-pci-express-3-0-m-2","status":"publish","type":"product","link":"https:\/\/studio40shop.com.mx\/?product=ssd-adata-falcon-nvme-512gb-pci-express-3-0-m-2","title":{"rendered":"SSD Adata FALCON NVMe, 512GB, PCI Express 3.0, M.2"},"content":{"rendered":"<p>S\u00e1cale el m\u00e1ximo provecho con los atributos que lo hacen \u00fanico:<br \/>\n&#8211;<br \/>\nInterfaz PCIe Gen3x4; cumple el est\u00e1ndar NVMe 1.3.<br \/>\nVelocidades de lectura\/escritura sostenidas de hasta 3100\/1500 MB\/s.<br \/>\nEspecificaci\u00f3n M.2 2280: Admite las plataformas de pr\u00f3xima generaci\u00f3n de Intel y AMD.<br \/>\nAdecuada tanto para PCs de escritorio, como port\u00e1tiles.<br \/>\nIdeal para aplicaciones como edici\u00f3n de fotos, dibujo industrial, programaci\u00f3n, etc.<br \/>\n&#8211;<br \/>\nPRODUCTIVIDAD A UN NIVEL SUPERIOR<br \/>\n&#8211;<br \/>\nExplota al m\u00e1ximo tu creatividad con la Unidad de Estado S\u00f3lido (SSD) ADATA FALCON. Equipado con la interfaz PCIe Gen3x4 y una memoria flash 3D NAND, ADATA FALCON ofrece una velocidad de lectura\/escritura de hasta 3100\/1500 MB por segundo, logra una productividad y creatividad ininterrumpidas.<br \/>\n&#8211;<br \/>\nINTEGRIDAD Y SEGURIDAD<br \/>\n&#8211;<br \/>\nCon compatibilidad con la tecnolog\u00eda de c\u00f3digo de correcci\u00f3n de errores de comprobaci\u00f3n de paridad de baja densidad (LDPC, Low-Density Parity-Check), la unidad FALCON puede detectar y corregir errores para garantizar la integridad de los datos y, por lo tanto, disfrutar de una vida \u00fatil prolongada. El cifrado AES de 256 bits mantiene los datos dentro protegidos con contrase\u00f1a y alejados de miradas indiscretas.<br \/>\n&#8211;<br \/>\nAUMENTA TU EFICIENCIA<br \/>\n&#8211;<br \/>\nPorque los plazos de entrega no esperan a nadie, FALCON est\u00e1 para ayudarte a mantenerte siempre productivo y a cumplir los plazos con un rendimiento perfecto a trav\u00e9s del almacenamiento en cach\u00e9 inteligente SLC, HMB (Host Memory Buffer) y lectura\/escritura aleatoria de 180K\/180K IOPS.<\/p>\n","protected":false},"excerpt":{"rendered":"<p>\u00a1Llega a velocidades incre\u00edbles en tu sistema operativo y con tus programas de trabajo con la serie FALCON de ADATA! ideal para aquellos que prefieren ahorrar tiempo al momento de iniciar su jornada de trabajo.<\/p>\n","protected":false},"featured_media":1633,"comment_status":"open","ping_status":"closed","template":"","meta":{"site-sidebar-layout":"default","site-content-layout":"default","ast-site-content-layout":"","site-content-style":"default","site-sidebar-style":"default","ast-global-header-display":"","ast-banner-title-visibility":"","ast-main-header-display":"","ast-hfb-above-header-display":"","ast-hfb-below-header-display":"","ast-hfb-mobile-header-display":"","site-post-title":"","ast-breadcrumbs-content":"","ast-featured-img":"","footer-sml-layout":"","theme-transparent-header-meta":"default","adv-header-id-meta":"","stick-header-meta":"","header-above-stick-meta":"","header-main-stick-meta":"","header-below-stick-meta":"","astra-migrate-meta-layouts":"default","ast-page-background-enabled":"default","ast-page-background-meta":{"desktop":{"background-color":"var(--ast-global-color-4)","background-image":"","background-repeat":"repeat","background-position":"center center","background-size":"auto","background-attachment":"scroll","background-type":"","background-media":"","overlay-type":"","overlay-color":"","overlay-opacity":"","overlay-gradient":""},"tablet":{"background-color":"","background-image":"","background-repeat":"repeat","background-position":"center center","background-size":"auto","background-attachment":"scroll","background-type":"","background-media":"","overlay-type":"","overlay-color":"","overlay-opacity":"","overlay-gradient":""},"mobile":{"background-color":"","background-image":"","background-repeat":"repeat","background-position":"center center","background-size":"auto","background-attachment":"scroll","background-type":"","background-media":"","overlay-type":"","overlay-color":"","overlay-opacity":"","overlay-gradient":""}},"ast-content-background-meta":{"desktop":{"background-color":"var(--ast-global-color-5)","background-image":"","background-repeat":"repeat","background-position":"center center","background-size":"auto","background-attachment":"scroll","background-type":"","background-media":"","overlay-type":"","overlay-color":"","overlay-opacity":"","overlay-gradient":""},"tablet":{"background-color":"var(--ast-global-color-5)","background-image":"","background-repeat":"repeat","background-position":"center center","background-size":"auto","background-attachment":"scroll","background-type":"","background-media":"","overlay-type":"","overlay-color":"","overlay-opacity":"","overlay-gradient":""},"mobile":{"background-color":"var(--ast-global-color-5)","background-image":"","background-repeat":"repeat","background-position":"center center","background-size":"auto","background-attachment":"scroll","background-type":"","background-media":"","overlay-type":"","overlay-color":"","overlay-opacity":"","overlay-gradient":""}},"_themeisle_gutenberg_block_has_review":false},"product_brand":[77],"product_cat":[114],"product_tag":[],"class_list":{"0":"post-1632","1":"product","2":"type-product","3":"status-publish","4":"has-post-thumbnail","6":"product_brand-adata","7":"product_cat-discos-duros-y-ssd","8":"desktop-align-center","9":"tablet-align-left","10":"mobile-align-left","12":"first","13":"outofstock","14":"purchasable","15":"product-type-simple"},"aioseo_notices":[],"jetpack_sharing_enabled":true,"_links":{"self":[{"href":"https:\/\/studio40shop.com.mx\/index.php?rest_route=\/wp\/v2\/product\/1632","targetHints":{"allow":["GET"]}}],"collection":[{"href":"https:\/\/studio40shop.com.mx\/index.php?rest_route=\/wp\/v2\/product"}],"about":[{"href":"https:\/\/studio40shop.com.mx\/index.php?rest_route=\/wp\/v2\/types\/product"}],"replies":[{"embeddable":true,"href":"https:\/\/studio40shop.com.mx\/index.php?rest_route=%2Fwp%2Fv2%2Fcomments&post=1632"}],"wp:featuredmedia":[{"embeddable":true,"href":"https:\/\/studio40shop.com.mx\/index.php?rest_route=\/wp\/v2\/media\/1633"}],"wp:attachment":[{"href":"https:\/\/studio40shop.com.mx\/index.php?rest_route=%2Fwp%2Fv2%2Fmedia&parent=1632"}],"wp:term":[{"taxonomy":"product_brand","embeddable":true,"href":"https:\/\/studio40shop.com.mx\/index.php?rest_route=%2Fwp%2Fv2%2Fproduct_brand&post=1632"},{"taxonomy":"product_cat","embeddable":true,"href":"https:\/\/studio40shop.com.mx\/index.php?rest_route=%2Fwp%2Fv2%2Fproduct_cat&post=1632"},{"taxonomy":"product_tag","embeddable":true,"href":"https:\/\/studio40shop.com.mx\/index.php?rest_route=%2Fwp%2Fv2%2Fproduct_tag&post=1632"}],"curies":[{"name":"wp","href":"https:\/\/api.w.org\/{rel}","templated":true}]}}