{"id":1684,"date":"2021-01-28T18:07:54","date_gmt":"2021-01-28T18:07:54","guid":{"rendered":"http:\/\/studio40shop.com.mx\/?product=dolly-con-ruedas-de-caucho-marca-neewer-aleacion-aluminio-ajustable"},"modified":"2021-10-20T14:06:25","modified_gmt":"2021-10-20T19:06:25","slug":"dolly-con-ruedas-de-caucho-marca-neewer-aleacion-aluminio-ajustable","status":"publish","type":"product","link":"https:\/\/studio40shop.com.mx\/?product=dolly-con-ruedas-de-caucho-marca-neewer-aleacion-aluminio-ajustable","title":{"rendered":"Dolly Con Ruedas de Caucho marca Neewer &#8211; Aleacion Aluminio Ajustable"},"content":{"rendered":"<p>Este tr\u00edpode Dolly es adecuado para tr\u00edpodes y soportes de iluminaci\u00f3n est\u00e1ndar y profesionales. Es el carro perfecto que permite un movimiento suave de un lugar a otro sin levantar el tripi\u00e9.<br \/>\n&#8211;<br \/>\nEquipadas con llantas m\u00e1s grandes de 3 pulgadas(7,62cm) con frenos individuales y un dise\u00f1o de bloqueo de hebilla para aumentar la estabilidad de la plataforma. Las ruedas de rodamiento de bolas met\u00e1licas con ruedas que no da\u00f1an garantizan un rodamiento suave en cualquier superficie dura<br \/>\n&#8211;<br \/>\nLas patas se extienden a lo largo de 17,5 cent\u00edmetros a 40 cent\u00edmetros para acomodar tr\u00edpodes de varias dimensiones, y los cierres giratorios aseguran la extensi\u00f3n.<br \/>\n&#8211;<br \/>\nLa capacidad de carga m\u00e1xima es de 22,68 kilogramos para un rendimiento \u00f3ptimo; Presenta abrazaderas ajustables para bloquear casi cualquier tama\u00f1o de pie de tr\u00edpode en su lugar de manera segura<br \/>\n&#8211;<br \/>\nDise\u00f1o plegable con patas de longitud ajustable y asa de transporte y bolsa de transporte. Dos de las patas se pliegan hacia abajo para crear un paquete compacto para el transporte, que agrega una gran comodidad para la fotograf\u00eda al aire libre<\/p>\n","protected":false},"excerpt":{"rendered":"<p>\u00bfBuscas un equipo confiable para iniciarte en la producci\u00f3n televisiva? \u00a1El Dolly con ruedas de Caucho marca Neewer es lo que buscas! Adem\u00e1s de estar fabricado en una aleaci\u00f3n de aluminio, es extensible y cuenta con un mango para ser transportado a todos lados.<\/p>\n","protected":false},"featured_media":1685,"comment_status":"open","ping_status":"closed","template":"","meta":{"site-sidebar-layout":"default","site-content-layout":"default","ast-site-content-layout":"","site-content-style":"default","site-sidebar-style":"default","ast-global-header-display":"","ast-banner-title-visibility":"","ast-main-header-display":"","ast-hfb-above-header-display":"","ast-hfb-below-header-display":"","ast-hfb-mobile-header-display":"","site-post-title":"","ast-breadcrumbs-content":"","ast-featured-img":"","footer-sml-layout":"","theme-transparent-header-meta":"default","adv-header-id-meta":"","stick-header-meta":"","header-above-stick-meta":"","header-main-stick-meta":"","header-below-stick-meta":"","astra-migrate-meta-layouts":"default","ast-page-background-enabled":"default","ast-page-background-meta":{"desktop":{"background-color":"var(--ast-global-color-4)","background-image":"","background-repeat":"repeat","background-position":"center center","background-size":"auto","background-attachment":"scroll","background-type":"","background-media":"","overlay-type":"","overlay-color":"","overlay-opacity":"","overlay-gradient":""},"tablet":{"background-color":"","background-image":"","background-repeat":"repeat","background-position":"center center","background-size":"auto","background-attachment":"scroll","background-type":"","background-media":"","overlay-type":"","overlay-color":"","overlay-opacity":"","overlay-gradient":""},"mobile":{"background-color":"","background-image":"","background-repeat":"repeat","background-position":"center center","background-size":"auto","background-attachment":"scroll","background-type":"","background-media":"","overlay-type":"","overlay-color":"","overlay-opacity":"","overlay-gradient":""}},"ast-content-background-meta":{"desktop":{"background-color":"var(--ast-global-color-5)","background-image":"","background-repeat":"repeat","background-position":"center center","background-size":"auto","background-attachment":"scroll","background-type":"","background-media":"","overlay-type":"","overlay-color":"","overlay-opacity":"","overlay-gradient":""},"tablet":{"background-color":"var(--ast-global-color-5)","background-image":"","background-repeat":"repeat","background-position":"center center","background-size":"auto","background-attachment":"scroll","background-type":"","background-media":"","overlay-type":"","overlay-color":"","overlay-opacity":"","overlay-gradient":""},"mobile":{"background-color":"var(--ast-global-color-5)","background-image":"","background-repeat":"repeat","background-position":"center center","background-size":"auto","background-attachment":"scroll","background-type":"","background-media":"","overlay-type":"","overlay-color":"","overlay-opacity":"","overlay-gradient":""}},"_themeisle_gutenberg_block_has_review":false},"product_brand":[],"product_cat":[92],"product_tag":[],"class_list":{"0":"post-1684","1":"product","2":"type-product","3":"status-publish","4":"has-post-thumbnail","6":"product_cat-switchers-y-accesorios-para-cctv","7":"desktop-align-center","8":"tablet-align-left","9":"mobile-align-left","11":"first","12":"outofstock","13":"purchasable","14":"product-type-simple"},"aioseo_notices":[],"jetpack_sharing_enabled":true,"_links":{"self":[{"href":"https:\/\/studio40shop.com.mx\/index.php?rest_route=\/wp\/v2\/product\/1684","targetHints":{"allow":["GET"]}}],"collection":[{"href":"https:\/\/studio40shop.com.mx\/index.php?rest_route=\/wp\/v2\/product"}],"about":[{"href":"https:\/\/studio40shop.com.mx\/index.php?rest_route=\/wp\/v2\/types\/product"}],"replies":[{"embeddable":true,"href":"https:\/\/studio40shop.com.mx\/index.php?rest_route=%2Fwp%2Fv2%2Fcomments&post=1684"}],"wp:featuredmedia":[{"embeddable":true,"href":"https:\/\/studio40shop.com.mx\/index.php?rest_route=\/wp\/v2\/media\/1685"}],"wp:attachment":[{"href":"https:\/\/studio40shop.com.mx\/index.php?rest_route=%2Fwp%2Fv2%2Fmedia&parent=1684"}],"wp:term":[{"taxonomy":"product_brand","embeddable":true,"href":"https:\/\/studio40shop.com.mx\/index.php?rest_route=%2Fwp%2Fv2%2Fproduct_brand&post=1684"},{"taxonomy":"product_cat","embeddable":true,"href":"https:\/\/studio40shop.com.mx\/index.php?rest_route=%2Fwp%2Fv2%2Fproduct_cat&post=1684"},{"taxonomy":"product_tag","embeddable":true,"href":"https:\/\/studio40shop.com.mx\/index.php?rest_route=%2Fwp%2Fv2%2Fproduct_tag&post=1684"}],"curies":[{"name":"wp","href":"https:\/\/api.w.org\/{rel}","templated":true}]}}