{"id":1703,"date":"2021-01-29T09:50:43","date_gmt":"2021-01-29T09:50:43","guid":{"rendered":"http:\/\/studio40shop.com.mx\/?product=microfono-nt-usb-mini-rode"},"modified":"2021-10-20T14:02:18","modified_gmt":"2021-10-20T19:02:18","slug":"microfono-nt-usb-mini-rode","status":"publish","type":"product","link":"https:\/\/studio40shop.com.mx\/?product=microfono-nt-usb-mini-rode","title":{"rendered":"Micr\u00f3fono NT-USB mini Rode"},"content":{"rendered":"<p>Con una c\u00e1psula de condensador de alta calidad, el Rode NT-USB ofrece un sonido claro y c\u00e1lido. Su patr\u00f3n polar cardioide direccional minimiza el sonido fuera del eje, reduciendo efectivamente el tono de la habitaci\u00f3n y enfocando la captura de audio en lo que est\u00e1 directamente en frente del micr\u00f3fono.<br \/>\n&#8211;<br \/>\nPuede enviar audio directamente a computadoras y computadoras port\u00e1tiles gracias a su formato USB de alta calidad, no se requieren controladores o interfaces de audio dedicadas. Simplemente conecte un par de auriculares al conector de 3.5 mm del NT-USB Mini y podr\u00e1 monitorear su audio de 24 bits, 48 \u200b\u200bkHz con calidad de transmisi\u00f3n en todo su esplendor. Un conveniente dial de volumen lo ayuda a subir o bajar el nivel de los auriculares a su micr\u00f3fono.<br \/>\n&#8211;<br \/>\nEl micr\u00f3fono est\u00e1 fabricado en acero y resina de nylon reforzado, lo que hace que todo el cuerpo sea duradero. Con estabilidad en la forma, euforia en el sonido y conveniencia en el uso, el NT-USB Mini puede ser el destino para las necesidades de transmisi\u00f3n digital, sin importar el estudio, o incluso si no hay ning\u00fan estudio.<br \/>\n&#8211;<br \/>\nCaracter\u00edsticas<br \/>\n&#8211;<br \/>\nC\u00e1psula de condensador de alta calidad que brinda calidez y presencia para un sonido claro y profesional<br \/>\n&#8211;<br \/>\nCardioide direccional optimizado para reducir el sonido del entorno y otros ruidos extra\u00f1os, enfocando el sujeto frente a \u00e9l.<br \/>\n&#8211;<br \/>\nRespuesta de frecuencia suave<br \/>\n&#8211;<br \/>\nFiltro anti pop incorporado<br \/>\n&#8211;<br \/>\nSoporte de escritorio magn\u00e9tico desmontable<br \/>\n&#8211;<br \/>\nBase s\u00f3lida que mitiga golpes<br \/>\n&#8211;<br \/>\nSoporte giratorio integrado de 360 \u200b\u200bgrados para un posicionamiento r\u00e1pido y f\u00e1cil.<br \/>\n&#8211;<br \/>\nSalida USB que funciona a la perfecci\u00f3n con computadoras y tabletas, con una operaci\u00f3n f\u00e1cil de entender: simplemente con\u00e9ctela y presione grabar.<br \/>\n&#8211;<br \/>\nAmplificador de auriculares de grado de estudio con control de nivel de precisi\u00f3n y monitoreo de latencia cero conmutable para eliminar el eco.<br \/>\n&#8211;<br \/>\nConstrucci\u00f3n de acero y resina de nylon reforzada, elegante acabado en negro mate y dise\u00f1o compacto<\/p>\n","protected":false},"excerpt":{"rendered":"<p>Calidad de estudio y tama\u00f1o compacto \u00a1Esto es lo que te ofrece el micr\u00f3fono Rode NT-USB mini! Para aquellos amantes del streaming, podcast, YouTubers y m\u00e1s, obt\u00e9n un excelente micr\u00f3fono que elevar\u00e1 el nivel de calidad de tus contenidos.<\/p>\n","protected":false},"featured_media":1704,"comment_status":"open","ping_status":"closed","template":"","meta":{"site-sidebar-layout":"default","site-content-layout":"default","ast-site-content-layout":"default","site-content-style":"default","site-sidebar-style":"default","ast-global-header-display":"","ast-banner-title-visibility":"","ast-main-header-display":"","ast-hfb-above-header-display":"","ast-hfb-below-header-display":"","ast-hfb-mobile-header-display":"","site-post-title":"","ast-breadcrumbs-content":"","ast-featured-img":"","footer-sml-layout":"","ast-disable-related-posts":"","theme-transparent-header-meta":"default","adv-header-id-meta":"","stick-header-meta":"","header-above-stick-meta":"","header-main-stick-meta":"","header-below-stick-meta":"","astra-migrate-meta-layouts":"default","ast-page-background-enabled":"default","ast-page-background-meta":{"desktop":{"background-color":"var(--ast-global-color-4)","background-image":"","background-repeat":"repeat","background-position":"center center","background-size":"auto","background-attachment":"scroll","background-type":"","background-media":"","overlay-type":"","overlay-color":"","overlay-opacity":"","overlay-gradient":""},"tablet":{"background-color":"","background-image":"","background-repeat":"repeat","background-position":"center center","background-size":"auto","background-attachment":"scroll","background-type":"","background-media":"","overlay-type":"","overlay-color":"","overlay-opacity":"","overlay-gradient":""},"mobile":{"background-color":"","background-image":"","background-repeat":"repeat","background-position":"center center","background-size":"auto","background-attachment":"scroll","background-type":"","background-media":"","overlay-type":"","overlay-color":"","overlay-opacity":"","overlay-gradient":""}},"ast-content-background-meta":{"desktop":{"background-color":"var(--ast-global-color-5)","background-image":"","background-repeat":"repeat","background-position":"center center","background-size":"auto","background-attachment":"scroll","background-type":"","background-media":"","overlay-type":"","overlay-color":"","overlay-opacity":"","overlay-gradient":""},"tablet":{"background-color":"var(--ast-global-color-5)","background-image":"","background-repeat":"repeat","background-position":"center center","background-size":"auto","background-attachment":"scroll","background-type":"","background-media":"","overlay-type":"","overlay-color":"","overlay-opacity":"","overlay-gradient":""},"mobile":{"background-color":"var(--ast-global-color-5)","background-image":"","background-repeat":"repeat","background-position":"center center","background-size":"auto","background-attachment":"scroll","background-type":"","background-media":"","overlay-type":"","overlay-color":"","overlay-opacity":"","overlay-gradient":""}},"_themeisle_gutenberg_block_has_review":false},"product_brand":[100],"product_cat":[82],"product_tag":[],"class_list":{"0":"post-1703","1":"product","2":"type-product","3":"status-publish","4":"has-post-thumbnail","6":"product_brand-rode","7":"product_cat-microfonos","8":"desktop-align-center","9":"tablet-align-left","10":"mobile-align-left","12":"first","13":"outofstock","14":"purchasable","15":"product-type-simple"},"aioseo_notices":[],"jetpack_sharing_enabled":true,"_links":{"self":[{"href":"https:\/\/studio40shop.com.mx\/index.php?rest_route=\/wp\/v2\/product\/1703","targetHints":{"allow":["GET"]}}],"collection":[{"href":"https:\/\/studio40shop.com.mx\/index.php?rest_route=\/wp\/v2\/product"}],"about":[{"href":"https:\/\/studio40shop.com.mx\/index.php?rest_route=\/wp\/v2\/types\/product"}],"replies":[{"embeddable":true,"href":"https:\/\/studio40shop.com.mx\/index.php?rest_route=%2Fwp%2Fv2%2Fcomments&post=1703"}],"wp:featuredmedia":[{"embeddable":true,"href":"https:\/\/studio40shop.com.mx\/index.php?rest_route=\/wp\/v2\/media\/1704"}],"wp:attachment":[{"href":"https:\/\/studio40shop.com.mx\/index.php?rest_route=%2Fwp%2Fv2%2Fmedia&parent=1703"}],"wp:term":[{"taxonomy":"product_brand","embeddable":true,"href":"https:\/\/studio40shop.com.mx\/index.php?rest_route=%2Fwp%2Fv2%2Fproduct_brand&post=1703"},{"taxonomy":"product_cat","embeddable":true,"href":"https:\/\/studio40shop.com.mx\/index.php?rest_route=%2Fwp%2Fv2%2Fproduct_cat&post=1703"},{"taxonomy":"product_tag","embeddable":true,"href":"https:\/\/studio40shop.com.mx\/index.php?rest_route=%2Fwp%2Fv2%2Fproduct_tag&post=1703"}],"curies":[{"name":"wp","href":"https:\/\/api.w.org\/{rel}","templated":true}]}}