{"id":1727,"date":"2021-03-09T11:39:42","date_gmt":"2021-03-09T11:39:42","guid":{"rendered":"http:\/\/studio40shop.com.mx\/?product=ugreen-cable-de-extension-para-audifonos-3-5mm-5-metros"},"modified":"2022-03-02T10:47:24","modified_gmt":"2022-03-02T15:47:24","slug":"ugreen-cable-de-extension-para-audifonos-3-5mm-5-metros","status":"publish","type":"product","link":"https:\/\/studio40shop.com.mx\/?product=ugreen-cable-de-extension-para-audifonos-3-5mm-5-metros","title":{"rendered":"Cable de audio para 3.5mm de 5 metros UGREEN"},"content":{"rendered":"<p>El cable de extensi\u00f3n de audio Ugreen de 3.5mm extiende la conexi\u00f3n entre su iPhone, iPod, reproductores de MP3, auriculares, tableta o cualquier otro dispositivo equipado con puerto de 3.5 mm a sus auriculares, altavoces, est\u00e9reo de autom\u00f3vil o sistema de cine en casa, etc.<\/p>\n<p>&#8211;<\/p>\n<p>El cobre libre de ox\u00edgeno proporciona la m\u00e1xima conductividad y durabilidad. Los conectores chapados en oro resisten la corrosi\u00f3n y garantizan una calidad de sonido \u00f3ptima. El dise\u00f1o descendente hace posible trabajar sin quitar la carcasa de su celular \/ tableta.<\/p>\n<p>&#8211;<\/p>\n<p>Conectores chapado en oro de 24K : reduce la corrosi\u00f3n.<\/p>\n<p>Doble blindaje: evitar las interferencias.<\/p>\n<p>Cobre puro en el interior: aumenta la vida del cable.<\/p>\n<p>Note: El cable s\u00f3lo se transfiere el sonido. no son compatible con los funciones de auriculares, como Avanzar y Retroceder, Pausar o Reproducir .<\/p>\n","protected":false},"excerpt":{"rendered":"<p>El extensor UGREEN para aud\u00edfonos te dar\u00e1 el alcance para trabajar incluso en los ambientes m\u00e1s extremos, cuenta con certificados de durabilidad y resistencia<\/p>\n","protected":false},"featured_media":1728,"comment_status":"open","ping_status":"closed","template":"","meta":{"site-sidebar-layout":"default","site-content-layout":"default","ast-site-content-layout":"default","site-content-style":"default","site-sidebar-style":"default","ast-global-header-display":"","ast-banner-title-visibility":"","ast-main-header-display":"","ast-hfb-above-header-display":"","ast-hfb-below-header-display":"","ast-hfb-mobile-header-display":"","site-post-title":"","ast-breadcrumbs-content":"","ast-featured-img":"","footer-sml-layout":"","ast-disable-related-posts":"","theme-transparent-header-meta":"default","adv-header-id-meta":"","stick-header-meta":"","header-above-stick-meta":"","header-main-stick-meta":"","header-below-stick-meta":"","astra-migrate-meta-layouts":"default","ast-page-background-enabled":"default","ast-page-background-meta":{"desktop":{"background-color":"var(--ast-global-color-4)","background-image":"","background-repeat":"repeat","background-position":"center center","background-size":"auto","background-attachment":"scroll","background-type":"","background-media":"","overlay-type":"","overlay-color":"","overlay-opacity":"","overlay-gradient":""},"tablet":{"background-color":"","background-image":"","background-repeat":"repeat","background-position":"center center","background-size":"auto","background-attachment":"scroll","background-type":"","background-media":"","overlay-type":"","overlay-color":"","overlay-opacity":"","overlay-gradient":""},"mobile":{"background-color":"","background-image":"","background-repeat":"repeat","background-position":"center center","background-size":"auto","background-attachment":"scroll","background-type":"","background-media":"","overlay-type":"","overlay-color":"","overlay-opacity":"","overlay-gradient":""}},"ast-content-background-meta":{"desktop":{"background-color":"var(--ast-global-color-5)","background-image":"","background-repeat":"repeat","background-position":"center center","background-size":"auto","background-attachment":"scroll","background-type":"","background-media":"","overlay-type":"","overlay-color":"","overlay-opacity":"","overlay-gradient":""},"tablet":{"background-color":"var(--ast-global-color-5)","background-image":"","background-repeat":"repeat","background-position":"center center","background-size":"auto","background-attachment":"scroll","background-type":"","background-media":"","overlay-type":"","overlay-color":"","overlay-opacity":"","overlay-gradient":""},"mobile":{"background-color":"var(--ast-global-color-5)","background-image":"","background-repeat":"repeat","background-position":"center center","background-size":"auto","background-attachment":"scroll","background-type":"","background-media":"","overlay-type":"","overlay-color":"","overlay-opacity":"","overlay-gradient":""}},"_themeisle_gutenberg_block_has_review":false},"product_brand":[],"product_cat":[95,89],"product_tag":[199,201,206,194,198,205,204,197,203,202,193],"class_list":{"0":"post-1727","1":"product","2":"type-product","3":"status-publish","4":"has-post-thumbnail","6":"product_cat-cables-para-audio","7":"product_cat-cables-y-conectores","8":"product_tag-3-5-cable","9":"product_tag-audio","10":"product_tag-audio-5-metros","11":"product_tag-cable","12":"product_tag-cable-3-5mm","13":"product_tag-cable-5-metros","14":"product_tag-cable-de-audio","15":"product_tag-cable-jack","16":"product_tag-cable-para-audifonos","17":"product_tag-extension-cable","18":"product_tag-ugreen","19":"desktop-align-center","20":"tablet-align-left","21":"mobile-align-left","23":"first","24":"instock","25":"purchasable","26":"product-type-simple"},"aioseo_notices":[],"jetpack_sharing_enabled":true,"_links":{"self":[{"href":"https:\/\/studio40shop.com.mx\/index.php?rest_route=\/wp\/v2\/product\/1727","targetHints":{"allow":["GET"]}}],"collection":[{"href":"https:\/\/studio40shop.com.mx\/index.php?rest_route=\/wp\/v2\/product"}],"about":[{"href":"https:\/\/studio40shop.com.mx\/index.php?rest_route=\/wp\/v2\/types\/product"}],"replies":[{"embeddable":true,"href":"https:\/\/studio40shop.com.mx\/index.php?rest_route=%2Fwp%2Fv2%2Fcomments&post=1727"}],"wp:featuredmedia":[{"embeddable":true,"href":"https:\/\/studio40shop.com.mx\/index.php?rest_route=\/wp\/v2\/media\/1728"}],"wp:attachment":[{"href":"https:\/\/studio40shop.com.mx\/index.php?rest_route=%2Fwp%2Fv2%2Fmedia&parent=1727"}],"wp:term":[{"taxonomy":"product_brand","embeddable":true,"href":"https:\/\/studio40shop.com.mx\/index.php?rest_route=%2Fwp%2Fv2%2Fproduct_brand&post=1727"},{"taxonomy":"product_cat","embeddable":true,"href":"https:\/\/studio40shop.com.mx\/index.php?rest_route=%2Fwp%2Fv2%2Fproduct_cat&post=1727"},{"taxonomy":"product_tag","embeddable":true,"href":"https:\/\/studio40shop.com.mx\/index.php?rest_route=%2Fwp%2Fv2%2Fproduct_tag&post=1727"}],"curies":[{"name":"wp","href":"https:\/\/api.w.org\/{rel}","templated":true}]}}