{"id":1771,"date":"2021-07-12T11:04:10","date_gmt":"2021-07-12T11:04:10","guid":{"rendered":"http:\/\/studio40shop.com.mx\/?product=camara-eos-90d-ef-s-18-135mm-stm"},"modified":"2022-09-21T14:31:41","modified_gmt":"2022-09-21T19:31:41","slug":"camara-eos-90d-ef-s-18-135mm-stm","status":"publish","type":"product","link":"https:\/\/studio40shop.com.mx\/?product=camara-eos-90d-ef-s-18-135mm-stm","title":{"rendered":"C\u00e1mara EOS 90D EF-S 18-135mm STM"},"content":{"rendered":"<p>Un perfecto equilibrio de velocidad, calidad de imagen y portabilidad, ideal para acercarte m\u00e1s a la naturaleza y capturar deportes de movimiento r\u00e1pido.<br \/>\nPerfecto para la fotograf\u00eda de deportes y naturaleza<br \/>\nLa EOS 90D se ha dise\u00f1ado con un sensor APS-C de 32,5 MP que proporciona a los objetivos el alcance de teleobjetivo 1,6x que tendr\u00eda una c\u00e1mara de fotograma completo. Perfecta para los momentos de acci\u00f3n en los que no puedes fallar.<br \/>\nLibertad para recortar y recomponer<br \/>\nPodr\u00e1s recortar, girar y modificar el tama\u00f1o de las im\u00e1genes de resoluci\u00f3n completa de la EOS 90D de 32,5 megap\u00edxeles y disfrutar de una calidad de imagen detallada, suficiente para grandes impresiones. Busca escenas dentro de una misma escena y ajusta la composici\u00f3n para obtener un resultado perfecto.<\/p>\n<p>Captura los momentos m\u00e1s fugaces<\/p>\n<p>Capta los momentos imperceptibles a simple vista, capturando im\u00e1genes de 32,5 megap\u00edxeles a una velocidad de hasta 10 fotogramas por segundo. Las altas sensibilidades ISO (hasta ISO 25600) te permiten congelar la acci\u00f3n con asombrosas velocidades de obturaci\u00f3n r\u00e1pida de hasta 1\/8000 s.<\/p>\n","protected":false},"excerpt":{"rendered":"<p>Una c\u00e1mara r\u00e9flex repleta de funciones que te permite acercarte m\u00e1s, disparar m\u00e1s r\u00e1pido y captar incre\u00edbles im\u00e1genes de 32,5 megap\u00edxeles.<\/p>\n","protected":false},"featured_media":1772,"comment_status":"open","ping_status":"closed","template":"","meta":{"site-sidebar-layout":"default","site-content-layout":"default","ast-site-content-layout":"default","site-content-style":"default","site-sidebar-style":"default","ast-global-header-display":"","ast-banner-title-visibility":"","ast-main-header-display":"","ast-hfb-above-header-display":"","ast-hfb-below-header-display":"","ast-hfb-mobile-header-display":"","site-post-title":"","ast-breadcrumbs-content":"","ast-featured-img":"","footer-sml-layout":"","ast-disable-related-posts":"","theme-transparent-header-meta":"default","adv-header-id-meta":"","stick-header-meta":"","header-above-stick-meta":"","header-main-stick-meta":"","header-below-stick-meta":"","astra-migrate-meta-layouts":"default","ast-page-background-enabled":"default","ast-page-background-meta":{"desktop":{"background-color":"var(--ast-global-color-4)","background-image":"","background-repeat":"repeat","background-position":"center center","background-size":"auto","background-attachment":"scroll","background-type":"","background-media":"","overlay-type":"","overlay-color":"","overlay-opacity":"","overlay-gradient":""},"tablet":{"background-color":"","background-image":"","background-repeat":"repeat","background-position":"center center","background-size":"auto","background-attachment":"scroll","background-type":"","background-media":"","overlay-type":"","overlay-color":"","overlay-opacity":"","overlay-gradient":""},"mobile":{"background-color":"","background-image":"","background-repeat":"repeat","background-position":"center center","background-size":"auto","background-attachment":"scroll","background-type":"","background-media":"","overlay-type":"","overlay-color":"","overlay-opacity":"","overlay-gradient":""}},"ast-content-background-meta":{"desktop":{"background-color":"var(--ast-global-color-5)","background-image":"","background-repeat":"repeat","background-position":"center center","background-size":"auto","background-attachment":"scroll","background-type":"","background-media":"","overlay-type":"","overlay-color":"","overlay-opacity":"","overlay-gradient":""},"tablet":{"background-color":"var(--ast-global-color-5)","background-image":"","background-repeat":"repeat","background-position":"center center","background-size":"auto","background-attachment":"scroll","background-type":"","background-media":"","overlay-type":"","overlay-color":"","overlay-opacity":"","overlay-gradient":""},"mobile":{"background-color":"var(--ast-global-color-5)","background-image":"","background-repeat":"repeat","background-position":"center center","background-size":"auto","background-attachment":"scroll","background-type":"","background-media":"","overlay-type":"","overlay-color":"","overlay-opacity":"","overlay-gradient":""}},"_themeisle_gutenberg_block_has_review":false},"product_brand":[59],"product_cat":[96],"product_tag":[],"class_list":{"0":"post-1771","1":"product","2":"type-product","3":"status-publish","4":"has-post-thumbnail","6":"product_brand-canon","7":"product_cat-camaras-de-fotografia","8":"desktop-align-center","9":"tablet-align-left","10":"mobile-align-left","12":"first","13":"instock","14":"purchasable","15":"product-type-simple"},"aioseo_notices":[],"jetpack_sharing_enabled":true,"_links":{"self":[{"href":"https:\/\/studio40shop.com.mx\/index.php?rest_route=\/wp\/v2\/product\/1771","targetHints":{"allow":["GET"]}}],"collection":[{"href":"https:\/\/studio40shop.com.mx\/index.php?rest_route=\/wp\/v2\/product"}],"about":[{"href":"https:\/\/studio40shop.com.mx\/index.php?rest_route=\/wp\/v2\/types\/product"}],"replies":[{"embeddable":true,"href":"https:\/\/studio40shop.com.mx\/index.php?rest_route=%2Fwp%2Fv2%2Fcomments&post=1771"}],"wp:featuredmedia":[{"embeddable":true,"href":"https:\/\/studio40shop.com.mx\/index.php?rest_route=\/wp\/v2\/media\/1772"}],"wp:attachment":[{"href":"https:\/\/studio40shop.com.mx\/index.php?rest_route=%2Fwp%2Fv2%2Fmedia&parent=1771"}],"wp:term":[{"taxonomy":"product_brand","embeddable":true,"href":"https:\/\/studio40shop.com.mx\/index.php?rest_route=%2Fwp%2Fv2%2Fproduct_brand&post=1771"},{"taxonomy":"product_cat","embeddable":true,"href":"https:\/\/studio40shop.com.mx\/index.php?rest_route=%2Fwp%2Fv2%2Fproduct_cat&post=1771"},{"taxonomy":"product_tag","embeddable":true,"href":"https:\/\/studio40shop.com.mx\/index.php?rest_route=%2Fwp%2Fv2%2Fproduct_tag&post=1771"}],"curies":[{"name":"wp","href":"https:\/\/api.w.org\/{rel}","templated":true}]}}