{"id":1782,"date":"2021-07-12T12:25:50","date_gmt":"2021-07-12T12:25:50","guid":{"rendered":"http:\/\/studio40shop.com.mx\/?product=camara-canon-5d-mark-iv-cuerpo"},"modified":"2022-09-21T13:33:12","modified_gmt":"2022-09-21T18:33:12","slug":"camara-canon-5d-mark-iv-cuerpo","status":"publish","type":"product","link":"https:\/\/studio40shop.com.mx\/?product=camara-canon-5d-mark-iv-cuerpo","title":{"rendered":"C\u00e1mara Canon 5D Mark IV Cuerpo"},"content":{"rendered":"<p>&#8211;<br \/>\nGPS integrado<\/p>\n<p>El GPS integrado etiqueta cada imagen con tu ubicaci\u00f3n y mantiene la precisi\u00f3n del reloj interno de la c\u00e1mara, lo que te facilitar\u00e1 el trabajo al momento de catalogar las im\u00e1genes o buscar las ubicaciones espec\u00edficas de las fotos.<\/p>\n<p>Resistente al polvo y golpes<\/p>\n<p>La estructura de aleaci\u00f3n de magnesio hace a esta c\u00e1mara resistente a abolladuras y golpes menores, sin por eso ser pesada. Gracias a su resistente sellado, puedes tomar fotos incluso en climas extremos, expuesto a nieve o arena.<\/p>\n<p>Funci\u00f3n IPTC<\/p>\n<p>Los fotoperiodistas dependen de captar todos los detalles. Con la EOS 5D Mark IV, puedes cargar plantillas de metadatos con informaci\u00f3n personal y datos de las sesiones fotogr\u00e1ficas en los campos de metadatos IPTC de cada imagen.<\/p>\n<p>Controles Mejorados<\/p>\n<p>Los puntos de enfoque autom\u00e1ticos se pueden cambiar sin dejar de usar la c\u00e1mara. Adem\u00e1s, gracias a la entrada para micr\u00f3fono y auriculares puedes cuidar y controlar el sonido.<\/p>\n<p>Claridad, contraste y color<\/p>\n<p>Una serie de ajustes de Balance de Blancos autom\u00e1tico (AWB) te permiten dar nuevos enfoques a la luz artificial, conservando ciertos tonos de colores c\u00e1lidos o neutros.<\/p>\n","protected":false},"excerpt":{"rendered":"<p>Dise\u00f1ado para superar todas las expectativas. Entrega im\u00e1genes de alta resoluci\u00f3n y v\u00eddeos 4K gracias a su nuevo sensor Full-Frame de 30.4 megap\u00edxeles.<\/p>\n","protected":false},"featured_media":1783,"comment_status":"open","ping_status":"closed","template":"","meta":{"site-sidebar-layout":"default","site-content-layout":"default","ast-site-content-layout":"default","site-content-style":"default","site-sidebar-style":"default","ast-global-header-display":"","ast-banner-title-visibility":"","ast-main-header-display":"","ast-hfb-above-header-display":"","ast-hfb-below-header-display":"","ast-hfb-mobile-header-display":"","site-post-title":"","ast-breadcrumbs-content":"","ast-featured-img":"","footer-sml-layout":"","ast-disable-related-posts":"","theme-transparent-header-meta":"default","adv-header-id-meta":"","stick-header-meta":"","header-above-stick-meta":"","header-main-stick-meta":"","header-below-stick-meta":"","astra-migrate-meta-layouts":"default","ast-page-background-enabled":"default","ast-page-background-meta":{"desktop":{"background-color":"var(--ast-global-color-4)","background-image":"","background-repeat":"repeat","background-position":"center center","background-size":"auto","background-attachment":"scroll","background-type":"","background-media":"","overlay-type":"","overlay-color":"","overlay-opacity":"","overlay-gradient":""},"tablet":{"background-color":"","background-image":"","background-repeat":"repeat","background-position":"center center","background-size":"auto","background-attachment":"scroll","background-type":"","background-media":"","overlay-type":"","overlay-color":"","overlay-opacity":"","overlay-gradient":""},"mobile":{"background-color":"","background-image":"","background-repeat":"repeat","background-position":"center center","background-size":"auto","background-attachment":"scroll","background-type":"","background-media":"","overlay-type":"","overlay-color":"","overlay-opacity":"","overlay-gradient":""}},"ast-content-background-meta":{"desktop":{"background-color":"var(--ast-global-color-5)","background-image":"","background-repeat":"repeat","background-position":"center center","background-size":"auto","background-attachment":"scroll","background-type":"","background-media":"","overlay-type":"","overlay-color":"","overlay-opacity":"","overlay-gradient":""},"tablet":{"background-color":"var(--ast-global-color-5)","background-image":"","background-repeat":"repeat","background-position":"center center","background-size":"auto","background-attachment":"scroll","background-type":"","background-media":"","overlay-type":"","overlay-color":"","overlay-opacity":"","overlay-gradient":""},"mobile":{"background-color":"var(--ast-global-color-5)","background-image":"","background-repeat":"repeat","background-position":"center center","background-size":"auto","background-attachment":"scroll","background-type":"","background-media":"","overlay-type":"","overlay-color":"","overlay-opacity":"","overlay-gradient":""}},"_themeisle_gutenberg_block_has_review":false},"product_brand":[59],"product_cat":[96],"product_tag":[],"class_list":{"0":"post-1782","1":"product","2":"type-product","3":"status-publish","4":"has-post-thumbnail","6":"product_brand-canon","7":"product_cat-camaras-de-fotografia","8":"desktop-align-center","9":"tablet-align-left","10":"mobile-align-left","12":"first","13":"onbackorder","14":"purchasable","15":"product-type-simple"},"aioseo_notices":[],"jetpack_sharing_enabled":true,"_links":{"self":[{"href":"https:\/\/studio40shop.com.mx\/index.php?rest_route=\/wp\/v2\/product\/1782","targetHints":{"allow":["GET"]}}],"collection":[{"href":"https:\/\/studio40shop.com.mx\/index.php?rest_route=\/wp\/v2\/product"}],"about":[{"href":"https:\/\/studio40shop.com.mx\/index.php?rest_route=\/wp\/v2\/types\/product"}],"replies":[{"embeddable":true,"href":"https:\/\/studio40shop.com.mx\/index.php?rest_route=%2Fwp%2Fv2%2Fcomments&post=1782"}],"wp:featuredmedia":[{"embeddable":true,"href":"https:\/\/studio40shop.com.mx\/index.php?rest_route=\/wp\/v2\/media\/1783"}],"wp:attachment":[{"href":"https:\/\/studio40shop.com.mx\/index.php?rest_route=%2Fwp%2Fv2%2Fmedia&parent=1782"}],"wp:term":[{"taxonomy":"product_brand","embeddable":true,"href":"https:\/\/studio40shop.com.mx\/index.php?rest_route=%2Fwp%2Fv2%2Fproduct_brand&post=1782"},{"taxonomy":"product_cat","embeddable":true,"href":"https:\/\/studio40shop.com.mx\/index.php?rest_route=%2Fwp%2Fv2%2Fproduct_cat&post=1782"},{"taxonomy":"product_tag","embeddable":true,"href":"https:\/\/studio40shop.com.mx\/index.php?rest_route=%2Fwp%2Fv2%2Fproduct_tag&post=1782"}],"curies":[{"name":"wp","href":"https:\/\/api.w.org\/{rel}","templated":true}]}}