{"id":1941,"date":"2021-10-14T14:26:28","date_gmt":"2021-10-14T19:26:28","guid":{"rendered":"https:\/\/studio40shop.com.mx\/?post_type=product&#038;p=1941"},"modified":"2022-10-15T13:01:37","modified_gmt":"2022-10-15T18:01:37","slug":"flash-wistro-ad200-pro-de-bolsillo-godox","status":"publish","type":"product","link":"https:\/\/studio40shop.com.mx\/?product=flash-wistro-ad200-pro-de-bolsillo-godox","title":{"rendered":"Flash Wistro AD200 PRO de Bolsillo Godox"},"content":{"rendered":"<p>La cabeza desnuda del foco presenta un tubo de flash extra\u00edble y produce 360 \u200b\u200bgrados de luz suave, brillante y casi sin sombras. La cabeza utiliza reflectores opcionales que enfocan el \u00e1ngulo del haz y le dan control direccional.<\/p>\n<p>Tiene caracter\u00edsticas principales impresionantes, como 200W de potencia ajustable en 9 pasos desde 1\/256 a 1\/1, reciclaje desde 0.01 a 2.1 segundos y duraciones de flash tan cortas como 1\/15,380 seg.<\/p>\n<p>El AD200Pro tiene 3 modos de flash:<\/p>\n<p>El Manual selecciona la potencia del usuario, la luz de modelado, la primera o la segunda sincronizaci\u00f3n de la cortina, etc.<br \/>\nMulti controla la frecuencia estrobosc\u00f3pica hasta 90 veces (90 Hz).<br \/>\nTTL aprovecha el receptor X1 incorporado en el cabezal del flash.<br \/>\nLos transmisores opcionales X1 TTL est\u00e1n disponibles para las c\u00e1maras Nikon, Canon, Sony, Olympus y FUJIFILM. Tambi\u00e9n detectar\u00e1n un cabezal LED comprado por separado.<\/p>\n<p>El sistema inal\u00e1mbrico de 32 canales controla el modo de flash, la primera y la segunda sincronizaci\u00f3n de la cortina, la sincronizaci\u00f3n de alta velocidad hasta 1\/8000 segundos, el nivel de potencia, la l\u00e1mpara de modelado y el beeper listo a distancias de hasta 328 &#8216;.<\/p>\n<p>*Las actualizaciones de firmware est\u00e1n disponibles en el sitio web de Godox.<\/p>\n<p>Sistema Inal\u00e1mbrico X de 2.4 GHz incorporado<\/p>\n<p>Receptor inal\u00e1mbrico incorporado: control que dispara el nivel de energ\u00eda, se\u00f1al de alerta con transmisor inal\u00e1mbrico opcional. Compatible con Nikon, Canon, Sony, Olympus y Fuji TTL.<\/p>\n<p>Bombillas descubiertas y cabezales de flash Speedlight<\/p>\n<p>Se incluyen las bombillas de bombilla y el flash del flash para variar la calidad de la luz. La temperatura de color es de 5600 K en todo el rango de potencia.<\/p>\n<p>Bater\u00eda de litio de gran capacidad<\/p>\n<p>La bater\u00eda de 14.4V \/ 2900mAh recibe 500 flashes de potencia completa con un reciclaje de 0.01 a 2.1 segundos.<\/p>\n<p>Panel AV<\/p>\n<p>El panel digital de f\u00e1cil lectura muestra sus ajustes<\/p>\n<p>Accesorios<\/p>\n<p>Puertas de granero, filtros de color y difusores est\u00e1n disponibles para personalizar su trabajo.<\/p>\n<p>Numerosas funciones de control<\/p>\n<p>Rango de potencia de 9 pasos: 1\/1 a 1\/256<br \/>\nSoporta compensaci\u00f3n de exposici\u00f3n de flash<br \/>\nSincronizaci\u00f3n de alta velocidad de 1\/8000 segundos<br \/>\nPrimera y segunda sincronizaci\u00f3n de corti<br \/>\nLampara de modelado<br \/>\nFlash manual<br \/>\nFlash multi<br \/>\nFunciones personalizadas<\/p>\n","protected":false},"excerpt":{"rendered":"<p>Cuenta con un cabezal de luz de velocidad est\u00e1ndar y un cabezal de bombilla\u00a0 que le da la opci\u00f3n de dos calidades de luz claramente diferentes.<\/p>\n","protected":false},"featured_media":2590,"comment_status":"open","ping_status":"closed","template":"","meta":{"site-sidebar-layout":"default","site-content-layout":"default","ast-site-content-layout":"default","site-content-style":"default","site-sidebar-style":"default","ast-global-header-display":"","ast-banner-title-visibility":"","ast-main-header-display":"","ast-hfb-above-header-display":"","ast-hfb-below-header-display":"","ast-hfb-mobile-header-display":"","site-post-title":"","ast-breadcrumbs-content":"","ast-featured-img":"","footer-sml-layout":"","ast-disable-related-posts":"","theme-transparent-header-meta":"default","adv-header-id-meta":"","stick-header-meta":"","header-above-stick-meta":"","header-main-stick-meta":"","header-below-stick-meta":"","astra-migrate-meta-layouts":"default","ast-page-background-enabled":"default","ast-page-background-meta":{"desktop":{"background-color":"var(--ast-global-color-4)","background-image":"","background-repeat":"repeat","background-position":"center center","background-size":"auto","background-attachment":"scroll","background-type":"","background-media":"","overlay-type":"","overlay-color":"","overlay-opacity":"","overlay-gradient":""},"tablet":{"background-color":"","background-image":"","background-repeat":"repeat","background-position":"center center","background-size":"auto","background-attachment":"scroll","background-type":"","background-media":"","overlay-type":"","overlay-color":"","overlay-opacity":"","overlay-gradient":""},"mobile":{"background-color":"","background-image":"","background-repeat":"repeat","background-position":"center center","background-size":"auto","background-attachment":"scroll","background-type":"","background-media":"","overlay-type":"","overlay-color":"","overlay-opacity":"","overlay-gradient":""}},"ast-content-background-meta":{"desktop":{"background-color":"var(--ast-global-color-5)","background-image":"","background-repeat":"repeat","background-position":"center center","background-size":"auto","background-attachment":"scroll","background-type":"","background-media":"","overlay-type":"","overlay-color":"","overlay-opacity":"","overlay-gradient":""},"tablet":{"background-color":"var(--ast-global-color-5)","background-image":"","background-repeat":"repeat","background-position":"center center","background-size":"auto","background-attachment":"scroll","background-type":"","background-media":"","overlay-type":"","overlay-color":"","overlay-opacity":"","overlay-gradient":""},"mobile":{"background-color":"var(--ast-global-color-5)","background-image":"","background-repeat":"repeat","background-position":"center center","background-size":"auto","background-attachment":"scroll","background-type":"","background-media":"","overlay-type":"","overlay-color":"","overlay-opacity":"","overlay-gradient":""}},"_themeisle_gutenberg_block_has_review":false},"product_brand":[],"product_cat":[103],"product_tag":[],"class_list":{"0":"post-1941","1":"product","2":"type-product","3":"status-publish","4":"has-post-thumbnail","6":"product_cat-flashes-de-estudio-y-speedlite","7":"desktop-align-center","8":"tablet-align-left","9":"mobile-align-left","11":"first","12":"instock","13":"sold-individually","14":"purchasable","15":"product-type-simple"},"aioseo_notices":[],"jetpack_sharing_enabled":true,"_links":{"self":[{"href":"https:\/\/studio40shop.com.mx\/index.php?rest_route=\/wp\/v2\/product\/1941","targetHints":{"allow":["GET"]}}],"collection":[{"href":"https:\/\/studio40shop.com.mx\/index.php?rest_route=\/wp\/v2\/product"}],"about":[{"href":"https:\/\/studio40shop.com.mx\/index.php?rest_route=\/wp\/v2\/types\/product"}],"replies":[{"embeddable":true,"href":"https:\/\/studio40shop.com.mx\/index.php?rest_route=%2Fwp%2Fv2%2Fcomments&post=1941"}],"wp:featuredmedia":[{"embeddable":true,"href":"https:\/\/studio40shop.com.mx\/index.php?rest_route=\/wp\/v2\/media\/2590"}],"wp:attachment":[{"href":"https:\/\/studio40shop.com.mx\/index.php?rest_route=%2Fwp%2Fv2%2Fmedia&parent=1941"}],"wp:term":[{"taxonomy":"product_brand","embeddable":true,"href":"https:\/\/studio40shop.com.mx\/index.php?rest_route=%2Fwp%2Fv2%2Fproduct_brand&post=1941"},{"taxonomy":"product_cat","embeddable":true,"href":"https:\/\/studio40shop.com.mx\/index.php?rest_route=%2Fwp%2Fv2%2Fproduct_cat&post=1941"},{"taxonomy":"product_tag","embeddable":true,"href":"https:\/\/studio40shop.com.mx\/index.php?rest_route=%2Fwp%2Fv2%2Fproduct_tag&post=1941"}],"curies":[{"name":"wp","href":"https:\/\/api.w.org\/{rel}","templated":true}]}}