{"id":1947,"date":"2021-10-14T18:48:19","date_gmt":"2021-10-14T23:48:19","guid":{"rendered":"https:\/\/studio40shop.com.mx\/?post_type=product&#038;p=1947"},"modified":"2022-10-15T13:01:35","modified_gmt":"2022-10-15T18:01:35","slug":"flash-v860-ii-ttl-hss-godox-para-sony","status":"publish","type":"product","link":"https:\/\/studio40shop.com.mx\/?product=flash-v860-ii-ttl-hss-godox-para-sony","title":{"rendered":"Flash V860 II TTL HSS Godox para Sony"},"content":{"rendered":"<p>El flash V8060II-S tiene un receptor interno radio 2,4Ghz que sincroniza a alta velocidad. Puede utilizarse con los disparadores X1 y ser controlado a distancia.<\/p>\n<p>Utiliza una bater\u00eda de litio de carga m\u00e1xima de 2200 mAh, la cual viene incluida. Esto le permite hacer hasta 650 disparos por carga. El tiempo de reciclaje de este flash es de 1.5 segundos a m\u00e1xima potencia.<\/p>\n<p>Este flash puede trabajar en modo autom\u00e1tico TTL, Manual y Multi estrobosc\u00f3pico.<\/p>\n<p>N\u00famero Gu\u00eda: 60 ISO 100<br \/>\nCompatible con c\u00e1maras Sony TTL<br \/>\nCabeza giratoria de 0 a 360\u00b0, e inclinable -7\u00ba a 90\u00ba<br \/>\nModos de Flash: TTL, Autoflash, Manual, Multi.<br \/>\nAlta Velocidad HSS, 1\u00aa y 2\u00aa cortinilla<br \/>\nAlta Velocidad de sincronizaci\u00f3n HSS: Hasta un 1\/8000 de segundo.<br \/>\nDuraci\u00f3n del destello del flash: 1\/300 to 1\/20000 segundo.<br \/>\nTemperatura de Color: 5600K \u00b1200K con potencia ajustable.<br \/>\nEn modo Multi puede disparar hasta 90 veces a 100 Hz<br \/>\nGrupos Controlables como esclavo: 3 (A, B y C)<br \/>\nEn modo inal\u00e1mbrico 2,4Ghz tiene 32 canales operativos (1- 32)<br \/>\nAlcance de transmisi\u00f3n en interiores: 12 a 15 metros, Alcance aproximado en exteriores de 8 a 10 metros<br \/>\nAngulo de recepci\u00f3n actuando como Maestro: +\/- 40\u00b0 horizontal , +\/- 30\u00b0 vertical<br \/>\nCanales disponibles: 4 (1, 2, 3 y 4)<br \/>\nModo Multi: Frecuencia de 1 a 199 Hz . No. de veces de 2 a 100<br \/>\nLa bater\u00eda requiere 2.5 hrs de carga con adaptador de corriente y 4 con cargador de auto.<br \/>\nDisparos por carga: aproximadamente 650<\/p>\n","protected":false},"excerpt":{"rendered":"<p>Cuenta con un Sistema de radio inal\u00e1mbrico de 2,4 GHz X incorporado. Tiene un n\u00famero de gu\u00eda de 60 y un zoom 20 a 200mm, adem\u00e1s de un receptor interno.<\/p>\n","protected":false},"featured_media":1948,"comment_status":"open","ping_status":"closed","template":"","meta":{"site-sidebar-layout":"default","site-content-layout":"default","ast-site-content-layout":"default","site-content-style":"default","site-sidebar-style":"default","ast-global-header-display":"","ast-banner-title-visibility":"","ast-main-header-display":"","ast-hfb-above-header-display":"","ast-hfb-below-header-display":"","ast-hfb-mobile-header-display":"","site-post-title":"","ast-breadcrumbs-content":"","ast-featured-img":"","footer-sml-layout":"","ast-disable-related-posts":"","theme-transparent-header-meta":"default","adv-header-id-meta":"","stick-header-meta":"","header-above-stick-meta":"","header-main-stick-meta":"","header-below-stick-meta":"","astra-migrate-meta-layouts":"default","ast-page-background-enabled":"default","ast-page-background-meta":{"desktop":{"background-color":"var(--ast-global-color-4)","background-image":"","background-repeat":"repeat","background-position":"center center","background-size":"auto","background-attachment":"scroll","background-type":"","background-media":"","overlay-type":"","overlay-color":"","overlay-opacity":"","overlay-gradient":""},"tablet":{"background-color":"","background-image":"","background-repeat":"repeat","background-position":"center center","background-size":"auto","background-attachment":"scroll","background-type":"","background-media":"","overlay-type":"","overlay-color":"","overlay-opacity":"","overlay-gradient":""},"mobile":{"background-color":"","background-image":"","background-repeat":"repeat","background-position":"center center","background-size":"auto","background-attachment":"scroll","background-type":"","background-media":"","overlay-type":"","overlay-color":"","overlay-opacity":"","overlay-gradient":""}},"ast-content-background-meta":{"desktop":{"background-color":"var(--ast-global-color-5)","background-image":"","background-repeat":"repeat","background-position":"center center","background-size":"auto","background-attachment":"scroll","background-type":"","background-media":"","overlay-type":"","overlay-color":"","overlay-opacity":"","overlay-gradient":""},"tablet":{"background-color":"var(--ast-global-color-5)","background-image":"","background-repeat":"repeat","background-position":"center center","background-size":"auto","background-attachment":"scroll","background-type":"","background-media":"","overlay-type":"","overlay-color":"","overlay-opacity":"","overlay-gradient":""},"mobile":{"background-color":"var(--ast-global-color-5)","background-image":"","background-repeat":"repeat","background-position":"center center","background-size":"auto","background-attachment":"scroll","background-type":"","background-media":"","overlay-type":"","overlay-color":"","overlay-opacity":"","overlay-gradient":""}},"_themeisle_gutenberg_block_has_review":false},"product_brand":[],"product_cat":[103],"product_tag":[],"class_list":{"0":"post-1947","1":"product","2":"type-product","3":"status-publish","4":"has-post-thumbnail","6":"product_cat-flashes-de-estudio-y-speedlite","7":"desktop-align-center","8":"tablet-align-left","9":"mobile-align-left","11":"first","12":"instock","13":"purchasable","14":"product-type-simple"},"aioseo_notices":[],"jetpack_sharing_enabled":true,"_links":{"self":[{"href":"https:\/\/studio40shop.com.mx\/index.php?rest_route=\/wp\/v2\/product\/1947","targetHints":{"allow":["GET"]}}],"collection":[{"href":"https:\/\/studio40shop.com.mx\/index.php?rest_route=\/wp\/v2\/product"}],"about":[{"href":"https:\/\/studio40shop.com.mx\/index.php?rest_route=\/wp\/v2\/types\/product"}],"replies":[{"embeddable":true,"href":"https:\/\/studio40shop.com.mx\/index.php?rest_route=%2Fwp%2Fv2%2Fcomments&post=1947"}],"wp:featuredmedia":[{"embeddable":true,"href":"https:\/\/studio40shop.com.mx\/index.php?rest_route=\/wp\/v2\/media\/1948"}],"wp:attachment":[{"href":"https:\/\/studio40shop.com.mx\/index.php?rest_route=%2Fwp%2Fv2%2Fmedia&parent=1947"}],"wp:term":[{"taxonomy":"product_brand","embeddable":true,"href":"https:\/\/studio40shop.com.mx\/index.php?rest_route=%2Fwp%2Fv2%2Fproduct_brand&post=1947"},{"taxonomy":"product_cat","embeddable":true,"href":"https:\/\/studio40shop.com.mx\/index.php?rest_route=%2Fwp%2Fv2%2Fproduct_cat&post=1947"},{"taxonomy":"product_tag","embeddable":true,"href":"https:\/\/studio40shop.com.mx\/index.php?rest_route=%2Fwp%2Fv2%2Fproduct_tag&post=1947"}],"curies":[{"name":"wp","href":"https:\/\/api.w.org\/{rel}","templated":true}]}}