{"id":1971,"date":"2021-10-15T09:01:03","date_gmt":"2021-10-15T14:01:03","guid":{"rendered":"https:\/\/studio40shop.com.mx\/?post_type=product&#038;p=1971"},"modified":"2022-11-18T13:40:55","modified_gmt":"2022-11-18T18:40:55","slug":"luz-de-estudio-400-watts-godox-sk400-ii-d","status":"publish","type":"product","link":"https:\/\/studio40shop.com.mx\/?product=luz-de-estudio-400-watts-godox-sk400-ii-d","title":{"rendered":"Kit para Luz de estudio 400 watts Godox SK400 II-D"},"content":{"rendered":"<p>La luz de estudio SK400 de Godox es un flash estrobosc\u00f3pico de tama\u00f1o compacto con montura tipo Bowens. Cuenta con un sistema incorporado Godox 2.4G inal\u00e1mbrico X. Botones de f\u00e1cil manejo y pantalla Led. Posee un tiempo de reciclado de 0.1-1.0s y una duraci\u00f3n de destello de 1\/2000 a 1\/800s y una temperatura de color de 5600K. Es posible colocar accesorios como cajas de luz para obtener resultados de iluminaci\u00f3n m\u00e1s suaves. Puedes utilizarla con los disparadores X1 para controlarla a distancia.<\/p>\n<p>&nbsp;<\/p>\n<p>Potencia m\u00e1xima: 400Watts<br \/>\nN\u00famero gu\u00eda (m ISO 100): 65<br \/>\nTemperatura de color: 5600 \u00b1 200K<br \/>\nVoltaje de funcionamiento: AC100-120V \/ 60Hz<br \/>\nControl de salida de potencia: Apagado, 6.0-10.0 (1 \/ 16-1 \/ 1)<br \/>\nL\u00e1mpara de modelado: 150W<br \/>\nTiempo de reciclado: 0.1 ~ 1.0s<br \/>\nM\u00e9todo de activaci\u00f3n: Cable de sincronizaci\u00f3n, bot\u00f3n de prueba, activaci\u00f3n de esclavo, puerto de control inal\u00e1mbrico<br \/>\nDuraci\u00f3n Flash: 1 \/ 2000s a 1 \/ 800s<br \/>\nFusible: 5A<br \/>\nTama\u00f1o del art\u00edculo: 12.7cm x 23.2cm x 38cm<br \/>\nPeso del paquete: 3440g<\/p>\n<p>El kit incluye:<br \/>\nX3 Cabezas de Flash SK400 de 400 watts c\/u.<br \/>\nX3 Tripies de Luz mod. 304.<br \/>\nX1 Sofbox tipo Bowens de 60X90cm Godox.<br \/>\nX1 Sombrilla de color negro\/blanco 101cm mod. UB-002.<br \/>\nX1 Sombrilla de Luz de color negro\/plata 101cm mod. UB-004,<br \/>\nX1 XT16<br \/>\nX1 Maleta c\/ruedas mod. CB-06.<br \/>\nX1 Cable Sincro.<br \/>\nX2 Campana reflectora Std. 7&#8243;.<br \/>\nX1 Manual de Usuario.<\/p>\n","protected":false},"excerpt":{"rendered":"<p>Un flash estrobosc\u00f3pico de tama\u00f1o compacto con montura Bowens. Con un sistema incorporado Godox 2.4G inal\u00e1mbrico X. Botones de f\u00e1cil manejo y pantalla Led.<\/p>\n","protected":false},"featured_media":1972,"comment_status":"open","ping_status":"closed","template":"","meta":{"site-sidebar-layout":"default","site-content-layout":"default","ast-site-content-layout":"default","site-content-style":"default","site-sidebar-style":"default","ast-global-header-display":"","ast-banner-title-visibility":"","ast-main-header-display":"","ast-hfb-above-header-display":"","ast-hfb-below-header-display":"","ast-hfb-mobile-header-display":"","site-post-title":"","ast-breadcrumbs-content":"","ast-featured-img":"","footer-sml-layout":"","ast-disable-related-posts":"","theme-transparent-header-meta":"default","adv-header-id-meta":"","stick-header-meta":"","header-above-stick-meta":"","header-main-stick-meta":"","header-below-stick-meta":"","astra-migrate-meta-layouts":"default","ast-page-background-enabled":"default","ast-page-background-meta":{"desktop":{"background-color":"var(--ast-global-color-4)","background-image":"","background-repeat":"repeat","background-position":"center center","background-size":"auto","background-attachment":"scroll","background-type":"","background-media":"","overlay-type":"","overlay-color":"","overlay-opacity":"","overlay-gradient":""},"tablet":{"background-color":"","background-image":"","background-repeat":"repeat","background-position":"center center","background-size":"auto","background-attachment":"scroll","background-type":"","background-media":"","overlay-type":"","overlay-color":"","overlay-opacity":"","overlay-gradient":""},"mobile":{"background-color":"","background-image":"","background-repeat":"repeat","background-position":"center center","background-size":"auto","background-attachment":"scroll","background-type":"","background-media":"","overlay-type":"","overlay-color":"","overlay-opacity":"","overlay-gradient":""}},"ast-content-background-meta":{"desktop":{"background-color":"var(--ast-global-color-5)","background-image":"","background-repeat":"repeat","background-position":"center center","background-size":"auto","background-attachment":"scroll","background-type":"","background-media":"","overlay-type":"","overlay-color":"","overlay-opacity":"","overlay-gradient":""},"tablet":{"background-color":"var(--ast-global-color-5)","background-image":"","background-repeat":"repeat","background-position":"center center","background-size":"auto","background-attachment":"scroll","background-type":"","background-media":"","overlay-type":"","overlay-color":"","overlay-opacity":"","overlay-gradient":""},"mobile":{"background-color":"var(--ast-global-color-5)","background-image":"","background-repeat":"repeat","background-position":"center center","background-size":"auto","background-attachment":"scroll","background-type":"","background-media":"","overlay-type":"","overlay-color":"","overlay-opacity":"","overlay-gradient":""}},"_themeisle_gutenberg_block_has_review":false},"product_brand":[],"product_cat":[103],"product_tag":[],"class_list":{"0":"post-1971","1":"product","2":"type-product","3":"status-publish","4":"has-post-thumbnail","6":"product_cat-flashes-de-estudio-y-speedlite","7":"desktop-align-center","8":"tablet-align-left","9":"mobile-align-left","11":"first","12":"instock","13":"purchasable","14":"product-type-simple"},"aioseo_notices":[],"jetpack_sharing_enabled":true,"_links":{"self":[{"href":"https:\/\/studio40shop.com.mx\/index.php?rest_route=\/wp\/v2\/product\/1971","targetHints":{"allow":["GET"]}}],"collection":[{"href":"https:\/\/studio40shop.com.mx\/index.php?rest_route=\/wp\/v2\/product"}],"about":[{"href":"https:\/\/studio40shop.com.mx\/index.php?rest_route=\/wp\/v2\/types\/product"}],"replies":[{"embeddable":true,"href":"https:\/\/studio40shop.com.mx\/index.php?rest_route=%2Fwp%2Fv2%2Fcomments&post=1971"}],"wp:featuredmedia":[{"embeddable":true,"href":"https:\/\/studio40shop.com.mx\/index.php?rest_route=\/wp\/v2\/media\/1972"}],"wp:attachment":[{"href":"https:\/\/studio40shop.com.mx\/index.php?rest_route=%2Fwp%2Fv2%2Fmedia&parent=1971"}],"wp:term":[{"taxonomy":"product_brand","embeddable":true,"href":"https:\/\/studio40shop.com.mx\/index.php?rest_route=%2Fwp%2Fv2%2Fproduct_brand&post=1971"},{"taxonomy":"product_cat","embeddable":true,"href":"https:\/\/studio40shop.com.mx\/index.php?rest_route=%2Fwp%2Fv2%2Fproduct_cat&post=1971"},{"taxonomy":"product_tag","embeddable":true,"href":"https:\/\/studio40shop.com.mx\/index.php?rest_route=%2Fwp%2Fv2%2Fproduct_tag&post=1971"}],"curies":[{"name":"wp","href":"https:\/\/api.w.org\/{rel}","templated":true}]}}