{"id":1977,"date":"2021-10-16T12:53:31","date_gmt":"2021-10-16T17:53:31","guid":{"rendered":"https:\/\/studio40shop.com.mx\/?post_type=product&#038;p=1977"},"modified":"2022-10-15T13:01:24","modified_gmt":"2022-10-15T18:01:24","slug":"flash-v860-ii-ttl-hss-godox-para-nikon","status":"publish","type":"product","link":"https:\/\/studio40shop.com.mx\/?product=flash-v860-ii-ttl-hss-godox-para-nikon","title":{"rendered":"Flash V860 II TTL HSS Godox para Nikon"},"content":{"rendered":"<p>Este flash funciona con una bater\u00eda recargable de ion de litio, que garantiza una recarga r\u00e1pida y tomas de larga duraci\u00f3n.<\/p>\n<p>M\u00e1xima velocidad de reciclaje de 1,5 segundos.<br \/>\nCompatible con receptores Godox XTR-16, y XT-32 \/ XT-16 Transmisores.<br \/>\nCompatible con Godox FTR-16 receptores, y FT-16 Transmisores.<br \/>\nModos maestro y esclavo para el sistema de \u00f3ptica inal\u00e1mbrica.<br \/>\n3 Grupos remotos A \/ B \/ C.<br \/>\n4 canales.<br \/>\nUn m\u00e1ximo de 650 disparos a plena potencia.<br \/>\nProtecci\u00f3n contra el sobrecalentamiento.<br \/>\nPuerto USB para actualizaciones de firmware.<br \/>\nPuerto de comunicaci\u00f3n (Para XTR-16 \/ FTR-16 Receptores).<br \/>\n2,5 mm puerto de sincronizaci\u00f3n.<\/p>\n<p>DIMENSIONES<\/p>\n<p>64 x 76 x 190 mm<br \/>\nPeso aproximado: 540 gr<\/p>\n","protected":false},"excerpt":{"rendered":"<p>Cuenta con el sistema de radio inal\u00e1mbrico Godox de 2,4 GHz X que proporciona funcionalidad TTL tanto maestra como esclava con un rango de hasta 328.<\/p>\n","protected":false},"featured_media":1978,"comment_status":"open","ping_status":"closed","template":"","meta":{"site-sidebar-layout":"default","site-content-layout":"default","ast-site-content-layout":"default","site-content-style":"default","site-sidebar-style":"default","ast-global-header-display":"","ast-banner-title-visibility":"","ast-main-header-display":"","ast-hfb-above-header-display":"","ast-hfb-below-header-display":"","ast-hfb-mobile-header-display":"","site-post-title":"","ast-breadcrumbs-content":"","ast-featured-img":"","footer-sml-layout":"","ast-disable-related-posts":"","theme-transparent-header-meta":"default","adv-header-id-meta":"","stick-header-meta":"","header-above-stick-meta":"","header-main-stick-meta":"","header-below-stick-meta":"","astra-migrate-meta-layouts":"default","ast-page-background-enabled":"default","ast-page-background-meta":{"desktop":{"background-color":"var(--ast-global-color-4)","background-image":"","background-repeat":"repeat","background-position":"center center","background-size":"auto","background-attachment":"scroll","background-type":"","background-media":"","overlay-type":"","overlay-color":"","overlay-opacity":"","overlay-gradient":""},"tablet":{"background-color":"","background-image":"","background-repeat":"repeat","background-position":"center center","background-size":"auto","background-attachment":"scroll","background-type":"","background-media":"","overlay-type":"","overlay-color":"","overlay-opacity":"","overlay-gradient":""},"mobile":{"background-color":"","background-image":"","background-repeat":"repeat","background-position":"center center","background-size":"auto","background-attachment":"scroll","background-type":"","background-media":"","overlay-type":"","overlay-color":"","overlay-opacity":"","overlay-gradient":""}},"ast-content-background-meta":{"desktop":{"background-color":"var(--ast-global-color-5)","background-image":"","background-repeat":"repeat","background-position":"center center","background-size":"auto","background-attachment":"scroll","background-type":"","background-media":"","overlay-type":"","overlay-color":"","overlay-opacity":"","overlay-gradient":""},"tablet":{"background-color":"var(--ast-global-color-5)","background-image":"","background-repeat":"repeat","background-position":"center center","background-size":"auto","background-attachment":"scroll","background-type":"","background-media":"","overlay-type":"","overlay-color":"","overlay-opacity":"","overlay-gradient":""},"mobile":{"background-color":"var(--ast-global-color-5)","background-image":"","background-repeat":"repeat","background-position":"center center","background-size":"auto","background-attachment":"scroll","background-type":"","background-media":"","overlay-type":"","overlay-color":"","overlay-opacity":"","overlay-gradient":""}},"_themeisle_gutenberg_block_has_review":false},"product_brand":[],"product_cat":[103],"product_tag":[],"class_list":{"0":"post-1977","1":"product","2":"type-product","3":"status-publish","4":"has-post-thumbnail","6":"product_cat-flashes-de-estudio-y-speedlite","7":"desktop-align-center","8":"tablet-align-left","9":"mobile-align-left","11":"first","12":"outofstock","13":"purchasable","14":"product-type-simple"},"aioseo_notices":[],"jetpack_sharing_enabled":true,"_links":{"self":[{"href":"https:\/\/studio40shop.com.mx\/index.php?rest_route=\/wp\/v2\/product\/1977","targetHints":{"allow":["GET"]}}],"collection":[{"href":"https:\/\/studio40shop.com.mx\/index.php?rest_route=\/wp\/v2\/product"}],"about":[{"href":"https:\/\/studio40shop.com.mx\/index.php?rest_route=\/wp\/v2\/types\/product"}],"replies":[{"embeddable":true,"href":"https:\/\/studio40shop.com.mx\/index.php?rest_route=%2Fwp%2Fv2%2Fcomments&post=1977"}],"wp:featuredmedia":[{"embeddable":true,"href":"https:\/\/studio40shop.com.mx\/index.php?rest_route=\/wp\/v2\/media\/1978"}],"wp:attachment":[{"href":"https:\/\/studio40shop.com.mx\/index.php?rest_route=%2Fwp%2Fv2%2Fmedia&parent=1977"}],"wp:term":[{"taxonomy":"product_brand","embeddable":true,"href":"https:\/\/studio40shop.com.mx\/index.php?rest_route=%2Fwp%2Fv2%2Fproduct_brand&post=1977"},{"taxonomy":"product_cat","embeddable":true,"href":"https:\/\/studio40shop.com.mx\/index.php?rest_route=%2Fwp%2Fv2%2Fproduct_cat&post=1977"},{"taxonomy":"product_tag","embeddable":true,"href":"https:\/\/studio40shop.com.mx\/index.php?rest_route=%2Fwp%2Fv2%2Fproduct_tag&post=1977"}],"curies":[{"name":"wp","href":"https:\/\/api.w.org\/{rel}","templated":true}]}}