{"id":1984,"date":"2021-10-17T13:29:13","date_gmt":"2021-10-17T18:29:13","guid":{"rendered":"https:\/\/studio40shop.com.mx\/?post_type=product&#038;p=1984"},"modified":"2022-10-15T13:01:22","modified_gmt":"2022-10-15T18:01:22","slug":"godox-lampara-led-sl60w","status":"publish","type":"product","link":"https:\/\/studio40shop.com.mx\/?product=godox-lampara-led-sl60w","title":{"rendered":"Godox L\u00e1mpara LED SL60W"},"content":{"rendered":"<p>La l\u00e1mpara SL60W LED, alta brillo de luz que van desde 10% -100%. La Alta Resa Crom\u00e1tica y la temperatura de color estable que van con 5600 \u00b1 300K, presentando los objetos aut\u00e9nticamente.<\/p>\n<p>Su gran pantalla LCD con salida precisa y entrada de montura Bowens, podr\u00e1s trabajar con varios accesorios de estudio.<\/p>\n<p>Excelente disipaci\u00f3n del calor y protecci\u00f3n de control de temperatura inteligente, para un funcionamiento seguro y fiable.<\/p>\n<p>Especificaciones t\u00e9cnicas:<\/p>\n<p>Marca: Godox<\/p>\n<p>Modelo: sl-60 W<\/p>\n<p>Potencia: Max.60 W<\/p>\n<p>Temperatura de color: 5600 \u00b1 300 K<\/p>\n<p>Tipo de enchufe: enchufe de la UE.<\/p>\n<p>Voltaje: CA 100 &#8211; 240 V<\/p>\n<p>Art\u00edculo Peso: 2.2 kg\/5.0lbs<\/p>\n<p>Tama\u00f1o del paquete: 34 x 22 x 20 cm\/ 13.4 x 8.7 x 7.9 in<\/p>\n<p>Peso del paquete: 2.6 kg \/ 5.7LBs<\/p>\n<p>Nota:<\/p>\n<p>La bater\u00eda para el control remoto no est\u00e1 incluido.<\/p>\n<p>Lista del paquete:<\/p>\n<p>1 Lampara de led<br \/>\n1 Sombra reflector<br \/>\n1 Cubierta de la l\u00e1mpara<br \/>\n1 Cable el\u00e9ctrico<br \/>\n1 Manual del usuario (Ingl\u00e9s)<\/p>\n","protected":false},"excerpt":{"rendered":"<p>Alta resa crom\u00e1tica, pantalla LCD, montura Bowens y proteccion de control de temperatura, el SL60W de Godox te proporcionar\u00e1 la luz ideal para tus sesiones<\/p>\n","protected":false},"featured_media":1985,"comment_status":"open","ping_status":"closed","template":"","meta":{"site-sidebar-layout":"default","site-content-layout":"default","ast-site-content-layout":"default","site-content-style":"default","site-sidebar-style":"default","ast-global-header-display":"","ast-banner-title-visibility":"","ast-main-header-display":"","ast-hfb-above-header-display":"","ast-hfb-below-header-display":"","ast-hfb-mobile-header-display":"","site-post-title":"","ast-breadcrumbs-content":"","ast-featured-img":"","footer-sml-layout":"","ast-disable-related-posts":"","theme-transparent-header-meta":"default","adv-header-id-meta":"","stick-header-meta":"","header-above-stick-meta":"","header-main-stick-meta":"","header-below-stick-meta":"","astra-migrate-meta-layouts":"default","ast-page-background-enabled":"default","ast-page-background-meta":{"desktop":{"background-color":"var(--ast-global-color-4)","background-image":"","background-repeat":"repeat","background-position":"center center","background-size":"auto","background-attachment":"scroll","background-type":"","background-media":"","overlay-type":"","overlay-color":"","overlay-opacity":"","overlay-gradient":""},"tablet":{"background-color":"","background-image":"","background-repeat":"repeat","background-position":"center center","background-size":"auto","background-attachment":"scroll","background-type":"","background-media":"","overlay-type":"","overlay-color":"","overlay-opacity":"","overlay-gradient":""},"mobile":{"background-color":"","background-image":"","background-repeat":"repeat","background-position":"center center","background-size":"auto","background-attachment":"scroll","background-type":"","background-media":"","overlay-type":"","overlay-color":"","overlay-opacity":"","overlay-gradient":""}},"ast-content-background-meta":{"desktop":{"background-color":"var(--ast-global-color-5)","background-image":"","background-repeat":"repeat","background-position":"center center","background-size":"auto","background-attachment":"scroll","background-type":"","background-media":"","overlay-type":"","overlay-color":"","overlay-opacity":"","overlay-gradient":""},"tablet":{"background-color":"var(--ast-global-color-5)","background-image":"","background-repeat":"repeat","background-position":"center center","background-size":"auto","background-attachment":"scroll","background-type":"","background-media":"","overlay-type":"","overlay-color":"","overlay-opacity":"","overlay-gradient":""},"mobile":{"background-color":"var(--ast-global-color-5)","background-image":"","background-repeat":"repeat","background-position":"center center","background-size":"auto","background-attachment":"scroll","background-type":"","background-media":"","overlay-type":"","overlay-color":"","overlay-opacity":"","overlay-gradient":""}},"_themeisle_gutenberg_block_has_review":false},"product_brand":[],"product_cat":[103],"product_tag":[],"class_list":{"0":"post-1984","1":"product","2":"type-product","3":"status-publish","4":"has-post-thumbnail","6":"product_cat-flashes-de-estudio-y-speedlite","7":"desktop-align-center","8":"tablet-align-left","9":"mobile-align-left","11":"first","12":"instock","13":"purchasable","14":"product-type-simple"},"aioseo_notices":[],"jetpack_sharing_enabled":true,"_links":{"self":[{"href":"https:\/\/studio40shop.com.mx\/index.php?rest_route=\/wp\/v2\/product\/1984","targetHints":{"allow":["GET"]}}],"collection":[{"href":"https:\/\/studio40shop.com.mx\/index.php?rest_route=\/wp\/v2\/product"}],"about":[{"href":"https:\/\/studio40shop.com.mx\/index.php?rest_route=\/wp\/v2\/types\/product"}],"replies":[{"embeddable":true,"href":"https:\/\/studio40shop.com.mx\/index.php?rest_route=%2Fwp%2Fv2%2Fcomments&post=1984"}],"wp:featuredmedia":[{"embeddable":true,"href":"https:\/\/studio40shop.com.mx\/index.php?rest_route=\/wp\/v2\/media\/1985"}],"wp:attachment":[{"href":"https:\/\/studio40shop.com.mx\/index.php?rest_route=%2Fwp%2Fv2%2Fmedia&parent=1984"}],"wp:term":[{"taxonomy":"product_brand","embeddable":true,"href":"https:\/\/studio40shop.com.mx\/index.php?rest_route=%2Fwp%2Fv2%2Fproduct_brand&post=1984"},{"taxonomy":"product_cat","embeddable":true,"href":"https:\/\/studio40shop.com.mx\/index.php?rest_route=%2Fwp%2Fv2%2Fproduct_cat&post=1984"},{"taxonomy":"product_tag","embeddable":true,"href":"https:\/\/studio40shop.com.mx\/index.php?rest_route=%2Fwp%2Fv2%2Fproduct_tag&post=1984"}],"curies":[{"name":"wp","href":"https:\/\/api.w.org\/{rel}","templated":true}]}}