{"id":1994,"date":"2021-10-19T09:28:04","date_gmt":"2021-10-19T14:28:04","guid":{"rendered":"https:\/\/studio40shop.com.mx\/?post_type=product&#038;p=1994"},"modified":"2022-10-15T13:01:19","modified_gmt":"2022-10-15T18:01:19","slug":"godox-sk400-ii-luz-para-estudio-de-400-watts","status":"publish","type":"product","link":"https:\/\/studio40shop.com.mx\/?product=godox-sk400-ii-luz-para-estudio-de-400-watts","title":{"rendered":"Godox SK400 II Luz para estudio de 400 Watts"},"content":{"rendered":"<p>Es un flash estrobosc\u00f3pico de tama\u00f1o compacto con montura tipo Bowens. Cuenta con un sistema incorporado Godox 2.4G inal\u00e1mbrico X. Botones de f\u00e1cil manejo y pantalla Led. Posee un tiempo de reciclado de 0.1-1.0s y una duraci\u00f3n de destello de 1\/2000 a 1\/800s y una temperatura de color de 5600K. Es posible colocar accesorios como cajas de luz para obtener resultados de iluminaci\u00f3n m\u00e1s suaves. Puedes utilizarla con los disparadores X1 para controlarla a distancia.<\/p>\n<p>Potencia m\u00e1xima: 400Watts<br \/>\nN\u00famero gu\u00eda (m ISO 100): 65<br \/>\nTemperatura de color: 5600 \u00b1 200K<br \/>\nVoltaje de funcionamiento: AC100-120V \/ 60Hz<br \/>\nControl de salida de potencia: Apagado, 6.0-10.0 (1 \/ 16-1 \/ 1)<br \/>\nL\u00e1mpara de modelado: 150W<br \/>\nTiempo de reciclado: 0.1 ~ 1.0s<br \/>\nM\u00e9todo de activaci\u00f3n: Cable de sincronizaci\u00f3n, bot\u00f3n de prueba, activaci\u00f3n de esclavo, puerto de control inal\u00e1mbrico<br \/>\nDuraci\u00f3n Flash: 1 \/ 2000s a 1 \/ 800s<br \/>\nFusible: 5A<br \/>\nTama\u00f1o del art\u00edculo: 12.7cm x 23.2cm x 38cm<br \/>\nPeso del paquete: 3440g<\/p>\n","protected":false},"excerpt":{"rendered":"<p>Luz de estudio de 400 watts con transmisi\u00f3n inal\u00e1mbrica 2.4G incorporada. Ideal para fotograf\u00eda de producto, industrial, de estudio, luz de fondo y m\u00e1s.<\/p>\n","protected":false},"featured_media":1995,"comment_status":"open","ping_status":"closed","template":"","meta":{"site-sidebar-layout":"default","site-content-layout":"default","ast-site-content-layout":"default","site-content-style":"default","site-sidebar-style":"default","ast-global-header-display":"","ast-banner-title-visibility":"","ast-main-header-display":"","ast-hfb-above-header-display":"","ast-hfb-below-header-display":"","ast-hfb-mobile-header-display":"","site-post-title":"","ast-breadcrumbs-content":"","ast-featured-img":"","footer-sml-layout":"","ast-disable-related-posts":"","theme-transparent-header-meta":"default","adv-header-id-meta":"","stick-header-meta":"","header-above-stick-meta":"","header-main-stick-meta":"","header-below-stick-meta":"","astra-migrate-meta-layouts":"default","ast-page-background-enabled":"default","ast-page-background-meta":{"desktop":{"background-color":"var(--ast-global-color-4)","background-image":"","background-repeat":"repeat","background-position":"center center","background-size":"auto","background-attachment":"scroll","background-type":"","background-media":"","overlay-type":"","overlay-color":"","overlay-opacity":"","overlay-gradient":""},"tablet":{"background-color":"","background-image":"","background-repeat":"repeat","background-position":"center center","background-size":"auto","background-attachment":"scroll","background-type":"","background-media":"","overlay-type":"","overlay-color":"","overlay-opacity":"","overlay-gradient":""},"mobile":{"background-color":"","background-image":"","background-repeat":"repeat","background-position":"center center","background-size":"auto","background-attachment":"scroll","background-type":"","background-media":"","overlay-type":"","overlay-color":"","overlay-opacity":"","overlay-gradient":""}},"ast-content-background-meta":{"desktop":{"background-color":"var(--ast-global-color-5)","background-image":"","background-repeat":"repeat","background-position":"center center","background-size":"auto","background-attachment":"scroll","background-type":"","background-media":"","overlay-type":"","overlay-color":"","overlay-opacity":"","overlay-gradient":""},"tablet":{"background-color":"var(--ast-global-color-5)","background-image":"","background-repeat":"repeat","background-position":"center center","background-size":"auto","background-attachment":"scroll","background-type":"","background-media":"","overlay-type":"","overlay-color":"","overlay-opacity":"","overlay-gradient":""},"mobile":{"background-color":"var(--ast-global-color-5)","background-image":"","background-repeat":"repeat","background-position":"center center","background-size":"auto","background-attachment":"scroll","background-type":"","background-media":"","overlay-type":"","overlay-color":"","overlay-opacity":"","overlay-gradient":""}},"_themeisle_gutenberg_block_has_review":false},"product_brand":[],"product_cat":[103],"product_tag":[],"class_list":{"0":"post-1994","1":"product","2":"type-product","3":"status-publish","4":"has-post-thumbnail","6":"product_cat-flashes-de-estudio-y-speedlite","7":"desktop-align-center","8":"tablet-align-left","9":"mobile-align-left","11":"first","12":"instock","13":"purchasable","14":"product-type-simple"},"aioseo_notices":[],"jetpack_sharing_enabled":true,"_links":{"self":[{"href":"https:\/\/studio40shop.com.mx\/index.php?rest_route=\/wp\/v2\/product\/1994","targetHints":{"allow":["GET"]}}],"collection":[{"href":"https:\/\/studio40shop.com.mx\/index.php?rest_route=\/wp\/v2\/product"}],"about":[{"href":"https:\/\/studio40shop.com.mx\/index.php?rest_route=\/wp\/v2\/types\/product"}],"replies":[{"embeddable":true,"href":"https:\/\/studio40shop.com.mx\/index.php?rest_route=%2Fwp%2Fv2%2Fcomments&post=1994"}],"wp:featuredmedia":[{"embeddable":true,"href":"https:\/\/studio40shop.com.mx\/index.php?rest_route=\/wp\/v2\/media\/1995"}],"wp:attachment":[{"href":"https:\/\/studio40shop.com.mx\/index.php?rest_route=%2Fwp%2Fv2%2Fmedia&parent=1994"}],"wp:term":[{"taxonomy":"product_brand","embeddable":true,"href":"https:\/\/studio40shop.com.mx\/index.php?rest_route=%2Fwp%2Fv2%2Fproduct_brand&post=1994"},{"taxonomy":"product_cat","embeddable":true,"href":"https:\/\/studio40shop.com.mx\/index.php?rest_route=%2Fwp%2Fv2%2Fproduct_cat&post=1994"},{"taxonomy":"product_tag","embeddable":true,"href":"https:\/\/studio40shop.com.mx\/index.php?rest_route=%2Fwp%2Fv2%2Fproduct_tag&post=1994"}],"curies":[{"name":"wp","href":"https:\/\/api.w.org\/{rel}","templated":true}]}}